{"id":155564,"date":"2025-12-11T10:11:41","date_gmt":"2025-12-11T10:11:41","guid":{"rendered":"https:\/\/dev.codekraft.it\/ravaglioli.it\/product\/cone-avec-cale-pour-arbre-o-40-o-69-mm\/"},"modified":"2026-01-14T19:58:02","modified_gmt":"2026-01-14T19:58:02","slug":"cone-avec-cale-pour-arbre-o-40-o-69-mm","status":"publish","type":"product","link":"https:\/\/dev.codekraft.it\/ravaglioli.it\/fr\/product\/cone-avec-cale-pour-arbre-o-40-o-69-mm\/","title":{"rendered":"C\u00f4ne avec cale | pour arbre \u00d8 40 | \u00d8 69 mm"},"content":{"rendered":"","protected":false},"excerpt":{"rendered":"<p>Necessaire le G1000A80 &#8211; G1000A138<\/p>\n","protected":false},"featured_media":38446,"template":"","meta":[],"product_brand":[],"product_cat":[57882],"product_tag":[],"product_approvals":[],"product_application":[],"class_list":{"0":"post-155564","1":"product","2":"type-product","3":"status-publish","4":"has-post-thumbnail","6":"product_cat-accessoires-demonte-pneu-fr","8":"first","9":"instock","10":"shipping-taxable","11":"product-type-simple"},"approvals":[],"application":[],"brb_media_brochure":"","brb_media_drawing":"","brb_media_manuals":"","brb_media_safety_datasheets":"","brb_media_spare_parts":[],"_cdmm_p_id":"497574","_company":"VSG","_gtin":"4057612806199","accessories":[{"id":153492,"mpn":"G1000A138","name":"\u00c9crou de serrage rapide pour jantes","description":"Dispositif de blocage avec flasque rapide pour d\u00e9monte-pneus","thumbnail":"https:\/\/dev.codekraft.it\/ravaglioli.it\/wp-content\/uploads\/brb_media\/00506684_g1000a138-150x150.png","url":"https:\/\/dev.codekraft.it\/ravaglioli.it\/fr\/product\/ecrou-de-serrage-rapide-pour-jantes\/"}],"components":[],"delivery":[],"package":[],"related":[],"similar":[],"page_logo_src":"https:\/\/dev.codekraft.it\/ravaglioli.it\/wp-content\/uploads\/2026\/04\/rav-negative-logo-1.png","lang":"fr","translations":{"fr":155564,"en":155562,"de":155563,"it":155565,"es":155566,"ru":155567},"pll_sync_post":[],"_links":{"self":[{"href":"https:\/\/dev.codekraft.it\/ravaglioli.it\/wp-json\/wp\/v2\/product\/155564","targetHints":{"allow":["GET"]}}],"collection":[{"href":"https:\/\/dev.codekraft.it\/ravaglioli.it\/wp-json\/wp\/v2\/product"}],"about":[{"href":"https:\/\/dev.codekraft.it\/ravaglioli.it\/wp-json\/wp\/v2\/types\/product"}],"wp:featuredmedia":[{"embeddable":true,"href":"https:\/\/dev.codekraft.it\/ravaglioli.it\/wp-json\/wp\/v2\/media\/38446"}],"wp:attachment":[{"href":"https:\/\/dev.codekraft.it\/ravaglioli.it\/wp-json\/wp\/v2\/media?parent=155564"}],"wp:term":[{"taxonomy":"product_brand","embeddable":true,"href":"https:\/\/dev.codekraft.it\/ravaglioli.it\/wp-json\/wp\/v2\/product_brand?post=155564"},{"taxonomy":"product_cat","embeddable":true,"href":"https:\/\/dev.codekraft.it\/ravaglioli.it\/wp-json\/wp\/v2\/product_cat?post=155564"},{"taxonomy":"product_tag","embeddable":true,"href":"https:\/\/dev.codekraft.it\/ravaglioli.it\/wp-json\/wp\/v2\/product_tag?post=155564"},{"taxonomy":"product_approvals","embeddable":true,"href":"https:\/\/dev.codekraft.it\/ravaglioli.it\/wp-json\/wp\/v2\/product_approvals?post=155564"},{"taxonomy":"product_application","embeddable":true,"href":"https:\/\/dev.codekraft.it\/ravaglioli.it\/wp-json\/wp\/v2\/product_application?post=155564"}],"curies":[{"name":"wp","href":"https:\/\/api.w.org\/{rel}","templated":true}]}}