{"id":155546,"date":"2025-12-11T10:11:41","date_gmt":"2025-12-11T10:11:41","guid":{"rendered":"https:\/\/dev.codekraft.it\/ravaglioli.it\/product\/plaque-de-serrage-de-type-universel-pour-jantes-a-centre-ferme-et-jantes-inversees\/"},"modified":"2026-01-14T19:57:58","modified_gmt":"2026-01-14T19:57:58","slug":"plaque-de-serrage-de-type-universel-pour-jantes-a-centre-ferme-et-jantes-inversees","status":"publish","type":"product","link":"https:\/\/dev.codekraft.it\/ravaglioli.it\/fr\/product\/plaque-de-serrage-de-type-universel-pour-jantes-a-centre-ferme-et-jantes-inversees\/","title":{"rendered":"Plaque de serrage de type Universel | pour jantes \u00e0 centre ferm\u00e9 et jantes invers\u00e9es"},"content":{"rendered":"","protected":false},"excerpt":{"rendered":"<p>Flasque universelle pour roues \u00e0 jante pleine \/ renvers\u00e9es<\/p>\n","protected":false},"featured_media":113843,"template":"","meta":[],"product_brand":[],"product_cat":[57882],"product_tag":[],"product_approvals":[],"product_application":[],"class_list":{"0":"post-155546","1":"product","2":"type-product","3":"status-publish","4":"has-post-thumbnail","6":"product_cat-accessoires-demonte-pneu-fr","8":"first","9":"instock","10":"shipping-taxable","11":"product-type-simple"},"approvals":[],"application":[],"brb_media_brochure":"","brb_media_drawing":"","brb_media_manuals":"","brb_media_safety_datasheets":"","brb_media_spare_parts":[],"_cdmm_p_id":"497571","_company":"VSG","_gtin":"4057612807110","accessories":[],"components":[],"delivery":[],"package":[],"related":[],"similar":[],"page_logo_src":"https:\/\/dev.codekraft.it\/ravaglioli.it\/wp-content\/uploads\/2026\/04\/rav-negative-logo-1.png","lang":"fr","translations":{"fr":155546,"en":155544,"de":155545,"it":155547,"es":155548,"ru":155549},"pll_sync_post":[],"_links":{"self":[{"href":"https:\/\/dev.codekraft.it\/ravaglioli.it\/wp-json\/wp\/v2\/product\/155546","targetHints":{"allow":["GET"]}}],"collection":[{"href":"https:\/\/dev.codekraft.it\/ravaglioli.it\/wp-json\/wp\/v2\/product"}],"about":[{"href":"https:\/\/dev.codekraft.it\/ravaglioli.it\/wp-json\/wp\/v2\/types\/product"}],"wp:featuredmedia":[{"embeddable":true,"href":"https:\/\/dev.codekraft.it\/ravaglioli.it\/wp-json\/wp\/v2\/media\/113843"}],"wp:attachment":[{"href":"https:\/\/dev.codekraft.it\/ravaglioli.it\/wp-json\/wp\/v2\/media?parent=155546"}],"wp:term":[{"taxonomy":"product_brand","embeddable":true,"href":"https:\/\/dev.codekraft.it\/ravaglioli.it\/wp-json\/wp\/v2\/product_brand?post=155546"},{"taxonomy":"product_cat","embeddable":true,"href":"https:\/\/dev.codekraft.it\/ravaglioli.it\/wp-json\/wp\/v2\/product_cat?post=155546"},{"taxonomy":"product_tag","embeddable":true,"href":"https:\/\/dev.codekraft.it\/ravaglioli.it\/wp-json\/wp\/v2\/product_tag?post=155546"},{"taxonomy":"product_approvals","embeddable":true,"href":"https:\/\/dev.codekraft.it\/ravaglioli.it\/wp-json\/wp\/v2\/product_approvals?post=155546"},{"taxonomy":"product_application","embeddable":true,"href":"https:\/\/dev.codekraft.it\/ravaglioli.it\/wp-json\/wp\/v2\/product_application?post=155546"}],"curies":[{"name":"wp","href":"https:\/\/api.w.org\/{rel}","templated":true}]}}