{"id":155479,"date":"2025-09-08T09:01:40","date_gmt":"2025-09-08T08:01:40","guid":{"rendered":"https:\/\/dev.codekraft.it\/ravaglioli.it\/product\/montagekopf-fur-pkw-kunststoff-2\/"},"modified":"2026-01-14T19:57:42","modified_gmt":"2026-01-14T19:57:42","slug":"montagekopf-fur-pkw-kunststoff-2","status":"publish","type":"product","link":"https:\/\/dev.codekraft.it\/ravaglioli.it\/de\/product\/montagekopf-fur-pkw-kunststoff-2\/","title":{"rendered":"Montagekopf f\u00fcr Pkw | Kunststoff"},"content":{"rendered":"","protected":false},"excerpt":{"rendered":"<p>F\u00fcr alle Modelle mit Schnellstecksystem | inkl. Adapter f\u00fcr Schnellsteckvorrichtung<\/p>\n","protected":false},"featured_media":0,"template":"","meta":[],"product_brand":[],"product_cat":[57868],"product_tag":[],"product_approvals":[],"product_application":[],"class_list":{"0":"post-155479","1":"product","2":"type-product","3":"status-publish","5":"product_cat-zubehor-reifenmontiermaschinen-de","7":"first","8":"instock","9":"shipping-taxable","10":"product-type-simple"},"approvals":[],"application":[],"brb_media_brochure":"","brb_media_drawing":"","brb_media_manuals":"","brb_media_safety_datasheets":"","brb_media_spare_parts":[],"_cdmm_p_id":"497559","_company":"VSG","_gtin":"4057612809299","accessories":[],"components":[],"delivery":[{"id":155467,"mpn":"G800A70","name":"Schnellsteckvorrichtung | ohne Montagekopf","description":"Der Einsatz vom G800A70 reduziert die max. Radbreite um 2\u2033","thumbnail":"https:\/\/dev.codekraft.it\/ravaglioli.it\/wp-content\/uploads\/brb_media\/00506641_g800a70-150x150.png","url":"https:\/\/dev.codekraft.it\/ravaglioli.it\/de\/product\/schnellsteckvorrichtung-ohne-montagekopf\/"}],"package":[],"related":[],"similar":[],"page_logo_src":"https:\/\/dev.codekraft.it\/ravaglioli.it\/wp-content\/uploads\/2026\/04\/rav-negative-logo-1.png","lang":"de","translations":{"de":155479,"en":155478,"fr":155480,"it":155481,"es":155482,"ru":155483},"pll_sync_post":[],"_links":{"self":[{"href":"https:\/\/dev.codekraft.it\/ravaglioli.it\/wp-json\/wp\/v2\/product\/155479","targetHints":{"allow":["GET"]}}],"collection":[{"href":"https:\/\/dev.codekraft.it\/ravaglioli.it\/wp-json\/wp\/v2\/product"}],"about":[{"href":"https:\/\/dev.codekraft.it\/ravaglioli.it\/wp-json\/wp\/v2\/types\/product"}],"wp:attachment":[{"href":"https:\/\/dev.codekraft.it\/ravaglioli.it\/wp-json\/wp\/v2\/media?parent=155479"}],"wp:term":[{"taxonomy":"product_brand","embeddable":true,"href":"https:\/\/dev.codekraft.it\/ravaglioli.it\/wp-json\/wp\/v2\/product_brand?post=155479"},{"taxonomy":"product_cat","embeddable":true,"href":"https:\/\/dev.codekraft.it\/ravaglioli.it\/wp-json\/wp\/v2\/product_cat?post=155479"},{"taxonomy":"product_tag","embeddable":true,"href":"https:\/\/dev.codekraft.it\/ravaglioli.it\/wp-json\/wp\/v2\/product_tag?post=155479"},{"taxonomy":"product_approvals","embeddable":true,"href":"https:\/\/dev.codekraft.it\/ravaglioli.it\/wp-json\/wp\/v2\/product_approvals?post=155479"},{"taxonomy":"product_application","embeddable":true,"href":"https:\/\/dev.codekraft.it\/ravaglioli.it\/wp-json\/wp\/v2\/product_application?post=155479"}],"curies":[{"name":"wp","href":"https:\/\/api.w.org\/{rel}","templated":true}]}}