{"id":155432,"date":"2025-12-11T10:11:40","date_gmt":"2025-12-11T10:11:40","guid":{"rendered":"https:\/\/dev.codekraft.it\/ravaglioli.it\/product\/chevalet-dappui-3\/"},"modified":"2026-01-14T21:54:49","modified_gmt":"2026-01-14T21:54:49","slug":"chevalet-dappui-3","status":"publish","type":"product","link":"https:\/\/dev.codekraft.it\/ravaglioli.it\/fr\/product\/chevalet-dappui-3\/","title":{"rendered":"Chevalet d&#039;appui"},"content":{"rendered":"<ul>\n<li>De tr\u00e8s haute qualit\u00e9, ex\u00e9cution robuste<\/li>\n<li>R\u00e9glable en hauteur par paliers de 7 x 100 mm<\/li>\n<li>Support en U fixe<\/li>\n<li>Mobile et facile \u00e0 d\u00e9placer par basculement<\/li>\n<li>2 roulettes<\/li>\n<\/ul>\n","protected":false},"excerpt":{"rendered":"<p>7500 kg, 1330 &#8211; 2030 mm, r\u00e9glable en hauteur par paliers de 7 x 100 mm, 2 roulettes, support en U | Gris (RAL 7040)<\/p>\n","protected":false},"featured_media":149937,"template":"","meta":[],"product_brand":[],"product_cat":[58240],"product_tag":[58377,58360,58343,58326],"product_approvals":[],"product_application":[],"class_list":{"0":"post-155432","1":"product","2":"type-product","3":"status-publish","4":"has-post-thumbnail","6":"product_cat-accessoires-ponts-elevateurs-a-colonnes-mobiles-fr","7":"product_tag-buses-fr","8":"product_tag-trucks-fr","9":"product_tag-motor-homes-fr","10":"product_tag-light-commercial-fr","12":"first","13":"instock","14":"shipping-taxable","15":"product-type-simple"},"approvals":[],"application":[],"brb_media_brochure":"","brb_media_drawing":"","brb_media_manuals":"","brb_media_safety_datasheets":"","brb_media_spare_parts":[],"_cdmm_p_id":"501896","_company":"VSG","_gtin":"4057612820034","accessories":[],"components":[],"delivery":[],"package":[],"related":[],"similar":[{"id":152046,"mpn":"S270A1","name":"Chevalet d&#039;appui","description":"10000 kg, 1235 - 2040 mm, r\u00e9glable en hauteur par pas de 6 x 100 mm, avec en plus partie sup\u00e9rieure r\u00e9glable en continu (115 mm), 2 roulettes, support en U et support en prisme (interchangeables) | Gris (RAL 7040)","thumbnail":"https:\/\/dev.codekraft.it\/ravaglioli.it\/wp-content\/uploads\/brb_media\/00535519_mobile-columns-s270a1-mi-150x150.png","url":"https:\/\/dev.codekraft.it\/ravaglioli.it\/fr\/product\/chevalet-dappui\/"}],"page_logo_src":"https:\/\/dev.codekraft.it\/ravaglioli.it\/wp-content\/uploads\/2026\/04\/rav-negative-logo-1.png","lang":"fr","translations":{"fr":155432,"en":155426,"de":155431,"it":155433,"es":155434,"ru":155435},"pll_sync_post":[],"_links":{"self":[{"href":"https:\/\/dev.codekraft.it\/ravaglioli.it\/wp-json\/wp\/v2\/product\/155432","targetHints":{"allow":["GET"]}}],"collection":[{"href":"https:\/\/dev.codekraft.it\/ravaglioli.it\/wp-json\/wp\/v2\/product"}],"about":[{"href":"https:\/\/dev.codekraft.it\/ravaglioli.it\/wp-json\/wp\/v2\/types\/product"}],"wp:featuredmedia":[{"embeddable":true,"href":"https:\/\/dev.codekraft.it\/ravaglioli.it\/wp-json\/wp\/v2\/media\/149937"}],"wp:attachment":[{"href":"https:\/\/dev.codekraft.it\/ravaglioli.it\/wp-json\/wp\/v2\/media?parent=155432"}],"wp:term":[{"taxonomy":"product_brand","embeddable":true,"href":"https:\/\/dev.codekraft.it\/ravaglioli.it\/wp-json\/wp\/v2\/product_brand?post=155432"},{"taxonomy":"product_cat","embeddable":true,"href":"https:\/\/dev.codekraft.it\/ravaglioli.it\/wp-json\/wp\/v2\/product_cat?post=155432"},{"taxonomy":"product_tag","embeddable":true,"href":"https:\/\/dev.codekraft.it\/ravaglioli.it\/wp-json\/wp\/v2\/product_tag?post=155432"},{"taxonomy":"product_approvals","embeddable":true,"href":"https:\/\/dev.codekraft.it\/ravaglioli.it\/wp-json\/wp\/v2\/product_approvals?post=155432"},{"taxonomy":"product_application","embeddable":true,"href":"https:\/\/dev.codekraft.it\/ravaglioli.it\/wp-json\/wp\/v2\/product_application?post=155432"}],"curies":[{"name":"wp","href":"https:\/\/api.w.org\/{rel}","templated":true}]}}