{"id":155428,"date":"2025-12-11T10:11:42","date_gmt":"2025-12-11T10:11:42","guid":{"rendered":"https:\/\/dev.codekraft.it\/ravaglioli.it\/product\/garras-de-ruedas-3-puntos-o-llanta-8-24%e2%80%b3-o-neumatico-480-910-mm-5\/"},"modified":"2026-01-14T19:57:29","modified_gmt":"2026-01-14T19:57:29","slug":"garras-de-ruedas-3-puntos-o-llanta-8-24%e2%80%b3-o-neumatico-480-910-mm-5","status":"publish","type":"product","link":"https:\/\/dev.codekraft.it\/ravaglioli.it\/es\/product\/garras-de-ruedas-3-puntos-o-llanta-8-24%e2%80%b3-o-neumatico-480-910-mm-5\/","title":{"rendered":"Garras de ruedas 3 puntos | \u00d8 llanta 8 &#8211; 24\u2033, \u00d8 neumatico 480 &#8211; 910 mm"},"content":{"rendered":"","protected":false},"excerpt":{"rendered":"<p>Garras de 3 puntos con autocentrado y bloqueo r\u00e1pido | 1 juego \/ 2 piezas<\/p>\n","protected":false},"featured_media":113716,"template":"","meta":[],"product_brand":[],"product_cat":[57912],"product_tag":[],"product_approvals":[],"product_application":[],"class_list":{"0":"post-155428","1":"product","2":"type-product","3":"status-publish","4":"has-post-thumbnail","6":"product_cat-accesorios-alineadores-de-ruedas-es","8":"first","9":"instock","10":"shipping-taxable","11":"product-type-simple"},"approvals":[],"application":[],"brb_media_brochure":"","brb_media_drawing":"","brb_media_manuals":"","brb_media_safety_datasheets":"","brb_media_spare_parts":[],"_cdmm_p_id":"497549","_company":"VSG","_gtin":"4057612825251","accessories":[{"id":153062,"mpn":"STDA154","name":"Adaptadores para garras de 3 puntos para alinear en 2 columnas con alineador CCD | -120 mm","description":"Permite posicionar los cabezales de medici\u00f3n a mayor profundidad y as\u00ed evita interferencias en la transmisi\u00f3n causadas por los brazos elevadores de 2 columnas | 1 juego \/ 4 piezas","thumbnail":"https:\/\/dev.codekraft.it\/ravaglioli.it\/wp-content\/uploads\/brb_media\/00528344_wheel-aligner-stda154-mi-150x150.png","url":"https:\/\/dev.codekraft.it\/ravaglioli.it\/es\/product\/adaptadores-para-garras-de-3-puntos-para-alinear-en-2-columnas-con-alineador-ccd-120-mm\/"}],"components":[],"delivery":[],"package":[],"related":[],"similar":[],"page_logo_src":"https:\/\/dev.codekraft.it\/ravaglioli.it\/wp-content\/uploads\/2026\/04\/rav-negative-logo-1.png","lang":"es","translations":{"es":155428,"en":155418,"de":155424,"fr":155425,"it":155427,"ru":155429},"pll_sync_post":[],"_links":{"self":[{"href":"https:\/\/dev.codekraft.it\/ravaglioli.it\/wp-json\/wp\/v2\/product\/155428","targetHints":{"allow":["GET"]}}],"collection":[{"href":"https:\/\/dev.codekraft.it\/ravaglioli.it\/wp-json\/wp\/v2\/product"}],"about":[{"href":"https:\/\/dev.codekraft.it\/ravaglioli.it\/wp-json\/wp\/v2\/types\/product"}],"wp:featuredmedia":[{"embeddable":true,"href":"https:\/\/dev.codekraft.it\/ravaglioli.it\/wp-json\/wp\/v2\/media\/113716"}],"wp:attachment":[{"href":"https:\/\/dev.codekraft.it\/ravaglioli.it\/wp-json\/wp\/v2\/media?parent=155428"}],"wp:term":[{"taxonomy":"product_brand","embeddable":true,"href":"https:\/\/dev.codekraft.it\/ravaglioli.it\/wp-json\/wp\/v2\/product_brand?post=155428"},{"taxonomy":"product_cat","embeddable":true,"href":"https:\/\/dev.codekraft.it\/ravaglioli.it\/wp-json\/wp\/v2\/product_cat?post=155428"},{"taxonomy":"product_tag","embeddable":true,"href":"https:\/\/dev.codekraft.it\/ravaglioli.it\/wp-json\/wp\/v2\/product_tag?post=155428"},{"taxonomy":"product_approvals","embeddable":true,"href":"https:\/\/dev.codekraft.it\/ravaglioli.it\/wp-json\/wp\/v2\/product_approvals?post=155428"},{"taxonomy":"product_application","embeddable":true,"href":"https:\/\/dev.codekraft.it\/ravaglioli.it\/wp-json\/wp\/v2\/product_application?post=155428"}],"curies":[{"name":"wp","href":"https:\/\/api.w.org\/{rel}","templated":true}]}}