{"id":155421,"date":"2025-10-30T14:31:24","date_gmt":"2025-10-30T14:31:24","guid":{"rendered":"https:\/\/dev.codekraft.it\/ravaglioli.it\/product\/ponte-sollevatore-a-colonne-mobili-rav212n\/"},"modified":"2026-01-14T21:54:44","modified_gmt":"2026-01-14T21:54:44","slug":"ponte-sollevatore-a-colonne-mobili-rav212n","status":"publish","type":"product","link":"https:\/\/dev.codekraft.it\/ravaglioli.it\/it\/product\/ponte-sollevatore-a-colonne-mobili-rav212n\/","title":{"rendered":"Ponte sollevatore a colonne mobili RAV212N"},"content":{"rendered":"<p>Pinze di presa mobili elettromeccaniche per ruote per camion, bus. A seconda della versione, \u00e8 possibile l\u2019utilizzo in officina o all\u2019aperto.<\/p>\n<ul>\n<li>Controllo di sincronizzazione elettronico con dispositivo di arresto automatico di emergenza<\/li>\n<li>Ogni pinza di presa \u00e8 dotata di un dispo\u00ad\u00adsitivo di sicurezza in caso di usuramento della madrevite di sollevamento<\/li>\n<\/ul>\n<ul>\n<li>L\u2019ampia struttura alla base della colonna di \u00adsollevamento offre la massima stabilit\u00e0.<\/li>\n<li>Su tutte le pinze di presa, l\u2019installazione pu\u00f2 essere sollevata o abbassata tramite pulsanti.<\/li>\n<li>Ogni pinza di presa \u00e8 dotata di controllo a uomo presente a un \u00adpulsante di arresto di emergenza.<\/li>\n<\/ul>\n<ul>\n<li>Il mandrino gestibile manualmente in \u00adacciaio inox insieme ad un \u00admadrevite in bronzo permanentemente lubrificato &#8211; garantisce il massimo della sicurezza e lunga durata<\/li>\n<li>Cursori in Ertalon in ogni carrello \u00adelevatore del tutto a prova d\u2019usura, garantiscono la massima stabilit\u00e0 in ogni posizione di carico<\/li>\n<li>Tutti i motori sono dotati di protezione termica &#8211; Realizzato in base a EN1493; Determinazione automatica delle fasi<\/li>\n<li>Non ci sono linee di \u00adinterferenza nell\u2019area di lavoro al di sotto del veicolo<\/li>\n<li>Forcella per ruote opzionale regolabile o adattatori disponibili per il supporto ruote facilmente montabili<\/li>\n<li>Il collegamento a spina con cavo elettrico da una pinza di presa ad un\u2019altra permette brevi tempi di \u00adinstallazione<\/li>\n<li>Il motoriduttore\u00a0auto\u00adfrenante \u00e8 collegato direttamente alla madrevite di \u00adsollevamento<\/li>\n<li>Le rotelle dei carrelli sollevatori sono dotate di cuscinetti autolubbrificanti che non necessitano manutenzione<\/li>\n<\/ul>\n","protected":false},"excerpt":{"rendered":"<p>4 x 3,0 t, elettromeccanico, cablato, mandrino di sollevamento, mobile, ideale per trasportatori e abitazioni mobili<\/p>\n","protected":false},"featured_media":37901,"template":"","meta":[],"product_brand":[],"product_cat":[58242],"product_tag":[58346,58329,58482],"product_approvals":[],"product_application":[],"class_list":{"0":"post-155421","1":"product","2":"type-product","3":"status-publish","4":"has-post-thumbnail","6":"product_cat-ponti-sollevatori-a-colonne-mobili-it","7":"product_tag-motor-homes-it","8":"product_tag-light-commercial-it","9":"product_tag-trailer-it","11":"first","12":"instock","13":"shipping-taxable","14":"product-type-simple"},"approvals":[],"application":[],"brb_media_brochure":[{"id":155316,"url":"https:\/\/dev.codekraft.it\/ravaglioli.it\/wp-content\/uploads\/brb_media\/00522118_mobile-column-lifts-rav-212n_222nl_232nl-br-2023-09-screen.pdf","title":"Mobile Column Lifts RAV 212N 222NL 232NL BR 2023 09 screen","mpn":"","thumbnail":"https:\/\/dev.codekraft.it\/ravaglioli.it\/wp-content\/uploads\/brb_media\/00522118_mobile-column-lifts-rav-212n_222nl_232nl-br-2023-09-screen-pdf-106x150.png","description":""}],"brb_media_drawing":"","brb_media_manuals":"","brb_media_safety_datasheets":"","brb_media_spare_parts":[],"_cdmm_p_id":"502886","_company":"Ravaglioli","_gtin":"","accessories":[{"id":152047,"mpn":"S270A1","name":"Cavalletto di sostegno","description":"10000 kg, 1235 - 2040 mm, ltezza regolabile in 6 passi da 100 mm, inoltre con parte superiore regolabile in continuo (115 mm), 2 ruote, supporto a U e supporto per prisma (intercambiabili) | Grigio (RAL 7040)","thumbnail":"https:\/\/dev.codekraft.it\/ravaglioli.it\/wp-content\/uploads\/brb_media\/00535519_mobile-columns-s270a1-mi-150x150.png","url":"https:\/\/dev.codekraft.it\/ravaglioli.it\/it\/product\/cavalletto-di-sostegno\/"},{"id":152277,"mpn":"S270A2","name":"Cavalletto di sostegno","description":"10000 kg, 1235 - 2040 mm, ltezza regolabile in 6 passi da 100 mm, inoltre con parte superiore regolabile in continuo (115 mm), 3 ruote con molla sotto carico, supporto a U e supporto per prisma (intercambiabili), pronto per il montaggio | Grigio (RAL 7040)","thumbnail":"https:\/\/dev.codekraft.it\/ravaglioli.it\/wp-content\/uploads\/brb_media\/00535520_mobile-columns-s270a2-mi-150x150.png","url":"https:\/\/dev.codekraft.it\/ravaglioli.it\/it\/product\/cavalletto-di-sostegno-2\/"},{"id":153127,"mpn":"S270A3","name":"Riduzione forcella ruota per ponti sollevatori a colonne mobili | pneumatici \u00d8 900 &#8211; 800 mm","description":"Riduzione della forcella della ruota per pneumatici da \u00d8 900 mm a \u00d8 800 mm | 1 pezzo\/per colonna","thumbnail":"https:\/\/dev.codekraft.it\/ravaglioli.it\/wp-content\/uploads\/brb_media\/00535684_mobile-columns-s270a3-mi-150x150.png","url":"https:\/\/dev.codekraft.it\/ravaglioli.it\/it\/product\/riduzione-forcella-ruota-per-ponti-sollevatori-a-colonne-mobili-pneumatici-o-900-800-mm\/"},{"id":153121,"mpn":"S270A8","name":"Riduzione forcella ruota per ponti sollevatori a colonne mobili | pneumatici \u00d8 700 &#8211; 500 mm","description":"Riduzione della forcella della ruota per pneumatici da \u00d8 700 mm a \u00d8 500 mm | 1 pezzo\/per colonna","thumbnail":"https:\/\/dev.codekraft.it\/ravaglioli.it\/wp-content\/uploads\/brb_media\/00535683_mobile-columns-s270a4-s270a8-mi-150x150.png","url":"https:\/\/dev.codekraft.it\/ravaglioli.it\/it\/product\/riduzione-forcella-ruota-per-ponti-sollevatori-a-colonne-mobili-pneumatici-o-700-500-mm\/"},{"id":153595,"mpn":"S210A2\/S","name":"Barra di trazione idraulica di sollevamento per ArtisLift MRG-55","description":"Sollevatore idraulico, montato in fabbrica al posto della timone meccanico per pinza di presa standard | 1 pezzo","thumbnail":"https:\/\/dev.codekraft.it\/ravaglioli.it\/wp-content\/uploads\/brb_media\/00380370_mobile-column-lift-artislift-hydraulic-drawbar-di-150x150.png","url":"https:\/\/dev.codekraft.it\/ravaglioli.it\/it\/product\/barra-di-trazione-idraulica-di-sollevamento-per-artislift-mrg-55\/"},{"id":155433,"mpn":"S260A1","name":"Cavalletto di sostegno","description":"7500 kg, 1330 - 2030 mm, altezza regolabile in 7 passi da 100 mm, 2 ruote, supporto a U | Grigio (RAL 7040)","thumbnail":"https:\/\/dev.codekraft.it\/ravaglioli.it\/wp-content\/uploads\/brb_media\/00535518_mobile-columns-s260a1-mi-150x150.png","url":"https:\/\/dev.codekraft.it\/ravaglioli.it\/it\/product\/cavalletto-di-sostegno-3\/"},{"id":155946,"mpn":"S270A4","name":"Riduzione forcella ruota per ponti sollevatori a colonne mobili | pneumatici \u00d8 800 &#8211; 700 mm","description":"Riduzione della forcella della ruota per pneumatici da \u00d8 800 mm a \u00d8 700 mm | 1 pezzo\/per colonna","thumbnail":"https:\/\/dev.codekraft.it\/ravaglioli.it\/wp-content\/uploads\/brb_media\/00535683_mobile-columns-s270a4-s270a8-mi-150x150.png","url":"https:\/\/dev.codekraft.it\/ravaglioli.it\/it\/product\/riduzione-forcella-ruota-per-ponti-sollevatori-a-colonne-mobili-pneumatici-o-800-700-mm\/"},{"id":155952,"mpn":"S270A5","name":"Prolunga per forcella ruota per ArtisLift MRG55","description":"Lunghezza ca. 123 mm | riduzione della portata a 5 t | 1 set (per 1 griffa ruota)","thumbnail":"https:\/\/dev.codekraft.it\/ravaglioli.it\/wp-content\/uploads\/brb_media\/00535685_mobile-columns-s270a5-mi-150x150.png","url":"https:\/\/dev.codekraft.it\/ravaglioli.it\/it\/product\/prolunga-per-forcella-ruota-per-artislift-mrg55\/"}],"components":[],"delivery":[],"package":[],"related":[],"similar":[{"id":155577,"mpn":"RAV212NC","name":"Ponte sollevatore a colonne mobili RAV212NC","description":"4 x 2,5 t, elettromeccanico, cablato, mandrino di sollevamento, mobile, ideale per veicoli commerciali leggeri e abitazioni mobili","thumbnail":"https:\/\/dev.codekraft.it\/ravaglioli.it\/wp-content\/uploads\/brb_media\/00509636_mobile-column-lift-rav212nc-mi-150x150.png","url":"https:\/\/dev.codekraft.it\/ravaglioli.it\/it\/product\/ponte-sollevatore-a-colonne-mobili-rav212nc\/"},{"id":155685,"mpn":"RAV222NL","name":"Ponte sollevatore a colonne mobili RAV222NL","description":"4 x 4,0 t, elettromeccanico, cablato, mandrino di sollevamento, mobile, ideale per autovetture, trasportatori e abitazioni mobili","thumbnail":"https:\/\/dev.codekraft.it\/ravaglioli.it\/wp-content\/uploads\/brb_media\/00509636_mobile-column-lift-rav212nc-mi-150x150.png","url":"https:\/\/dev.codekraft.it\/ravaglioli.it\/it\/product\/ponte-sollevatore-a-colonne-mobili-rav222nl\/"},{"id":155697,"mpn":"RAV232NL","name":"Ponte sollevatore a colonne mobili RAV232NL","description":"4 x 5,5 t, elettromeccanico, cablato, mandrino di sollevamento, mobile, ideale per autovetture, trasportatori e abitazioni mobili","thumbnail":"https:\/\/dev.codekraft.it\/ravaglioli.it\/wp-content\/uploads\/brb_media\/00509636_mobile-column-lift-rav212nc-mi-150x150.png","url":"https:\/\/dev.codekraft.it\/ravaglioli.it\/it\/product\/ponte-sollevatore-a-colonne-mobili-rav232nl\/"}],"page_logo_src":"https:\/\/dev.codekraft.it\/ravaglioli.it\/wp-content\/uploads\/2026\/04\/rav-negative-logo-1.png","lang":"it","translations":{"it":155421,"en":155308,"de":155419,"fr":155420,"es":155422,"ru":155423},"pll_sync_post":[],"_links":{"self":[{"href":"https:\/\/dev.codekraft.it\/ravaglioli.it\/wp-json\/wp\/v2\/product\/155421","targetHints":{"allow":["GET"]}}],"collection":[{"href":"https:\/\/dev.codekraft.it\/ravaglioli.it\/wp-json\/wp\/v2\/product"}],"about":[{"href":"https:\/\/dev.codekraft.it\/ravaglioli.it\/wp-json\/wp\/v2\/types\/product"}],"wp:featuredmedia":[{"embeddable":true,"href":"https:\/\/dev.codekraft.it\/ravaglioli.it\/wp-json\/wp\/v2\/media\/37901"}],"wp:attachment":[{"href":"https:\/\/dev.codekraft.it\/ravaglioli.it\/wp-json\/wp\/v2\/media?parent=155421"}],"wp:term":[{"taxonomy":"product_brand","embeddable":true,"href":"https:\/\/dev.codekraft.it\/ravaglioli.it\/wp-json\/wp\/v2\/product_brand?post=155421"},{"taxonomy":"product_cat","embeddable":true,"href":"https:\/\/dev.codekraft.it\/ravaglioli.it\/wp-json\/wp\/v2\/product_cat?post=155421"},{"taxonomy":"product_tag","embeddable":true,"href":"https:\/\/dev.codekraft.it\/ravaglioli.it\/wp-json\/wp\/v2\/product_tag?post=155421"},{"taxonomy":"product_approvals","embeddable":true,"href":"https:\/\/dev.codekraft.it\/ravaglioli.it\/wp-json\/wp\/v2\/product_approvals?post=155421"},{"taxonomy":"product_application","embeddable":true,"href":"https:\/\/dev.codekraft.it\/ravaglioli.it\/wp-json\/wp\/v2\/product_application?post=155421"}],"curies":[{"name":"wp","href":"https:\/\/api.w.org\/{rel}","templated":true}]}}