{"id":155400,"date":"2025-12-11T10:11:42","date_gmt":"2025-12-11T10:11:42","guid":{"rendered":"https:\/\/dev.codekraft.it\/ravaglioli.it\/product\/universalflansch-2\/"},"modified":"2026-01-14T19:57:23","modified_gmt":"2026-01-14T19:57:23","slug":"universalflansch-2","status":"publish","type":"product","link":"https:\/\/dev.codekraft.it\/ravaglioli.it\/de\/product\/universalflansch-2\/","title":{"rendered":"Universalflansch"},"content":{"rendered":"","protected":false},"excerpt":{"rendered":"<p>F\u00fcr Motorr\u00e4der | ohne Welle und Zubeh\u00f6r | GAR181A1 erforderlich<\/p>\n","protected":false},"featured_media":113702,"template":"","meta":[],"product_brand":[],"product_cat":[57956],"product_tag":[],"product_approvals":[],"product_application":[],"class_list":{"0":"post-155400","1":"product","2":"type-product","3":"status-publish","4":"has-post-thumbnail","6":"product_cat-zubehor-radauswuchtmaschinen-de","8":"first","9":"instock","10":"shipping-taxable","11":"product-type-simple"},"approvals":[],"application":[],"brb_media_brochure":"","brb_media_drawing":"","brb_media_manuals":"","brb_media_safety_datasheets":"","brb_media_spare_parts":[],"_cdmm_p_id":"497546","_company":"VSG","_gtin":"4057612811599","accessories":[{"id":155394,"mpn":"GAR181A1","name":"Tastarm-Verl\u00e4ngerung","description":"","thumbnail":"https:\/\/dev.codekraft.it\/ravaglioli.it\/wp-content\/uploads\/brb_media\/00506572_GAR181A1-150x150.png","url":"https:\/\/dev.codekraft.it\/ravaglioli.it\/de\/product\/tastarm-verlangerung\/"},{"id":155048,"mpn":"GAR183N","name":"Zentrierkonen f\u00fcr Motorradroller | \u00d8 16 &#8211; 45 mm | 1 Satz \/ 2 St\u00fcck","description":"GAR181N oder GAR354 erforderlich","thumbnail":"https:\/\/dev.codekraft.it\/ravaglioli.it\/wp-content\/uploads\/brb_media\/00431002_wheel-balancer-centering-cone-motorcycles-di-gar183n-150x150.png","url":"https:\/\/dev.codekraft.it\/ravaglioli.it\/de\/product\/zentrierkonen-fur-motorradroller-o-16-45-mm-1-satz-2-stuck\/"},{"id":155024,"mpn":"GAR356","name":"Zentrierwelle f\u00fcr Motorr\u00e4der | \u00d8 10 mm","description":"Komplett mit Welle, 2 Konen, 6 Distanzst\u00fccken, Spannmutter und 2 Zentrierbuchsen | GAR181N oder GAR354 erforderlich","thumbnail":"https:\/\/dev.codekraft.it\/ravaglioli.it\/wp-content\/uploads\/brb_media\/00506574_gar182n-150x150.png","url":"https:\/\/dev.codekraft.it\/ravaglioli.it\/de\/product\/zentrierwelle-fur-motorrader-o-10-mm\/"},{"id":155030,"mpn":"GAR182N","name":"Zentrierwelle f\u00fcr Motorr\u00e4der | \u00d8 12 mm","description":"Komplett mit Welle, 2 Konen, 6 Distanzst\u00fccken, Spannmutter und 2 Zentrierbuchsen | GAR181N oder GAR354 erforderlich","thumbnail":"https:\/\/dev.codekraft.it\/ravaglioli.it\/wp-content\/uploads\/brb_media\/00506574_gar182n-150x150.png","url":"https:\/\/dev.codekraft.it\/ravaglioli.it\/de\/product\/zentrierwelle-fur-motorrader-o-12-mm\/"},{"id":155036,"mpn":"GAR184N","name":"Zentrierwelle f\u00fcr Motorr\u00e4der | lang, \u00d8 14 mm","description":"Komplett mit langer Welle (318 mm), 2 Distanzst\u00fccken und Spannmutter | GAR181N oder GAR354 erforderlich","thumbnail":"https:\/\/dev.codekraft.it\/ravaglioli.it\/wp-content\/uploads\/brb_media\/00506594_gar184n-150x150.png","url":"https:\/\/dev.codekraft.it\/ravaglioli.it\/de\/product\/zentrierwelle-fur-motorrader-lang-o-14-mm\/"},{"id":155406,"mpn":"GAR191N","name":"Zentrierwelle f\u00fcr Motorr\u00e4der mit Einarmgabel | \u00d8 19 mm","description":"Komplett mit Welle, 2 Distanzst\u00fccken und Spannmutter | GAR181N oder GAR354 erforderlich","thumbnail":"https:\/\/dev.codekraft.it\/ravaglioli.it\/wp-content\/uploads\/brb_media\/00506595_gar191n-150x150.png","url":"https:\/\/dev.codekraft.it\/ravaglioli.it\/de\/product\/zentrierwelle-fur-motorrader-mit-einarmgabel-o-19-mm\/"}],"components":[],"delivery":[],"package":[],"related":[],"similar":[],"page_logo_src":"https:\/\/dev.codekraft.it\/ravaglioli.it\/wp-content\/uploads\/2026\/04\/rav-negative-logo-1.png","lang":"de","translations":{"de":155400,"en":155399,"fr":155401,"it":155402,"es":155403,"ru":155404},"pll_sync_post":[],"_links":{"self":[{"href":"https:\/\/dev.codekraft.it\/ravaglioli.it\/wp-json\/wp\/v2\/product\/155400","targetHints":{"allow":["GET"]}}],"collection":[{"href":"https:\/\/dev.codekraft.it\/ravaglioli.it\/wp-json\/wp\/v2\/product"}],"about":[{"href":"https:\/\/dev.codekraft.it\/ravaglioli.it\/wp-json\/wp\/v2\/types\/product"}],"wp:featuredmedia":[{"embeddable":true,"href":"https:\/\/dev.codekraft.it\/ravaglioli.it\/wp-json\/wp\/v2\/media\/113702"}],"wp:attachment":[{"href":"https:\/\/dev.codekraft.it\/ravaglioli.it\/wp-json\/wp\/v2\/media?parent=155400"}],"wp:term":[{"taxonomy":"product_brand","embeddable":true,"href":"https:\/\/dev.codekraft.it\/ravaglioli.it\/wp-json\/wp\/v2\/product_brand?post=155400"},{"taxonomy":"product_cat","embeddable":true,"href":"https:\/\/dev.codekraft.it\/ravaglioli.it\/wp-json\/wp\/v2\/product_cat?post=155400"},{"taxonomy":"product_tag","embeddable":true,"href":"https:\/\/dev.codekraft.it\/ravaglioli.it\/wp-json\/wp\/v2\/product_tag?post=155400"},{"taxonomy":"product_approvals","embeddable":true,"href":"https:\/\/dev.codekraft.it\/ravaglioli.it\/wp-json\/wp\/v2\/product_approvals?post=155400"},{"taxonomy":"product_application","embeddable":true,"href":"https:\/\/dev.codekraft.it\/ravaglioli.it\/wp-json\/wp\/v2\/product_application?post=155400"}],"curies":[{"name":"wp","href":"https:\/\/api.w.org\/{rel}","templated":true}]}}