{"id":155359,"date":"2025-12-11T10:11:42","date_gmt":"2025-12-11T10:11:42","guid":{"rendered":"https:\/\/dev.codekraft.it\/ravaglioli.it\/product\/elevateur-pour-roues-avec-compensation-automatique-du-poids-de-la-roue\/"},"modified":"2026-01-14T19:57:14","modified_gmt":"2026-01-14T19:57:14","slug":"elevateur-pour-roues-avec-compensation-automatique-du-poids-de-la-roue","status":"publish","type":"product","link":"https:\/\/dev.codekraft.it\/ravaglioli.it\/fr\/product\/elevateur-pour-roues-avec-compensation-automatique-du-poids-de-la-roue\/","title":{"rendered":"El\u00e9vateur pour roues avec compensation automatique du poids de la roue"},"content":{"rendered":"","protected":false},"excerpt":{"rendered":"<p>80 kg, voiture de tourisme<\/p>\n","protected":false},"featured_media":38201,"template":"","meta":[],"product_brand":[],"product_cat":[58118],"product_tag":[58290],"product_approvals":[],"product_application":[],"class_list":{"0":"post-155359","1":"product","2":"type-product","3":"status-publish","4":"has-post-thumbnail","6":"product_cat-equipements-pour-pneumaticiens-fr","7":"product_tag-passenger-cars-fr","9":"first","10":"instock","11":"shipping-taxable","12":"product-type-simple"},"approvals":[],"application":[],"brb_media_brochure":[{"id":38194,"url":"https:\/\/dev.codekraft.it\/ravaglioli.it\/wp-content\/uploads\/brb_media\/00509486_wheel-lifts-gr80ws-gr20-gar324-325-br-multi-2023-05-screen.pdf","title":"Wheel lifts GR80WS GR20 GAR324 325 BR multi 2023 05 screen","mpn":"","thumbnail":"https:\/\/dev.codekraft.it\/ravaglioli.it\/wp-content\/uploads\/brb_media\/00509486_wheel-lifts-gr80ws-gr20-gar324-325-br-multi-2023-05-screen-pdf-106x150.png","description":""}],"brb_media_drawing":"","brb_media_manuals":"","brb_media_safety_datasheets":"","brb_media_spare_parts":[],"_cdmm_p_id":"497536","_company":"VSG","_gtin":"4057612811254","accessories":[],"components":[],"delivery":[],"package":[],"related":[],"similar":[{"id":155347,"mpn":"GAR325","name":"El\u00e9vateur pour roues Standard","description":"80 kg, voiture de tourisme","thumbnail":"https:\/\/dev.codekraft.it\/ravaglioli.it\/wp-content\/uploads\/brb_media\/00373626_wheel-balancer-standard-wheel-lift-di-150x150.png","url":"https:\/\/dev.codekraft.it\/ravaglioli.it\/fr\/product\/elevateur-pour-roues-standard\/"},{"id":154676,"mpn":"GR80WS","name":"Chariot de montage de roue GR80WS","description":"Fonctionnant sur batterie, capacit\u00e9 80 kg","thumbnail":"https:\/\/dev.codekraft.it\/ravaglioli.it\/wp-content\/uploads\/brb_media\/00509488_wheel-lift-gr80ws-mi-150x150.png","url":"https:\/\/dev.codekraft.it\/ravaglioli.it\/fr\/product\/chariot-de-montage-de-roue-gr80ws\/"},{"id":154682,"mpn":"GR20","name":"Chariot \u00e0 roues GR20 | Easy Lift","description":"Avec r\u00e9glage automatique de la hauteur en fonction de la charge | capacit\u00e9 de chargement 180 kg","thumbnail":"https:\/\/dev.codekraft.it\/ravaglioli.it\/wp-content\/uploads\/brb_media\/00509487_wheel-lift-gr20-mi-150x150.png","url":"https:\/\/dev.codekraft.it\/ravaglioli.it\/fr\/product\/chariot-a-roues-gr20-easy-lift\/"}],"page_logo_src":"https:\/\/dev.codekraft.it\/ravaglioli.it\/wp-content\/uploads\/2026\/04\/rav-negative-logo-1.png","lang":"fr","translations":{"fr":155359,"en":155357,"de":155358,"it":155360,"es":155361,"ru":155362},"pll_sync_post":[],"_links":{"self":[{"href":"https:\/\/dev.codekraft.it\/ravaglioli.it\/wp-json\/wp\/v2\/product\/155359","targetHints":{"allow":["GET"]}}],"collection":[{"href":"https:\/\/dev.codekraft.it\/ravaglioli.it\/wp-json\/wp\/v2\/product"}],"about":[{"href":"https:\/\/dev.codekraft.it\/ravaglioli.it\/wp-json\/wp\/v2\/types\/product"}],"wp:featuredmedia":[{"embeddable":true,"href":"https:\/\/dev.codekraft.it\/ravaglioli.it\/wp-json\/wp\/v2\/media\/38201"}],"wp:attachment":[{"href":"https:\/\/dev.codekraft.it\/ravaglioli.it\/wp-json\/wp\/v2\/media?parent=155359"}],"wp:term":[{"taxonomy":"product_brand","embeddable":true,"href":"https:\/\/dev.codekraft.it\/ravaglioli.it\/wp-json\/wp\/v2\/product_brand?post=155359"},{"taxonomy":"product_cat","embeddable":true,"href":"https:\/\/dev.codekraft.it\/ravaglioli.it\/wp-json\/wp\/v2\/product_cat?post=155359"},{"taxonomy":"product_tag","embeddable":true,"href":"https:\/\/dev.codekraft.it\/ravaglioli.it\/wp-json\/wp\/v2\/product_tag?post=155359"},{"taxonomy":"product_approvals","embeddable":true,"href":"https:\/\/dev.codekraft.it\/ravaglioli.it\/wp-json\/wp\/v2\/product_approvals?post=155359"},{"taxonomy":"product_application","embeddable":true,"href":"https:\/\/dev.codekraft.it\/ravaglioli.it\/wp-json\/wp\/v2\/product_application?post=155359"}],"curies":[{"name":"wp","href":"https:\/\/api.w.org\/{rel}","templated":true}]}}