{"id":155347,"date":"2025-12-11T10:11:42","date_gmt":"2025-12-11T10:11:42","guid":{"rendered":"https:\/\/dev.codekraft.it\/ravaglioli.it\/product\/elevateur-pour-roues-standard\/"},"modified":"2026-01-14T19:57:11","modified_gmt":"2026-01-14T19:57:11","slug":"elevateur-pour-roues-standard","status":"publish","type":"product","link":"https:\/\/dev.codekraft.it\/ravaglioli.it\/fr\/product\/elevateur-pour-roues-standard\/","title":{"rendered":"El\u00e9vateur pour roues Standard"},"content":{"rendered":"","protected":false},"excerpt":{"rendered":"<p>80 kg, voiture de tourisme<\/p>\n","protected":false},"featured_media":37856,"template":"","meta":[],"product_brand":[],"product_cat":[58118],"product_tag":[58290],"product_approvals":[],"product_application":[],"class_list":{"0":"post-155347","1":"product","2":"type-product","3":"status-publish","4":"has-post-thumbnail","6":"product_cat-equipements-pour-pneumaticiens-fr","7":"product_tag-passenger-cars-fr","9":"first","10":"instock","11":"shipping-taxable","12":"product-type-simple"},"approvals":[],"application":[],"brb_media_brochure":[{"id":38194,"url":"https:\/\/dev.codekraft.it\/ravaglioli.it\/wp-content\/uploads\/brb_media\/00509486_wheel-lifts-gr80ws-gr20-gar324-325-br-multi-2023-05-screen.pdf","title":"Wheel lifts GR80WS GR20 GAR324 325 BR multi 2023 05 screen","mpn":"","thumbnail":"https:\/\/dev.codekraft.it\/ravaglioli.it\/wp-content\/uploads\/brb_media\/00509486_wheel-lifts-gr80ws-gr20-gar324-325-br-multi-2023-05-screen-pdf-106x150.png","description":""}],"brb_media_drawing":"","brb_media_manuals":"","brb_media_safety_datasheets":"","brb_media_spare_parts":[],"_cdmm_p_id":"497535","_company":"VSG","_gtin":"4057612811278","accessories":[],"components":[],"delivery":[],"package":[],"related":[],"similar":[{"id":154676,"mpn":"GR80WS","name":"Chariot de montage de roue GR80WS","description":"Fonctionnant sur batterie, capacit\u00e9 80 kg","thumbnail":"https:\/\/dev.codekraft.it\/ravaglioli.it\/wp-content\/uploads\/brb_media\/00509488_wheel-lift-gr80ws-mi-150x150.png","url":"https:\/\/dev.codekraft.it\/ravaglioli.it\/fr\/product\/chariot-de-montage-de-roue-gr80ws\/"},{"id":154682,"mpn":"GR20","name":"Chariot \u00e0 roues GR20 | Easy Lift","description":"Avec r\u00e9glage automatique de la hauteur en fonction de la charge | capacit\u00e9 de chargement 180 kg","thumbnail":"https:\/\/dev.codekraft.it\/ravaglioli.it\/wp-content\/uploads\/brb_media\/00509487_wheel-lift-gr20-mi-150x150.png","url":"https:\/\/dev.codekraft.it\/ravaglioli.it\/fr\/product\/chariot-a-roues-gr20-easy-lift\/"},{"id":155359,"mpn":"GAR324","name":"El\u00e9vateur pour roues avec compensation automatique du poids de la roue","description":"80 kg, voiture de tourisme","thumbnail":"https:\/\/dev.codekraft.it\/ravaglioli.it\/wp-content\/uploads\/brb_media\/00509271_wheel-balancer-gar324-mi-150x150.png","url":"https:\/\/dev.codekraft.it\/ravaglioli.it\/fr\/product\/elevateur-pour-roues-avec-compensation-automatique-du-poids-de-la-roue\/"}],"page_logo_src":"https:\/\/dev.codekraft.it\/ravaglioli.it\/wp-content\/uploads\/2026\/04\/rav-negative-logo-1.png","lang":"fr","translations":{"fr":155347,"en":155345,"de":155346,"it":155348,"es":155349,"ru":155350},"pll_sync_post":[],"_links":{"self":[{"href":"https:\/\/dev.codekraft.it\/ravaglioli.it\/wp-json\/wp\/v2\/product\/155347","targetHints":{"allow":["GET"]}}],"collection":[{"href":"https:\/\/dev.codekraft.it\/ravaglioli.it\/wp-json\/wp\/v2\/product"}],"about":[{"href":"https:\/\/dev.codekraft.it\/ravaglioli.it\/wp-json\/wp\/v2\/types\/product"}],"wp:featuredmedia":[{"embeddable":true,"href":"https:\/\/dev.codekraft.it\/ravaglioli.it\/wp-json\/wp\/v2\/media\/37856"}],"wp:attachment":[{"href":"https:\/\/dev.codekraft.it\/ravaglioli.it\/wp-json\/wp\/v2\/media?parent=155347"}],"wp:term":[{"taxonomy":"product_brand","embeddable":true,"href":"https:\/\/dev.codekraft.it\/ravaglioli.it\/wp-json\/wp\/v2\/product_brand?post=155347"},{"taxonomy":"product_cat","embeddable":true,"href":"https:\/\/dev.codekraft.it\/ravaglioli.it\/wp-json\/wp\/v2\/product_cat?post=155347"},{"taxonomy":"product_tag","embeddable":true,"href":"https:\/\/dev.codekraft.it\/ravaglioli.it\/wp-json\/wp\/v2\/product_tag?post=155347"},{"taxonomy":"product_approvals","embeddable":true,"href":"https:\/\/dev.codekraft.it\/ravaglioli.it\/wp-json\/wp\/v2\/product_approvals?post=155347"},{"taxonomy":"product_application","embeddable":true,"href":"https:\/\/dev.codekraft.it\/ravaglioli.it\/wp-json\/wp\/v2\/product_application?post=155347"}],"curies":[{"name":"wp","href":"https:\/\/api.w.org\/{rel}","templated":true}]}}