{"id":155334,"date":"2025-12-11T10:11:42","date_gmt":"2025-12-11T10:11:42","guid":{"rendered":"https:\/\/dev.codekraft.it\/ravaglioli.it\/product\/zentrierkonus\/"},"modified":"2026-01-14T19:57:07","modified_gmt":"2026-01-14T19:57:07","slug":"zentrierkonus","status":"publish","type":"product","link":"https:\/\/dev.codekraft.it\/ravaglioli.it\/de\/product\/zentrierkonus\/","title":{"rendered":"Zentrierkonus"},"content":{"rendered":"","protected":false},"excerpt":{"rendered":"<p>F\u00fcr Gel\u00e4ndewagen | \u00d8 95 &#8211; 132 mm<\/p>\n","protected":false},"featured_media":150195,"template":"","meta":[],"product_brand":[],"product_cat":[57956],"product_tag":[],"product_approvals":[],"product_application":[],"class_list":{"0":"post-155334","1":"product","2":"type-product","3":"status-publish","4":"has-post-thumbnail","6":"product_cat-zubehor-radauswuchtmaschinen-de","8":"first","9":"instock","10":"shipping-taxable","11":"product-type-simple"},"approvals":[],"application":[],"brb_media_brochure":"","brb_media_drawing":"","brb_media_manuals":"","brb_media_safety_datasheets":"","brb_media_spare_parts":[],"_cdmm_p_id":"497533","_company":"VSG","_gtin":"4057612810158","accessories":[],"components":[],"delivery":[],"package":[],"related":[],"similar":[],"page_logo_src":"https:\/\/dev.codekraft.it\/ravaglioli.it\/wp-content\/uploads\/2026\/04\/rav-negative-logo-1.png","lang":"de","translations":{"de":155334,"en":155333,"fr":155335,"it":155336,"es":155337,"ru":155338},"pll_sync_post":[],"_links":{"self":[{"href":"https:\/\/dev.codekraft.it\/ravaglioli.it\/wp-json\/wp\/v2\/product\/155334","targetHints":{"allow":["GET"]}}],"collection":[{"href":"https:\/\/dev.codekraft.it\/ravaglioli.it\/wp-json\/wp\/v2\/product"}],"about":[{"href":"https:\/\/dev.codekraft.it\/ravaglioli.it\/wp-json\/wp\/v2\/types\/product"}],"wp:featuredmedia":[{"embeddable":true,"href":"https:\/\/dev.codekraft.it\/ravaglioli.it\/wp-json\/wp\/v2\/media\/150195"}],"wp:attachment":[{"href":"https:\/\/dev.codekraft.it\/ravaglioli.it\/wp-json\/wp\/v2\/media?parent=155334"}],"wp:term":[{"taxonomy":"product_brand","embeddable":true,"href":"https:\/\/dev.codekraft.it\/ravaglioli.it\/wp-json\/wp\/v2\/product_brand?post=155334"},{"taxonomy":"product_cat","embeddable":true,"href":"https:\/\/dev.codekraft.it\/ravaglioli.it\/wp-json\/wp\/v2\/product_cat?post=155334"},{"taxonomy":"product_tag","embeddable":true,"href":"https:\/\/dev.codekraft.it\/ravaglioli.it\/wp-json\/wp\/v2\/product_tag?post=155334"},{"taxonomy":"product_approvals","embeddable":true,"href":"https:\/\/dev.codekraft.it\/ravaglioli.it\/wp-json\/wp\/v2\/product_approvals?post=155334"},{"taxonomy":"product_application","embeddable":true,"href":"https:\/\/dev.codekraft.it\/ravaglioli.it\/wp-json\/wp\/v2\/product_application?post=155334"}],"curies":[{"name":"wp","href":"https:\/\/api.w.org\/{rel}","templated":true}]}}