{"id":155312,"date":"2025-12-11T10:11:42","date_gmt":"2025-12-11T10:11:42","guid":{"rendered":"https:\/\/dev.codekraft.it\/ravaglioli.it\/product\/kit-de-turismos-para-alineadores-de-ruedas\/"},"modified":"2026-01-14T19:57:02","modified_gmt":"2026-01-14T19:57:02","slug":"kit-de-turismos-para-alineadores-de-ruedas","status":"publish","type":"product","link":"https:\/\/dev.codekraft.it\/ravaglioli.it\/es\/product\/kit-de-turismos-para-alineadores-de-ruedas\/","title":{"rendered":"Kit de turismos para alineadores de ruedas"},"content":{"rendered":"<ul>\n<li>Kit STDA159. Convierte el alineador para camiones 6CCD, utilizado principalmente para camiones y autobuses y con cabezales de medici\u00f3n rebajados RAVTD8060TWSR, en un alineador para turismos compatible con todo tipo de veh\u00edculos.<\/li>\n<\/ul>\n<ul>\n<li>Est\u00e1 formado por un bastidor que se fija f\u00e1cilmente a la parte trasera de la consola gracias a dos tornillos presentes en las esquinas.<\/li>\n<li>Su uso est\u00e1 recomendado para los talleres que trabajan principalmente con camiones y autobuses, pero que alinean coches tambi\u00e9n.<\/li>\n<li>La pareja de captadores delanteros se elige antes de cada alineado, sin necesidad de volver a asociarlos todas las veces.<\/li>\n<li>La transmisi\u00f3n de datos se realiza enteramente mediante Bluetooth, por lo que la operaci\u00f3n es m\u00e1s r\u00e1pida y fiable.<\/li>\n<li>El kit est\u00e1 preparado con una pareja de soportes para cargar los dos sensores para turismos delanteros. (Estos \u00faltimos no est\u00e1n incluidos y deben comprarse por separado)<\/li>\n<\/ul>\n","protected":false},"excerpt":{"rendered":"<p>Kit para convertir el alineador para camiones 6CCD en un alineador para turismos<\/p>\n","protected":false},"featured_media":38148,"template":"","meta":[],"product_brand":[],"product_cat":[57912],"product_tag":[],"product_approvals":[],"product_application":[],"class_list":{"0":"post-155312","1":"product","2":"type-product","3":"status-publish","4":"has-post-thumbnail","6":"product_cat-accesorios-alineadores-de-ruedas-es","8":"first","9":"instock","10":"shipping-taxable","11":"product-type-simple"},"approvals":[],"application":[],"brb_media_brochure":[{"id":38149,"url":"https:\/\/dev.codekraft.it\/ravaglioli.it\/wp-content\/uploads\/brb_media\/00489171_wheel-aligner-accessories-stda159-br-de-2022-02-screen.pdf","title":"Wheel aligner accessories STDA159 BR de 2022 02 screen","mpn":"","thumbnail":"https:\/\/dev.codekraft.it\/ravaglioli.it\/wp-content\/uploads\/brb_media\/00489171_wheel-aligner-accessories-stda159-br-de-2022-02-screen-pdf-106x150.png","description":""},{"id":38150,"url":"https:\/\/dev.codekraft.it\/ravaglioli.it\/wp-content\/uploads\/brb_media\/00489172_wheel-aligner-accessories-stda159-br-en-2022-02-screen.pdf","title":"Wheel aligner accessories STDA159 BR en 2022 02 screen","mpn":"","thumbnail":"https:\/\/dev.codekraft.it\/ravaglioli.it\/wp-content\/uploads\/brb_media\/00489172_wheel-aligner-accessories-stda159-br-en-2022-02-screen-pdf-106x150.png","description":""},{"id":38151,"url":"https:\/\/dev.codekraft.it\/ravaglioli.it\/wp-content\/uploads\/brb_media\/00489173_wheel-aligner-accessories-stda159-br-fr-2022-03-screen.pdf","title":"Wheel aligner accessories STDA159 BR fr 2022 03 screen","mpn":"","thumbnail":"https:\/\/dev.codekraft.it\/ravaglioli.it\/wp-content\/uploads\/brb_media\/00489173_wheel-aligner-accessories-stda159-br-fr-2022-03-screen-pdf-106x150.png","description":""},{"id":38152,"url":"https:\/\/dev.codekraft.it\/ravaglioli.it\/wp-content\/uploads\/brb_media\/00489174_wheel-aligner-accessories-stda159-br-it-2022-02-screen.pdf","title":"Wheel aligner accessories STDA159 BR it 2022 02 screen","mpn":"","thumbnail":"https:\/\/dev.codekraft.it\/ravaglioli.it\/wp-content\/uploads\/brb_media\/00489174_wheel-aligner-accessories-stda159-br-it-2022-02-screen-pdf-106x150.png","description":""},{"id":38153,"url":"https:\/\/dev.codekraft.it\/ravaglioli.it\/wp-content\/uploads\/brb_media\/00489175_wheel-aligner-accessories-stda159-br-es-2022-02-screen.pdf","title":"Wheel aligner accessories STDA159 BR es 2022 02 screen","mpn":"","thumbnail":"https:\/\/dev.codekraft.it\/ravaglioli.it\/wp-content\/uploads\/brb_media\/00489175_wheel-aligner-accessories-stda159-br-es-2022-02-screen-pdf-106x150.png","description":""},{"id":38154,"url":"https:\/\/dev.codekraft.it\/ravaglioli.it\/wp-content\/uploads\/brb_media\/00489176_wheel-aligner-accessories-stda159-br-ru-2022-03-screen.pdf","title":"Wheel aligner accessories STDA159 BR ru 2022 03 screen","mpn":"","thumbnail":"https:\/\/dev.codekraft.it\/ravaglioli.it\/wp-content\/uploads\/brb_media\/00489176_wheel-aligner-accessories-stda159-br-ru-2022-03-screen-pdf-106x150.png","description":""}],"brb_media_drawing":"","brb_media_manuals":"","brb_media_safety_datasheets":"","brb_media_spare_parts":[],"_cdmm_p_id":"497212","_company":"VSG","_gtin":"4057612855616","accessories":[{"id":155300,"mpn":"18422-18423","name":"Cabezales de medici\u00f3n 18422-18423 | delanteros | turismo","description":"","thumbnail":"https:\/\/dev.codekraft.it\/ravaglioli.it\/wp-content\/uploads\/brb_media\/00528304_wheel-aligner-measuring-heads-car-18422-18423-mi-150x150.png","url":"https:\/\/dev.codekraft.it\/ravaglioli.it\/es\/product\/cabezales-de-medicion-18422-18423-delanteros-turismo\/"}],"components":[],"delivery":[],"package":[],"related":[],"similar":[],"page_logo_src":"https:\/\/dev.codekraft.it\/ravaglioli.it\/wp-content\/uploads\/2026\/04\/rav-negative-logo-1.png","lang":"es","translations":{"es":155312,"en":155302,"de":155309,"fr":155310,"it":155311,"ru":155313},"pll_sync_post":[],"_links":{"self":[{"href":"https:\/\/dev.codekraft.it\/ravaglioli.it\/wp-json\/wp\/v2\/product\/155312","targetHints":{"allow":["GET"]}}],"collection":[{"href":"https:\/\/dev.codekraft.it\/ravaglioli.it\/wp-json\/wp\/v2\/product"}],"about":[{"href":"https:\/\/dev.codekraft.it\/ravaglioli.it\/wp-json\/wp\/v2\/types\/product"}],"wp:featuredmedia":[{"embeddable":true,"href":"https:\/\/dev.codekraft.it\/ravaglioli.it\/wp-json\/wp\/v2\/media\/38148"}],"wp:attachment":[{"href":"https:\/\/dev.codekraft.it\/ravaglioli.it\/wp-json\/wp\/v2\/media?parent=155312"}],"wp:term":[{"taxonomy":"product_brand","embeddable":true,"href":"https:\/\/dev.codekraft.it\/ravaglioli.it\/wp-json\/wp\/v2\/product_brand?post=155312"},{"taxonomy":"product_cat","embeddable":true,"href":"https:\/\/dev.codekraft.it\/ravaglioli.it\/wp-json\/wp\/v2\/product_cat?post=155312"},{"taxonomy":"product_tag","embeddable":true,"href":"https:\/\/dev.codekraft.it\/ravaglioli.it\/wp-json\/wp\/v2\/product_tag?post=155312"},{"taxonomy":"product_approvals","embeddable":true,"href":"https:\/\/dev.codekraft.it\/ravaglioli.it\/wp-json\/wp\/v2\/product_approvals?post=155312"},{"taxonomy":"product_application","embeddable":true,"href":"https:\/\/dev.codekraft.it\/ravaglioli.it\/wp-json\/wp\/v2\/product_application?post=155312"}],"curies":[{"name":"wp","href":"https:\/\/api.w.org\/{rel}","templated":true}]}}