{"id":155309,"date":"2025-12-11T10:11:42","date_gmt":"2025-12-11T10:11:42","guid":{"rendered":"https:\/\/dev.codekraft.it\/ravaglioli.it\/product\/pkw-kit-fur-achsmessgerate\/"},"modified":"2026-01-14T19:57:01","modified_gmt":"2026-01-14T19:57:01","slug":"pkw-kit-fur-achsmessgerate","status":"publish","type":"product","link":"https:\/\/dev.codekraft.it\/ravaglioli.it\/de\/product\/pkw-kit-fur-achsmessgerate\/","title":{"rendered":"Pkw-Kit f\u00fcr Achsmessger\u00e4te"},"content":{"rendered":"<ul>\n<li>Erm\u00f6glicht den Betrieb des haupts\u00e4chlich f\u00fcr Lkw und Busse verwendeten 6-Sensor CCD-Lkw-Achsmessger\u00e4ts mit herabgesetzten Messk\u00f6pfen RAVTD8060TWSR als f\u00fcr alle Fahrzeugtypen geeignetes Pkw-Achsmessger\u00e4t.<\/li>\n<\/ul>\n<ul>\n<li>Es besteht aus\u00a0einem Rahmen, der mit Hilfe von zwei bereits vorhandenen Schrauben in den Ecken leicht an der R\u00fcckseite des Fahrwagens befestigt werden kann.<\/li>\n<li>Der Einsatz wird f\u00fcr Werkst\u00e4tten empfohlen, die haupts\u00e4chlich an Lkw und Bussen arbeiten, gelegentlich aber auch Achsvermessungen an Pkw durchf\u00fchren m\u00fcssen.<\/li>\n<li>Die Wahl des vorderen Sensorpaares erfolgt vor jeder Diagnose, ohne dass jedes Mal eine erneute Zuordnung vorgenommen werden muss.<\/li>\n<li>Die Daten\u00fcbertragung erfolgt ausschlie\u00dflich \u00fcber Bluetooth, wodurch der Vorgang schneller und zuverl\u00e4ssiger wird.<\/li>\n<li>Das Kit beinhaltet bereits die Ladestationen f\u00fcr die beiden vorderen Fahrzeugsensoren (wobei Letztere nicht im Lieferumfang enthalten sind und separat erworben werden m\u00fcssen).<\/li>\n<\/ul>\n","protected":false},"excerpt":{"rendered":"<p>Kit f\u00fcr die Umstellung des 6-Sensor CCD Lkw-Achsmessger\u00e4ts zu einem Pkw-Achsmessger\u00e4t<\/p>\n","protected":false},"featured_media":38148,"template":"","meta":[],"product_brand":[],"product_cat":[57870],"product_tag":[],"product_approvals":[],"product_application":[],"class_list":{"0":"post-155309","1":"product","2":"type-product","3":"status-publish","4":"has-post-thumbnail","6":"product_cat-zubehor-achsmessgerate-de","8":"first","9":"instock","10":"shipping-taxable","11":"product-type-simple"},"approvals":[],"application":[],"brb_media_brochure":[{"id":38149,"url":"https:\/\/dev.codekraft.it\/ravaglioli.it\/wp-content\/uploads\/brb_media\/00489171_wheel-aligner-accessories-stda159-br-de-2022-02-screen.pdf","title":"Wheel aligner accessories STDA159 BR de 2022 02 screen","mpn":"","thumbnail":"https:\/\/dev.codekraft.it\/ravaglioli.it\/wp-content\/uploads\/brb_media\/00489171_wheel-aligner-accessories-stda159-br-de-2022-02-screen-pdf-106x150.png","description":""},{"id":38150,"url":"https:\/\/dev.codekraft.it\/ravaglioli.it\/wp-content\/uploads\/brb_media\/00489172_wheel-aligner-accessories-stda159-br-en-2022-02-screen.pdf","title":"Wheel aligner accessories STDA159 BR en 2022 02 screen","mpn":"","thumbnail":"https:\/\/dev.codekraft.it\/ravaglioli.it\/wp-content\/uploads\/brb_media\/00489172_wheel-aligner-accessories-stda159-br-en-2022-02-screen-pdf-106x150.png","description":""},{"id":38151,"url":"https:\/\/dev.codekraft.it\/ravaglioli.it\/wp-content\/uploads\/brb_media\/00489173_wheel-aligner-accessories-stda159-br-fr-2022-03-screen.pdf","title":"Wheel aligner accessories STDA159 BR fr 2022 03 screen","mpn":"","thumbnail":"https:\/\/dev.codekraft.it\/ravaglioli.it\/wp-content\/uploads\/brb_media\/00489173_wheel-aligner-accessories-stda159-br-fr-2022-03-screen-pdf-106x150.png","description":""},{"id":38152,"url":"https:\/\/dev.codekraft.it\/ravaglioli.it\/wp-content\/uploads\/brb_media\/00489174_wheel-aligner-accessories-stda159-br-it-2022-02-screen.pdf","title":"Wheel aligner accessories STDA159 BR it 2022 02 screen","mpn":"","thumbnail":"https:\/\/dev.codekraft.it\/ravaglioli.it\/wp-content\/uploads\/brb_media\/00489174_wheel-aligner-accessories-stda159-br-it-2022-02-screen-pdf-106x150.png","description":""},{"id":38153,"url":"https:\/\/dev.codekraft.it\/ravaglioli.it\/wp-content\/uploads\/brb_media\/00489175_wheel-aligner-accessories-stda159-br-es-2022-02-screen.pdf","title":"Wheel aligner accessories STDA159 BR es 2022 02 screen","mpn":"","thumbnail":"https:\/\/dev.codekraft.it\/ravaglioli.it\/wp-content\/uploads\/brb_media\/00489175_wheel-aligner-accessories-stda159-br-es-2022-02-screen-pdf-106x150.png","description":""},{"id":38154,"url":"https:\/\/dev.codekraft.it\/ravaglioli.it\/wp-content\/uploads\/brb_media\/00489176_wheel-aligner-accessories-stda159-br-ru-2022-03-screen.pdf","title":"Wheel aligner accessories STDA159 BR ru 2022 03 screen","mpn":"","thumbnail":"https:\/\/dev.codekraft.it\/ravaglioli.it\/wp-content\/uploads\/brb_media\/00489176_wheel-aligner-accessories-stda159-br-ru-2022-03-screen-pdf-106x150.png","description":""}],"brb_media_drawing":"","brb_media_manuals":"","brb_media_safety_datasheets":"","brb_media_spare_parts":[],"_cdmm_p_id":"497212","_company":"VSG","_gtin":"4057612855616","accessories":[{"id":155297,"mpn":"18422-18423","name":"Messk\u00f6pfe 18422-18423 | vorne | Pkw","description":"","thumbnail":"https:\/\/dev.codekraft.it\/ravaglioli.it\/wp-content\/uploads\/brb_media\/00528304_wheel-aligner-measuring-heads-car-18422-18423-mi-150x150.png","url":"https:\/\/dev.codekraft.it\/ravaglioli.it\/de\/product\/messkopfe-18422-18423-vorne-pkw\/"}],"components":[],"delivery":[],"package":[],"related":[],"similar":[],"page_logo_src":"https:\/\/dev.codekraft.it\/ravaglioli.it\/wp-content\/uploads\/2026\/04\/rav-negative-logo-1.png","lang":"de","translations":{"de":155309,"en":155302,"fr":155310,"it":155311,"es":155312,"ru":155313},"pll_sync_post":[],"_links":{"self":[{"href":"https:\/\/dev.codekraft.it\/ravaglioli.it\/wp-json\/wp\/v2\/product\/155309","targetHints":{"allow":["GET"]}}],"collection":[{"href":"https:\/\/dev.codekraft.it\/ravaglioli.it\/wp-json\/wp\/v2\/product"}],"about":[{"href":"https:\/\/dev.codekraft.it\/ravaglioli.it\/wp-json\/wp\/v2\/types\/product"}],"wp:featuredmedia":[{"embeddable":true,"href":"https:\/\/dev.codekraft.it\/ravaglioli.it\/wp-json\/wp\/v2\/media\/38148"}],"wp:attachment":[{"href":"https:\/\/dev.codekraft.it\/ravaglioli.it\/wp-json\/wp\/v2\/media?parent=155309"}],"wp:term":[{"taxonomy":"product_brand","embeddable":true,"href":"https:\/\/dev.codekraft.it\/ravaglioli.it\/wp-json\/wp\/v2\/product_brand?post=155309"},{"taxonomy":"product_cat","embeddable":true,"href":"https:\/\/dev.codekraft.it\/ravaglioli.it\/wp-json\/wp\/v2\/product_cat?post=155309"},{"taxonomy":"product_tag","embeddable":true,"href":"https:\/\/dev.codekraft.it\/ravaglioli.it\/wp-json\/wp\/v2\/product_tag?post=155309"},{"taxonomy":"product_approvals","embeddable":true,"href":"https:\/\/dev.codekraft.it\/ravaglioli.it\/wp-json\/wp\/v2\/product_approvals?post=155309"},{"taxonomy":"product_application","embeddable":true,"href":"https:\/\/dev.codekraft.it\/ravaglioli.it\/wp-json\/wp\/v2\/product_application?post=155309"}],"curies":[{"name":"wp","href":"https:\/\/api.w.org\/{rel}","templated":true}]}}