{"id":155300,"date":"2024-07-12T09:12:56","date_gmt":"2024-07-12T08:12:56","guid":{"rendered":"https:\/\/dev.codekraft.it\/ravaglioli.it\/product\/cabezales-de-medicion-18422-18423-delanteros-turismo\/"},"modified":"2026-01-14T19:57:00","modified_gmt":"2026-01-14T19:57:00","slug":"cabezales-de-medicion-18422-18423-delanteros-turismo","status":"publish","type":"product","link":"https:\/\/dev.codekraft.it\/ravaglioli.it\/es\/product\/cabezales-de-medicion-18422-18423-delanteros-turismo\/","title":{"rendered":"Cabezales de medici\u00f3n 18422-18423 | delanteros | turismo"},"content":{"rendered":"<ul>\n<li>Para las operaciones de alineaci\u00f3n de ruedas en coches, los cabezales de medici\u00f3n delanteros 18422-18423 deber\u00e1n comprarse por separado.<\/li>\n<li>Para las operaciones de alineaci\u00f3n de ruedas en camiones y autobuses, deber\u00e1n utilizarse los cabezales de medici\u00f3n RAVTD8060TWSR suministrados de serie con el alineador.<\/li>\n<\/ul>\n","protected":false},"excerpt":{"rendered":"<p>Para las operaciones de alineaci\u00f3n de ruedas en coches, los cabezales de medici\u00f3n delanteros 18422-18423 deber\u00e1n comprarse por separado. Para las operaciones de alineaci\u00f3n de ruedas en camiones y autobuses, deber\u00e1n utilizarse los cabezales de medici\u00f3n RAVTD8060TWSR suministrados de serie con el alineador.<\/p>\n","protected":false},"featured_media":149517,"template":"","meta":[],"product_brand":[],"product_cat":[57912],"product_tag":[],"product_approvals":[],"product_application":[],"class_list":{"0":"post-155300","1":"product","2":"type-product","3":"status-publish","4":"has-post-thumbnail","6":"product_cat-accesorios-alineadores-de-ruedas-es","8":"first","9":"instock","10":"shipping-taxable","11":"product-type-simple"},"approvals":[],"application":[],"brb_media_brochure":"","brb_media_drawing":"","brb_media_manuals":"","brb_media_safety_datasheets":"","brb_media_spare_parts":[],"_cdmm_p_id":"497211","_company":"VSG","_gtin":"","accessories":[],"components":[],"delivery":[],"package":[],"related":[],"similar":[],"page_logo_src":"https:\/\/dev.codekraft.it\/ravaglioli.it\/wp-content\/uploads\/2026\/04\/rav-negative-logo-1.png","lang":"es","translations":{"es":155300,"en":155296,"de":155297,"fr":155298,"it":155299,"ru":155301},"pll_sync_post":[],"_links":{"self":[{"href":"https:\/\/dev.codekraft.it\/ravaglioli.it\/wp-json\/wp\/v2\/product\/155300","targetHints":{"allow":["GET"]}}],"collection":[{"href":"https:\/\/dev.codekraft.it\/ravaglioli.it\/wp-json\/wp\/v2\/product"}],"about":[{"href":"https:\/\/dev.codekraft.it\/ravaglioli.it\/wp-json\/wp\/v2\/types\/product"}],"wp:featuredmedia":[{"embeddable":true,"href":"https:\/\/dev.codekraft.it\/ravaglioli.it\/wp-json\/wp\/v2\/media\/149517"}],"wp:attachment":[{"href":"https:\/\/dev.codekraft.it\/ravaglioli.it\/wp-json\/wp\/v2\/media?parent=155300"}],"wp:term":[{"taxonomy":"product_brand","embeddable":true,"href":"https:\/\/dev.codekraft.it\/ravaglioli.it\/wp-json\/wp\/v2\/product_brand?post=155300"},{"taxonomy":"product_cat","embeddable":true,"href":"https:\/\/dev.codekraft.it\/ravaglioli.it\/wp-json\/wp\/v2\/product_cat?post=155300"},{"taxonomy":"product_tag","embeddable":true,"href":"https:\/\/dev.codekraft.it\/ravaglioli.it\/wp-json\/wp\/v2\/product_tag?post=155300"},{"taxonomy":"product_approvals","embeddable":true,"href":"https:\/\/dev.codekraft.it\/ravaglioli.it\/wp-json\/wp\/v2\/product_approvals?post=155300"},{"taxonomy":"product_application","embeddable":true,"href":"https:\/\/dev.codekraft.it\/ravaglioli.it\/wp-json\/wp\/v2\/product_application?post=155300"}],"curies":[{"name":"wp","href":"https:\/\/api.w.org\/{rel}","templated":true}]}}