{"id":155292,"date":"2025-12-11T10:11:40","date_gmt":"2025-12-11T10:11:40","guid":{"rendered":"https:\/\/dev.codekraft.it\/ravaglioli.it\/product\/prolongateur-de-fourche-de-roue-150-mm\/"},"modified":"2026-01-14T19:56:58","modified_gmt":"2026-01-14T19:56:58","slug":"prolongateur-de-fourche-de-roue-150-mm","status":"publish","type":"product","link":"https:\/\/dev.codekraft.it\/ravaglioli.it\/fr\/product\/prolongateur-de-fourche-de-roue-150-mm\/","title":{"rendered":"Prolongateur de fourche de roue 150 mm"},"content":{"rendered":"<p><strong>\u00c9tendue de la prestation :<\/strong><\/p>\n<ul>\n<li>2x fourches de roues plus longues de 150 mm<\/li>\n<li>2x extensions de cadre de base<\/li>\n<\/ul>\n","protected":false},"excerpt":{"rendered":"<p>Id\u00e9al p. ex. pour loger des maisons mobiles sur lesquels les roues se trouvent derri\u00e8re la carrosserie, incl. fourches de roues et extensions de cadre de base | r\u00e9duction de la capacit\u00e9 de charge \u00e0 4 t | 1 jeu (pour 1 colonne mobile)<\/p>\n","protected":false},"featured_media":151133,"template":"","meta":[],"product_brand":[],"product_cat":[58240],"product_tag":[],"product_approvals":[],"product_application":[],"class_list":{"0":"post-155292","1":"product","2":"type-product","3":"status-publish","4":"has-post-thumbnail","6":"product_cat-accessoires-ponts-elevateurs-a-colonnes-mobiles-fr","8":"first","9":"instock","10":"shipping-taxable","11":"product-type-simple"},"approvals":[],"application":[],"brb_media_brochure":"","brb_media_drawing":"","brb_media_manuals":"","brb_media_safety_datasheets":"","brb_media_spare_parts":[],"_cdmm_p_id":"497206","_company":"VSG","_gtin":"4057612741377","accessories":[],"components":[],"delivery":[],"package":[],"related":[],"similar":[],"page_logo_src":"https:\/\/dev.codekraft.it\/ravaglioli.it\/wp-content\/uploads\/2026\/04\/rav-negative-logo-1.png","lang":"fr","translations":{"fr":155292,"en":155290,"de":155291,"it":155293,"es":155294,"ru":155295},"pll_sync_post":[],"_links":{"self":[{"href":"https:\/\/dev.codekraft.it\/ravaglioli.it\/wp-json\/wp\/v2\/product\/155292","targetHints":{"allow":["GET"]}}],"collection":[{"href":"https:\/\/dev.codekraft.it\/ravaglioli.it\/wp-json\/wp\/v2\/product"}],"about":[{"href":"https:\/\/dev.codekraft.it\/ravaglioli.it\/wp-json\/wp\/v2\/types\/product"}],"wp:featuredmedia":[{"embeddable":true,"href":"https:\/\/dev.codekraft.it\/ravaglioli.it\/wp-json\/wp\/v2\/media\/151133"}],"wp:attachment":[{"href":"https:\/\/dev.codekraft.it\/ravaglioli.it\/wp-json\/wp\/v2\/media?parent=155292"}],"wp:term":[{"taxonomy":"product_brand","embeddable":true,"href":"https:\/\/dev.codekraft.it\/ravaglioli.it\/wp-json\/wp\/v2\/product_brand?post=155292"},{"taxonomy":"product_cat","embeddable":true,"href":"https:\/\/dev.codekraft.it\/ravaglioli.it\/wp-json\/wp\/v2\/product_cat?post=155292"},{"taxonomy":"product_tag","embeddable":true,"href":"https:\/\/dev.codekraft.it\/ravaglioli.it\/wp-json\/wp\/v2\/product_tag?post=155292"},{"taxonomy":"product_approvals","embeddable":true,"href":"https:\/\/dev.codekraft.it\/ravaglioli.it\/wp-json\/wp\/v2\/product_approvals?post=155292"},{"taxonomy":"product_application","embeddable":true,"href":"https:\/\/dev.codekraft.it\/ravaglioli.it\/wp-json\/wp\/v2\/product_application?post=155292"}],"curies":[{"name":"wp","href":"https:\/\/api.w.org\/{rel}","templated":true}]}}