{"id":155291,"date":"2025-12-11T10:11:40","date_gmt":"2025-12-11T10:11:40","guid":{"rendered":"https:\/\/dev.codekraft.it\/ravaglioli.it\/product\/radgabelverlangerung-150-mm\/"},"modified":"2026-01-14T19:56:58","modified_gmt":"2026-01-14T19:56:58","slug":"radgabelverlangerung-150-mm","status":"publish","type":"product","link":"https:\/\/dev.codekraft.it\/ravaglioli.it\/de\/product\/radgabelverlangerung-150-mm\/","title":{"rendered":"Radgabelverl\u00e4ngerung 150 mm"},"content":{"rendered":"<p><strong>Lieferumfang:<\/strong><\/p>\n<ul>\n<li>2x 150 mm l\u00e4ngere Radgabeln<\/li>\n<li>2x Grundrahmenverl\u00e4ngerungen<\/li>\n<\/ul>\n","protected":false},"excerpt":{"rendered":"<p>Ideal zur Aufnahme von z.B. Wohnmobilen, bei denen sich die R\u00e4der hinter der Karosserie befinden, inkl. Radgabeln und Grundrahmenverl\u00e4ngerungen | Reduzierung der Tragf\u00e4higkeit auf 4 t | 1 Satz (f\u00fcr 1 Radgreifers\u00e4ule)<\/p>\n","protected":false},"featured_media":151133,"template":"","meta":[],"product_brand":[],"product_cat":[58236],"product_tag":[],"product_approvals":[],"product_application":[],"class_list":{"0":"post-155291","1":"product","2":"type-product","3":"status-publish","4":"has-post-thumbnail","6":"product_cat-zubehor-radgreifanlagen-de","8":"first","9":"instock","10":"shipping-taxable","11":"product-type-simple"},"approvals":[],"application":[],"brb_media_brochure":"","brb_media_drawing":"","brb_media_manuals":"","brb_media_safety_datasheets":"","brb_media_spare_parts":[],"_cdmm_p_id":"497206","_company":"VSG","_gtin":"4057612741377","accessories":[],"components":[],"delivery":[],"package":[],"related":[],"similar":[],"page_logo_src":"https:\/\/dev.codekraft.it\/ravaglioli.it\/wp-content\/uploads\/2026\/04\/rav-negative-logo-1.png","lang":"de","translations":{"de":155291,"en":155290,"fr":155292,"it":155293,"es":155294,"ru":155295},"pll_sync_post":[],"_links":{"self":[{"href":"https:\/\/dev.codekraft.it\/ravaglioli.it\/wp-json\/wp\/v2\/product\/155291","targetHints":{"allow":["GET"]}}],"collection":[{"href":"https:\/\/dev.codekraft.it\/ravaglioli.it\/wp-json\/wp\/v2\/product"}],"about":[{"href":"https:\/\/dev.codekraft.it\/ravaglioli.it\/wp-json\/wp\/v2\/types\/product"}],"wp:featuredmedia":[{"embeddable":true,"href":"https:\/\/dev.codekraft.it\/ravaglioli.it\/wp-json\/wp\/v2\/media\/151133"}],"wp:attachment":[{"href":"https:\/\/dev.codekraft.it\/ravaglioli.it\/wp-json\/wp\/v2\/media?parent=155291"}],"wp:term":[{"taxonomy":"product_brand","embeddable":true,"href":"https:\/\/dev.codekraft.it\/ravaglioli.it\/wp-json\/wp\/v2\/product_brand?post=155291"},{"taxonomy":"product_cat","embeddable":true,"href":"https:\/\/dev.codekraft.it\/ravaglioli.it\/wp-json\/wp\/v2\/product_cat?post=155291"},{"taxonomy":"product_tag","embeddable":true,"href":"https:\/\/dev.codekraft.it\/ravaglioli.it\/wp-json\/wp\/v2\/product_tag?post=155291"},{"taxonomy":"product_approvals","embeddable":true,"href":"https:\/\/dev.codekraft.it\/ravaglioli.it\/wp-json\/wp\/v2\/product_approvals?post=155291"},{"taxonomy":"product_application","embeddable":true,"href":"https:\/\/dev.codekraft.it\/ravaglioli.it\/wp-json\/wp\/v2\/product_application?post=155291"}],"curies":[{"name":"wp","href":"https:\/\/api.w.org\/{rel}","templated":true}]}}