{"id":155245,"date":"2025-10-30T14:31:24","date_gmt":"2025-10-30T14:31:24","guid":{"rendered":"https:\/\/dev.codekraft.it\/ravaglioli.it\/product\/elevador-de-tijera-vertical-rav8055-2-54isi\/"},"modified":"2026-01-14T21:53:05","modified_gmt":"2026-01-14T21:53:05","slug":"elevador-de-tijera-vertical-rav8055-2-54isi","status":"publish","type":"product","link":"https:\/\/dev.codekraft.it\/ravaglioli.it\/es\/product\/elevador-de-tijera-vertical-rav8055-2-54isi\/","title":{"rendered":"Elevador de tijera vertical RAV8055.2.54ISI"},"content":{"rendered":"<ul>\n<li>Elevador alineado de direccion<\/li>\n<li>Plataformas para alineaci\u00f3n total, con asientos para platos giratorios\u00a0delanteros y platos oscilantes traseros<\/li>\n<li>Todos los elevadores se encuentran disponibles en versi\u00f3n\u00a0sobre suelo<\/li>\n<\/ul>\n","protected":false},"excerpt":{"rendered":"<p>5,5 t, electrohidr\u00e1ulico, longitud de plataforma 5400 mm, con cierre de seguridad y alineaci\u00f3n de ruedas, bajo suelo<\/p>\n","protected":false},"featured_media":37884,"template":"","meta":[],"product_brand":[],"product_cat":[58182],"product_tag":[58349,58296,58332],"product_approvals":[],"product_application":[],"class_list":{"0":"post-155245","1":"product","2":"type-product","3":"status-publish","4":"has-post-thumbnail","6":"product_cat-elevadores-de-tijeras-es","7":"product_tag-motor-homes-es","8":"product_tag-passenger-cars-es","9":"product_tag-light-commercial-es","11":"first","12":"instock","13":"shipping-taxable","14":"product-type-simple"},"approvals":[],"application":[],"brb_media_brochure":[{"id":155241,"url":"https:\/\/dev.codekraft.it\/ravaglioli.it\/wp-content\/uploads\/brb_media\/00521679_scissor-lifts-rav8055_8065-br-multi-2023-09-screen.pdf","title":"Scissor Lifts RAV8055 8065 BR multi 2023 09 screen","mpn":"","thumbnail":"https:\/\/dev.codekraft.it\/ravaglioli.it\/wp-content\/uploads\/brb_media\/00521679_scissor-lifts-rav8055_8065-br-multi-2023-09-screen-pdf-106x150.png","description":""}],"brb_media_drawing":"","brb_media_manuals":"","brb_media_safety_datasheets":"","brb_media_spare_parts":[],"_cdmm_p_id":"502874","_company":"Ravaglioli","_gtin":"5063084196736","accessories":[{"id":153014,"mpn":"S8000A1","name":"Soportes para alineadoras 3D","description":"1 juego \/ 2 piezas","thumbnail":"","url":"https:\/\/dev.codekraft.it\/ravaglioli.it\/es\/product\/soportes-para-alineadoras-3d\/"},{"id":152193,"mpn":"S505A2","name":"Travesa\u00f1os para XS30-CAT","description":"Para furgonetas y veh\u00edculos todo terreno | 1 juego \/ 2 piezas","thumbnail":"https:\/\/dev.codekraft.it\/ravaglioli.it\/wp-content\/uploads\/brb_media\/00509455_scissor-lift-s505a2-mi-150x150.png","url":"https:\/\/dev.codekraft.it\/ravaglioli.it\/es\/product\/travesanos-para-xs30-cat\/"},{"id":153200,"mpn":"S505A7","name":"Tacos de goma","description":"20 mm | adecuado para RAV.640N1.193391, RAV.650N1.193742, RAV.650N2.193858, RAV.650N2.193520, RAV.650N2.193667, RAV.650N6.193964, RAV.650N5.193902, RAV.660N2.193360, RAV.650N5.193018, RAV.650N6.193025, RAV.640N5.193049, RAV.640N4.192998, RAV.640N3.192981, RAV.650N2.193384 y RAV.650N5.193919 | 1 juego \/ 4 piezas","thumbnail":"https:\/\/dev.codekraft.it\/ravaglioli.it\/wp-content\/uploads\/brb_media\/00509683_s505a7-mi-150x150.png","url":"https:\/\/dev.codekraft.it\/ravaglioli.it\/es\/product\/tacos-de-goma-2\/"},{"id":153212,"mpn":"S505A6","name":"Tacos de goma","description":"40 mm | adecuado para RAV.640N1.193391, RAV.650N1.193742, RAV.650N2.193858, RAV.650N2.193520, RAV.650N2.193667, RAV.650N6.193964, RAV.650N5.193902, RAV.660N2.193360, RAV.650N5.193018, RAV.650N6.193025, RAV.640N5.193049, RAV.640N4.192998, RAV.640N3.192981, RAV.650N2.193384 y RAV.650N5.193919 | 1 juego \/ 4 piezas","thumbnail":"https:\/\/dev.codekraft.it\/ravaglioli.it\/wp-content\/uploads\/brb_media\/00509684_s505a6-mi-150x150.png","url":"https:\/\/dev.codekraft.it\/ravaglioli.it\/es\/product\/tacos-de-goma-4\/"},{"id":153218,"mpn":"S505A9","name":"Tacos de goma","description":"60 mm | adecuado para RAV.640N1.193391, RAV.650N1.193742, RAV.650N6.193964, RAV.660N2.193360, RAV.650N6.193025, RAV.640N5.193049 y RAV.640N4.192998 | 1 juego \/ 4 piezas","thumbnail":"https:\/\/dev.codekraft.it\/ravaglioli.it\/wp-content\/uploads\/brb_media\/00509685_s505a9-mi-150x150.png","url":"https:\/\/dev.codekraft.it\/ravaglioli.it\/es\/product\/tacos-de-goma-5\/"},{"id":153194,"mpn":"S505A5","name":"Tacos de goma","description":"120 mm | adecuado para RAV.640N1.193391, RAV.650N1.193742, RAV.650N2.193858, RAV.650N2.193520, RAV.650N2.193667, RAV.650N6.193964, RAV.650N5.193902, RAV.660N2.193360, RAV.650N5.193018, RAV.650N6.193025, RAV.640N5.193049, RAV.640N4.192998, RAV.640N3.192981, RAV.650N2.193384 y RAV.650N5.193919 | 1 juego \/ 4 piezas","thumbnail":"https:\/\/dev.codekraft.it\/ravaglioli.it\/wp-content\/uploads\/brb_media\/00509685_s505a9-mi-150x150.png","url":"https:\/\/dev.codekraft.it\/ravaglioli.it\/es\/product\/tacos-de-goma\/"},{"id":153206,"mpn":"S505A1","name":"Tacos de goma","description":"200 mm | adecuado para RAV.640N1.193391, RAV.650N1.193742, RAV.650N2.193858, RAV.650N2.193520, RAV.650N2.193667, RAV.650N6.193964, RAV.650N5.193902, RAV.660N2.193360, RAV.650N5.193018, RAV.650N6.193025, RAV.640N5.193049, RAV.640N4.192998, RAV.640N3.192981, RAV.650N2.193384 y RAV.650N5.193919 | 1 juego \/ 4 piezas","thumbnail":"https:\/\/dev.codekraft.it\/ravaglioli.it\/wp-content\/uploads\/brb_media\/00507088_s505a1-150x150.png","url":"https:\/\/dev.codekraft.it\/ravaglioli.it\/es\/product\/tacos-de-goma-3\/"}],"components":[],"delivery":[],"package":[],"related":[],"similar":[{"id":155251,"mpn":"RAV.80555.196811","name":"Elevador de tijera vertical RAV8055.5.60ISI","description":"5,5 t, electrohidr\u00e1ulico, longitud de plataforma 6000 mm, con cierre de seguridad, detector de holgura, viga de elevaci\u00f3n y alineaci\u00f3n de ruedas, bajo suelo","thumbnail":"https:\/\/dev.codekraft.it\/ravaglioli.it\/wp-content\/uploads\/brb_media\/00509630_vertical-scissor-lift-rav8055-mi-150x150.png","url":"https:\/\/dev.codekraft.it\/ravaglioli.it\/es\/product\/elevador-de-tijera-vertical-rav8055-5-60isi\/"},{"id":155306,"mpn":"RAV.80652.196910","name":"Elevador de tijera vertical RAV8065.2.60ISI","description":"6,5 t, electrohidr\u00e1ulico, longitud de plataforma 6000 mm, con cierre de seguridad y alineaci\u00f3n de ruedas, bajo suelo","thumbnail":"https:\/\/dev.codekraft.it\/ravaglioli.it\/wp-content\/uploads\/brb_media\/00509633_vertical-scissor-lift-rav8065-1-60-mi-150x150.png","url":"https:\/\/dev.codekraft.it\/ravaglioli.it\/es\/product\/elevador-de-tijera-vertical-rav8065-2-60isi\/"}],"page_logo_src":"https:\/\/dev.codekraft.it\/ravaglioli.it\/wp-content\/uploads\/2026\/04\/rav-negative-logo-1.png","lang":"es","translations":{"es":155245,"en":155234,"de":155242,"fr":155243,"it":155244,"ru":155246},"pll_sync_post":[],"_links":{"self":[{"href":"https:\/\/dev.codekraft.it\/ravaglioli.it\/wp-json\/wp\/v2\/product\/155245","targetHints":{"allow":["GET"]}}],"collection":[{"href":"https:\/\/dev.codekraft.it\/ravaglioli.it\/wp-json\/wp\/v2\/product"}],"about":[{"href":"https:\/\/dev.codekraft.it\/ravaglioli.it\/wp-json\/wp\/v2\/types\/product"}],"wp:featuredmedia":[{"embeddable":true,"href":"https:\/\/dev.codekraft.it\/ravaglioli.it\/wp-json\/wp\/v2\/media\/37884"}],"wp:attachment":[{"href":"https:\/\/dev.codekraft.it\/ravaglioli.it\/wp-json\/wp\/v2\/media?parent=155245"}],"wp:term":[{"taxonomy":"product_brand","embeddable":true,"href":"https:\/\/dev.codekraft.it\/ravaglioli.it\/wp-json\/wp\/v2\/product_brand?post=155245"},{"taxonomy":"product_cat","embeddable":true,"href":"https:\/\/dev.codekraft.it\/ravaglioli.it\/wp-json\/wp\/v2\/product_cat?post=155245"},{"taxonomy":"product_tag","embeddable":true,"href":"https:\/\/dev.codekraft.it\/ravaglioli.it\/wp-json\/wp\/v2\/product_tag?post=155245"},{"taxonomy":"product_approvals","embeddable":true,"href":"https:\/\/dev.codekraft.it\/ravaglioli.it\/wp-json\/wp\/v2\/product_approvals?post=155245"},{"taxonomy":"product_application","embeddable":true,"href":"https:\/\/dev.codekraft.it\/ravaglioli.it\/wp-json\/wp\/v2\/product_application?post=155245"}],"curies":[{"name":"wp","href":"https:\/\/api.w.org\/{rel}","templated":true}]}}