{"id":155242,"date":"2025-10-30T14:31:24","date_gmt":"2025-10-30T14:31:24","guid":{"rendered":"https:\/\/dev.codekraft.it\/ravaglioli.it\/product\/vertikal-scherenhebebuhne-rav8055-2-54isi\/"},"modified":"2026-01-14T21:53:03","modified_gmt":"2026-01-14T21:53:03","slug":"vertikal-scherenhebebuhne-rav8055-2-54isi","status":"publish","type":"product","link":"https:\/\/dev.codekraft.it\/ravaglioli.it\/de\/product\/vertikal-scherenhebebuhne-rav8055-2-54isi\/","title":{"rendered":"Vertikal-Scherenhebeb\u00fchne RAV8055.2.54ISI"},"content":{"rendered":"<ul>\n<li>Hebeb\u00fchne f\u00fcr die Achsvermessung<\/li>\n<li>Achsmessausf\u00fchrung, mit vorderer Drehtelleraussparung und hinterer Schiebeplatte<\/li>\n<li>Alle Hebeb\u00fchnen k\u00f6nnen auch in \u00dcberflur-Version geliefert werden<\/li>\n<\/ul>\n","protected":false},"excerpt":{"rendered":"<p>5,5 t, elektrohydraulisch, Plattforml\u00e4nge 5400 mm, mit Sicherheitsklinke und Achsvermessung, Unterflur<\/p>\n","protected":false},"featured_media":37884,"template":"","meta":[],"product_brand":[],"product_cat":[58164],"product_tag":[58287,58323,58340],"product_approvals":[],"product_application":[],"class_list":{"0":"post-155242","1":"product","2":"type-product","3":"status-publish","4":"has-post-thumbnail","6":"product_cat-scheren-hebebuhnen-de","7":"product_tag-passenger-cars-de","8":"product_tag-light-commercial-de","9":"product_tag-motor-homes-de","11":"first","12":"instock","13":"shipping-taxable","14":"product-type-simple"},"approvals":[],"application":[],"brb_media_brochure":[{"id":155241,"url":"https:\/\/dev.codekraft.it\/ravaglioli.it\/wp-content\/uploads\/brb_media\/00521679_scissor-lifts-rav8055_8065-br-multi-2023-09-screen.pdf","title":"Scissor Lifts RAV8055 8065 BR multi 2023 09 screen","mpn":"","thumbnail":"https:\/\/dev.codekraft.it\/ravaglioli.it\/wp-content\/uploads\/brb_media\/00521679_scissor-lifts-rav8055_8065-br-multi-2023-09-screen-pdf-106x150.png","description":""}],"brb_media_drawing":"","brb_media_manuals":"","brb_media_safety_datasheets":"","brb_media_spare_parts":[],"_cdmm_p_id":"502874","_company":"Ravaglioli","_gtin":"5063084196736","accessories":[{"id":153011,"mpn":"S8000A1","name":"Halterungen f\u00fcr 3D Achsmessger\u00e4te","description":"1 Satz \/ 2 St\u00fcck","thumbnail":"","url":"https:\/\/dev.codekraft.it\/ravaglioli.it\/de\/product\/halterungen-fur-3d-achsmessgerate\/"},{"id":152190,"mpn":"S505A2","name":"Traversen f\u00fcr XS30-CAT","description":"F\u00fcr Gel\u00e4ndewagen | 1 Satz \/ 2 St\u00fcck","thumbnail":"https:\/\/dev.codekraft.it\/ravaglioli.it\/wp-content\/uploads\/brb_media\/00509455_scissor-lift-s505a2-mi-150x150.png","url":"https:\/\/dev.codekraft.it\/ravaglioli.it\/de\/product\/traversen-fur-xs30-cat\/"},{"id":153197,"mpn":"S505A7","name":"Gummikl\u00f6tze","description":"20 mm | geeignet f\u00fcr RAV.640N1.193391, RAV.650N1.193742, RAV.650N2.193858, RAV.650N2.193520, RAV.650N2.193667, RAV.650N6.193964, RAV.650N5.193902, RAV.660N2.193360, RAV.650N5.193018, RAV.650N6.193025, RAV.640N5.193049, RAV.640N4.192998, RAV.640N3.192981, RAV.650N2.193384 und RAV.650N5.193919 | 1 Satz \/ 4 St\u00fcck","thumbnail":"https:\/\/dev.codekraft.it\/ravaglioli.it\/wp-content\/uploads\/brb_media\/00509683_s505a7-mi-150x150.png","url":"https:\/\/dev.codekraft.it\/ravaglioli.it\/de\/product\/gummiklotze-2\/"},{"id":153209,"mpn":"S505A6","name":"Gummikl\u00f6tze","description":"40 mm | geeignet f\u00fcr RAV.640N1.193391, RAV.650N1.193742, RAV.650N2.193858, RAV.650N2.193520, RAV.650N2.193667, RAV.650N6.193964, RAV.650N5.193902, RAV.660N2.193360, RAV.650N5.193018, RAV.650N6.193025, RAV.640N5.193049, RAV.640N4.192998, RAV.640N3.192981, RAV.650N2.193384 und RAV.650N5.193919 | 1 Satz \/ 4 St\u00fcck","thumbnail":"https:\/\/dev.codekraft.it\/ravaglioli.it\/wp-content\/uploads\/brb_media\/00509684_s505a6-mi-150x150.png","url":"https:\/\/dev.codekraft.it\/ravaglioli.it\/de\/product\/gummiklotze-4\/"},{"id":153215,"mpn":"S505A9","name":"Gummikl\u00f6tze","description":"60 mm | geeignet f\u00fcr RAV.640N1.193391, RAV.650N1.193742, RAV.650N6.193964, RAV.660N2.193360, RAV.650N6.193025, RAV.640N5.193049 und RAV.640N4.192998 | 1 Satz \/ 4 St\u00fcck","thumbnail":"https:\/\/dev.codekraft.it\/ravaglioli.it\/wp-content\/uploads\/brb_media\/00509685_s505a9-mi-150x150.png","url":"https:\/\/dev.codekraft.it\/ravaglioli.it\/de\/product\/gummiklotze-5\/"},{"id":153191,"mpn":"S505A5","name":"Gummikl\u00f6tze","description":"120 mm | geeignet f\u00fcr RAV.640N1.193391, RAV.650N1.193742, RAV.650N2.193858, RAV.650N2.193520, RAV.650N2.193667, RAV.650N6.193964, RAV.650N5.193902, RAV.660N2.193360, RAV.650N5.193018, RAV.650N6.193025, RAV.640N5.193049, RAV.640N4.192998, RAV.640N3.192981, RAV.650N2.193384 und RAV.650N5.193919 | 1 Satz \/ 4 St\u00fcck","thumbnail":"https:\/\/dev.codekraft.it\/ravaglioli.it\/wp-content\/uploads\/brb_media\/00509685_s505a9-mi-150x150.png","url":"https:\/\/dev.codekraft.it\/ravaglioli.it\/de\/product\/gummiklotze\/"},{"id":153203,"mpn":"S505A1","name":"Gummikl\u00f6tze","description":"200 mm | geeignet f\u00fcr RAV.640N1.193391, RAV.650N1.193742, RAV.650N2.193858, RAV.650N2.193520, RAV.650N2.193667, RAV.650N6.193964, RAV.650N5.193902, RAV.660N2.193360, RAV.650N5.193018, RAV.650N6.193025, RAV.640N5.193049, RAV.640N4.192998, RAV.640N3.192981, RAV.650N2.193384 et RAV.650N5.193919 | 1 Satz \/ 4 St\u00fcck","thumbnail":"https:\/\/dev.codekraft.it\/ravaglioli.it\/wp-content\/uploads\/brb_media\/00507088_s505a1-150x150.png","url":"https:\/\/dev.codekraft.it\/ravaglioli.it\/de\/product\/gummiklotze-3\/"}],"components":[],"delivery":[],"package":[],"related":[],"similar":[{"id":155248,"mpn":"RAV.80555.196811","name":"Vertikal-Scherenhebeb\u00fchne RAV8055.5.60ISI","description":"5,5 t, elektrohydraulisch, Plattforml\u00e4nge 6000 mm, mit Sicherheitsklinke, Gelenkspieltester, Radfreiheber und Achsvermessung, Unterflur","thumbnail":"https:\/\/dev.codekraft.it\/ravaglioli.it\/wp-content\/uploads\/brb_media\/00509630_vertical-scissor-lift-rav8055-mi-150x150.png","url":"https:\/\/dev.codekraft.it\/ravaglioli.it\/de\/product\/vertikal-scherenhebebuhne-rav8055-5-60isi\/"},{"id":155303,"mpn":"RAV.80652.196910","name":"Vertikal-Scherenhebeb\u00fchne RAV8065.2.60ISI","description":"6,5 t, elektrohydraulisch, Plattforml\u00e4nge 6000 mm, mit Sicherheitsklinke und Achsvermessung, Unterflur","thumbnail":"https:\/\/dev.codekraft.it\/ravaglioli.it\/wp-content\/uploads\/brb_media\/00509633_vertical-scissor-lift-rav8065-1-60-mi-150x150.png","url":"https:\/\/dev.codekraft.it\/ravaglioli.it\/de\/product\/vertikal-scherenhebebuhne-rav8065-2-60isi\/"}],"page_logo_src":"https:\/\/dev.codekraft.it\/ravaglioli.it\/wp-content\/uploads\/2026\/04\/rav-negative-logo-1.png","lang":"de","translations":{"de":155242,"en":155234,"fr":155243,"it":155244,"es":155245,"ru":155246},"pll_sync_post":[],"_links":{"self":[{"href":"https:\/\/dev.codekraft.it\/ravaglioli.it\/wp-json\/wp\/v2\/product\/155242","targetHints":{"allow":["GET"]}}],"collection":[{"href":"https:\/\/dev.codekraft.it\/ravaglioli.it\/wp-json\/wp\/v2\/product"}],"about":[{"href":"https:\/\/dev.codekraft.it\/ravaglioli.it\/wp-json\/wp\/v2\/types\/product"}],"wp:featuredmedia":[{"embeddable":true,"href":"https:\/\/dev.codekraft.it\/ravaglioli.it\/wp-json\/wp\/v2\/media\/37884"}],"wp:attachment":[{"href":"https:\/\/dev.codekraft.it\/ravaglioli.it\/wp-json\/wp\/v2\/media?parent=155242"}],"wp:term":[{"taxonomy":"product_brand","embeddable":true,"href":"https:\/\/dev.codekraft.it\/ravaglioli.it\/wp-json\/wp\/v2\/product_brand?post=155242"},{"taxonomy":"product_cat","embeddable":true,"href":"https:\/\/dev.codekraft.it\/ravaglioli.it\/wp-json\/wp\/v2\/product_cat?post=155242"},{"taxonomy":"product_tag","embeddable":true,"href":"https:\/\/dev.codekraft.it\/ravaglioli.it\/wp-json\/wp\/v2\/product_tag?post=155242"},{"taxonomy":"product_approvals","embeddable":true,"href":"https:\/\/dev.codekraft.it\/ravaglioli.it\/wp-json\/wp\/v2\/product_approvals?post=155242"},{"taxonomy":"product_application","embeddable":true,"href":"https:\/\/dev.codekraft.it\/ravaglioli.it\/wp-json\/wp\/v2\/product_application?post=155242"}],"curies":[{"name":"wp","href":"https:\/\/api.w.org\/{rel}","templated":true}]}}