{"id":155238,"date":"2025-12-11T10:11:42","date_gmt":"2025-12-11T10:11:42","guid":{"rendered":"https:\/\/dev.codekraft.it\/ravaglioli.it\/product\/credito-de-consulta-de-base-de-datos-shoot-go-500\/"},"modified":"2026-01-14T19:56:49","modified_gmt":"2026-01-14T19:56:49","slug":"credito-de-consulta-de-base-de-datos-shoot-go-500","status":"publish","type":"product","link":"https:\/\/dev.codekraft.it\/ravaglioli.it\/es\/product\/credito-de-consulta-de-base-de-datos-shoot-go-500\/","title":{"rendered":"Cr\u00e9dito de consulta de base de datos Shoot &amp; Go 500"},"content":{"rendered":"","protected":false},"excerpt":{"rendered":"<p>Paquete de cr\u00e9ditos para consultar la base de datos en l\u00ednea a trav\u00e9s de la consulta de la Oficina Federal de Veh\u00edculos Motorizados (KBA) de Alemania | 500 consultas<\/p>\n","protected":false},"featured_media":118502,"template":"","meta":[],"product_brand":[],"product_cat":[57912],"product_tag":[],"product_approvals":[],"product_application":[],"class_list":{"0":"post-155238","1":"product","2":"type-product","3":"status-publish","4":"has-post-thumbnail","6":"product_cat-accesorios-alineadores-de-ruedas-es","8":"first","9":"instock","10":"shipping-taxable","11":"product-type-simple"},"approvals":[],"application":[],"brb_media_brochure":"","brb_media_drawing":"","brb_media_manuals":"","brb_media_safety_datasheets":"","brb_media_spare_parts":[],"_cdmm_p_id":"490346","_company":"VSG","_gtin":"4057612825930","accessories":[],"components":[],"delivery":[],"package":[],"related":[],"similar":[],"page_logo_src":"https:\/\/dev.codekraft.it\/ravaglioli.it\/wp-content\/uploads\/2026\/04\/rav-negative-logo-1.png","lang":"es","translations":{"es":155238,"en":155228,"de":155235,"fr":155236,"it":155237,"ru":155239},"pll_sync_post":[],"_links":{"self":[{"href":"https:\/\/dev.codekraft.it\/ravaglioli.it\/wp-json\/wp\/v2\/product\/155238","targetHints":{"allow":["GET"]}}],"collection":[{"href":"https:\/\/dev.codekraft.it\/ravaglioli.it\/wp-json\/wp\/v2\/product"}],"about":[{"href":"https:\/\/dev.codekraft.it\/ravaglioli.it\/wp-json\/wp\/v2\/types\/product"}],"wp:featuredmedia":[{"embeddable":true,"href":"https:\/\/dev.codekraft.it\/ravaglioli.it\/wp-json\/wp\/v2\/media\/118502"}],"wp:attachment":[{"href":"https:\/\/dev.codekraft.it\/ravaglioli.it\/wp-json\/wp\/v2\/media?parent=155238"}],"wp:term":[{"taxonomy":"product_brand","embeddable":true,"href":"https:\/\/dev.codekraft.it\/ravaglioli.it\/wp-json\/wp\/v2\/product_brand?post=155238"},{"taxonomy":"product_cat","embeddable":true,"href":"https:\/\/dev.codekraft.it\/ravaglioli.it\/wp-json\/wp\/v2\/product_cat?post=155238"},{"taxonomy":"product_tag","embeddable":true,"href":"https:\/\/dev.codekraft.it\/ravaglioli.it\/wp-json\/wp\/v2\/product_tag?post=155238"},{"taxonomy":"product_approvals","embeddable":true,"href":"https:\/\/dev.codekraft.it\/ravaglioli.it\/wp-json\/wp\/v2\/product_approvals?post=155238"},{"taxonomy":"product_application","embeddable":true,"href":"https:\/\/dev.codekraft.it\/ravaglioli.it\/wp-json\/wp\/v2\/product_application?post=155238"}],"curies":[{"name":"wp","href":"https:\/\/api.w.org\/{rel}","templated":true}]}}