{"id":155200,"date":"2025-12-11T10:11:42","date_gmt":"2025-12-11T10:11:42","guid":{"rendered":"https:\/\/dev.codekraft.it\/ravaglioli.it\/product\/griffes-de-roue-camion-a-4-points-o-de-jante-12-28%e2%80%b3-o-des-min-pneus-700-mm\/"},"modified":"2026-01-14T19:56:45","modified_gmt":"2026-01-14T19:56:45","slug":"griffes-de-roue-camion-a-4-points-o-de-jante-12-28%e2%80%b3-o-des-min-pneus-700-mm","status":"publish","type":"product","link":"https:\/\/dev.codekraft.it\/ravaglioli.it\/fr\/product\/griffes-de-roue-camion-a-4-points-o-de-jante-12-28%e2%80%b3-o-des-min-pneus-700-mm\/","title":{"rendered":"Griffes de roue Camion | \u00e0 4 points | \u00d8 de jante 12 &#8211; 28\u2033, \u00d8 des min pneus 700 mm"},"content":{"rendered":"<ul>\n<li>Traverse centrale mobile pour adapter la position du d\u00e9tecteur au ch\u00e2ssis du v\u00e9hicule<\/li>\n<\/ul>\n","protected":false},"excerpt":{"rendered":"<p>Griffes PL \u00e0 4 points \u00e0 centrage automatique et avec blocage rapide et attelage des t\u00eates mobile | incl. de longues onglets amovibles | 1 jeu \/ 2 pi\u00e8ces<\/p>\n","protected":false},"featured_media":149514,"template":"","meta":[],"product_brand":[],"product_cat":[57884],"product_tag":[],"product_approvals":[],"product_application":[],"class_list":{"0":"post-155200","1":"product","2":"type-product","3":"status-publish","4":"has-post-thumbnail","6":"product_cat-accessoires-controles-de-geometrie-fr","8":"first","9":"instock","10":"shipping-taxable","11":"product-type-simple"},"approvals":[],"application":[],"brb_media_brochure":"","brb_media_drawing":"","brb_media_manuals":"","brb_media_safety_datasheets":"","brb_media_spare_parts":[],"_cdmm_p_id":"490309","_company":"VSG","_gtin":"4057612825190","accessories":[],"components":[],"delivery":[],"package":[],"related":[],"similar":[],"page_logo_src":"https:\/\/dev.codekraft.it\/ravaglioli.it\/wp-content\/uploads\/2026\/04\/rav-negative-logo-1.png","lang":"fr","translations":{"fr":155200,"en":155198,"de":155199,"it":155201,"es":155202,"ru":155203},"pll_sync_post":[],"_links":{"self":[{"href":"https:\/\/dev.codekraft.it\/ravaglioli.it\/wp-json\/wp\/v2\/product\/155200","targetHints":{"allow":["GET"]}}],"collection":[{"href":"https:\/\/dev.codekraft.it\/ravaglioli.it\/wp-json\/wp\/v2\/product"}],"about":[{"href":"https:\/\/dev.codekraft.it\/ravaglioli.it\/wp-json\/wp\/v2\/types\/product"}],"wp:featuredmedia":[{"embeddable":true,"href":"https:\/\/dev.codekraft.it\/ravaglioli.it\/wp-json\/wp\/v2\/media\/149514"}],"wp:attachment":[{"href":"https:\/\/dev.codekraft.it\/ravaglioli.it\/wp-json\/wp\/v2\/media?parent=155200"}],"wp:term":[{"taxonomy":"product_brand","embeddable":true,"href":"https:\/\/dev.codekraft.it\/ravaglioli.it\/wp-json\/wp\/v2\/product_brand?post=155200"},{"taxonomy":"product_cat","embeddable":true,"href":"https:\/\/dev.codekraft.it\/ravaglioli.it\/wp-json\/wp\/v2\/product_cat?post=155200"},{"taxonomy":"product_tag","embeddable":true,"href":"https:\/\/dev.codekraft.it\/ravaglioli.it\/wp-json\/wp\/v2\/product_tag?post=155200"},{"taxonomy":"product_approvals","embeddable":true,"href":"https:\/\/dev.codekraft.it\/ravaglioli.it\/wp-json\/wp\/v2\/product_approvals?post=155200"},{"taxonomy":"product_application","embeddable":true,"href":"https:\/\/dev.codekraft.it\/ravaglioli.it\/wp-json\/wp\/v2\/product_application?post=155200"}],"curies":[{"name":"wp","href":"https:\/\/api.w.org\/{rel}","templated":true}]}}