{"id":155162,"date":"2025-12-12T15:10:15","date_gmt":"2025-12-12T15:10:15","guid":{"rendered":"https:\/\/dev.codekraft.it\/ravaglioli.it\/product\/4-saulen-hebebuhne-rav4502lsi\/"},"modified":"2026-01-14T21:50:46","modified_gmt":"2026-01-14T21:50:46","slug":"4-saulen-hebebuhne-rav4502lsi","status":"publish","type":"product","link":"https:\/\/dev.codekraft.it\/ravaglioli.it\/de\/product\/4-saulen-hebebuhne-rav4502lsi\/","title":{"rendered":"4-S\u00e4ulen-Hebeb\u00fchne RAV4502LSI"},"content":{"rendered":"<ul>\n<li>Hydraulischer, in der festliegenden Fahrschiene angeordneter und so vollkommen gesch\u00fctzter Zylinder<\/li>\n<li>Hochwiderstandsf\u00e4hige, verzinkte und vorgezogene Hebeseile<\/li>\n<li>Riemenscheiben mit gro\u00dfem Durchmesser, mit selbstschmierenden und wartungsfreien Buchsen<\/li>\n<li>Mechanische Auflagevorrichtungen (alle 100 mm im Hublauf) mit automatischer Einrastung und pneumatischer Ausl\u00f6sung erm\u00f6glichen ein Arbeiten im station\u00e4ren Zustand bei entlasteten Seilen<\/li>\n<li>Seilbruchsicherung<\/li>\n<li>Akustisches Einquetsch-Warnsignal mit automatischer Ausl\u00f6sefunktion im unteren Abschnitt der Senkbewegung<\/li>\n<li>Mechanische, elektrische und hydraulischer Sicherheitsvorrichtungen, die den g\u00fcltigen Richtlinien in Bezug auf den Erhalt des CE-Zeichens entsprechen<\/li>\n<li>Niederspannungssteuerkreis (24 V)<\/li>\n<\/ul>\n<ul>\n<li>Extra lange Fahrschienen f\u00fcr die gesamte Achsvermessung, vorne mit Aussparungen f\u00fcr Drehteller und hinten mit Schwingplatten<\/li>\n<li>Elektrohydraulischer, in die Fahrschienen integrierter Radfreiheber mit verstellbaren und hydraulischer Synchronisierung der Hebe- und Senkbewegung<\/li>\n<li>Die Hebeb\u00fchnen f\u00fcr Achskontrolle, die durch Radfreiheber komplettiert werden, stellen die optimale L\u00f6sung f\u00fcr die Gesamtkontrolle der Fahrzeugachsen dar<\/li>\n<\/ul>\n","protected":false},"excerpt":{"rendered":"<p>5,0 t, elektrohydraulisch, symmetrisch, Fahrbahnl\u00e4nge 5700 mm, mit Radfreiheber und Achsvermessung, \u00dcberflur<\/p>\n","protected":false},"featured_media":44032,"template":"","meta":[],"product_brand":[],"product_cat":[57946],"product_tag":[58287,63154,58323],"product_approvals":[],"product_application":[],"class_list":{"0":"post-155162","1":"product","2":"type-product","3":"status-publish","4":"has-post-thumbnail","6":"product_cat-4-saulen-hebebuhnen-de","7":"product_tag-passenger-cars-de","8":"product_tag-quickship-de","9":"product_tag-light-commercial-de","11":"first","12":"instock","13":"shipping-taxable","14":"product-type-simple"},"approvals":[],"application":[],"brb_media_brochure":[{"id":150607,"url":"https:\/\/dev.codekraft.it\/ravaglioli.it\/wp-content\/uploads\/brb_media\/00522310_4-post-lift-rav4000-br-multi-2024-03-screen.pdf","title":"4 post lift RAV4000 BR multi 2024 03 screen","mpn":"","thumbnail":"https:\/\/dev.codekraft.it\/ravaglioli.it\/wp-content\/uploads\/brb_media\/00522310_4-post-lift-rav4000-br-multi-2024-03-screen-pdf-106x150.png","description":""}],"brb_media_drawing":"","brb_media_manuals":"","brb_media_safety_datasheets":"","brb_media_spare_parts":[],"_cdmm_p_id":"502868","_company":"Ravaglioli","_gtin":"5063084194640","accessories":[{"id":154723,"mpn":"VSG.J17XX.901989","name":"Achsfreiheber J17X","description":"2,0 t, Hydraulisch, mit Handpumpe | f\u00fcr alle 4-S\u00e4ulen- und Scheren-Hebeb\u00fchnen","thumbnail":"https:\/\/dev.codekraft.it\/ravaglioli.it\/wp-content\/uploads\/brb_media\/00508586_jacking-beam-js17-20-mi-150x150.png","url":"https:\/\/dev.codekraft.it\/ravaglioli.it\/de\/product\/achsfreiheber-j17x\/"},{"id":153973,"mpn":"VSG.J20NX.901941","name":"Achsfreiheber J20NX","description":"2,0 t, hydraulisch, Antrieb \u00fcber Handpumpe","thumbnail":"https:\/\/dev.codekraft.it\/ravaglioli.it\/wp-content\/uploads\/brb_media\/00508587_jacking-beam-j20pnx-mi-01-150x150.png","url":"https:\/\/dev.codekraft.it\/ravaglioli.it\/de\/product\/achsfreiheber-j20nx\/"},{"id":153979,"mpn":"VSG.J20PN.901767","name":"Achsfreiheber J20PNX","description":"2,0 t, lufthydraulisch","thumbnail":"https:\/\/dev.codekraft.it\/ravaglioli.it\/wp-content\/uploads\/brb_media\/00508587_jacking-beam-j20pnx-mi-01-150x150.png","url":"https:\/\/dev.codekraft.it\/ravaglioli.it\/de\/product\/achsfreiheber-j20pnx\/"},{"id":153985,"mpn":"VSG.J20PN.901682","name":"Achsfreiheber J20PNXL","description":"2,0 t, lufthydraulisch","thumbnail":"https:\/\/dev.codekraft.it\/ravaglioli.it\/wp-content\/uploads\/brb_media\/00508587_jacking-beam-j20pnx-mi-01-150x150.png","url":"https:\/\/dev.codekraft.it\/ravaglioli.it\/de\/product\/achsfreiheber-j20pnxl\/"},{"id":153991,"mpn":"VSG.J20PN.901583","name":"Achsfreiheber J20PNR","description":"2,0 t, lufthydraulisch","thumbnail":"https:\/\/dev.codekraft.it\/ravaglioli.it\/wp-content\/uploads\/brb_media\/00508587_jacking-beam-j20pnx-mi-01-150x150.png","url":"https:\/\/dev.codekraft.it\/ravaglioli.it\/de\/product\/achsfreiheber-j20pnr\/"},{"id":153997,"mpn":"VSG.J20PN.901422","name":"Achsfreiheber J20PNRL","description":"2,0 t, lufthydraulisch","thumbnail":"https:\/\/dev.codekraft.it\/ravaglioli.it\/wp-content\/uploads\/brb_media\/00508587_jacking-beam-j20pnx-mi-01-150x150.png","url":"https:\/\/dev.codekraft.it\/ravaglioli.it\/de\/product\/achsfreiheber-j20pnrl\/"},{"id":154033,"mpn":"VSG.J30PK.902368","name":"Achsfreiheber J30PKL","description":"3,0 t, lufthydraulisch","thumbnail":"https:\/\/dev.codekraft.it\/ravaglioli.it\/wp-content\/uploads\/brb_media\/00508589_jacking-beam-j30pxl-mi-150x150.png","url":"https:\/\/dev.codekraft.it\/ravaglioli.it\/de\/product\/achsfreiheber-j30pkl\/"},{"id":154039,"mpn":"VSG.J30XX.901514","name":"Achsfreiheber J30X","description":"3,0 t, hydraulisch, Antrieb \u00fcber Handpumpe","thumbnail":"https:\/\/dev.codekraft.it\/ravaglioli.it\/wp-content\/uploads\/brb_media\/00508589_jacking-beam-j30pxl-mi-150x150.png","url":"https:\/\/dev.codekraft.it\/ravaglioli.it\/de\/product\/achsfreiheber-j30x\/"},{"id":154045,"mpn":"VSG.J30PX.901781","name":"Achsfreiheber J30PX","description":"3,0 t, lufthydraulisch","thumbnail":"https:\/\/dev.codekraft.it\/ravaglioli.it\/wp-content\/uploads\/brb_media\/00508589_jacking-beam-j30pxl-mi-150x150.png","url":"https:\/\/dev.codekraft.it\/ravaglioli.it\/de\/product\/achsfreiheber-j30px\/"},{"id":154051,"mpn":"VSG.J30PX.901804","name":"Achsfreiheber J30PXL","description":"3,0 t, lufthydraulisch","thumbnail":"https:\/\/dev.codekraft.it\/ravaglioli.it\/wp-content\/uploads\/brb_media\/00508589_jacking-beam-j30pxl-mi-150x150.png","url":"https:\/\/dev.codekraft.it\/ravaglioli.it\/de\/product\/achsfreiheber-j30pxl\/"},{"id":154057,"mpn":"VSG.J30PR.901392","name":"Achsfreiheber J30PR","description":"3,0 t, lufthydraulisch","thumbnail":"https:\/\/dev.codekraft.it\/ravaglioli.it\/wp-content\/uploads\/brb_media\/00508589_jacking-beam-j30pxl-mi-150x150.png","url":"https:\/\/dev.codekraft.it\/ravaglioli.it\/de\/product\/achsfreiheber-j30pr\/"},{"id":154063,"mpn":"VSG.J30PR.901828","name":"Achsfreiheber J30PRL","description":"3,0 t, lufthydraulisch","thumbnail":"https:\/\/dev.codekraft.it\/ravaglioli.it\/wp-content\/uploads\/brb_media\/00508589_jacking-beam-j30pxl-mi-150x150.png","url":"https:\/\/dev.codekraft.it\/ravaglioli.it\/de\/product\/achsfreiheber-j30prl\/"},{"id":154069,"mpn":"VSG.J40PR.901965","name":"Achsfreiheber J40PRL","description":"4,0 t, lufthydraulisch","thumbnail":"https:\/\/dev.codekraft.it\/ravaglioli.it\/wp-content\/uploads\/brb_media\/00508590_jacking-beam-j40pxl-mi-150x150.png","url":"https:\/\/dev.codekraft.it\/ravaglioli.it\/de\/product\/achsfreiheber-j40prl\/"},{"id":154075,"mpn":"VSG.J40PX.902191","name":"Achsfreiheber J40PXL","description":"4,0 t, lufthydraulisch","thumbnail":"https:\/\/dev.codekraft.it\/ravaglioli.it\/wp-content\/uploads\/brb_media\/00508590_jacking-beam-j40pxl-mi-150x150.png","url":"https:\/\/dev.codekraft.it\/ravaglioli.it\/de\/product\/achsfreiheber-j40pxl\/"},{"id":154081,"mpn":"VSG.J40PK.901880","name":"Achsfreiheber J40PKL","description":"4,0 t, lufthydraulisch","thumbnail":"https:\/\/dev.codekraft.it\/ravaglioli.it\/wp-content\/uploads\/brb_media\/00508590_jacking-beam-j40pxl-mi-150x150.png","url":"https:\/\/dev.codekraft.it\/ravaglioli.it\/de\/product\/achsfreiheber-j40pkl\/"},{"id":154087,"mpn":"VSG.J40PY.902214","name":"Achsfreiheber J40PY","description":"4,0 t, lufthydraulisch","thumbnail":"https:\/\/dev.codekraft.it\/ravaglioli.it\/wp-content\/uploads\/brb_media\/00508590_jacking-beam-j40pxl-mi-150x150.png","url":"https:\/\/dev.codekraft.it\/ravaglioli.it\/de\/product\/achsfreiheber-j40py\/"},{"id":154093,"mpn":"VSG.J50PH.902177","name":"Achsfreiheber J50PHA","description":"5,0 t, lufthydraulisch","thumbnail":"https:\/\/dev.codekraft.it\/ravaglioli.it\/wp-content\/uploads\/brb_media\/00508591_jacking-beam-j50pha-mi-150x150.png","url":"https:\/\/dev.codekraft.it\/ravaglioli.it\/de\/product\/achsfreiheber-j50pha\/"},{"id":152885,"mpn":"S4502LSIA2","name":"Auffahrrampen-Kit","description":"Lang, 1500 mm | f\u00fcr 4-S\u00e4ulen-Hebeb\u00fchnen RAV4406LSI, RAV4502LSI | 1 Paar","thumbnail":"","url":"https:\/\/dev.codekraft.it\/ravaglioli.it\/de\/product\/auffahrrampen-kit-9\/"},{"id":153822,"mpn":"S4502LSIA1","name":"\u00dcberfahrrampen-Kit f\u00fcr RAV4502LSI, RAV4406LSI","description":"1 Paar","thumbnail":"https:\/\/dev.codekraft.it\/ravaglioli.it\/wp-content\/uploads\/brb_media\/00506777_s4502lsia1-150x150.png","url":"https:\/\/dev.codekraft.it\/ravaglioli.it\/de\/product\/uberfahrrampen-kit-fur-rav4502lsi-rav4406lsi\/"},{"id":153792,"mpn":"S401A8","name":"S\u00e4ulenabdeckungen f\u00fcr 4-S\u00e4ulen-Hebeb\u00fchne","description":"","thumbnail":"https:\/\/dev.codekraft.it\/ravaglioli.it\/wp-content\/uploads\/brb_media\/00506776_s401a8-150x150.png","url":"https:\/\/dev.codekraft.it\/ravaglioli.it\/de\/product\/saulenabdeckungen-fur-4-saulen-hebebuhne\/"},{"id":153197,"mpn":"S505A7","name":"Gummikl\u00f6tze","description":"20 mm | geeignet f\u00fcr RAV.640N1.193391, RAV.650N1.193742, RAV.650N2.193858, RAV.650N2.193520, RAV.650N2.193667, RAV.650N6.193964, RAV.650N5.193902, RAV.660N2.193360, RAV.650N5.193018, RAV.650N6.193025, RAV.640N5.193049, RAV.640N4.192998, RAV.640N3.192981, RAV.650N2.193384 und RAV.650N5.193919 | 1 Satz \/ 4 St\u00fcck","thumbnail":"https:\/\/dev.codekraft.it\/ravaglioli.it\/wp-content\/uploads\/brb_media\/00509683_s505a7-mi-150x150.png","url":"https:\/\/dev.codekraft.it\/ravaglioli.it\/de\/product\/gummiklotze-2\/"},{"id":153209,"mpn":"S505A6","name":"Gummikl\u00f6tze","description":"40 mm | geeignet f\u00fcr RAV.640N1.193391, RAV.650N1.193742, RAV.650N2.193858, RAV.650N2.193520, RAV.650N2.193667, RAV.650N6.193964, RAV.650N5.193902, RAV.660N2.193360, RAV.650N5.193018, RAV.650N6.193025, RAV.640N5.193049, RAV.640N4.192998, RAV.640N3.192981, RAV.650N2.193384 und RAV.650N5.193919 | 1 Satz \/ 4 St\u00fcck","thumbnail":"https:\/\/dev.codekraft.it\/ravaglioli.it\/wp-content\/uploads\/brb_media\/00509684_s505a6-mi-150x150.png","url":"https:\/\/dev.codekraft.it\/ravaglioli.it\/de\/product\/gummiklotze-4\/"},{"id":153215,"mpn":"S505A9","name":"Gummikl\u00f6tze","description":"60 mm | geeignet f\u00fcr RAV.640N1.193391, RAV.650N1.193742, RAV.650N6.193964, RAV.660N2.193360, RAV.650N6.193025, RAV.640N5.193049 und RAV.640N4.192998 | 1 Satz \/ 4 St\u00fcck","thumbnail":"https:\/\/dev.codekraft.it\/ravaglioli.it\/wp-content\/uploads\/brb_media\/00509685_s505a9-mi-150x150.png","url":"https:\/\/dev.codekraft.it\/ravaglioli.it\/de\/product\/gummiklotze-5\/"},{"id":153191,"mpn":"S505A5","name":"Gummikl\u00f6tze","description":"120 mm | geeignet f\u00fcr RAV.640N1.193391, RAV.650N1.193742, RAV.650N2.193858, RAV.650N2.193520, RAV.650N2.193667, RAV.650N6.193964, RAV.650N5.193902, RAV.660N2.193360, RAV.650N5.193018, RAV.650N6.193025, RAV.640N5.193049, RAV.640N4.192998, RAV.640N3.192981, RAV.650N2.193384 und RAV.650N5.193919 | 1 Satz \/ 4 St\u00fcck","thumbnail":"https:\/\/dev.codekraft.it\/ravaglioli.it\/wp-content\/uploads\/brb_media\/00509685_s505a9-mi-150x150.png","url":"https:\/\/dev.codekraft.it\/ravaglioli.it\/de\/product\/gummiklotze\/"},{"id":153203,"mpn":"S505A1","name":"Gummikl\u00f6tze","description":"200 mm | geeignet f\u00fcr RAV.640N1.193391, RAV.650N1.193742, RAV.650N2.193858, RAV.650N2.193520, RAV.650N2.193667, RAV.650N6.193964, RAV.650N5.193902, RAV.660N2.193360, RAV.650N5.193018, RAV.650N6.193025, RAV.640N5.193049, RAV.640N4.192998, RAV.640N3.192981, RAV.650N2.193384 et RAV.650N5.193919 | 1 Satz \/ 4 St\u00fcck","thumbnail":"https:\/\/dev.codekraft.it\/ravaglioli.it\/wp-content\/uploads\/brb_media\/00507088_s505a1-150x150.png","url":"https:\/\/dev.codekraft.it\/ravaglioli.it\/de\/product\/gummiklotze-3\/"},{"id":152190,"mpn":"S505A2","name":"Traversen f\u00fcr XS30-CAT","description":"F\u00fcr Gel\u00e4ndewagen | 1 Satz \/ 2 St\u00fcck","thumbnail":"https:\/\/dev.codekraft.it\/ravaglioli.it\/wp-content\/uploads\/brb_media\/00509455_scissor-lift-s505a2-mi-150x150.png","url":"https:\/\/dev.codekraft.it\/ravaglioli.it\/de\/product\/traversen-fur-xs30-cat\/"},{"id":155782,"mpn":"VSG.J50PH.902238","name":"Achsfreiheber J50PHT","description":"5 t, 392 mm Hub, lufthydraulisch, Teleskopstempelheber, rollengelagert in der Fahrbahn, Luftversorgung bauseits","thumbnail":"https:\/\/dev.codekraft.it\/ravaglioli.it\/wp-content\/uploads\/brb_media\/00511153_jacking-beam-j50pht-mi-150x150.png","url":"https:\/\/dev.codekraft.it\/ravaglioli.it\/de\/product\/achsfreiheber-j50pht\/"}],"components":[],"delivery":[],"package":[],"related":[],"similar":[{"id":154826,"mpn":"RAV.4402S.194794","name":"4-S\u00e4ulen-Hebeb\u00fchne RAV4402SI","description":"4,0 t, elektrohydraulisch, symmetrisch, Fahrbahnl\u00e4nge 4460 mm, mit Radfreiheber und Achsvermessung, \u00dcberflur","thumbnail":"https:\/\/dev.codekraft.it\/ravaglioli.it\/wp-content\/uploads\/brb_media\/00509618_4-post-lift-rav4406lsi-mi-150x150.png","url":"https:\/\/dev.codekraft.it\/ravaglioli.it\/de\/product\/4-saulen-hebebuhne-rav4402si\/"},{"id":154934,"mpn":"RAV.4406L.194886","name":"4-S\u00e4ulen-Hebeb\u00fchne RAV4406LSI","description":"4,0 t, elektrohydraulisch, symmetrisch, Fahrbahnl\u00e4nge 5100 mm, mit Radfreiheber und Achsvermessung, \u00dcberflur","thumbnail":"https:\/\/dev.codekraft.it\/ravaglioli.it\/wp-content\/uploads\/brb_media\/00509624_4-post-lift-rav4406lsi-car-mi-150x150.png","url":"https:\/\/dev.codekraft.it\/ravaglioli.it\/de\/product\/4-saulen-hebebuhne-rav4406lsi\/"},{"id":155000,"mpn":"RAV.4406L.194749","name":"4-S\u00e4ulen-Hebeb\u00fchne RAV4406LSIQ","description":"4,0 t, elektrohydraulisch, symmetrisch, Fahrbahnl\u00e4nge 5100 mm, mit Radfreiheber und Achsvermessung, \u00dcberflur","thumbnail":"https:\/\/dev.codekraft.it\/ravaglioli.it\/wp-content\/uploads\/brb_media\/00509624_4-post-lift-rav4406lsi-car-mi-150x150.png","url":"https:\/\/dev.codekraft.it\/ravaglioli.it\/de\/product\/4-saulen-hebebuhne-rav4406lsiq\/"},{"id":155169,"mpn":"RAV.4502L.194695","name":"4-S\u00e4ulen-Hebeb\u00fchne RAV4502LSIQ","description":"5,0 t, elektrohydraulisch, symmetrisch, Fahrbahnl\u00e4nge 5700 mm, mit Radfreiheber und Achsvermessung, \u00dcberflur","thumbnail":"https:\/\/dev.codekraft.it\/ravaglioli.it\/wp-content\/uploads\/brb_media\/00509624_4-post-lift-rav4406lsi-car-mi-150x150.png","url":"https:\/\/dev.codekraft.it\/ravaglioli.it\/de\/product\/4-saulen-hebebuhne-rav4502lsiq\/"}],"page_logo_src":"https:\/\/dev.codekraft.it\/ravaglioli.it\/wp-content\/uploads\/2026\/04\/rav-negative-logo-1.png","lang":"de","translations":{"de":155162,"en":155021,"fr":155163,"it":155164,"es":155165,"ru":155166},"pll_sync_post":[],"_links":{"self":[{"href":"https:\/\/dev.codekraft.it\/ravaglioli.it\/wp-json\/wp\/v2\/product\/155162","targetHints":{"allow":["GET"]}}],"collection":[{"href":"https:\/\/dev.codekraft.it\/ravaglioli.it\/wp-json\/wp\/v2\/product"}],"about":[{"href":"https:\/\/dev.codekraft.it\/ravaglioli.it\/wp-json\/wp\/v2\/types\/product"}],"wp:featuredmedia":[{"embeddable":true,"href":"https:\/\/dev.codekraft.it\/ravaglioli.it\/wp-json\/wp\/v2\/media\/44032"}],"wp:attachment":[{"href":"https:\/\/dev.codekraft.it\/ravaglioli.it\/wp-json\/wp\/v2\/media?parent=155162"}],"wp:term":[{"taxonomy":"product_brand","embeddable":true,"href":"https:\/\/dev.codekraft.it\/ravaglioli.it\/wp-json\/wp\/v2\/product_brand?post=155162"},{"taxonomy":"product_cat","embeddable":true,"href":"https:\/\/dev.codekraft.it\/ravaglioli.it\/wp-json\/wp\/v2\/product_cat?post=155162"},{"taxonomy":"product_tag","embeddable":true,"href":"https:\/\/dev.codekraft.it\/ravaglioli.it\/wp-json\/wp\/v2\/product_tag?post=155162"},{"taxonomy":"product_approvals","embeddable":true,"href":"https:\/\/dev.codekraft.it\/ravaglioli.it\/wp-json\/wp\/v2\/product_approvals?post=155162"},{"taxonomy":"product_application","embeddable":true,"href":"https:\/\/dev.codekraft.it\/ravaglioli.it\/wp-json\/wp\/v2\/product_application?post=155162"}],"curies":[{"name":"wp","href":"https:\/\/api.w.org\/{rel}","templated":true}]}}