{"id":155024,"date":"2025-12-11T10:11:42","date_gmt":"2025-12-11T10:11:42","guid":{"rendered":"https:\/\/dev.codekraft.it\/ravaglioli.it\/product\/zentrierwelle-fur-motorrader-o-10-mm\/"},"modified":"2026-01-14T19:56:06","modified_gmt":"2026-01-14T19:56:06","slug":"zentrierwelle-fur-motorrader-o-10-mm","status":"publish","type":"product","link":"https:\/\/dev.codekraft.it\/ravaglioli.it\/de\/product\/zentrierwelle-fur-motorrader-o-10-mm\/","title":{"rendered":"Zentrierwelle f\u00fcr Motorr\u00e4der | \u00d8 10 mm"},"content":{"rendered":"<p><strong>Lieferumfang:<\/strong><\/p>\n<ul>\n<li>1 Welle<\/li>\n<li>2 Konen<\/li>\n<li>6 Distanzst\u00fccke<\/li>\n<li>1 Spannmutter<\/li>\n<li>2 Zentrierbuchsen<\/li>\n<\/ul>\n","protected":false},"excerpt":{"rendered":"<p>Komplett mit Welle, 2 Konen, 6 Distanzst\u00fccken, Spannmutter und 2 Zentrierbuchsen | GAR181N oder GAR354 erforderlich<\/p>\n","protected":false},"featured_media":113436,"template":"","meta":[],"product_brand":[],"product_cat":[57956],"product_tag":[],"product_approvals":[],"product_application":[],"class_list":{"0":"post-155024","1":"product","2":"type-product","3":"status-publish","4":"has-post-thumbnail","6":"product_cat-zubehor-radauswuchtmaschinen-de","8":"first","9":"instock","10":"shipping-taxable","11":"product-type-simple"},"approvals":[],"application":[],"brb_media_brochure":"","brb_media_drawing":"","brb_media_manuals":"","brb_media_safety_datasheets":"","brb_media_spare_parts":[],"_cdmm_p_id":"482599","_company":"VSG","_gtin":"4057612811612","accessories":[],"components":[],"delivery":[],"package":[],"related":[],"similar":[],"page_logo_src":"https:\/\/dev.codekraft.it\/ravaglioli.it\/wp-content\/uploads\/2026\/04\/rav-negative-logo-1.png","lang":"de","translations":{"de":155024,"en":155023,"fr":155025,"it":155026,"es":155027,"ru":155028},"pll_sync_post":[],"_links":{"self":[{"href":"https:\/\/dev.codekraft.it\/ravaglioli.it\/wp-json\/wp\/v2\/product\/155024","targetHints":{"allow":["GET"]}}],"collection":[{"href":"https:\/\/dev.codekraft.it\/ravaglioli.it\/wp-json\/wp\/v2\/product"}],"about":[{"href":"https:\/\/dev.codekraft.it\/ravaglioli.it\/wp-json\/wp\/v2\/types\/product"}],"wp:featuredmedia":[{"embeddable":true,"href":"https:\/\/dev.codekraft.it\/ravaglioli.it\/wp-json\/wp\/v2\/media\/113436"}],"wp:attachment":[{"href":"https:\/\/dev.codekraft.it\/ravaglioli.it\/wp-json\/wp\/v2\/media?parent=155024"}],"wp:term":[{"taxonomy":"product_brand","embeddable":true,"href":"https:\/\/dev.codekraft.it\/ravaglioli.it\/wp-json\/wp\/v2\/product_brand?post=155024"},{"taxonomy":"product_cat","embeddable":true,"href":"https:\/\/dev.codekraft.it\/ravaglioli.it\/wp-json\/wp\/v2\/product_cat?post=155024"},{"taxonomy":"product_tag","embeddable":true,"href":"https:\/\/dev.codekraft.it\/ravaglioli.it\/wp-json\/wp\/v2\/product_tag?post=155024"},{"taxonomy":"product_approvals","embeddable":true,"href":"https:\/\/dev.codekraft.it\/ravaglioli.it\/wp-json\/wp\/v2\/product_approvals?post=155024"},{"taxonomy":"product_application","embeddable":true,"href":"https:\/\/dev.codekraft.it\/ravaglioli.it\/wp-json\/wp\/v2\/product_application?post=155024"}],"curies":[{"name":"wp","href":"https:\/\/api.w.org\/{rel}","templated":true}]}}