{"id":154937,"date":"2025-12-12T15:10:08","date_gmt":"2025-12-12T15:10:08","guid":{"rendered":"https:\/\/dev.codekraft.it\/ravaglioli.it\/product\/elevador-de-4-columnas-rav4406lsi\/"},"modified":"2026-01-14T21:48:48","modified_gmt":"2026-01-14T21:48:48","slug":"elevador-de-4-columnas-rav4406lsi","status":"publish","type":"product","link":"https:\/\/dev.codekraft.it\/ravaglioli.it\/es\/product\/elevador-de-4-columnas-rav4406lsi\/","title":{"rendered":"Elevador de 4 columnas RAV4406LSI"},"content":{"rendered":"<ul>\n<li>Cilindro hidr\u00e1ulico montado dentro de la plataforma fija, por lo tanto, completamente protegido<\/li>\n<li>Cables de elevaci\u00f3n de alta resistencia, galvanizados y preestirados<\/li>\n<li>Poleas de gran di\u00e1metro con casquillos autolubricantes que no requieren mantenimiento<\/li>\n<li>Dispositivos de apoyo mec\u00e1nico (cada 100 mm de carrera) con conexi\u00f3n autom\u00e1tica y desbloqueo neum\u00e1tico para trabajar en condiciones de estacionamiento y con los cables sin carga<\/li>\n<li>Dispositivos paraca\u00eddas de intervenci\u00f3n inmediata en caso de rotura de un cable portador<\/li>\n<li>Dispositivo de se\u00f1alizaci\u00f3n ac\u00fastica anti-aplastes con activaci\u00f3n autom\u00e1tica en la parte terminal de la bajada<\/li>\n<li>Dispositivos de seguridad mec\u00e1nicos, el\u00e9ctricos e hidr\u00e1ulicos conformes a la norma CE<\/li>\n<li>Sistema el\u00e9ctrico con circuito de mando en baja tensi\u00f3n (24 V)<\/li>\n<\/ul>\n<ul>\n<li>Plataformas para alineaci\u00f3n total extra-largas con asientos para platos giratorios delanteros y platos oscilantes traseros<\/li>\n<li>Elevador auxiliar electrohidr\u00e1ulico integrado en las plataformas &#8211; Las plataformas tienen una longitud regulable y sincronizaci\u00f3n hidr\u00e1ulica de los\u00a0movimientos de subida y de bajada<\/li>\n<li>Los elevadores para alineado de direcci\u00f3n completos de elevaci\u00f3n representan la soluci\u00f3n ideal para el control de la geometr\u00eda total del veh\u00edculo<\/li>\n<\/ul>\n","protected":false},"excerpt":{"rendered":"<p>4,0 t, electrohidr\u00e1ulico, sim\u00e9trico, longitud de pista 5100 mm, con viga de elevaci\u00f3n y alineaci\u00f3n de ruedas, sobre suelo<\/p>\n","protected":false},"featured_media":44032,"template":"","meta":[],"product_brand":[],"product_cat":[57994],"product_tag":[58296,63163,58332],"product_approvals":[],"product_application":[],"class_list":{"0":"post-154937","1":"product","2":"type-product","3":"status-publish","4":"has-post-thumbnail","6":"product_cat-elevadores-de-4-columnas-es","7":"product_tag-passenger-cars-es","8":"product_tag-quickship-es","9":"product_tag-light-commercial-es","11":"first","12":"instock","13":"shipping-taxable","14":"product-type-simple"},"approvals":[],"application":[],"brb_media_brochure":[{"id":150607,"url":"https:\/\/dev.codekraft.it\/ravaglioli.it\/wp-content\/uploads\/brb_media\/00522310_4-post-lift-rav4000-br-multi-2024-03-screen.pdf","title":"4 post lift RAV4000 BR multi 2024 03 screen","mpn":"","thumbnail":"https:\/\/dev.codekraft.it\/ravaglioli.it\/wp-content\/uploads\/brb_media\/00522310_4-post-lift-rav4000-br-multi-2024-03-screen-pdf-106x150.png","description":""}],"brb_media_drawing":"","brb_media_manuals":"","brb_media_safety_datasheets":"","brb_media_spare_parts":[],"_cdmm_p_id":"502863","_company":"Ravaglioli","_gtin":"5063084194886","accessories":[{"id":154726,"mpn":"VSG.J17XX.901989","name":"Elevador para liberar ejes J17X","description":"2,0 t, Hidr\u00e1ulica, con bomba de mano | para elevadores de 4 columnas electro hidr\u00e1ulico \/ elevadores pant\u00f3grafos","thumbnail":"https:\/\/dev.codekraft.it\/ravaglioli.it\/wp-content\/uploads\/brb_media\/00508586_jacking-beam-js17-20-mi-150x150.png","url":"https:\/\/dev.codekraft.it\/ravaglioli.it\/es\/product\/elevador-para-liberar-ejes-j17x\/"},{"id":153976,"mpn":"VSG.J20NX.901941","name":"Elevador para liberar ejes J20NX","description":"2,0 t, hidr\u00e1ulica, accionamiento a trav\u00e9s de bomba a mano","thumbnail":"https:\/\/dev.codekraft.it\/ravaglioli.it\/wp-content\/uploads\/brb_media\/00508587_jacking-beam-j20pnx-mi-01-150x150.png","url":"https:\/\/dev.codekraft.it\/ravaglioli.it\/es\/product\/elevador-para-liberar-ejes-j20nx\/"},{"id":153982,"mpn":"VSG.J20PN.901767","name":"Elevador para liberar ejes J20PNX","description":"2,0 t, neumohidr\u00e1ulico","thumbnail":"https:\/\/dev.codekraft.it\/ravaglioli.it\/wp-content\/uploads\/brb_media\/00508587_jacking-beam-j20pnx-mi-01-150x150.png","url":"https:\/\/dev.codekraft.it\/ravaglioli.it\/es\/product\/elevador-para-liberar-ejes-j20pnx\/"},{"id":153988,"mpn":"VSG.J20PN.901682","name":"Elevador para liberar ejes J20PNXL","description":"2,0 t, neumohidr\u00e1ulico","thumbnail":"https:\/\/dev.codekraft.it\/ravaglioli.it\/wp-content\/uploads\/brb_media\/00508587_jacking-beam-j20pnx-mi-01-150x150.png","url":"https:\/\/dev.codekraft.it\/ravaglioli.it\/es\/product\/elevador-para-liberar-ejes-j20pnxl\/"},{"id":153994,"mpn":"VSG.J20PN.901583","name":"Elevador para liberar ejes J20PNR","description":"2,0 t, neumohidr\u00e1ulico","thumbnail":"https:\/\/dev.codekraft.it\/ravaglioli.it\/wp-content\/uploads\/brb_media\/00508587_jacking-beam-j20pnx-mi-01-150x150.png","url":"https:\/\/dev.codekraft.it\/ravaglioli.it\/es\/product\/elevador-para-liberar-ejes-j20pnr\/"},{"id":154000,"mpn":"VSG.J20PN.901422","name":"Elevador para liberar ejes J20PNRL","description":"2,0 t, neumohidr\u00e1ulico","thumbnail":"https:\/\/dev.codekraft.it\/ravaglioli.it\/wp-content\/uploads\/brb_media\/00508587_jacking-beam-j20pnx-mi-01-150x150.png","url":"https:\/\/dev.codekraft.it\/ravaglioli.it\/es\/product\/elevador-para-liberar-ejes-j20pnrl\/"},{"id":154036,"mpn":"VSG.J30PK.902368","name":"Elevador para liberar ejes J30PKL","description":"3,0 t, neumohidr\u00e1ulico","thumbnail":"https:\/\/dev.codekraft.it\/ravaglioli.it\/wp-content\/uploads\/brb_media\/00508589_jacking-beam-j30pxl-mi-150x150.png","url":"https:\/\/dev.codekraft.it\/ravaglioli.it\/es\/product\/elevador-para-liberar-ejes-j30pkl\/"},{"id":154042,"mpn":"VSG.J30XX.901514","name":"Elevador para liberar ejes J30X","description":"3,0 t, hidr\u00e1ulica, accionamiento a trav\u00e9s de bomba a mano","thumbnail":"https:\/\/dev.codekraft.it\/ravaglioli.it\/wp-content\/uploads\/brb_media\/00508589_jacking-beam-j30pxl-mi-150x150.png","url":"https:\/\/dev.codekraft.it\/ravaglioli.it\/es\/product\/elevador-para-liberar-ejes-j30x\/"},{"id":154048,"mpn":"VSG.J30PX.901781","name":"Elevador para liberar ejes J30PX","description":"3,0 t, neumohidr\u00e1ulico","thumbnail":"https:\/\/dev.codekraft.it\/ravaglioli.it\/wp-content\/uploads\/brb_media\/00508589_jacking-beam-j30pxl-mi-150x150.png","url":"https:\/\/dev.codekraft.it\/ravaglioli.it\/es\/product\/elevador-para-liberar-ejes-j30px\/"},{"id":154054,"mpn":"VSG.J30PX.901804","name":"Elevador para liberar ejes J30PXL","description":"3,0 t, neumohidr\u00e1ulico","thumbnail":"https:\/\/dev.codekraft.it\/ravaglioli.it\/wp-content\/uploads\/brb_media\/00508589_jacking-beam-j30pxl-mi-150x150.png","url":"https:\/\/dev.codekraft.it\/ravaglioli.it\/es\/product\/elevador-para-liberar-ejes-j30pxl\/"},{"id":154060,"mpn":"VSG.J30PR.901392","name":"Elevador para liberar ejes J30PR","description":"3,0 t, neumohidr\u00e1ulico","thumbnail":"https:\/\/dev.codekraft.it\/ravaglioli.it\/wp-content\/uploads\/brb_media\/00508589_jacking-beam-j30pxl-mi-150x150.png","url":"https:\/\/dev.codekraft.it\/ravaglioli.it\/es\/product\/elevador-para-liberar-ejes-j30pr\/"},{"id":154066,"mpn":"VSG.J30PR.901828","name":"Elevador para liberar ejes J30PRL","description":"3,0 t, neumohidr\u00e1ulico","thumbnail":"https:\/\/dev.codekraft.it\/ravaglioli.it\/wp-content\/uploads\/brb_media\/00508589_jacking-beam-j30pxl-mi-150x150.png","url":"https:\/\/dev.codekraft.it\/ravaglioli.it\/es\/product\/elevador-para-liberar-ejes-j30prl\/"},{"id":154072,"mpn":"VSG.J40PR.901965","name":"Elevador para liberar ejes J40PRL","description":"4,0 t, neumohidr\u00e1ulico","thumbnail":"https:\/\/dev.codekraft.it\/ravaglioli.it\/wp-content\/uploads\/brb_media\/00508590_jacking-beam-j40pxl-mi-150x150.png","url":"https:\/\/dev.codekraft.it\/ravaglioli.it\/es\/product\/elevador-para-liberar-ejes-j40prl\/"},{"id":154078,"mpn":"VSG.J40PX.902191","name":"Elevador para liberar ejes J40PXL","description":"4,0 t, neumohidr\u00e1ulico","thumbnail":"https:\/\/dev.codekraft.it\/ravaglioli.it\/wp-content\/uploads\/brb_media\/00508590_jacking-beam-j40pxl-mi-150x150.png","url":"https:\/\/dev.codekraft.it\/ravaglioli.it\/es\/product\/elevador-para-liberar-ejes-j40pxl\/"},{"id":154084,"mpn":"VSG.J40PK.901880","name":"Elevador para liberar ejes J40PKL","description":"4,0 t, neumohidr\u00e1ulico","thumbnail":"https:\/\/dev.codekraft.it\/ravaglioli.it\/wp-content\/uploads\/brb_media\/00508590_jacking-beam-j40pxl-mi-150x150.png","url":"https:\/\/dev.codekraft.it\/ravaglioli.it\/es\/product\/elevador-para-liberar-ejes-j40pkl\/"},{"id":154090,"mpn":"VSG.J40PY.902214","name":"Elevador para liberar ejes J40PY","description":"4,0 t, neumohidr\u00e1ulico","thumbnail":"https:\/\/dev.codekraft.it\/ravaglioli.it\/wp-content\/uploads\/brb_media\/00508590_jacking-beam-j40pxl-mi-150x150.png","url":"https:\/\/dev.codekraft.it\/ravaglioli.it\/es\/product\/elevador-para-liberar-ejes-j40py\/"},{"id":154096,"mpn":"VSG.J50PH.902177","name":"Elevador para liberar ejes J50PHA","description":"5,0 t, neumohidr\u00e1ulico","thumbnail":"https:\/\/dev.codekraft.it\/ravaglioli.it\/wp-content\/uploads\/brb_media\/00508591_jacking-beam-j50pha-mi-150x150.png","url":"https:\/\/dev.codekraft.it\/ravaglioli.it\/es\/product\/elevador-para-liberar-ejes-j50pha\/"},{"id":152888,"mpn":"S4502LSIA2","name":"Kit de rampa de acceso","description":"Larga, 1500 mm | para elevadores de 4 columnas RAV4406LSI, RAV4502LSI | 1 par","thumbnail":"","url":"https:\/\/dev.codekraft.it\/ravaglioli.it\/es\/product\/kit-de-rampa-de-acceso-9\/"},{"id":153825,"mpn":"S4502LSIA1","name":"Kit de rampas de cruce para RAV4502LSI, RAV4406LSI","description":"1 par","thumbnail":"https:\/\/dev.codekraft.it\/ravaglioli.it\/wp-content\/uploads\/brb_media\/00506777_s4502lsia1-150x150.png","url":"https:\/\/dev.codekraft.it\/ravaglioli.it\/es\/product\/kit-de-rampas-de-cruce-para-rav4502lsi-rav4406lsi\/"},{"id":153795,"mpn":"S401A8","name":"Cobertura columnas para elevador de 4 columnas","description":"","thumbnail":"https:\/\/dev.codekraft.it\/ravaglioli.it\/wp-content\/uploads\/brb_media\/00506776_s401a8-150x150.png","url":"https:\/\/dev.codekraft.it\/ravaglioli.it\/es\/product\/cobertura-columnas-para-elevador-de-4-columnas\/"},{"id":153200,"mpn":"S505A7","name":"Tacos de goma","description":"20 mm | adecuado para RAV.640N1.193391, RAV.650N1.193742, RAV.650N2.193858, RAV.650N2.193520, RAV.650N2.193667, RAV.650N6.193964, RAV.650N5.193902, RAV.660N2.193360, RAV.650N5.193018, RAV.650N6.193025, RAV.640N5.193049, RAV.640N4.192998, RAV.640N3.192981, RAV.650N2.193384 y RAV.650N5.193919 | 1 juego \/ 4 piezas","thumbnail":"https:\/\/dev.codekraft.it\/ravaglioli.it\/wp-content\/uploads\/brb_media\/00509683_s505a7-mi-150x150.png","url":"https:\/\/dev.codekraft.it\/ravaglioli.it\/es\/product\/tacos-de-goma-2\/"},{"id":153212,"mpn":"S505A6","name":"Tacos de goma","description":"40 mm | adecuado para RAV.640N1.193391, RAV.650N1.193742, RAV.650N2.193858, RAV.650N2.193520, RAV.650N2.193667, RAV.650N6.193964, RAV.650N5.193902, RAV.660N2.193360, RAV.650N5.193018, RAV.650N6.193025, RAV.640N5.193049, RAV.640N4.192998, RAV.640N3.192981, RAV.650N2.193384 y RAV.650N5.193919 | 1 juego \/ 4 piezas","thumbnail":"https:\/\/dev.codekraft.it\/ravaglioli.it\/wp-content\/uploads\/brb_media\/00509684_s505a6-mi-150x150.png","url":"https:\/\/dev.codekraft.it\/ravaglioli.it\/es\/product\/tacos-de-goma-4\/"},{"id":153218,"mpn":"S505A9","name":"Tacos de goma","description":"60 mm | adecuado para RAV.640N1.193391, RAV.650N1.193742, RAV.650N6.193964, RAV.660N2.193360, RAV.650N6.193025, RAV.640N5.193049 y RAV.640N4.192998 | 1 juego \/ 4 piezas","thumbnail":"https:\/\/dev.codekraft.it\/ravaglioli.it\/wp-content\/uploads\/brb_media\/00509685_s505a9-mi-150x150.png","url":"https:\/\/dev.codekraft.it\/ravaglioli.it\/es\/product\/tacos-de-goma-5\/"},{"id":153194,"mpn":"S505A5","name":"Tacos de goma","description":"120 mm | adecuado para RAV.640N1.193391, RAV.650N1.193742, RAV.650N2.193858, RAV.650N2.193520, RAV.650N2.193667, RAV.650N6.193964, RAV.650N5.193902, RAV.660N2.193360, RAV.650N5.193018, RAV.650N6.193025, RAV.640N5.193049, RAV.640N4.192998, RAV.640N3.192981, RAV.650N2.193384 y RAV.650N5.193919 | 1 juego \/ 4 piezas","thumbnail":"https:\/\/dev.codekraft.it\/ravaglioli.it\/wp-content\/uploads\/brb_media\/00509685_s505a9-mi-150x150.png","url":"https:\/\/dev.codekraft.it\/ravaglioli.it\/es\/product\/tacos-de-goma\/"},{"id":153206,"mpn":"S505A1","name":"Tacos de goma","description":"200 mm | adecuado para RAV.640N1.193391, RAV.650N1.193742, RAV.650N2.193858, RAV.650N2.193520, RAV.650N2.193667, RAV.650N6.193964, RAV.650N5.193902, RAV.660N2.193360, RAV.650N5.193018, RAV.650N6.193025, RAV.640N5.193049, RAV.640N4.192998, RAV.640N3.192981, RAV.650N2.193384 y RAV.650N5.193919 | 1 juego \/ 4 piezas","thumbnail":"https:\/\/dev.codekraft.it\/ravaglioli.it\/wp-content\/uploads\/brb_media\/00507088_s505a1-150x150.png","url":"https:\/\/dev.codekraft.it\/ravaglioli.it\/es\/product\/tacos-de-goma-3\/"},{"id":152193,"mpn":"S505A2","name":"Travesa\u00f1os para XS30-CAT","description":"Para furgonetas y veh\u00edculos todo terreno | 1 juego \/ 2 piezas","thumbnail":"https:\/\/dev.codekraft.it\/ravaglioli.it\/wp-content\/uploads\/brb_media\/00509455_scissor-lift-s505a2-mi-150x150.png","url":"https:\/\/dev.codekraft.it\/ravaglioli.it\/es\/product\/travesanos-para-xs30-cat\/"},{"id":155785,"mpn":"VSG.J50PH.902238","name":"Elevador para liberar ejes J50PHT","description":"5 t, 392 mm carrera, neumohidr\u00e1ulico, gato de pist\u00f3n telesc\u00f3pico, rodamientos de rodillos en la v\u00eda, suministro de aire en el lugar de instalaci\u00f3n","thumbnail":"https:\/\/dev.codekraft.it\/ravaglioli.it\/wp-content\/uploads\/brb_media\/00511153_jacking-beam-j50pht-mi-150x150.png","url":"https:\/\/dev.codekraft.it\/ravaglioli.it\/es\/product\/elevador-para-liberar-ejes-j50pht\/"}],"components":[],"delivery":[],"package":[],"related":[],"similar":[{"id":154829,"mpn":"RAV.4402S.194794","name":"Elevador de 4 columnas RAV4402SI","description":"4,0 t, electrohidr\u00e1ulico, sim\u00e9trico, longitud de pista 4460 mm, con viga de elevaci\u00f3n y alineaci\u00f3n de ruedas, sobre suelo","thumbnail":"https:\/\/dev.codekraft.it\/ravaglioli.it\/wp-content\/uploads\/brb_media\/00509618_4-post-lift-rav4406lsi-mi-150x150.png","url":"https:\/\/dev.codekraft.it\/ravaglioli.it\/es\/product\/elevador-de-4-columnas-rav4402si\/"},{"id":155003,"mpn":"RAV.4406L.194749","name":"Elevador de 4 columnas RAV4406LSIQ","description":"4,0 t, electrohidr\u00e1ulico, sim\u00e9trico, longitud de pista 5100 mm, con viga de elevaci\u00f3n y alineaci\u00f3n de ruedas, sobre suelo","thumbnail":"https:\/\/dev.codekraft.it\/ravaglioli.it\/wp-content\/uploads\/brb_media\/00509624_4-post-lift-rav4406lsi-car-mi-150x150.png","url":"https:\/\/dev.codekraft.it\/ravaglioli.it\/es\/product\/elevador-de-4-columnas-rav4406lsiq\/"},{"id":155165,"mpn":"RAV.4502L.194640","name":"Elevador de 4 columnas RAV4502LSI","description":"5,0 t, electrohidr\u00e1ulico, sim\u00e9trico, longitud de pista 5700 mm, con viga de elevaci\u00f3n y alineaci\u00f3n de ruedas, sobre suelo","thumbnail":"https:\/\/dev.codekraft.it\/ravaglioli.it\/wp-content\/uploads\/brb_media\/00509624_4-post-lift-rav4406lsi-car-mi-150x150.png","url":"https:\/\/dev.codekraft.it\/ravaglioli.it\/es\/product\/elevador-de-4-columnas-rav4502lsi\/"},{"id":155172,"mpn":"RAV.4502L.194695","name":"Elevador de 4 columnas RAV4502LSIQ","description":"5,0 t, electrohidr\u00e1ulico, sim\u00e9trico, longitud de pista 5700 mm, con viga de elevaci\u00f3n y alineaci\u00f3n de ruedas, sobre suelo","thumbnail":"https:\/\/dev.codekraft.it\/ravaglioli.it\/wp-content\/uploads\/brb_media\/00509624_4-post-lift-rav4406lsi-car-mi-150x150.png","url":"https:\/\/dev.codekraft.it\/ravaglioli.it\/es\/product\/elevador-de-4-columnas-rav4502lsiq\/"}],"page_logo_src":"https:\/\/dev.codekraft.it\/ravaglioli.it\/wp-content\/uploads\/2026\/04\/rav-negative-logo-1.png","lang":"es","translations":{"es":154937,"en":154831,"de":154934,"fr":154935,"it":154936,"ru":154938},"pll_sync_post":[],"_links":{"self":[{"href":"https:\/\/dev.codekraft.it\/ravaglioli.it\/wp-json\/wp\/v2\/product\/154937","targetHints":{"allow":["GET"]}}],"collection":[{"href":"https:\/\/dev.codekraft.it\/ravaglioli.it\/wp-json\/wp\/v2\/product"}],"about":[{"href":"https:\/\/dev.codekraft.it\/ravaglioli.it\/wp-json\/wp\/v2\/types\/product"}],"wp:featuredmedia":[{"embeddable":true,"href":"https:\/\/dev.codekraft.it\/ravaglioli.it\/wp-json\/wp\/v2\/media\/44032"}],"wp:attachment":[{"href":"https:\/\/dev.codekraft.it\/ravaglioli.it\/wp-json\/wp\/v2\/media?parent=154937"}],"wp:term":[{"taxonomy":"product_brand","embeddable":true,"href":"https:\/\/dev.codekraft.it\/ravaglioli.it\/wp-json\/wp\/v2\/product_brand?post=154937"},{"taxonomy":"product_cat","embeddable":true,"href":"https:\/\/dev.codekraft.it\/ravaglioli.it\/wp-json\/wp\/v2\/product_cat?post=154937"},{"taxonomy":"product_tag","embeddable":true,"href":"https:\/\/dev.codekraft.it\/ravaglioli.it\/wp-json\/wp\/v2\/product_tag?post=154937"},{"taxonomy":"product_approvals","embeddable":true,"href":"https:\/\/dev.codekraft.it\/ravaglioli.it\/wp-json\/wp\/v2\/product_approvals?post=154937"},{"taxonomy":"product_application","embeddable":true,"href":"https:\/\/dev.codekraft.it\/ravaglioli.it\/wp-json\/wp\/v2\/product_application?post=154937"}],"curies":[{"name":"wp","href":"https:\/\/api.w.org\/{rel}","templated":true}]}}