{"id":154784,"date":"2025-12-11T10:11:40","date_gmt":"2025-12-11T10:11:40","guid":{"rendered":"https:\/\/dev.codekraft.it\/ravaglioli.it\/product\/traverse-fur-hydrolift-s3-75-82\/"},"modified":"2026-01-14T19:55:15","modified_gmt":"2026-01-14T19:55:15","slug":"traverse-fur-hydrolift-s3-75-82","status":"publish","type":"product","link":"https:\/\/dev.codekraft.it\/ravaglioli.it\/de\/product\/traverse-fur-hydrolift-s3-75-82\/","title":{"rendered":"Traverse f\u00fcr HydroLift S3 7,5\/8,2"},"content":{"rendered":"<ul>\n<li>Aufnahme f\u00fcr Sattelauflieger &#8211;\u00a0Zum Anheben von Sattelaufliegern am K\u00f6nigszapfen bis max. \u00d8 125 mm<\/li>\n<\/ul>\n","protected":false},"excerpt":{"rendered":"<p>Tragf\u00e4higkeit max. 16,4 t, K\u00f6nigszapfenaufnahme | nur in Verbindung mit der Traverse HydroLift (Art.-Nr. 119777) m\u00f6glich<\/p>\n","protected":false},"featured_media":150694,"template":"","meta":[],"product_brand":[],"product_cat":[58236],"product_tag":[63075,58374,58459,58442,58357,58287,58476,58323,58340],"product_approvals":[],"product_application":[],"class_list":{"0":"post-154784","1":"product","2":"type-product","3":"status-publish","4":"has-post-thumbnail","6":"product_cat-zubehor-radgreifanlagen-de","7":"product_tag-anhanger-de","8":"product_tag-buses-de","9":"product_tag-tracked-vehicles-de","10":"product_tag-agricultural-machines-de","11":"product_tag-trucks-de","12":"product_tag-passenger-cars-de","13":"product_tag-trailer-de","14":"product_tag-light-commercial-de","15":"product_tag-motor-homes-de","17":"first","18":"instock","19":"shipping-taxable","20":"product-type-simple"},"approvals":[],"application":[],"brb_media_brochure":"","brb_media_drawing":"","brb_media_manuals":[{"id":150695,"url":"https:\/\/dev.codekraft.it\/ravaglioli.it\/wp-content\/uploads\/brb_media\/00550407_hydrolift-supporting-om-132144-de-2024-12-rev-0.pdf","title":"Hydrolift Supporting OM 132144 de 2024 12 Rev 0","mpn":"","thumbnail":"https:\/\/dev.codekraft.it\/ravaglioli.it\/wp-content\/uploads\/brb_media\/00550407_hydrolift-supporting-om-132144-de-2024-12-rev-0-pdf-106x150.png","description":""}],"brb_media_safety_datasheets":"","brb_media_spare_parts":[],"_cdmm_p_id":"395170","_company":"VSG","_gtin":"4057612286588","accessories":[],"components":[],"delivery":[],"package":[],"related":[],"similar":[],"page_logo_src":"https:\/\/dev.codekraft.it\/ravaglioli.it\/wp-content\/uploads\/2026\/04\/rav-negative-logo-1.png","lang":"de","translations":{"de":154784,"en":154783,"fr":154785,"it":154786,"es":154787,"ru":154788},"pll_sync_post":[],"_links":{"self":[{"href":"https:\/\/dev.codekraft.it\/ravaglioli.it\/wp-json\/wp\/v2\/product\/154784","targetHints":{"allow":["GET"]}}],"collection":[{"href":"https:\/\/dev.codekraft.it\/ravaglioli.it\/wp-json\/wp\/v2\/product"}],"about":[{"href":"https:\/\/dev.codekraft.it\/ravaglioli.it\/wp-json\/wp\/v2\/types\/product"}],"wp:featuredmedia":[{"embeddable":true,"href":"https:\/\/dev.codekraft.it\/ravaglioli.it\/wp-json\/wp\/v2\/media\/150694"}],"wp:attachment":[{"href":"https:\/\/dev.codekraft.it\/ravaglioli.it\/wp-json\/wp\/v2\/media?parent=154784"}],"wp:term":[{"taxonomy":"product_brand","embeddable":true,"href":"https:\/\/dev.codekraft.it\/ravaglioli.it\/wp-json\/wp\/v2\/product_brand?post=154784"},{"taxonomy":"product_cat","embeddable":true,"href":"https:\/\/dev.codekraft.it\/ravaglioli.it\/wp-json\/wp\/v2\/product_cat?post=154784"},{"taxonomy":"product_tag","embeddable":true,"href":"https:\/\/dev.codekraft.it\/ravaglioli.it\/wp-json\/wp\/v2\/product_tag?post=154784"},{"taxonomy":"product_approvals","embeddable":true,"href":"https:\/\/dev.codekraft.it\/ravaglioli.it\/wp-json\/wp\/v2\/product_approvals?post=154784"},{"taxonomy":"product_application","embeddable":true,"href":"https:\/\/dev.codekraft.it\/ravaglioli.it\/wp-json\/wp\/v2\/product_application?post=154784"}],"curies":[{"name":"wp","href":"https:\/\/api.w.org\/{rel}","templated":true}]}}