{"id":154775,"date":"2025-12-11T10:11:41","date_gmt":"2025-12-11T10:11:41","guid":{"rendered":"https:\/\/dev.codekraft.it\/ravaglioli.it\/product\/alojamiento-para-grupos-universal-para-w221-w164-w209-r171-r230-r251\/"},"modified":"2026-01-14T19:55:10","modified_gmt":"2026-01-14T19:55:10","slug":"alojamiento-para-grupos-universal-para-w221-w164-w209-r171-r230-r251","status":"publish","type":"product","link":"https:\/\/dev.codekraft.it\/ravaglioli.it\/es\/product\/alojamiento-para-grupos-universal-para-w221-w164-w209-r171-r230-r251\/","title":{"rendered":"Alojamiento para grupos Universal | para W221, W164, W209, R171, R230, R251"},"content":{"rendered":"<ul>\n<li>Desmontaje e instalaci\u00f3n r\u00e1pida y segura del soporte integral completo, con todas las unidades en conexi\u00f3n con las mesas elevadoras de Master Gear<\/li>\n<li>Fijaci\u00f3n mediante correa tensora<\/li>\n<li>Cromada en amarillo<\/li>\n<\/ul>\n","protected":false},"excerpt":{"rendered":"<p>Peso 20 kg, capacidad de carga 800 kg<\/p>\n","protected":false},"featured_media":113273,"template":"","meta":[],"product_brand":[],"product_cat":[74],"product_tag":[58296],"product_approvals":[],"product_application":[],"class_list":{"0":"post-154775","1":"product","2":"type-product","3":"status-publish","4":"has-post-thumbnail","6":"product_cat-uncategorized-es","7":"product_tag-passenger-cars-es","9":"first","10":"instock","11":"shipping-taxable","12":"product-type-simple"},"approvals":[],"application":[],"brb_media_brochure":[{"id":148928,"url":"https:\/\/dev.codekraft.it\/ravaglioli.it\/wp-content\/uploads\/brb_media\/00527943_special-tools-br-06-24-de-2024-06-screen.pdf","title":"Special tools BR 06 24 de 2024 06 screen","mpn":"","thumbnail":"https:\/\/dev.codekraft.it\/ravaglioli.it\/wp-content\/uploads\/brb_media\/00527943_special-tools-br-06-24-de-2024-06-screen-pdf-106x150.png","description":""},{"id":148929,"url":"https:\/\/dev.codekraft.it\/ravaglioli.it\/wp-content\/uploads\/brb_media\/00527944_special-tools-br-06-24-en-2024-06-screen.pdf","title":"Special tools BR 06 24 en 2024 06 screen","mpn":"","thumbnail":"https:\/\/dev.codekraft.it\/ravaglioli.it\/wp-content\/uploads\/brb_media\/00527944_special-tools-br-06-24-en-2024-06-screen-pdf-106x150.png","description":""}],"brb_media_drawing":"","brb_media_manuals":[{"id":150680,"url":"https:\/\/dev.codekraft.it\/ravaglioli.it\/wp-content\/uploads\/brb_media\/00550424_aggregataufnahme-universal-im-131651-multi6-2025-03-rev-b.pdf","title":"Aggregataufnahme Universal IM 131651 multi(6) 2025 03 Rev B","mpn":"","thumbnail":"https:\/\/dev.codekraft.it\/ravaglioli.it\/wp-content\/uploads\/brb_media\/00550424_aggregataufnahme-universal-im-131651-multi6-2025-03-rev-b-pdf-106x150.png","description":""}],"brb_media_safety_datasheets":"","brb_media_spare_parts":[],"_cdmm_p_id":"330","_company":"VSG","_gtin":"4057612106015","accessories":[],"components":[],"delivery":[],"package":[],"related":[],"similar":[],"page_logo_src":"https:\/\/dev.codekraft.it\/ravaglioli.it\/wp-content\/uploads\/2026\/04\/rav-negative-logo-1.png","lang":"es","translations":{"es":154775,"en":154771,"de":154772,"fr":154773,"it":154774,"ru":154776},"pll_sync_post":[],"_links":{"self":[{"href":"https:\/\/dev.codekraft.it\/ravaglioli.it\/wp-json\/wp\/v2\/product\/154775","targetHints":{"allow":["GET"]}}],"collection":[{"href":"https:\/\/dev.codekraft.it\/ravaglioli.it\/wp-json\/wp\/v2\/product"}],"about":[{"href":"https:\/\/dev.codekraft.it\/ravaglioli.it\/wp-json\/wp\/v2\/types\/product"}],"wp:featuredmedia":[{"embeddable":true,"href":"https:\/\/dev.codekraft.it\/ravaglioli.it\/wp-json\/wp\/v2\/media\/113273"}],"wp:attachment":[{"href":"https:\/\/dev.codekraft.it\/ravaglioli.it\/wp-json\/wp\/v2\/media?parent=154775"}],"wp:term":[{"taxonomy":"product_brand","embeddable":true,"href":"https:\/\/dev.codekraft.it\/ravaglioli.it\/wp-json\/wp\/v2\/product_brand?post=154775"},{"taxonomy":"product_cat","embeddable":true,"href":"https:\/\/dev.codekraft.it\/ravaglioli.it\/wp-json\/wp\/v2\/product_cat?post=154775"},{"taxonomy":"product_tag","embeddable":true,"href":"https:\/\/dev.codekraft.it\/ravaglioli.it\/wp-json\/wp\/v2\/product_tag?post=154775"},{"taxonomy":"product_approvals","embeddable":true,"href":"https:\/\/dev.codekraft.it\/ravaglioli.it\/wp-json\/wp\/v2\/product_approvals?post=154775"},{"taxonomy":"product_application","embeddable":true,"href":"https:\/\/dev.codekraft.it\/ravaglioli.it\/wp-json\/wp\/v2\/product_application?post=154775"}],"curies":[{"name":"wp","href":"https:\/\/api.w.org\/{rel}","templated":true}]}}