{"id":154738,"date":"2025-12-12T15:10:01","date_gmt":"2025-12-12T15:10:01","guid":{"rendered":"https:\/\/dev.codekraft.it\/ravaglioli.it\/product\/elevador-de-4-columnas-rav4401q\/"},"modified":"2026-01-14T21:46:34","modified_gmt":"2026-01-14T21:46:34","slug":"elevador-de-4-columnas-rav4401q","status":"publish","type":"product","link":"https:\/\/dev.codekraft.it\/ravaglioli.it\/es\/product\/elevador-de-4-columnas-rav4401q\/","title":{"rendered":"Elevador de 4 columnas RAV4401Q"},"content":{"rendered":"<ul>\n<li>Cilindro hidr\u00e1ulico montado dentro de la plataforma fija, por lo tanto, completamente protegido<\/li>\n<li>Cables de elevaci\u00f3n de alta resistencia, galvanizados y preestirados<\/li>\n<li>Poleas de gran di\u00e1metro con casquillos autolubricantes que no requieren mantenimiento<\/li>\n<li>Dispositivos de apoyo mec\u00e1nico (cada 100 mm de carrera) con conexi\u00f3n autom\u00e1tica y desbloqueo neum\u00e1tico para trabajar en condiciones de estacionamiento y con los cables sin carga<\/li>\n<li>Dispositivos paraca\u00eddas de intervenci\u00f3n inmediata en caso de rotura de un cable portador<\/li>\n<li>Dispositivo de se\u00f1alizaci\u00f3n ac\u00fastica anti-aplastes con activaci\u00f3n autom\u00e1tica en la parte terminal de la bajada<\/li>\n<li>Dispositivos de seguridad mec\u00e1nicos, el\u00e9ctricos e hidr\u00e1ulicos conformes a la norma CE<\/li>\n<li>Sistema el\u00e9ctrico con circuito de mando en baja tensi\u00f3n (24 V)<\/li>\n<\/ul>\n<ul>\n<li>Versione con plataformas lisas<\/li>\n<\/ul>\n","protected":false},"excerpt":{"rendered":"<p>4,0 t, electrohidr\u00e1ulico, sim\u00e9trico, con pistas de nivel, longitud de pista 4460 mm, alineaci\u00f3n de ruedas opcional, sobre suelo, TEq-Link<\/p>\n","protected":false},"featured_media":37706,"template":"","meta":[],"product_brand":[],"product_cat":[57994],"product_tag":[58296,58332],"product_approvals":[],"product_application":[],"class_list":{"0":"post-154738","1":"product","2":"type-product","3":"status-publish","4":"has-post-thumbnail","6":"product_cat-elevadores-de-4-columnas-es","7":"product_tag-passenger-cars-es","8":"product_tag-light-commercial-es","10":"first","11":"instock","12":"shipping-taxable","13":"product-type-simple"},"approvals":[],"application":[],"brb_media_brochure":[{"id":150607,"url":"https:\/\/dev.codekraft.it\/ravaglioli.it\/wp-content\/uploads\/brb_media\/00522310_4-post-lift-rav4000-br-multi-2024-03-screen.pdf","title":"4 post lift RAV4000 BR multi 2024 03 screen","mpn":"","thumbnail":"https:\/\/dev.codekraft.it\/ravaglioli.it\/wp-content\/uploads\/brb_media\/00522310_4-post-lift-rav4000-br-multi-2024-03-screen-pdf-106x150.png","description":""}],"brb_media_drawing":"","brb_media_manuals":"","brb_media_safety_datasheets":"","brb_media_spare_parts":[],"_cdmm_p_id":"502853","_company":"Ravaglioli","_gtin":"5063084194329","accessories":[{"id":154726,"mpn":"VSG.J17XX.901989","name":"Elevador para liberar ejes J17X","description":"2,0 t, Hidr\u00e1ulica, con bomba de mano | para elevadores de 4 columnas electro hidr\u00e1ulico \/ elevadores pant\u00f3grafos","thumbnail":"https:\/\/dev.codekraft.it\/ravaglioli.it\/wp-content\/uploads\/brb_media\/00508586_jacking-beam-js17-20-mi-150x150.png","url":"https:\/\/dev.codekraft.it\/ravaglioli.it\/es\/product\/elevador-para-liberar-ejes-j17x\/"},{"id":153976,"mpn":"VSG.J20NX.901941","name":"Elevador para liberar ejes J20NX","description":"2,0 t, hidr\u00e1ulica, accionamiento a trav\u00e9s de bomba a mano","thumbnail":"https:\/\/dev.codekraft.it\/ravaglioli.it\/wp-content\/uploads\/brb_media\/00508587_jacking-beam-j20pnx-mi-01-150x150.png","url":"https:\/\/dev.codekraft.it\/ravaglioli.it\/es\/product\/elevador-para-liberar-ejes-j20nx\/"},{"id":153982,"mpn":"VSG.J20PN.901767","name":"Elevador para liberar ejes J20PNX","description":"2,0 t, neumohidr\u00e1ulico","thumbnail":"https:\/\/dev.codekraft.it\/ravaglioli.it\/wp-content\/uploads\/brb_media\/00508587_jacking-beam-j20pnx-mi-01-150x150.png","url":"https:\/\/dev.codekraft.it\/ravaglioli.it\/es\/product\/elevador-para-liberar-ejes-j20pnx\/"},{"id":153988,"mpn":"VSG.J20PN.901682","name":"Elevador para liberar ejes J20PNXL","description":"2,0 t, neumohidr\u00e1ulico","thumbnail":"https:\/\/dev.codekraft.it\/ravaglioli.it\/wp-content\/uploads\/brb_media\/00508587_jacking-beam-j20pnx-mi-01-150x150.png","url":"https:\/\/dev.codekraft.it\/ravaglioli.it\/es\/product\/elevador-para-liberar-ejes-j20pnxl\/"},{"id":153994,"mpn":"VSG.J20PN.901583","name":"Elevador para liberar ejes J20PNR","description":"2,0 t, neumohidr\u00e1ulico","thumbnail":"https:\/\/dev.codekraft.it\/ravaglioli.it\/wp-content\/uploads\/brb_media\/00508587_jacking-beam-j20pnx-mi-01-150x150.png","url":"https:\/\/dev.codekraft.it\/ravaglioli.it\/es\/product\/elevador-para-liberar-ejes-j20pnr\/"},{"id":154000,"mpn":"VSG.J20PN.901422","name":"Elevador para liberar ejes J20PNRL","description":"2,0 t, neumohidr\u00e1ulico","thumbnail":"https:\/\/dev.codekraft.it\/ravaglioli.it\/wp-content\/uploads\/brb_media\/00508587_jacking-beam-j20pnx-mi-01-150x150.png","url":"https:\/\/dev.codekraft.it\/ravaglioli.it\/es\/product\/elevador-para-liberar-ejes-j20pnrl\/"},{"id":154036,"mpn":"VSG.J30PK.902368","name":"Elevador para liberar ejes J30PKL","description":"3,0 t, neumohidr\u00e1ulico","thumbnail":"https:\/\/dev.codekraft.it\/ravaglioli.it\/wp-content\/uploads\/brb_media\/00508589_jacking-beam-j30pxl-mi-150x150.png","url":"https:\/\/dev.codekraft.it\/ravaglioli.it\/es\/product\/elevador-para-liberar-ejes-j30pkl\/"},{"id":154042,"mpn":"VSG.J30XX.901514","name":"Elevador para liberar ejes J30X","description":"3,0 t, hidr\u00e1ulica, accionamiento a trav\u00e9s de bomba a mano","thumbnail":"https:\/\/dev.codekraft.it\/ravaglioli.it\/wp-content\/uploads\/brb_media\/00508589_jacking-beam-j30pxl-mi-150x150.png","url":"https:\/\/dev.codekraft.it\/ravaglioli.it\/es\/product\/elevador-para-liberar-ejes-j30x\/"},{"id":154048,"mpn":"VSG.J30PX.901781","name":"Elevador para liberar ejes J30PX","description":"3,0 t, neumohidr\u00e1ulico","thumbnail":"https:\/\/dev.codekraft.it\/ravaglioli.it\/wp-content\/uploads\/brb_media\/00508589_jacking-beam-j30pxl-mi-150x150.png","url":"https:\/\/dev.codekraft.it\/ravaglioli.it\/es\/product\/elevador-para-liberar-ejes-j30px\/"},{"id":154054,"mpn":"VSG.J30PX.901804","name":"Elevador para liberar ejes J30PXL","description":"3,0 t, neumohidr\u00e1ulico","thumbnail":"https:\/\/dev.codekraft.it\/ravaglioli.it\/wp-content\/uploads\/brb_media\/00508589_jacking-beam-j30pxl-mi-150x150.png","url":"https:\/\/dev.codekraft.it\/ravaglioli.it\/es\/product\/elevador-para-liberar-ejes-j30pxl\/"},{"id":154060,"mpn":"VSG.J30PR.901392","name":"Elevador para liberar ejes J30PR","description":"3,0 t, neumohidr\u00e1ulico","thumbnail":"https:\/\/dev.codekraft.it\/ravaglioli.it\/wp-content\/uploads\/brb_media\/00508589_jacking-beam-j30pxl-mi-150x150.png","url":"https:\/\/dev.codekraft.it\/ravaglioli.it\/es\/product\/elevador-para-liberar-ejes-j30pr\/"},{"id":154066,"mpn":"VSG.J30PR.901828","name":"Elevador para liberar ejes J30PRL","description":"3,0 t, neumohidr\u00e1ulico","thumbnail":"https:\/\/dev.codekraft.it\/ravaglioli.it\/wp-content\/uploads\/brb_media\/00508589_jacking-beam-j30pxl-mi-150x150.png","url":"https:\/\/dev.codekraft.it\/ravaglioli.it\/es\/product\/elevador-para-liberar-ejes-j30prl\/"},{"id":154072,"mpn":"VSG.J40PR.901965","name":"Elevador para liberar ejes J40PRL","description":"4,0 t, neumohidr\u00e1ulico","thumbnail":"https:\/\/dev.codekraft.it\/ravaglioli.it\/wp-content\/uploads\/brb_media\/00508590_jacking-beam-j40pxl-mi-150x150.png","url":"https:\/\/dev.codekraft.it\/ravaglioli.it\/es\/product\/elevador-para-liberar-ejes-j40prl\/"},{"id":154078,"mpn":"VSG.J40PX.902191","name":"Elevador para liberar ejes J40PXL","description":"4,0 t, neumohidr\u00e1ulico","thumbnail":"https:\/\/dev.codekraft.it\/ravaglioli.it\/wp-content\/uploads\/brb_media\/00508590_jacking-beam-j40pxl-mi-150x150.png","url":"https:\/\/dev.codekraft.it\/ravaglioli.it\/es\/product\/elevador-para-liberar-ejes-j40pxl\/"},{"id":154084,"mpn":"VSG.J40PK.901880","name":"Elevador para liberar ejes J40PKL","description":"4,0 t, neumohidr\u00e1ulico","thumbnail":"https:\/\/dev.codekraft.it\/ravaglioli.it\/wp-content\/uploads\/brb_media\/00508590_jacking-beam-j40pxl-mi-150x150.png","url":"https:\/\/dev.codekraft.it\/ravaglioli.it\/es\/product\/elevador-para-liberar-ejes-j40pkl\/"},{"id":154090,"mpn":"VSG.J40PY.902214","name":"Elevador para liberar ejes J40PY","description":"4,0 t, neumohidr\u00e1ulico","thumbnail":"https:\/\/dev.codekraft.it\/ravaglioli.it\/wp-content\/uploads\/brb_media\/00508590_jacking-beam-j40pxl-mi-150x150.png","url":"https:\/\/dev.codekraft.it\/ravaglioli.it\/es\/product\/elevador-para-liberar-ejes-j40py\/"},{"id":154096,"mpn":"VSG.J50PH.902177","name":"Elevador para liberar ejes J50PHA","description":"5,0 t, neumohidr\u00e1ulico","thumbnail":"https:\/\/dev.codekraft.it\/ravaglioli.it\/wp-content\/uploads\/brb_media\/00508591_jacking-beam-j50pha-mi-150x150.png","url":"https:\/\/dev.codekraft.it\/ravaglioli.it\/es\/product\/elevador-para-liberar-ejes-j50pha\/"},{"id":152858,"mpn":"S4351A2","name":"Kit de rampa de acceso","description":"Larga, 1100 mm | para elevadores de 4 columnas RAV4401, RAV4402, RAV4401SI | 1 par","thumbnail":"https:\/\/dev.codekraft.it\/ravaglioli.it\/wp-content\/uploads\/brb_media\/00549235_4-post-lift-s4351a2-mi-150x150.png","url":"https:\/\/dev.codekraft.it\/ravaglioli.it\/es\/product\/kit-de-rampa-de-acceso-4\/"},{"id":153801,"mpn":"S4351A1","name":"Kit de rampas de cruce para RAV4401, RAV4402, RAV4401SI","description":"1 par","thumbnail":"https:\/\/dev.codekraft.it\/ravaglioli.it\/wp-content\/uploads\/brb_media\/00506777_s4502lsia1-150x150.png","url":"https:\/\/dev.codekraft.it\/ravaglioli.it\/es\/product\/kit-de-rampas-de-cruce-para-rav4401-rav4402-rav4401si\/"},{"id":153795,"mpn":"S401A8","name":"Cobertura columnas para elevador de 4 columnas","description":"","thumbnail":"https:\/\/dev.codekraft.it\/ravaglioli.it\/wp-content\/uploads\/brb_media\/00506776_s401a8-150x150.png","url":"https:\/\/dev.codekraft.it\/ravaglioli.it\/es\/product\/cobertura-columnas-para-elevador-de-4-columnas\/"},{"id":153116,"mpn":"STDA140","name":"Sede para platos mec\u00e1nicos | platos no incluidos | 1 juego","description":"Para RAV4350, RAV4401, RAV4405L, RAV4501L, RAV4651L, RAV4800","thumbnail":"https:\/\/dev.codekraft.it\/ravaglioli.it\/wp-content\/uploads\/brb_media\/00535627_4-post-lifts-stda140-mi-150x150.png","url":"https:\/\/dev.codekraft.it\/ravaglioli.it\/es\/product\/sede-para-platos-mecanicos-platos-no-incluidos-1-juego\/"},{"id":153200,"mpn":"S505A7","name":"Tacos de goma","description":"20 mm | adecuado para RAV.640N1.193391, RAV.650N1.193742, RAV.650N2.193858, RAV.650N2.193520, RAV.650N2.193667, RAV.650N6.193964, RAV.650N5.193902, RAV.660N2.193360, RAV.650N5.193018, RAV.650N6.193025, RAV.640N5.193049, RAV.640N4.192998, RAV.640N3.192981, RAV.650N2.193384 y RAV.650N5.193919 | 1 juego \/ 4 piezas","thumbnail":"https:\/\/dev.codekraft.it\/ravaglioli.it\/wp-content\/uploads\/brb_media\/00509683_s505a7-mi-150x150.png","url":"https:\/\/dev.codekraft.it\/ravaglioli.it\/es\/product\/tacos-de-goma-2\/"},{"id":153212,"mpn":"S505A6","name":"Tacos de goma","description":"40 mm | adecuado para RAV.640N1.193391, RAV.650N1.193742, RAV.650N2.193858, RAV.650N2.193520, RAV.650N2.193667, RAV.650N6.193964, RAV.650N5.193902, RAV.660N2.193360, RAV.650N5.193018, RAV.650N6.193025, RAV.640N5.193049, RAV.640N4.192998, RAV.640N3.192981, RAV.650N2.193384 y RAV.650N5.193919 | 1 juego \/ 4 piezas","thumbnail":"https:\/\/dev.codekraft.it\/ravaglioli.it\/wp-content\/uploads\/brb_media\/00509684_s505a6-mi-150x150.png","url":"https:\/\/dev.codekraft.it\/ravaglioli.it\/es\/product\/tacos-de-goma-4\/"},{"id":153218,"mpn":"S505A9","name":"Tacos de goma","description":"60 mm | adecuado para RAV.640N1.193391, RAV.650N1.193742, RAV.650N6.193964, RAV.660N2.193360, RAV.650N6.193025, RAV.640N5.193049 y RAV.640N4.192998 | 1 juego \/ 4 piezas","thumbnail":"https:\/\/dev.codekraft.it\/ravaglioli.it\/wp-content\/uploads\/brb_media\/00509685_s505a9-mi-150x150.png","url":"https:\/\/dev.codekraft.it\/ravaglioli.it\/es\/product\/tacos-de-goma-5\/"},{"id":153194,"mpn":"S505A5","name":"Tacos de goma","description":"120 mm | adecuado para RAV.640N1.193391, RAV.650N1.193742, RAV.650N2.193858, RAV.650N2.193520, RAV.650N2.193667, RAV.650N6.193964, RAV.650N5.193902, RAV.660N2.193360, RAV.650N5.193018, RAV.650N6.193025, RAV.640N5.193049, RAV.640N4.192998, RAV.640N3.192981, RAV.650N2.193384 y RAV.650N5.193919 | 1 juego \/ 4 piezas","thumbnail":"https:\/\/dev.codekraft.it\/ravaglioli.it\/wp-content\/uploads\/brb_media\/00509685_s505a9-mi-150x150.png","url":"https:\/\/dev.codekraft.it\/ravaglioli.it\/es\/product\/tacos-de-goma\/"},{"id":152193,"mpn":"S505A2","name":"Travesa\u00f1os para XS30-CAT","description":"Para furgonetas y veh\u00edculos todo terreno | 1 juego \/ 2 piezas","thumbnail":"https:\/\/dev.codekraft.it\/ravaglioli.it\/wp-content\/uploads\/brb_media\/00509455_scissor-lift-s505a2-mi-150x150.png","url":"https:\/\/dev.codekraft.it\/ravaglioli.it\/es\/product\/travesanos-para-xs30-cat\/"},{"id":153206,"mpn":"S505A1","name":"Tacos de goma","description":"200 mm | adecuado para RAV.640N1.193391, RAV.650N1.193742, RAV.650N2.193858, RAV.650N2.193520, RAV.650N2.193667, RAV.650N6.193964, RAV.650N5.193902, RAV.660N2.193360, RAV.650N5.193018, RAV.650N6.193025, RAV.640N5.193049, RAV.640N4.192998, RAV.640N3.192981, RAV.650N2.193384 y RAV.650N5.193919 | 1 juego \/ 4 piezas","thumbnail":"https:\/\/dev.codekraft.it\/ravaglioli.it\/wp-content\/uploads\/brb_media\/00507088_s505a1-150x150.png","url":"https:\/\/dev.codekraft.it\/ravaglioli.it\/es\/product\/tacos-de-goma-3\/"},{"id":155785,"mpn":"VSG.J50PH.902238","name":"Elevador para liberar ejes J50PHT","description":"5 t, 392 mm carrera, neumohidr\u00e1ulico, gato de pist\u00f3n telesc\u00f3pico, rodamientos de rodillos en la v\u00eda, suministro de aire en el lugar de instalaci\u00f3n","thumbnail":"https:\/\/dev.codekraft.it\/ravaglioli.it\/wp-content\/uploads\/brb_media\/00511153_jacking-beam-j50pht-mi-150x150.png","url":"https:\/\/dev.codekraft.it\/ravaglioli.it\/es\/product\/elevador-para-liberar-ejes-j50pht\/"}],"components":[],"delivery":[],"package":[],"related":[],"similar":[{"id":154732,"mpn":"RAV.4401X.194138","name":"Elevador de 4 columnas RAV4401","description":"4,0 t, electrohidr\u00e1ulico, sim\u00e9trico, con pistas de nivel, longitud de pista 4460 mm, alineaci\u00f3n de ruedas opcional, sobre suelo","thumbnail":"https:\/\/dev.codekraft.it\/ravaglioli.it\/wp-content\/uploads\/brb_media\/00509609_4-post-lift-rav4350-mi-150x150.png","url":"https:\/\/dev.codekraft.it\/ravaglioli.it\/es\/product\/elevador-de-4-columnas-rav4401\/"},{"id":154720,"mpn":"RAV.4350X.194022","name":"Elevador de 4 columnas RAV4350","description":"3,5 t, electrohidr\u00e1ulico, sim\u00e9trico, con pistas de nivel, longitud de pista 4300 mm, alineaci\u00f3n de ruedas opcional, sobre suelo","thumbnail":"https:\/\/dev.codekraft.it\/ravaglioli.it\/wp-content\/uploads\/brb_media\/00509609_4-post-lift-rav4350-mi-150x150.png","url":"https:\/\/dev.codekraft.it\/ravaglioli.it\/es\/product\/elevador-de-4-columnas-rav4350\/"},{"id":154744,"mpn":"RAV.4401X.194572","name":"Elevador de 4 columnas RAV4401 230-400 V &#8211; 3 Ph &#8211; 60 Hz","description":"4,0 t, electrohidr\u00e1ulico, sim\u00e9trico, con pistas de nivel, longitud de pista 4460 mm, alineaci\u00f3n de ruedas opcional, sobre suelo | 3 x 230\/400 V \/ 60 Hz","thumbnail":"https:\/\/dev.codekraft.it\/ravaglioli.it\/wp-content\/uploads\/brb_media\/00509609_4-post-lift-rav4350-mi-150x150.png","url":"https:\/\/dev.codekraft.it\/ravaglioli.it\/es\/product\/elevador-de-4-columnas-rav4401-230-400-v-3-ph-60-hz\/"},{"id":154750,"mpn":"RAV.4405L.194411","name":"Elevador de 4 columnas RAV4405L","description":"4,0 t, electrohidr\u00e1ulico, sim\u00e9trico, con pistas de nivel, longitud de pista 5100 mm, alineaci\u00f3n de ruedas opcional, sobre suelo","thumbnail":"https:\/\/dev.codekraft.it\/ravaglioli.it\/wp-content\/uploads\/brb_media\/00509628_4-post-lift-rav4405l-mi-150x150.png","url":"https:\/\/dev.codekraft.it\/ravaglioli.it\/es\/product\/elevador-de-4-columnas-rav4405l\/"},{"id":155009,"mpn":"RAV.4501L.194251","name":"Elevador de 4 columnas RAV4501L","description":"5,0 t, electrohidr\u00e1ulico, sim\u00e9trico, con pistas de nivel, longitud de pista 5700 mm, alineaci\u00f3n de ruedas opcional, sobre suelo","thumbnail":"https:\/\/dev.codekraft.it\/ravaglioli.it\/wp-content\/uploads\/brb_media\/00509609_4-post-lift-rav4350-mi-150x150.png","url":"https:\/\/dev.codekraft.it\/ravaglioli.it\/es\/product\/elevador-de-4-columnas-rav4501l\/"},{"id":155214,"mpn":"RAV.4651L.194091","name":"Elevador de 4 columnas RAV4651L","description":"6,5 t, electrohidr\u00e1ulico, sim\u00e9trico, con pistas de nivel, longitud de pista 5700 mm, alineaci\u00f3n de ruedas opcional, sobre suelo","thumbnail":"https:\/\/dev.codekraft.it\/ravaglioli.it\/wp-content\/uploads\/brb_media\/00509609_4-post-lift-rav4350-mi-150x150.png","url":"https:\/\/dev.codekraft.it\/ravaglioli.it\/es\/product\/elevador-de-4-columnas-rav4651l\/"},{"id":155232,"mpn":"RAV.4800X.194381","name":"Elevador de 4 columnas RAV4800","description":"8,0 t, electrohidr\u00e1ulico, sim\u00e9trico, con pistas de nivel, longitud de pista 6000 mm, alineaci\u00f3n de ruedas opcional, sobre suelo","thumbnail":"https:\/\/dev.codekraft.it\/ravaglioli.it\/wp-content\/uploads\/brb_media\/00509627_4-post-lift-rav4800-mi-150x150.png","url":"https:\/\/dev.codekraft.it\/ravaglioli.it\/es\/product\/elevador-de-4-columnas-rav4800\/"}],"page_logo_src":"https:\/\/dev.codekraft.it\/ravaglioli.it\/wp-content\/uploads\/2026\/04\/rav-negative-logo-1.png","lang":"es","translations":{"es":154738,"en":154734,"de":154735,"fr":154736,"it":154737,"ru":154739},"pll_sync_post":[],"_links":{"self":[{"href":"https:\/\/dev.codekraft.it\/ravaglioli.it\/wp-json\/wp\/v2\/product\/154738","targetHints":{"allow":["GET"]}}],"collection":[{"href":"https:\/\/dev.codekraft.it\/ravaglioli.it\/wp-json\/wp\/v2\/product"}],"about":[{"href":"https:\/\/dev.codekraft.it\/ravaglioli.it\/wp-json\/wp\/v2\/types\/product"}],"wp:featuredmedia":[{"embeddable":true,"href":"https:\/\/dev.codekraft.it\/ravaglioli.it\/wp-json\/wp\/v2\/media\/37706"}],"wp:attachment":[{"href":"https:\/\/dev.codekraft.it\/ravaglioli.it\/wp-json\/wp\/v2\/media?parent=154738"}],"wp:term":[{"taxonomy":"product_brand","embeddable":true,"href":"https:\/\/dev.codekraft.it\/ravaglioli.it\/wp-json\/wp\/v2\/product_brand?post=154738"},{"taxonomy":"product_cat","embeddable":true,"href":"https:\/\/dev.codekraft.it\/ravaglioli.it\/wp-json\/wp\/v2\/product_cat?post=154738"},{"taxonomy":"product_tag","embeddable":true,"href":"https:\/\/dev.codekraft.it\/ravaglioli.it\/wp-json\/wp\/v2\/product_tag?post=154738"},{"taxonomy":"product_approvals","embeddable":true,"href":"https:\/\/dev.codekraft.it\/ravaglioli.it\/wp-json\/wp\/v2\/product_approvals?post=154738"},{"taxonomy":"product_application","embeddable":true,"href":"https:\/\/dev.codekraft.it\/ravaglioli.it\/wp-json\/wp\/v2\/product_application?post=154738"}],"curies":[{"name":"wp","href":"https:\/\/api.w.org\/{rel}","templated":true}]}}