{"id":154736,"date":"2025-12-12T15:10:01","date_gmt":"2025-12-12T15:10:01","guid":{"rendered":"https:\/\/dev.codekraft.it\/ravaglioli.it\/product\/pont-elevateur-a-4-colonnes-rav4401q\/"},"modified":"2026-01-14T21:46:33","modified_gmt":"2026-01-14T21:46:33","slug":"pont-elevateur-a-4-colonnes-rav4401q","status":"publish","type":"product","link":"https:\/\/dev.codekraft.it\/ravaglioli.it\/fr\/product\/pont-elevateur-a-4-colonnes-rav4401q\/","title":{"rendered":"Pont \u00e9l\u00e9vateur \u00e0 4 colonnes RAV4401Q"},"content":{"rendered":"<ul>\n<li>V\u00e9rin hydraulique \u00e0 l&#8217;int\u00e9rieur du chemin de roulement fixe et donc enti\u00e8rement prot\u00e9g\u00e9<\/li>\n<li>C\u00e2bles de levage \u00e0 haute r\u00e9sistance, galvanis\u00e9s et pr\u00e9-\u00e9tir\u00e9s<\/li>\n<li>Poulies de grand diam\u00e8tre avec douilles autolubrifiantes sans entretien<\/li>\n<li>Dispositifs d&#8217;appui m\u00e9canique (tous les 100 mm) \u00e0 enclenchement automatique et d\u00e9blocage pneumatique pour travailler en conditions de stationnement avec c\u00e2bles d\u00e9charg\u00e9s<\/li>\n<li>Dispositifs parachutes \u00e0 intervention imm\u00e9diate en cas de rupture d&#8217;un c\u00e2ble portant<\/li>\n<li>Dispositif de signalisation sonore anti-\u00e9crasement \u00e0 activation automatique \u00e0 la fin de la descente<\/li>\n<li>Dispositifs de s\u00e9curit\u00e9 m\u00e9caniques, \u00e9lectriques et hydrauliques conformes \u00e0 la norme CE<\/li>\n<li>Installation \u00e9lectrique avec circuit de commande en basse tension (24 V)<\/li>\n<\/ul>\n<ul>\n<li>Version avec chemins de roulement plats<\/li>\n<\/ul>\n","protected":false},"excerpt":{"rendered":"<p>4,0 t, \u00e9lectrohydraulique, sym\u00e9trique, avec voies de niveau, longueur de chemin 4460 mm, alignement des roues en option, au-dessus du sol, TEq-Link<\/p>\n","protected":false},"featured_media":37706,"template":"","meta":[],"product_brand":[],"product_cat":[57962],"product_tag":[58326,58290],"product_approvals":[],"product_application":[],"class_list":{"0":"post-154736","1":"product","2":"type-product","3":"status-publish","4":"has-post-thumbnail","6":"product_cat-ponts-elevateurs-a-4-colonnes-fr","7":"product_tag-light-commercial-fr","8":"product_tag-passenger-cars-fr","10":"first","11":"instock","12":"shipping-taxable","13":"product-type-simple"},"approvals":[],"application":[],"brb_media_brochure":[{"id":150607,"url":"https:\/\/dev.codekraft.it\/ravaglioli.it\/wp-content\/uploads\/brb_media\/00522310_4-post-lift-rav4000-br-multi-2024-03-screen.pdf","title":"4 post lift RAV4000 BR multi 2024 03 screen","mpn":"","thumbnail":"https:\/\/dev.codekraft.it\/ravaglioli.it\/wp-content\/uploads\/brb_media\/00522310_4-post-lift-rav4000-br-multi-2024-03-screen-pdf-106x150.png","description":""}],"brb_media_drawing":"","brb_media_manuals":"","brb_media_safety_datasheets":"","brb_media_spare_parts":[],"_cdmm_p_id":"502853","_company":"Ravaglioli","_gtin":"5063084194329","accessories":[{"id":154724,"mpn":"VSG.J17XX.901989","name":"Traverse de levage J17X","description":"2,0 t, Hydraulique, avec pompe manuelle | pour tous pont \u00e9l\u00e9vateures \u00e0 4 colonnes \u00e9l\u00e9ctrohydrauliques \/ \u00e0 ciseaux","thumbnail":"https:\/\/dev.codekraft.it\/ravaglioli.it\/wp-content\/uploads\/brb_media\/00508586_jacking-beam-js17-20-mi-150x150.png","url":"https:\/\/dev.codekraft.it\/ravaglioli.it\/fr\/product\/traverse-de-levage-j17x\/"},{"id":153974,"mpn":"VSG.J20NX.901941","name":"Traverse de levage J20NX","description":"2,0 t, hydraulique, actionnement par pompe manuelle","thumbnail":"https:\/\/dev.codekraft.it\/ravaglioli.it\/wp-content\/uploads\/brb_media\/00508587_jacking-beam-j20pnx-mi-01-150x150.png","url":"https:\/\/dev.codekraft.it\/ravaglioli.it\/fr\/product\/traverse-de-levage-j20nx\/"},{"id":153980,"mpn":"VSG.J20PN.901767","name":"Traverse de levage J20PNX","description":"2,0 t, hydropneumatique","thumbnail":"https:\/\/dev.codekraft.it\/ravaglioli.it\/wp-content\/uploads\/brb_media\/00508587_jacking-beam-j20pnx-mi-01-150x150.png","url":"https:\/\/dev.codekraft.it\/ravaglioli.it\/fr\/product\/traverse-de-levage-j20pnx\/"},{"id":153986,"mpn":"VSG.J20PN.901682","name":"Traverse de levage J20PNXL","description":"2,0 t, hydropneumatique","thumbnail":"https:\/\/dev.codekraft.it\/ravaglioli.it\/wp-content\/uploads\/brb_media\/00508587_jacking-beam-j20pnx-mi-01-150x150.png","url":"https:\/\/dev.codekraft.it\/ravaglioli.it\/fr\/product\/traverse-de-levage-j20pnxl\/"},{"id":153992,"mpn":"VSG.J20PN.901583","name":"Traverse de levage J20PNR","description":"2,0 t, hydropneumatique","thumbnail":"https:\/\/dev.codekraft.it\/ravaglioli.it\/wp-content\/uploads\/brb_media\/00508587_jacking-beam-j20pnx-mi-01-150x150.png","url":"https:\/\/dev.codekraft.it\/ravaglioli.it\/fr\/product\/traverse-de-levage-j20pnr\/"},{"id":153998,"mpn":"VSG.J20PN.901422","name":"Traverse de levage J20PNRL","description":"2,0 t, hydropneumatique","thumbnail":"https:\/\/dev.codekraft.it\/ravaglioli.it\/wp-content\/uploads\/brb_media\/00508587_jacking-beam-j20pnx-mi-01-150x150.png","url":"https:\/\/dev.codekraft.it\/ravaglioli.it\/fr\/product\/traverse-de-levage-j20pnrl\/"},{"id":154034,"mpn":"VSG.J30PK.902368","name":"Traverse de levage J30PKL","description":"3,0 t, hydropneumatique","thumbnail":"https:\/\/dev.codekraft.it\/ravaglioli.it\/wp-content\/uploads\/brb_media\/00508589_jacking-beam-j30pxl-mi-150x150.png","url":"https:\/\/dev.codekraft.it\/ravaglioli.it\/fr\/product\/traverse-de-levage-j30pkl\/"},{"id":154040,"mpn":"VSG.J30XX.901514","name":"Traverse de levage J30X","description":"3,0 t, hydraulique, actionnement par pompe manuelle","thumbnail":"https:\/\/dev.codekraft.it\/ravaglioli.it\/wp-content\/uploads\/brb_media\/00508589_jacking-beam-j30pxl-mi-150x150.png","url":"https:\/\/dev.codekraft.it\/ravaglioli.it\/fr\/product\/traverse-de-levage-j30x\/"},{"id":154046,"mpn":"VSG.J30PX.901781","name":"Traverse de levage J30PX","description":"3,0 t, hydropneumatique","thumbnail":"https:\/\/dev.codekraft.it\/ravaglioli.it\/wp-content\/uploads\/brb_media\/00508589_jacking-beam-j30pxl-mi-150x150.png","url":"https:\/\/dev.codekraft.it\/ravaglioli.it\/fr\/product\/traverse-de-levage-j30px\/"},{"id":154052,"mpn":"VSG.J30PX.901804","name":"Traverse de levage J30PXL","description":"3,0 t, hydropneumatique","thumbnail":"https:\/\/dev.codekraft.it\/ravaglioli.it\/wp-content\/uploads\/brb_media\/00508589_jacking-beam-j30pxl-mi-150x150.png","url":"https:\/\/dev.codekraft.it\/ravaglioli.it\/fr\/product\/traverse-de-levage-j30pxl\/"},{"id":154058,"mpn":"VSG.J30PR.901392","name":"Traverse de levage J30PR","description":"3,0 t, hydropneumatique","thumbnail":"https:\/\/dev.codekraft.it\/ravaglioli.it\/wp-content\/uploads\/brb_media\/00508589_jacking-beam-j30pxl-mi-150x150.png","url":"https:\/\/dev.codekraft.it\/ravaglioli.it\/fr\/product\/traverse-de-levage-j30pr\/"},{"id":154064,"mpn":"VSG.J30PR.901828","name":"Traverse de levage J30PRL","description":"3,0 t, hydropneumatique","thumbnail":"https:\/\/dev.codekraft.it\/ravaglioli.it\/wp-content\/uploads\/brb_media\/00508589_jacking-beam-j30pxl-mi-150x150.png","url":"https:\/\/dev.codekraft.it\/ravaglioli.it\/fr\/product\/traverse-de-levage-j30prl\/"},{"id":154070,"mpn":"VSG.J40PR.901965","name":"Traverse de levage J40PRL","description":"4,0 t, hydropneumatique","thumbnail":"https:\/\/dev.codekraft.it\/ravaglioli.it\/wp-content\/uploads\/brb_media\/00508590_jacking-beam-j40pxl-mi-150x150.png","url":"https:\/\/dev.codekraft.it\/ravaglioli.it\/fr\/product\/traverse-de-levage-j40prl\/"},{"id":154076,"mpn":"VSG.J40PX.902191","name":"Traverse de levage J40PXL","description":"4,0 t, hydropneumatique","thumbnail":"https:\/\/dev.codekraft.it\/ravaglioli.it\/wp-content\/uploads\/brb_media\/00508590_jacking-beam-j40pxl-mi-150x150.png","url":"https:\/\/dev.codekraft.it\/ravaglioli.it\/fr\/product\/traverse-de-levage-j40pxl\/"},{"id":154082,"mpn":"VSG.J40PK.901880","name":"Traverse de levage J40PKL","description":"4,0 t, hydropneumatique","thumbnail":"https:\/\/dev.codekraft.it\/ravaglioli.it\/wp-content\/uploads\/brb_media\/00508590_jacking-beam-j40pxl-mi-150x150.png","url":"https:\/\/dev.codekraft.it\/ravaglioli.it\/fr\/product\/traverse-de-levage-j40pkl\/"},{"id":154088,"mpn":"VSG.J40PY.902214","name":"Traverse de levage J40PY","description":"4,0 t, hydropneumatique","thumbnail":"https:\/\/dev.codekraft.it\/ravaglioli.it\/wp-content\/uploads\/brb_media\/00508590_jacking-beam-j40pxl-mi-150x150.png","url":"https:\/\/dev.codekraft.it\/ravaglioli.it\/fr\/product\/traverse-de-levage-j40py\/"},{"id":154094,"mpn":"VSG.J50PH.902177","name":"Traverse de levage J50PHA","description":"5,0 t, hydropneumatique","thumbnail":"https:\/\/dev.codekraft.it\/ravaglioli.it\/wp-content\/uploads\/brb_media\/00508591_jacking-beam-j50pha-mi-150x150.png","url":"https:\/\/dev.codekraft.it\/ravaglioli.it\/fr\/product\/traverse-de-levage-j50pha\/"},{"id":152856,"mpn":"S4351A2","name":"Kit de rampes d&#039;acc\u00e8s","description":"Longues, 1100 mm | pour ponts \u00e9l\u00e9vateur \u00e0 quatre colonnes RAV4401, RAV4402, RAV4401SI | 1 paire","thumbnail":"https:\/\/dev.codekraft.it\/ravaglioli.it\/wp-content\/uploads\/brb_media\/00549235_4-post-lift-s4351a2-mi-150x150.png","url":"https:\/\/dev.codekraft.it\/ravaglioli.it\/fr\/product\/kit-de-rampes-dacces-4\/"},{"id":153799,"mpn":"S4351A1","name":"Kit de rampes de passage pour RAV4401, RAV4402, RAV4401SI","description":"1 paire","thumbnail":"https:\/\/dev.codekraft.it\/ravaglioli.it\/wp-content\/uploads\/brb_media\/00506777_s4502lsia1-150x150.png","url":"https:\/\/dev.codekraft.it\/ravaglioli.it\/fr\/product\/kit-de-rampes-de-passage-pour-rav4401-rav4402-rav4401si\/"},{"id":153793,"mpn":"S401A8","name":"Couverture colonnes pour pont \u00e9l\u00e9vateur \u00e0 quatre colonnes","description":"","thumbnail":"https:\/\/dev.codekraft.it\/ravaglioli.it\/wp-content\/uploads\/brb_media\/00506776_s401a8-150x150.png","url":"https:\/\/dev.codekraft.it\/ravaglioli.it\/fr\/product\/couverture-colonnes-pour-pont-elevateur-a-quatre-colonnes\/"},{"id":153114,"mpn":"STDA140","name":"Kit pour le logement des plateaux tournants | plateaux exclus | 1 jeu","description":"Pour RAV4350, RAV4401, RAV4405L, RAV4501L, RAV4651L, RAV4800","thumbnail":"https:\/\/dev.codekraft.it\/ravaglioli.it\/wp-content\/uploads\/brb_media\/00535627_4-post-lifts-stda140-mi-150x150.png","url":"https:\/\/dev.codekraft.it\/ravaglioli.it\/fr\/product\/kit-pour-le-logement-des-plateaux-tournants-plateaux-exclus-1-jeu\/"},{"id":153198,"mpn":"S505A7","name":"Tampons en caoutchouc","description":"20 mm | adapt\u00e9 pour RAV.640N1.193391, RAV.650N1.193742, RAV.650N2.193858, RAV.650N2.193520, RAV.650N2.193667, RAV.650N6.193964, RAV.650N5.193902, RAV.660N2.193360, RAV.650N5.193018, RAV.650N6.193025, RAV.640N5.193049, RAV.640N4.192998, RAV.640N3.192981, RAV.650N2.193384 et RAV.650N5.193919 | 1 jeu \/ 4 pi\u00e8ces","thumbnail":"https:\/\/dev.codekraft.it\/ravaglioli.it\/wp-content\/uploads\/brb_media\/00509683_s505a7-mi-150x150.png","url":"https:\/\/dev.codekraft.it\/ravaglioli.it\/fr\/product\/tampons-en-caoutchouc-2\/"},{"id":153210,"mpn":"S505A6","name":"Tampons en caoutchouc","description":"40 mm | adapt\u00e9 pour RAV.640N1.193391, RAV.650N1.193742, RAV.650N2.193858, RAV.650N2.193520, RAV.650N2.193667, RAV.650N6.193964, RAV.650N5.193902, RAV.660N2.193360, RAV.650N5.193018, RAV.650N6.193025, RAV.640N5.193049, RAV.640N4.192998, RAV.640N3.192981, RAV.650N2.193384 et RAV.650N5.193919 | 1 jeu \/ 4 pi\u00e8ces","thumbnail":"https:\/\/dev.codekraft.it\/ravaglioli.it\/wp-content\/uploads\/brb_media\/00509684_s505a6-mi-150x150.png","url":"https:\/\/dev.codekraft.it\/ravaglioli.it\/fr\/product\/tampons-en-caoutchouc-4\/"},{"id":153216,"mpn":"S505A9","name":"Tampons en caoutchouc","description":"60 mm | adapt\u00e9 pour RAV.640N1.193391, RAV.650N1.193742, RAV.650N6.193964, RAV.660N2.193360, RAV.650N6.193025, RAV.640N5.193049 et RAV.640N4.192998 | 1 jeu \/ 4 pi\u00e8ces","thumbnail":"https:\/\/dev.codekraft.it\/ravaglioli.it\/wp-content\/uploads\/brb_media\/00509685_s505a9-mi-150x150.png","url":"https:\/\/dev.codekraft.it\/ravaglioli.it\/fr\/product\/tampons-en-caoutchouc-5\/"},{"id":153192,"mpn":"S505A5","name":"Tampons en caoutchouc","description":"120 mm | adapt\u00e9 pour RAV.640N1.193391, RAV.650N1.193742, RAV.650N2.193858, RAV.650N2.193520, RAV.650N2.193667, RAV.650N6.193964, RAV.650N5.193902, RAV.660N2.193360, RAV.650N5.193018, RAV.650N6.193025, RAV.640N5.193049, RAV.640N4.192998, RAV.640N3.192981, RAV.650N2.193384 et RAV.650N5.193919 | 1 jeu \/ 4 pi\u00e8ces","thumbnail":"https:\/\/dev.codekraft.it\/ravaglioli.it\/wp-content\/uploads\/brb_media\/00509685_s505a9-mi-150x150.png","url":"https:\/\/dev.codekraft.it\/ravaglioli.it\/fr\/product\/tampons-en-caoutchouc\/"},{"id":152191,"mpn":"S505A2","name":"Traverses pour XS30-CAT","description":"Pour v\u00e9hicules tout-terrain | 1 jeu \/ 2 pi\u00e8ces","thumbnail":"https:\/\/dev.codekraft.it\/ravaglioli.it\/wp-content\/uploads\/brb_media\/00509455_scissor-lift-s505a2-mi-150x150.png","url":"https:\/\/dev.codekraft.it\/ravaglioli.it\/fr\/product\/traverses-pour-xs30-cat\/"},{"id":153204,"mpn":"S505A1","name":"Tampons en caoutchouc","description":"200 mm | adapt\u00e9 pour RAV.640N1.193391, RAV.650N1.193742, RAV.650N2.193858, RAV.650N2.193520, RAV.650N2.193667, RAV.650N6.193964, RAV.650N5.193902, RAV.660N2.193360, RAV.650N5.193018, RAV.650N6.193025, RAV.640N5.193049, RAV.640N4.192998, RAV.640N3.192981, RAV.650N2.193384 et RAV.650N5.193919 | 1 jeu \/ 4 pi\u00e8ces","thumbnail":"https:\/\/dev.codekraft.it\/ravaglioli.it\/wp-content\/uploads\/brb_media\/00507088_s505a1-150x150.png","url":"https:\/\/dev.codekraft.it\/ravaglioli.it\/fr\/product\/tampons-en-caoutchouc-3\/"},{"id":155783,"mpn":"VSG.J50PH.902238","name":"Traverse de levage J50PHT","description":"5 t, 392\u00a0mm course, hydropneumatique, f\u00fbt t\u00e9lescopique, roulement \u00e0 rouleaux dans la voie, alimentation en air sur site","thumbnail":"https:\/\/dev.codekraft.it\/ravaglioli.it\/wp-content\/uploads\/brb_media\/00511153_jacking-beam-j50pht-mi-150x150.png","url":"https:\/\/dev.codekraft.it\/ravaglioli.it\/fr\/product\/traverse-de-levage-j50pht\/"}],"components":[],"delivery":[],"package":[],"related":[],"similar":[{"id":154730,"mpn":"RAV.4401X.194138","name":"Pont \u00e9l\u00e9vateur \u00e0 4 colonnes RAV4401","description":"4,0 t, \u00e9lectrohydraulique, sym\u00e9trique, avec voies de niveau, longueur de chemin 4460 mm, alignement des roues en option, au-dessus du sol","thumbnail":"https:\/\/dev.codekraft.it\/ravaglioli.it\/wp-content\/uploads\/brb_media\/00509609_4-post-lift-rav4350-mi-150x150.png","url":"https:\/\/dev.codekraft.it\/ravaglioli.it\/fr\/product\/pont-elevateur-a-4-colonnes-rav4401\/"},{"id":154718,"mpn":"RAV.4350X.194022","name":"Pont \u00e9l\u00e9vateur \u00e0 4 colonnes RAV4350","description":"3,5 t, \u00e9lectrohydraulique, sym\u00e9trique, avec voies de niveau, longueur de chemin 4300 mm, alignement des roues en option, au-dessus du sol","thumbnail":"https:\/\/dev.codekraft.it\/ravaglioli.it\/wp-content\/uploads\/brb_media\/00509609_4-post-lift-rav4350-mi-150x150.png","url":"https:\/\/dev.codekraft.it\/ravaglioli.it\/fr\/product\/pont-elevateur-a-4-colonnes-rav4350\/"},{"id":154742,"mpn":"RAV.4401X.194572","name":"Pont \u00e9l\u00e9vateur \u00e0 4 colonnes RAV4401 230-400 V &#8211; 3 Ph &#8211; 60 Hz","description":"4,0 t, \u00e9lectrohydraulique, sym\u00e9trique, avec voies de niveau, longueur de chemin 4460 mm, alignement des roues en option, au-dessus du sol | 3 x 230\/400 V \/ 60 Hz","thumbnail":"https:\/\/dev.codekraft.it\/ravaglioli.it\/wp-content\/uploads\/brb_media\/00509609_4-post-lift-rav4350-mi-150x150.png","url":"https:\/\/dev.codekraft.it\/ravaglioli.it\/fr\/product\/pont-elevateur-a-4-colonnes-rav4401-230-400-v-3-ph-60-hz\/"},{"id":154748,"mpn":"RAV.4405L.194411","name":"Pont \u00e9l\u00e9vateur \u00e0 4 colonnes RAV4405L","description":"4,0 t, \u00e9lectrohydraulique, sym\u00e9trique, avec voies de niveau, longueur de chemin 5100 mm, alignement des roues en option, au-dessus du sol","thumbnail":"https:\/\/dev.codekraft.it\/ravaglioli.it\/wp-content\/uploads\/brb_media\/00509628_4-post-lift-rav4405l-mi-150x150.png","url":"https:\/\/dev.codekraft.it\/ravaglioli.it\/fr\/product\/pont-elevateur-a-4-colonnes-rav4405l\/"},{"id":155007,"mpn":"RAV.4501L.194251","name":"Pont \u00e9l\u00e9vateur \u00e0 4 colonnes RAV4501L","description":"5,0 t, \u00e9lectrohydraulique, sym\u00e9trique, avec voies de niveau, longueur de chemin 5700 mm, alignement des roues en option, au-dessus du sol","thumbnail":"https:\/\/dev.codekraft.it\/ravaglioli.it\/wp-content\/uploads\/brb_media\/00509609_4-post-lift-rav4350-mi-150x150.png","url":"https:\/\/dev.codekraft.it\/ravaglioli.it\/fr\/product\/pont-elevateur-a-4-colonnes-rav4501l\/"},{"id":155212,"mpn":"RAV.4651L.194091","name":"Pont \u00e9l\u00e9vateur \u00e0 4 colonnes RAV4651L","description":"6,5 t, \u00e9lectrohydraulique, sym\u00e9trique, avec voies de niveau, longueur de chemin 5700 mm, alignement des roues en option, au-dessus du sol","thumbnail":"https:\/\/dev.codekraft.it\/ravaglioli.it\/wp-content\/uploads\/brb_media\/00509609_4-post-lift-rav4350-mi-150x150.png","url":"https:\/\/dev.codekraft.it\/ravaglioli.it\/fr\/product\/pont-elevateur-a-4-colonnes-rav4651l\/"},{"id":155230,"mpn":"RAV.4800X.194381","name":"Pont \u00e9l\u00e9vateur \u00e0 4 colonnes RAV4800","description":"8,0 t, \u00e9lectrohydraulique, sym\u00e9trique, avec voies de niveau, longueur de chemin 6000 mm, alignement des roues en option, au-dessus du sol","thumbnail":"https:\/\/dev.codekraft.it\/ravaglioli.it\/wp-content\/uploads\/brb_media\/00509627_4-post-lift-rav4800-mi-150x150.png","url":"https:\/\/dev.codekraft.it\/ravaglioli.it\/fr\/product\/pont-elevateur-a-4-colonnes-rav4800\/"}],"page_logo_src":"https:\/\/dev.codekraft.it\/ravaglioli.it\/wp-content\/uploads\/2026\/04\/rav-negative-logo-1.png","lang":"fr","translations":{"fr":154736,"en":154734,"de":154735,"it":154737,"es":154738,"ru":154739},"pll_sync_post":[],"_links":{"self":[{"href":"https:\/\/dev.codekraft.it\/ravaglioli.it\/wp-json\/wp\/v2\/product\/154736","targetHints":{"allow":["GET"]}}],"collection":[{"href":"https:\/\/dev.codekraft.it\/ravaglioli.it\/wp-json\/wp\/v2\/product"}],"about":[{"href":"https:\/\/dev.codekraft.it\/ravaglioli.it\/wp-json\/wp\/v2\/types\/product"}],"wp:featuredmedia":[{"embeddable":true,"href":"https:\/\/dev.codekraft.it\/ravaglioli.it\/wp-json\/wp\/v2\/media\/37706"}],"wp:attachment":[{"href":"https:\/\/dev.codekraft.it\/ravaglioli.it\/wp-json\/wp\/v2\/media?parent=154736"}],"wp:term":[{"taxonomy":"product_brand","embeddable":true,"href":"https:\/\/dev.codekraft.it\/ravaglioli.it\/wp-json\/wp\/v2\/product_brand?post=154736"},{"taxonomy":"product_cat","embeddable":true,"href":"https:\/\/dev.codekraft.it\/ravaglioli.it\/wp-json\/wp\/v2\/product_cat?post=154736"},{"taxonomy":"product_tag","embeddable":true,"href":"https:\/\/dev.codekraft.it\/ravaglioli.it\/wp-json\/wp\/v2\/product_tag?post=154736"},{"taxonomy":"product_approvals","embeddable":true,"href":"https:\/\/dev.codekraft.it\/ravaglioli.it\/wp-json\/wp\/v2\/product_approvals?post=154736"},{"taxonomy":"product_application","embeddable":true,"href":"https:\/\/dev.codekraft.it\/ravaglioli.it\/wp-json\/wp\/v2\/product_application?post=154736"}],"curies":[{"name":"wp","href":"https:\/\/api.w.org\/{rel}","templated":true}]}}