{"id":154684,"date":"2025-09-08T09:01:42","date_gmt":"2025-09-08T08:01:42","guid":{"rendered":"https:\/\/dev.codekraft.it\/ravaglioli.it\/product\/carro-de-transporte-para-ruedas-gr20-easy-lift\/"},"modified":"2026-01-14T21:45:19","modified_gmt":"2026-01-14T21:45:19","slug":"carro-de-transporte-para-ruedas-gr20-easy-lift","status":"publish","type":"product","link":"https:\/\/dev.codekraft.it\/ravaglioli.it\/es\/product\/carro-de-transporte-para-ruedas-gr20-easy-lift\/","title":{"rendered":"Carro de transporte para ruedas GR20 | Easy Lift"},"content":{"rendered":"<p>El\u00a0GR20 Wheel Trolley Easy Lift\u00a0es nuestro nuevo invento &#8211; El la variante m\u00e1s ergon\u00f3mica de nuestra gama de carros.<\/p>\n<ul>\n<li>Es un carro elevado con ruedas que usa resortes para subir y bajar dependiendo de la carga, una caracter\u00edstica ingeniosa si desea evitar levantar objetos pesados \u200b\u200by aliviar la tensi\u00f3n en las rodillas y la espalda.<\/li>\n<li>El carro est\u00e1 dise\u00f1ado para 4 ruedas y se puede utilizar, entre otras cosas,\n<ul>\n<li>para el montaje y desmontaje de ruedas.<\/li>\n<li>para su uso en soportes de neum\u00e1ticos.<\/li>\n<li>para el transporte ergon\u00f3mico a la m\u00e1quina de cambio de neum\u00e1ticos.<\/li>\n<\/ul>\n<\/li>\n<li>Con solo una peque\u00f1a inversi\u00f3n, el carro con ruedas Easy Lift puede mejorar significativamente el entorno de trabajo ergon\u00f3mico al manipular neum\u00e1ticos.<\/li>\n<\/ul>\n<ul>\n<li>Regula la altura en relaci\u00f3n con la carga<\/li>\n<li>Dise\u00f1ado para 4 ruedas<\/li>\n<li>Con 4 ruedas, 2 de las cuales tienen frenos de rueda<\/li>\n<li>Mejora la ergonom\u00eda al manipular neum\u00e1ticos<\/li>\n<li>Hasta 4 carros apilables (2 carros m\u00e1s bajos, luego plegados)<\/li>\n<\/ul>\n","protected":false},"excerpt":{"rendered":"<p>Con ajuste autom\u00e1tico de la altura en funci\u00f3n de la carga | capacidad de carga 180 kg<\/p>\n","protected":false},"featured_media":43826,"template":"","meta":[],"product_brand":[],"product_cat":[58142],"product_tag":[58296,58332],"product_approvals":[],"product_application":[],"class_list":{"0":"post-154684","1":"product","2":"type-product","3":"status-publish","4":"has-post-thumbnail","6":"product_cat-equipos-para-neumatiqueros-es","7":"product_tag-passenger-cars-es","8":"product_tag-light-commercial-es","10":"first","11":"instock","12":"shipping-taxable","13":"product-type-simple"},"approvals":[],"application":[],"brb_media_brochure":[{"id":38194,"url":"https:\/\/dev.codekraft.it\/ravaglioli.it\/wp-content\/uploads\/brb_media\/00509486_wheel-lifts-gr80ws-gr20-gar324-325-br-multi-2023-05-screen.pdf","title":"Wheel lifts GR80WS GR20 GAR324 325 BR multi 2023 05 screen","mpn":"","thumbnail":"https:\/\/dev.codekraft.it\/ravaglioli.it\/wp-content\/uploads\/brb_media\/00509486_wheel-lifts-gr80ws-gr20-gar324-325-br-multi-2023-05-screen-pdf-106x150.png","description":""}],"brb_media_drawing":"","brb_media_manuals":"","brb_media_safety_datasheets":"","brb_media_spare_parts":[],"_cdmm_p_id":"502810","_company":"Ravaglioli","_gtin":"4057612811995","accessories":[],"components":[],"delivery":[],"package":[],"related":[],"similar":[{"id":154678,"mpn":"GR80WS","name":"Carro de montaje de ruedas GR80WS","description":"Accionado por bater\u00eda, capacidad de carga 80 kg","thumbnail":"https:\/\/dev.codekraft.it\/ravaglioli.it\/wp-content\/uploads\/brb_media\/00509488_wheel-lift-gr80ws-mi-150x150.png","url":"https:\/\/dev.codekraft.it\/ravaglioli.it\/es\/product\/carro-de-montaje-de-ruedas-gr80ws\/"},{"id":155361,"mpn":"GAR324","name":"Elevador para ruedas con equilibrado autom\u00e1tico del peso rueda","description":"80 kg, turismo","thumbnail":"https:\/\/dev.codekraft.it\/ravaglioli.it\/wp-content\/uploads\/brb_media\/00509271_wheel-balancer-gar324-mi-150x150.png","url":"https:\/\/dev.codekraft.it\/ravaglioli.it\/es\/product\/elevador-para-ruedas-con-equilibrado-automatico-del-peso-rueda\/"},{"id":155349,"mpn":"GAR325","name":"Elevador para ruedas Standard","description":"80 kg, turismo","thumbnail":"https:\/\/dev.codekraft.it\/ravaglioli.it\/wp-content\/uploads\/brb_media\/00373626_wheel-balancer-standard-wheel-lift-di-150x150.png","url":"https:\/\/dev.codekraft.it\/ravaglioli.it\/es\/product\/elevador-para-ruedas-standard\/"}],"page_logo_src":"https:\/\/dev.codekraft.it\/ravaglioli.it\/wp-content\/uploads\/2026\/04\/rav-negative-logo-1.png","lang":"es","translations":{"es":154684,"en":154680,"de":154681,"fr":154682,"it":154683,"ru":154685},"pll_sync_post":[],"_links":{"self":[{"href":"https:\/\/dev.codekraft.it\/ravaglioli.it\/wp-json\/wp\/v2\/product\/154684","targetHints":{"allow":["GET"]}}],"collection":[{"href":"https:\/\/dev.codekraft.it\/ravaglioli.it\/wp-json\/wp\/v2\/product"}],"about":[{"href":"https:\/\/dev.codekraft.it\/ravaglioli.it\/wp-json\/wp\/v2\/types\/product"}],"wp:featuredmedia":[{"embeddable":true,"href":"https:\/\/dev.codekraft.it\/ravaglioli.it\/wp-json\/wp\/v2\/media\/43826"}],"wp:attachment":[{"href":"https:\/\/dev.codekraft.it\/ravaglioli.it\/wp-json\/wp\/v2\/media?parent=154684"}],"wp:term":[{"taxonomy":"product_brand","embeddable":true,"href":"https:\/\/dev.codekraft.it\/ravaglioli.it\/wp-json\/wp\/v2\/product_brand?post=154684"},{"taxonomy":"product_cat","embeddable":true,"href":"https:\/\/dev.codekraft.it\/ravaglioli.it\/wp-json\/wp\/v2\/product_cat?post=154684"},{"taxonomy":"product_tag","embeddable":true,"href":"https:\/\/dev.codekraft.it\/ravaglioli.it\/wp-json\/wp\/v2\/product_tag?post=154684"},{"taxonomy":"product_approvals","embeddable":true,"href":"https:\/\/dev.codekraft.it\/ravaglioli.it\/wp-json\/wp\/v2\/product_approvals?post=154684"},{"taxonomy":"product_application","embeddable":true,"href":"https:\/\/dev.codekraft.it\/ravaglioli.it\/wp-json\/wp\/v2\/product_application?post=154684"}],"curies":[{"name":"wp","href":"https:\/\/api.w.org\/{rel}","templated":true}]}}