{"id":154682,"date":"2025-09-08T09:01:42","date_gmt":"2025-09-08T08:01:42","guid":{"rendered":"https:\/\/dev.codekraft.it\/ravaglioli.it\/product\/chariot-a-roues-gr20-easy-lift\/"},"modified":"2026-01-14T21:45:18","modified_gmt":"2026-01-14T21:45:18","slug":"chariot-a-roues-gr20-easy-lift","status":"publish","type":"product","link":"https:\/\/dev.codekraft.it\/ravaglioli.it\/fr\/product\/chariot-a-roues-gr20-easy-lift\/","title":{"rendered":"Chariot \u00e0 roues GR20 | Easy Lift"},"content":{"rendered":"<p>Le GR20 Wheel Trolley Easy Lift est notre toute nouvelle invention. C&#8217;est la variante la plus ergonomique de notre gamme de chariots.<\/p>\n<ul>\n<li>\n<p>C&#8217;est un chariot sur\u00e9lev\u00e9 qui utilise des ressorts pour se soulever et s&#8217;abaisser en fonction de la charge &#8211; une fonctionnalit\u00e9 brillante si vous voulez \u00e9viter de soulever de lourdes charges et que vous voulez soulager la tension sur vos genoux et votre dos.<\/p>\n<\/li>\n<li>Le chariot est pr\u00e9vu pour 4 roues et peut \u00eatre utilis\u00e9, entre autres, pour\n<ul>\n<li>le montage et le d\u00e9montage des roues.<\/li>\n<li>une utilisation sur des supports de pneus.<\/li>\n<li>un transport ergonomique vers la machine de changement de pneus.<\/li>\n<\/ul>\n<\/li>\n<li>Avec juste un petit investissement, le chariot \u00e0 roues Easy Lift peut am\u00e9liorer consid\u00e9rablement l&#8217;environnement de travail ergonomique lors de la manipulation des pneus.<\/li>\n<\/ul>\n<ul>\n<li>Ajuste la hauteur par rapport \u00e0 la charge<\/li>\n<li>Con\u00e7u pour 4 roues<\/li>\n<li>Avec 4 roulettes, dont 2 avec frein de stationnement<\/li>\n<li>Am\u00e9liore l&#8217;ergonomie lors de la manipulation des pneus<\/li>\n<li>Empilable jusqu&#8217;\u00e0 4 pi\u00e8ces &#8211; les 2 pi\u00e8ces du bas sont pli\u00e9es ensemble<\/li>\n<\/ul>\n","protected":false},"excerpt":{"rendered":"<p>Avec r\u00e9glage automatique de la hauteur en fonction de la charge | capacit\u00e9 de chargement 180 kg<\/p>\n","protected":false},"featured_media":43826,"template":"","meta":[],"product_brand":[],"product_cat":[58118],"product_tag":[58326,58290],"product_approvals":[],"product_application":[],"class_list":{"0":"post-154682","1":"product","2":"type-product","3":"status-publish","4":"has-post-thumbnail","6":"product_cat-equipements-pour-pneumaticiens-fr","7":"product_tag-light-commercial-fr","8":"product_tag-passenger-cars-fr","10":"first","11":"instock","12":"shipping-taxable","13":"product-type-simple"},"approvals":[],"application":[],"brb_media_brochure":[{"id":38194,"url":"https:\/\/dev.codekraft.it\/ravaglioli.it\/wp-content\/uploads\/brb_media\/00509486_wheel-lifts-gr80ws-gr20-gar324-325-br-multi-2023-05-screen.pdf","title":"Wheel lifts GR80WS GR20 GAR324 325 BR multi 2023 05 screen","mpn":"","thumbnail":"https:\/\/dev.codekraft.it\/ravaglioli.it\/wp-content\/uploads\/brb_media\/00509486_wheel-lifts-gr80ws-gr20-gar324-325-br-multi-2023-05-screen-pdf-106x150.png","description":""}],"brb_media_drawing":"","brb_media_manuals":"","brb_media_safety_datasheets":"","brb_media_spare_parts":[],"_cdmm_p_id":"502810","_company":"Ravaglioli","_gtin":"4057612811995","accessories":[],"components":[],"delivery":[],"package":[],"related":[],"similar":[{"id":154676,"mpn":"GR80WS","name":"Chariot de montage de roue GR80WS","description":"Fonctionnant sur batterie, capacit\u00e9 80 kg","thumbnail":"https:\/\/dev.codekraft.it\/ravaglioli.it\/wp-content\/uploads\/brb_media\/00509488_wheel-lift-gr80ws-mi-150x150.png","url":"https:\/\/dev.codekraft.it\/ravaglioli.it\/fr\/product\/chariot-de-montage-de-roue-gr80ws\/"},{"id":155359,"mpn":"GAR324","name":"El\u00e9vateur pour roues avec compensation automatique du poids de la roue","description":"80 kg, voiture de tourisme","thumbnail":"https:\/\/dev.codekraft.it\/ravaglioli.it\/wp-content\/uploads\/brb_media\/00509271_wheel-balancer-gar324-mi-150x150.png","url":"https:\/\/dev.codekraft.it\/ravaglioli.it\/fr\/product\/elevateur-pour-roues-avec-compensation-automatique-du-poids-de-la-roue\/"},{"id":155347,"mpn":"GAR325","name":"El\u00e9vateur pour roues Standard","description":"80 kg, voiture de tourisme","thumbnail":"https:\/\/dev.codekraft.it\/ravaglioli.it\/wp-content\/uploads\/brb_media\/00373626_wheel-balancer-standard-wheel-lift-di-150x150.png","url":"https:\/\/dev.codekraft.it\/ravaglioli.it\/fr\/product\/elevateur-pour-roues-standard\/"}],"page_logo_src":"https:\/\/dev.codekraft.it\/ravaglioli.it\/wp-content\/uploads\/2026\/04\/rav-negative-logo-1.png","lang":"fr","translations":{"fr":154682,"en":154680,"de":154681,"it":154683,"es":154684,"ru":154685},"pll_sync_post":[],"_links":{"self":[{"href":"https:\/\/dev.codekraft.it\/ravaglioli.it\/wp-json\/wp\/v2\/product\/154682","targetHints":{"allow":["GET"]}}],"collection":[{"href":"https:\/\/dev.codekraft.it\/ravaglioli.it\/wp-json\/wp\/v2\/product"}],"about":[{"href":"https:\/\/dev.codekraft.it\/ravaglioli.it\/wp-json\/wp\/v2\/types\/product"}],"wp:featuredmedia":[{"embeddable":true,"href":"https:\/\/dev.codekraft.it\/ravaglioli.it\/wp-json\/wp\/v2\/media\/43826"}],"wp:attachment":[{"href":"https:\/\/dev.codekraft.it\/ravaglioli.it\/wp-json\/wp\/v2\/media?parent=154682"}],"wp:term":[{"taxonomy":"product_brand","embeddable":true,"href":"https:\/\/dev.codekraft.it\/ravaglioli.it\/wp-json\/wp\/v2\/product_brand?post=154682"},{"taxonomy":"product_cat","embeddable":true,"href":"https:\/\/dev.codekraft.it\/ravaglioli.it\/wp-json\/wp\/v2\/product_cat?post=154682"},{"taxonomy":"product_tag","embeddable":true,"href":"https:\/\/dev.codekraft.it\/ravaglioli.it\/wp-json\/wp\/v2\/product_tag?post=154682"},{"taxonomy":"product_approvals","embeddable":true,"href":"https:\/\/dev.codekraft.it\/ravaglioli.it\/wp-json\/wp\/v2\/product_approvals?post=154682"},{"taxonomy":"product_application","embeddable":true,"href":"https:\/\/dev.codekraft.it\/ravaglioli.it\/wp-json\/wp\/v2\/product_application?post=154682"}],"curies":[{"name":"wp","href":"https:\/\/api.w.org\/{rel}","templated":true}]}}