{"id":154678,"date":"2025-10-29T09:20:03","date_gmt":"2025-10-29T09:20:03","guid":{"rendered":"https:\/\/dev.codekraft.it\/ravaglioli.it\/product\/carro-de-montaje-de-ruedas-gr80ws\/"},"modified":"2026-01-14T21:45:14","modified_gmt":"2026-01-14T21:45:14","slug":"carro-de-montaje-de-ruedas-gr80ws","status":"publish","type":"product","link":"https:\/\/dev.codekraft.it\/ravaglioli.it\/es\/product\/carro-de-montaje-de-ruedas-gr80ws\/","title":{"rendered":"Carro de montaje de ruedas GR80WS"},"content":{"rendered":"<p>El GR80WS es una potente herramienta de trabajo, adecuada para montar y transportar ruedas.<\/p>\n<ul>\n<li>Husillo de elevaci\u00f3n sin mantenimiento<\/li>\n<li>Accionamiento por un potente electromotor con freno de seguridad integrado<\/li>\n<li>La bater\u00eda doble permite hasta 100 elevaciones y se puede recargar r\u00e1pidamente a trav\u00e9s del cargador universal incluido<\/li>\n<li>Horquilla de soporte con 5 rodillos gu\u00eda<\/li>\n<li>Cuatro rodillos basculantes y dos frenos de estacionamiento aseguran una colocaci\u00f3n firme<\/li>\n<\/ul>\n","protected":false},"excerpt":{"rendered":"<p>Accionado por bater\u00eda, capacidad de carga 80 kg<\/p>\n","protected":false},"featured_media":43819,"template":"","meta":[],"product_brand":[],"product_cat":[58142],"product_tag":[58296,58332],"product_approvals":[],"product_application":[],"class_list":{"0":"post-154678","1":"product","2":"type-product","3":"status-publish","4":"has-post-thumbnail","6":"product_cat-equipos-para-neumatiqueros-es","7":"product_tag-passenger-cars-es","8":"product_tag-light-commercial-es","10":"first","11":"instock","12":"shipping-taxable","13":"product-type-simple"},"approvals":[],"application":[],"brb_media_brochure":[{"id":38194,"url":"https:\/\/dev.codekraft.it\/ravaglioli.it\/wp-content\/uploads\/brb_media\/00509486_wheel-lifts-gr80ws-gr20-gar324-325-br-multi-2023-05-screen.pdf","title":"Wheel lifts GR80WS GR20 GAR324 325 BR multi 2023 05 screen","mpn":"","thumbnail":"https:\/\/dev.codekraft.it\/ravaglioli.it\/wp-content\/uploads\/brb_media\/00509486_wheel-lifts-gr80ws-gr20-gar324-325-br-multi-2023-05-screen-pdf-106x150.png","description":""}],"brb_media_drawing":"","brb_media_manuals":[{"id":154674,"url":"https:\/\/dev.codekraft.it\/ravaglioli.it\/wp-content\/uploads\/brb_media\/00550478_mobile-wheel-lift-gr80ws-rav-om-126053_multi6_2025-03-a.pdf","title":"Mobile Wheel Lift GR80WS RAV OM 126053 multi(6) 2025 03 A","mpn":"","thumbnail":"https:\/\/dev.codekraft.it\/ravaglioli.it\/wp-content\/uploads\/brb_media\/00550478_mobile-wheel-lift-gr80ws-rav-om-126053_multi6_2025-03-a-pdf-106x150.png","description":""}],"brb_media_safety_datasheets":"","brb_media_spare_parts":[],"_cdmm_p_id":"502809","_company":"Ravaglioli","_gtin":"4057612812015","accessories":[],"components":[],"delivery":[],"package":[],"related":[],"similar":[{"id":155361,"mpn":"GAR324","name":"Elevador para ruedas con equilibrado autom\u00e1tico del peso rueda","description":"80 kg, turismo","thumbnail":"https:\/\/dev.codekraft.it\/ravaglioli.it\/wp-content\/uploads\/brb_media\/00509271_wheel-balancer-gar324-mi-150x150.png","url":"https:\/\/dev.codekraft.it\/ravaglioli.it\/es\/product\/elevador-para-ruedas-con-equilibrado-automatico-del-peso-rueda\/"},{"id":155349,"mpn":"GAR325","name":"Elevador para ruedas Standard","description":"80 kg, turismo","thumbnail":"https:\/\/dev.codekraft.it\/ravaglioli.it\/wp-content\/uploads\/brb_media\/00373626_wheel-balancer-standard-wheel-lift-di-150x150.png","url":"https:\/\/dev.codekraft.it\/ravaglioli.it\/es\/product\/elevador-para-ruedas-standard\/"},{"id":154684,"mpn":"GR20","name":"Carro de transporte para ruedas GR20 | Easy Lift","description":"Con ajuste autom\u00e1tico de la altura en funci\u00f3n de la carga | capacidad de carga 180 kg","thumbnail":"https:\/\/dev.codekraft.it\/ravaglioli.it\/wp-content\/uploads\/brb_media\/00509487_wheel-lift-gr20-mi-150x150.png","url":"https:\/\/dev.codekraft.it\/ravaglioli.it\/es\/product\/carro-de-transporte-para-ruedas-gr20-easy-lift\/"}],"page_logo_src":"https:\/\/dev.codekraft.it\/ravaglioli.it\/wp-content\/uploads\/2026\/04\/rav-negative-logo-1.png","lang":"es","translations":{"es":154678,"en":154673,"de":154675,"fr":154676,"it":154677,"ru":154679},"pll_sync_post":[],"_links":{"self":[{"href":"https:\/\/dev.codekraft.it\/ravaglioli.it\/wp-json\/wp\/v2\/product\/154678","targetHints":{"allow":["GET"]}}],"collection":[{"href":"https:\/\/dev.codekraft.it\/ravaglioli.it\/wp-json\/wp\/v2\/product"}],"about":[{"href":"https:\/\/dev.codekraft.it\/ravaglioli.it\/wp-json\/wp\/v2\/types\/product"}],"wp:featuredmedia":[{"embeddable":true,"href":"https:\/\/dev.codekraft.it\/ravaglioli.it\/wp-json\/wp\/v2\/media\/43819"}],"wp:attachment":[{"href":"https:\/\/dev.codekraft.it\/ravaglioli.it\/wp-json\/wp\/v2\/media?parent=154678"}],"wp:term":[{"taxonomy":"product_brand","embeddable":true,"href":"https:\/\/dev.codekraft.it\/ravaglioli.it\/wp-json\/wp\/v2\/product_brand?post=154678"},{"taxonomy":"product_cat","embeddable":true,"href":"https:\/\/dev.codekraft.it\/ravaglioli.it\/wp-json\/wp\/v2\/product_cat?post=154678"},{"taxonomy":"product_tag","embeddable":true,"href":"https:\/\/dev.codekraft.it\/ravaglioli.it\/wp-json\/wp\/v2\/product_tag?post=154678"},{"taxonomy":"product_approvals","embeddable":true,"href":"https:\/\/dev.codekraft.it\/ravaglioli.it\/wp-json\/wp\/v2\/product_approvals?post=154678"},{"taxonomy":"product_application","embeddable":true,"href":"https:\/\/dev.codekraft.it\/ravaglioli.it\/wp-json\/wp\/v2\/product_application?post=154678"}],"curies":[{"name":"wp","href":"https:\/\/api.w.org\/{rel}","templated":true}]}}