{"id":154676,"date":"2025-10-29T09:20:03","date_gmt":"2025-10-29T09:20:03","guid":{"rendered":"https:\/\/dev.codekraft.it\/ravaglioli.it\/product\/chariot-de-montage-de-roue-gr80ws\/"},"modified":"2026-01-14T21:45:13","modified_gmt":"2026-01-14T21:45:13","slug":"chariot-de-montage-de-roue-gr80ws","status":"publish","type":"product","link":"https:\/\/dev.codekraft.it\/ravaglioli.it\/fr\/product\/chariot-de-montage-de-roue-gr80ws\/","title":{"rendered":"Chariot de montage de roue GR80WS"},"content":{"rendered":"<p>Le GR80WS est un puissant outil de travail, con\u00e7u pour monter et transporter des roues.<\/p>\n<ul>\n<li>Vis de levage sans maintenance<\/li>\n<li>Actionnement par un moteur \u00e9lectrique puissant avec frein de s\u00e9curit\u00e9 int\u00e9gr\u00e9<\/li>\n<li>La double batterie permet d&#8217;effectuer jusqu&#8217;\u00e0 100 mont\u00e9es et peut \u00eatre recharg\u00e9e rapidement avec le chargeur universel fourni de dotation<\/li>\n<li>Fourche de support avec 5 rouleaux de guidage<\/li>\n<li>Quatre roulettes orientables et deux freins de blocage garantissent un positionnement stable<\/li>\n<\/ul>\n","protected":false},"excerpt":{"rendered":"<p>Fonctionnant sur batterie, capacit\u00e9 80 kg<\/p>\n","protected":false},"featured_media":43819,"template":"","meta":[],"product_brand":[],"product_cat":[58118],"product_tag":[58326,58290],"product_approvals":[],"product_application":[],"class_list":{"0":"post-154676","1":"product","2":"type-product","3":"status-publish","4":"has-post-thumbnail","6":"product_cat-equipements-pour-pneumaticiens-fr","7":"product_tag-light-commercial-fr","8":"product_tag-passenger-cars-fr","10":"first","11":"instock","12":"shipping-taxable","13":"product-type-simple"},"approvals":[],"application":[],"brb_media_brochure":[{"id":38194,"url":"https:\/\/dev.codekraft.it\/ravaglioli.it\/wp-content\/uploads\/brb_media\/00509486_wheel-lifts-gr80ws-gr20-gar324-325-br-multi-2023-05-screen.pdf","title":"Wheel lifts GR80WS GR20 GAR324 325 BR multi 2023 05 screen","mpn":"","thumbnail":"https:\/\/dev.codekraft.it\/ravaglioli.it\/wp-content\/uploads\/brb_media\/00509486_wheel-lifts-gr80ws-gr20-gar324-325-br-multi-2023-05-screen-pdf-106x150.png","description":""}],"brb_media_drawing":"","brb_media_manuals":[{"id":154674,"url":"https:\/\/dev.codekraft.it\/ravaglioli.it\/wp-content\/uploads\/brb_media\/00550478_mobile-wheel-lift-gr80ws-rav-om-126053_multi6_2025-03-a.pdf","title":"Mobile Wheel Lift GR80WS RAV OM 126053 multi(6) 2025 03 A","mpn":"","thumbnail":"https:\/\/dev.codekraft.it\/ravaglioli.it\/wp-content\/uploads\/brb_media\/00550478_mobile-wheel-lift-gr80ws-rav-om-126053_multi6_2025-03-a-pdf-106x150.png","description":""}],"brb_media_safety_datasheets":"","brb_media_spare_parts":[],"_cdmm_p_id":"502809","_company":"Ravaglioli","_gtin":"4057612812015","accessories":[],"components":[],"delivery":[],"package":[],"related":[],"similar":[{"id":155359,"mpn":"GAR324","name":"El\u00e9vateur pour roues avec compensation automatique du poids de la roue","description":"80 kg, voiture de tourisme","thumbnail":"https:\/\/dev.codekraft.it\/ravaglioli.it\/wp-content\/uploads\/brb_media\/00509271_wheel-balancer-gar324-mi-150x150.png","url":"https:\/\/dev.codekraft.it\/ravaglioli.it\/fr\/product\/elevateur-pour-roues-avec-compensation-automatique-du-poids-de-la-roue\/"},{"id":155347,"mpn":"GAR325","name":"El\u00e9vateur pour roues Standard","description":"80 kg, voiture de tourisme","thumbnail":"https:\/\/dev.codekraft.it\/ravaglioli.it\/wp-content\/uploads\/brb_media\/00373626_wheel-balancer-standard-wheel-lift-di-150x150.png","url":"https:\/\/dev.codekraft.it\/ravaglioli.it\/fr\/product\/elevateur-pour-roues-standard\/"},{"id":154682,"mpn":"GR20","name":"Chariot \u00e0 roues GR20 | Easy Lift","description":"Avec r\u00e9glage automatique de la hauteur en fonction de la charge | capacit\u00e9 de chargement 180 kg","thumbnail":"https:\/\/dev.codekraft.it\/ravaglioli.it\/wp-content\/uploads\/brb_media\/00509487_wheel-lift-gr20-mi-150x150.png","url":"https:\/\/dev.codekraft.it\/ravaglioli.it\/fr\/product\/chariot-a-roues-gr20-easy-lift\/"}],"page_logo_src":"https:\/\/dev.codekraft.it\/ravaglioli.it\/wp-content\/uploads\/2026\/04\/rav-negative-logo-1.png","lang":"fr","translations":{"fr":154676,"en":154673,"de":154675,"it":154677,"es":154678,"ru":154679},"pll_sync_post":[],"_links":{"self":[{"href":"https:\/\/dev.codekraft.it\/ravaglioli.it\/wp-json\/wp\/v2\/product\/154676","targetHints":{"allow":["GET"]}}],"collection":[{"href":"https:\/\/dev.codekraft.it\/ravaglioli.it\/wp-json\/wp\/v2\/product"}],"about":[{"href":"https:\/\/dev.codekraft.it\/ravaglioli.it\/wp-json\/wp\/v2\/types\/product"}],"wp:featuredmedia":[{"embeddable":true,"href":"https:\/\/dev.codekraft.it\/ravaglioli.it\/wp-json\/wp\/v2\/media\/43819"}],"wp:attachment":[{"href":"https:\/\/dev.codekraft.it\/ravaglioli.it\/wp-json\/wp\/v2\/media?parent=154676"}],"wp:term":[{"taxonomy":"product_brand","embeddable":true,"href":"https:\/\/dev.codekraft.it\/ravaglioli.it\/wp-json\/wp\/v2\/product_brand?post=154676"},{"taxonomy":"product_cat","embeddable":true,"href":"https:\/\/dev.codekraft.it\/ravaglioli.it\/wp-json\/wp\/v2\/product_cat?post=154676"},{"taxonomy":"product_tag","embeddable":true,"href":"https:\/\/dev.codekraft.it\/ravaglioli.it\/wp-json\/wp\/v2\/product_tag?post=154676"},{"taxonomy":"product_approvals","embeddable":true,"href":"https:\/\/dev.codekraft.it\/ravaglioli.it\/wp-json\/wp\/v2\/product_approvals?post=154676"},{"taxonomy":"product_application","embeddable":true,"href":"https:\/\/dev.codekraft.it\/ravaglioli.it\/wp-json\/wp\/v2\/product_application?post=154676"}],"curies":[{"name":"wp","href":"https:\/\/api.w.org\/{rel}","templated":true}]}}