{"id":154671,"date":"2025-09-08T09:01:42","date_gmt":"2025-09-08T08:01:42","guid":{"rendered":"https:\/\/dev.codekraft.it\/ravaglioli.it\/product\/generador-de-nitrogeno-sng-t\/"},"modified":"2026-01-14T21:45:03","modified_gmt":"2026-01-14T21:45:03","slug":"generador-de-nitrogeno-sng-t","status":"publish","type":"product","link":"https:\/\/dev.codekraft.it\/ravaglioli.it\/es\/product\/generador-de-nitrogeno-sng-t\/","title":{"rendered":"Generador de nitr\u00f3geno SNG T"},"content":{"rendered":"<ul>\n<li>Ideal para el especialista del neum\u00e1tico: el dise\u00f1o innovador combina perfectamente con las dimensiones contenidas y una grande capacidad de producci\u00f3n<\/li>\n<\/ul>\n","protected":false},"excerpt":{"rendered":"<p>\u00abStand-alone\u00bb | para turismos y camiones, hasta 12000 l\/h<\/p>\n","protected":false},"featured_media":37824,"template":"","meta":[],"product_brand":[],"product_cat":[58068],"product_tag":[58383,58366,58349,58296,58485,63081,58332],"product_approvals":[],"product_application":[],"class_list":{"0":"post-154671","1":"product","2":"type-product","3":"status-publish","4":"has-post-thumbnail","6":"product_cat-inflador-de-neumaticos-medidor-de-presion-de-neumaticos-es","7":"product_tag-buses-es","8":"product_tag-trucks-es","9":"product_tag-motor-homes-es","10":"product_tag-passenger-cars-es","11":"product_tag-trailer-es","12":"product_tag-remolques-es","13":"product_tag-light-commercial-es","15":"first","16":"instock","17":"shipping-taxable","18":"product-type-simple"},"approvals":[],"application":[],"brb_media_brochure":[{"id":43794,"url":"https:\/\/dev.codekraft.it\/ravaglioli.it\/wp-content\/uploads\/brb_media\/00509483_tyre-inflators-gibox-sng-t-br-multi-2023-05-screen.pdf","title":"Tyre Inflators GIBOX SNG T BR multi 2023 05 screen","mpn":"","thumbnail":"https:\/\/dev.codekraft.it\/ravaglioli.it\/wp-content\/uploads\/brb_media\/00509483_tyre-inflators-gibox-sng-t-br-multi-2023-05-screen-pdf-106x150.png","description":""}],"brb_media_drawing":"","brb_media_manuals":"","brb_media_safety_datasheets":"","brb_media_spare_parts":[],"_cdmm_p_id":"502805","_company":"Ravaglioli","_gtin":"4057612823813","accessories":[],"components":[],"delivery":[],"package":[],"related":[],"similar":[],"page_logo_src":"https:\/\/dev.codekraft.it\/ravaglioli.it\/wp-content\/uploads\/2026\/04\/rav-negative-logo-1.png","lang":"es","translations":{"es":154671,"en":154667,"de":154668,"fr":154669,"it":154670,"ru":154672},"pll_sync_post":[],"_links":{"self":[{"href":"https:\/\/dev.codekraft.it\/ravaglioli.it\/wp-json\/wp\/v2\/product\/154671","targetHints":{"allow":["GET"]}}],"collection":[{"href":"https:\/\/dev.codekraft.it\/ravaglioli.it\/wp-json\/wp\/v2\/product"}],"about":[{"href":"https:\/\/dev.codekraft.it\/ravaglioli.it\/wp-json\/wp\/v2\/types\/product"}],"wp:featuredmedia":[{"embeddable":true,"href":"https:\/\/dev.codekraft.it\/ravaglioli.it\/wp-json\/wp\/v2\/media\/37824"}],"wp:attachment":[{"href":"https:\/\/dev.codekraft.it\/ravaglioli.it\/wp-json\/wp\/v2\/media?parent=154671"}],"wp:term":[{"taxonomy":"product_brand","embeddable":true,"href":"https:\/\/dev.codekraft.it\/ravaglioli.it\/wp-json\/wp\/v2\/product_brand?post=154671"},{"taxonomy":"product_cat","embeddable":true,"href":"https:\/\/dev.codekraft.it\/ravaglioli.it\/wp-json\/wp\/v2\/product_cat?post=154671"},{"taxonomy":"product_tag","embeddable":true,"href":"https:\/\/dev.codekraft.it\/ravaglioli.it\/wp-json\/wp\/v2\/product_tag?post=154671"},{"taxonomy":"product_approvals","embeddable":true,"href":"https:\/\/dev.codekraft.it\/ravaglioli.it\/wp-json\/wp\/v2\/product_approvals?post=154671"},{"taxonomy":"product_application","embeddable":true,"href":"https:\/\/dev.codekraft.it\/ravaglioli.it\/wp-json\/wp\/v2\/product_application?post=154671"}],"curies":[{"name":"wp","href":"https:\/\/api.w.org\/{rel}","templated":true}]}}