{"id":154669,"date":"2025-09-08T09:01:42","date_gmt":"2025-09-08T08:01:42","guid":{"rendered":"https:\/\/dev.codekraft.it\/ravaglioli.it\/product\/generateur-dazote-sng-t\/"},"modified":"2026-01-14T21:45:03","modified_gmt":"2026-01-14T21:45:03","slug":"generateur-dazote-sng-t","status":"publish","type":"product","link":"https:\/\/dev.codekraft.it\/ravaglioli.it\/fr\/product\/generateur-dazote-sng-t\/","title":{"rendered":"G\u00e9n\u00e9rateur d\u2019azote SNG T"},"content":{"rendered":"<ul>\n<li>Id\u00e9al pour le sp\u00e9cialiste du pneu: le design innovant est li\u00e9 \u00e0 des dimensions compactes et une grande capacit\u00e9 de production<\/li>\n<\/ul>\n","protected":false},"excerpt":{"rendered":"<p>\u00ab\u00a0Stand-alone\u00a0\u00bb | pour VL et PL, jusqu&#8217;\u00e0 12000 l\/h<\/p>\n","protected":false},"featured_media":37824,"template":"","meta":[],"product_brand":[],"product_cat":[58048],"product_tag":[58377,58360,58343,58479,63078,58326,58290],"product_approvals":[],"product_application":[],"class_list":{"0":"post-154669","1":"product","2":"type-product","3":"status-publish","4":"has-post-thumbnail","6":"product_cat-gonfleur-manometres-pression-pneu-fr","7":"product_tag-buses-fr","8":"product_tag-trucks-fr","9":"product_tag-motor-homes-fr","10":"product_tag-trailer-fr","11":"product_tag-remorques-fr","12":"product_tag-light-commercial-fr","13":"product_tag-passenger-cars-fr","15":"first","16":"instock","17":"shipping-taxable","18":"product-type-simple"},"approvals":[],"application":[],"brb_media_brochure":[{"id":43794,"url":"https:\/\/dev.codekraft.it\/ravaglioli.it\/wp-content\/uploads\/brb_media\/00509483_tyre-inflators-gibox-sng-t-br-multi-2023-05-screen.pdf","title":"Tyre Inflators GIBOX SNG T BR multi 2023 05 screen","mpn":"","thumbnail":"https:\/\/dev.codekraft.it\/ravaglioli.it\/wp-content\/uploads\/brb_media\/00509483_tyre-inflators-gibox-sng-t-br-multi-2023-05-screen-pdf-106x150.png","description":""}],"brb_media_drawing":"","brb_media_manuals":"","brb_media_safety_datasheets":"","brb_media_spare_parts":[],"_cdmm_p_id":"502805","_company":"Ravaglioli","_gtin":"4057612823813","accessories":[],"components":[],"delivery":[],"package":[],"related":[],"similar":[],"page_logo_src":"https:\/\/dev.codekraft.it\/ravaglioli.it\/wp-content\/uploads\/2026\/04\/rav-negative-logo-1.png","lang":"fr","translations":{"fr":154669,"en":154667,"de":154668,"it":154670,"es":154671,"ru":154672},"pll_sync_post":[],"_links":{"self":[{"href":"https:\/\/dev.codekraft.it\/ravaglioli.it\/wp-json\/wp\/v2\/product\/154669","targetHints":{"allow":["GET"]}}],"collection":[{"href":"https:\/\/dev.codekraft.it\/ravaglioli.it\/wp-json\/wp\/v2\/product"}],"about":[{"href":"https:\/\/dev.codekraft.it\/ravaglioli.it\/wp-json\/wp\/v2\/types\/product"}],"wp:featuredmedia":[{"embeddable":true,"href":"https:\/\/dev.codekraft.it\/ravaglioli.it\/wp-json\/wp\/v2\/media\/37824"}],"wp:attachment":[{"href":"https:\/\/dev.codekraft.it\/ravaglioli.it\/wp-json\/wp\/v2\/media?parent=154669"}],"wp:term":[{"taxonomy":"product_brand","embeddable":true,"href":"https:\/\/dev.codekraft.it\/ravaglioli.it\/wp-json\/wp\/v2\/product_brand?post=154669"},{"taxonomy":"product_cat","embeddable":true,"href":"https:\/\/dev.codekraft.it\/ravaglioli.it\/wp-json\/wp\/v2\/product_cat?post=154669"},{"taxonomy":"product_tag","embeddable":true,"href":"https:\/\/dev.codekraft.it\/ravaglioli.it\/wp-json\/wp\/v2\/product_tag?post=154669"},{"taxonomy":"product_approvals","embeddable":true,"href":"https:\/\/dev.codekraft.it\/ravaglioli.it\/wp-json\/wp\/v2\/product_approvals?post=154669"},{"taxonomy":"product_application","embeddable":true,"href":"https:\/\/dev.codekraft.it\/ravaglioli.it\/wp-json\/wp\/v2\/product_application?post=154669"}],"curies":[{"name":"wp","href":"https:\/\/api.w.org\/{rel}","templated":true}]}}