{"id":154665,"date":"2025-12-04T11:16:40","date_gmt":"2025-12-04T11:16:40","guid":{"rendered":"https:\/\/dev.codekraft.it\/ravaglioli.it\/product\/elevador-de-doble-tijera-rav540\/"},"modified":"2026-01-14T21:44:57","modified_gmt":"2026-01-14T21:44:57","slug":"elevador-de-doble-tijera-rav540","status":"publish","type":"product","link":"https:\/\/dev.codekraft.it\/ravaglioli.it\/es\/product\/elevador-de-doble-tijera-rav540\/","title":{"rendered":"Elevador de doble tijera RAV540"},"content":{"rendered":"<p>Versi\u00f3n de alta capacidad con plataformas m\u00e1s largas<\/p>\n<ul>\n<li>Dispositivo de apoyo mec\u00e1nico de funcionamiento autom\u00e1tico y desbloqueo neum\u00e1tico, como garant\u00eda de la m\u00e1xima seguridad en la fase de estacionamiento<\/li>\n<li>Pernos de articulaci\u00f3n con casquillos autolubrificantes que no requieren mantenimiento alguno<\/li>\n<li>Sincronizaci\u00f3n hidr\u00e1ulica de las plataformas independientemente del reparto de carga, con dispositivo de autorregulaci\u00f3n patentado<\/li>\n<li>Ausencia de conexiones mec\u00e1nicas entre las plataformas (m\u00e1xima operatividad en el \u00e1rea de trabajo)<\/li>\n<li>Velocidad reducida del movimiento de las plataformas en la fase de arranque y de descenso<\/li>\n<li>Dispositivo de se\u00f1alizaci\u00f3n\u00a0ac\u00fastica en el final de carrera<\/li>\n<li>Terminales de las tijeras forjados garantizan la m\u00e1xima resistencia<\/li>\n<\/ul>\n<ul>\n<li>Altura de elevaci\u00f3n 135 mm<\/li>\n<\/ul>\n","protected":false},"excerpt":{"rendered":"<p>4,0 t, de perfil bajo (135 mm), electrohidr\u00e1ulico, sobre suelo<\/p>\n","protected":false},"featured_media":154651,"template":"","meta":[],"product_brand":[],"product_cat":[58134],"product_tag":[58296,63163,58332],"product_approvals":[],"product_application":[],"class_list":{"0":"post-154665","1":"product","2":"type-product","3":"status-publish","4":"has-post-thumbnail","6":"product_cat-elevadores-de-doble-tijera-es","7":"product_tag-passenger-cars-es","8":"product_tag-quickship-es","9":"product_tag-light-commercial-es","11":"first","12":"instock","13":"shipping-taxable","14":"product-type-simple"},"approvals":[],"application":[],"brb_media_brochure":[{"id":156232,"url":"https:\/\/dev.codekraft.it\/ravaglioli.it\/wp-content\/uploads\/brb_media\/00553169_double-scissor-lifts-rav540-br-de-2025-12.pdf","title":"Double Scissor Lifts RAV540 BR DE 2025 12","mpn":"","thumbnail":"https:\/\/dev.codekraft.it\/ravaglioli.it\/wp-content\/uploads\/brb_media\/00553169_double-scissor-lifts-rav540-br-de-2025-12-pdf-106x150.png","description":""},{"id":156233,"url":"https:\/\/dev.codekraft.it\/ravaglioli.it\/wp-content\/uploads\/brb_media\/00553170_double-scissor-lifts-rav540-br-en-2025-12.pdf","title":"Double Scissor Lifts RAV540 BR EN 2025 12","mpn":"","thumbnail":"https:\/\/dev.codekraft.it\/ravaglioli.it\/wp-content\/uploads\/brb_media\/00553170_double-scissor-lifts-rav540-br-en-2025-12-pdf-106x150.png","description":""},{"id":156234,"url":"https:\/\/dev.codekraft.it\/ravaglioli.it\/wp-content\/uploads\/brb_media\/00553172_double-scissor-lifts-rav540-br-fr-2025-12.pdf","title":"Double Scissor Lifts RAV540 BR FR 2025 12","mpn":"","thumbnail":"https:\/\/dev.codekraft.it\/ravaglioli.it\/wp-content\/uploads\/brb_media\/00553172_double-scissor-lifts-rav540-br-fr-2025-12-pdf-106x150.png","description":""},{"id":156235,"url":"https:\/\/dev.codekraft.it\/ravaglioli.it\/wp-content\/uploads\/brb_media\/00553173_double-scissor-lifts-rav540-br-it-2025-12.pdf","title":"Double Scissor Lifts RAV540 BR IT 2025 12","mpn":"","thumbnail":"https:\/\/dev.codekraft.it\/ravaglioli.it\/wp-content\/uploads\/brb_media\/00553173_double-scissor-lifts-rav540-br-it-2025-12-pdf-106x150.png","description":""},{"id":156236,"url":"https:\/\/dev.codekraft.it\/ravaglioli.it\/wp-content\/uploads\/brb_media\/00553171_double-scissor-lifts-rav540-br-es-2025-12.pdf","title":"Double Scissor Lifts RAV540 BR ES 2025 12","mpn":"","thumbnail":"https:\/\/dev.codekraft.it\/ravaglioli.it\/wp-content\/uploads\/brb_media\/00553171_double-scissor-lifts-rav540-br-es-2025-12-pdf-106x150.png","description":""},{"id":156237,"url":"https:\/\/dev.codekraft.it\/ravaglioli.it\/wp-content\/uploads\/brb_media\/00553174_double-scissor-lifts-rav540-br-ru-2025-12.pdf","title":"Double Scissor Lifts RAV540 BR RU 2025 12","mpn":"","thumbnail":"https:\/\/dev.codekraft.it\/ravaglioli.it\/wp-content\/uploads\/brb_media\/00553174_double-scissor-lifts-rav540-br-ru-2025-12-pdf-106x150.png","description":""}],"brb_media_drawing":[{"id":87923,"url":"https:\/\/dev.codekraft.it\/ravaglioli.it\/wp-content\/uploads\/brb_media\/00510349_scissor-lifts-rav540_u-td-0579_0650_0_01-it-2011-13.pdf","title":"Scissor lifts RAV540 U TD 0579 0650 0 01 it 2011 13","mpn":"","thumbnail":"https:\/\/dev.codekraft.it\/ravaglioli.it\/wp-content\/uploads\/brb_media\/00510349_scissor-lifts-rav540_u-td-0579_0650_0_01-it-2011-13-pdf-106x150.png","description":""}],"brb_media_manuals":[{"id":154658,"url":"https:\/\/dev.codekraft.it\/ravaglioli.it\/wp-content\/uploads\/brb_media\/00549985_double-scissor-lifts-rav540-rav540i-rav540mb-rav540imb-im-0579-m070-0-rev5-multi-2022-10.pdf","title":"Double Scissor Lifts RAV540 RAV540I RAV540MB RAV540IMB IM 0579 M070 0 REV5 multi 2022 10","mpn":"","thumbnail":"https:\/\/dev.codekraft.it\/ravaglioli.it\/wp-content\/uploads\/brb_media\/00549985_double-scissor-lifts-rav540-rav540i-rav540mb-rav540imb-im-0579-m070-0-rev5-multi-2022-10-pdf-106x150.png","description":""}],"brb_media_safety_datasheets":"","brb_media_spare_parts":[],"_cdmm_p_id":"502800","_company":"Ravaglioli","_gtin":"5063084195234","accessories":[{"id":152193,"mpn":"S505A2","name":"Travesa\u00f1os para XS30-CAT","description":"Para furgonetas y veh\u00edculos todo terreno | 1 juego \/ 2 piezas","thumbnail":"https:\/\/dev.codekraft.it\/ravaglioli.it\/wp-content\/uploads\/brb_media\/00509455_scissor-lift-s505a2-mi-150x150.png","url":"https:\/\/dev.codekraft.it\/ravaglioli.it\/es\/product\/travesanos-para-xs30-cat\/"},{"id":152206,"mpn":"S518A20","name":"Cubierta de la manguera 1 m | para instalaci\u00f3n sobre suelo","description":"1 m | para instalaci\u00f3n sobre suelo","thumbnail":"https:\/\/dev.codekraft.it\/ravaglioli.it\/wp-content\/uploads\/brb_media\/00550550_double-scissor-lifts-s518a20-mi-150x150.png","url":"https:\/\/dev.codekraft.it\/ravaglioli.it\/es\/product\/cubierta-de-la-manguera-1-m-para-instalacion-sobre-suelo\/"},{"id":152681,"mpn":"S540A1","name":"Kit de rampa de acceso","description":"Rampas adicionales largas para veh\u00edculos de perfil bajo","thumbnail":"https:\/\/dev.codekraft.it\/ravaglioli.it\/wp-content\/uploads\/brb_media\/00509456_scissor-lift-s540a1-mi-150x150.png","url":"https:\/\/dev.codekraft.it\/ravaglioli.it\/es\/product\/kit-de-rampa-de-acceso\/"},{"id":153645,"mpn":"S540A2","name":"Juego de transformaci\u00f3n para empotrar el elevador","description":"","thumbnail":"https:\/\/dev.codekraft.it\/ravaglioli.it\/wp-content\/uploads\/brb_media\/00550549_double-scissor-lifts-s535a1-recess-mounted-kit-mi-150x115.png","url":"https:\/\/dev.codekraft.it\/ravaglioli.it\/es\/product\/juego-de-transformacion-para-empotrar-el-elevador-4\/"}],"components":[],"delivery":[],"package":[],"related":[],"similar":[{"id":154636,"mpn":"RAV.535XX.195678","name":"Elevador de doble tijera RAV535","description":"3,5 t, de perfil bajo (100 mm), electrohidr\u00e1ulico, sobre suelo","thumbnail":"https:\/\/dev.codekraft.it\/ravaglioli.it\/wp-content\/uploads\/brb_media\/00509444_scissor-lift-rav535-mi-150x150.png","url":"https:\/\/dev.codekraft.it\/ravaglioli.it\/es\/product\/elevador-de-doble-tijera-rav535\/"},{"id":154606,"mpn":"RAV.510IX.196255","name":"Elevador de doble tijera RAV510I 230-400 V &#8211; 50 Hz","description":"3,5 t, electrohidr\u00e1ulico, bajo suelo","thumbnail":"https:\/\/dev.codekraft.it\/ravaglioli.it\/wp-content\/uploads\/brb_media\/00509432_scissor-lift-rav510i-mi-150x150.png","url":"https:\/\/dev.codekraft.it\/ravaglioli.it\/es\/product\/elevador-de-doble-tijera-rav510i-230-400-v-50-hz\/"}],"page_logo_src":"https:\/\/dev.codekraft.it\/ravaglioli.it\/wp-content\/uploads\/2026\/04\/rav-negative-logo-1.png","lang":"es","translations":{"es":154665,"en":154650,"de":154662,"fr":154663,"it":154664,"ru":154666},"pll_sync_post":[],"_links":{"self":[{"href":"https:\/\/dev.codekraft.it\/ravaglioli.it\/wp-json\/wp\/v2\/product\/154665","targetHints":{"allow":["GET"]}}],"collection":[{"href":"https:\/\/dev.codekraft.it\/ravaglioli.it\/wp-json\/wp\/v2\/product"}],"about":[{"href":"https:\/\/dev.codekraft.it\/ravaglioli.it\/wp-json\/wp\/v2\/types\/product"}],"wp:featuredmedia":[{"embeddable":true,"href":"https:\/\/dev.codekraft.it\/ravaglioli.it\/wp-json\/wp\/v2\/media\/154651"}],"wp:attachment":[{"href":"https:\/\/dev.codekraft.it\/ravaglioli.it\/wp-json\/wp\/v2\/media?parent=154665"}],"wp:term":[{"taxonomy":"product_brand","embeddable":true,"href":"https:\/\/dev.codekraft.it\/ravaglioli.it\/wp-json\/wp\/v2\/product_brand?post=154665"},{"taxonomy":"product_cat","embeddable":true,"href":"https:\/\/dev.codekraft.it\/ravaglioli.it\/wp-json\/wp\/v2\/product_cat?post=154665"},{"taxonomy":"product_tag","embeddable":true,"href":"https:\/\/dev.codekraft.it\/ravaglioli.it\/wp-json\/wp\/v2\/product_tag?post=154665"},{"taxonomy":"product_approvals","embeddable":true,"href":"https:\/\/dev.codekraft.it\/ravaglioli.it\/wp-json\/wp\/v2\/product_approvals?post=154665"},{"taxonomy":"product_application","embeddable":true,"href":"https:\/\/dev.codekraft.it\/ravaglioli.it\/wp-json\/wp\/v2\/product_application?post=154665"}],"curies":[{"name":"wp","href":"https:\/\/api.w.org\/{rel}","templated":true}]}}