{"id":154663,"date":"2025-12-04T11:16:40","date_gmt":"2025-12-04T11:16:40","guid":{"rendered":"https:\/\/dev.codekraft.it\/ravaglioli.it\/product\/pont-a-doubles-ciseaux-rav540\/"},"modified":"2026-01-14T21:44:56","modified_gmt":"2026-01-14T21:44:56","slug":"pont-a-doubles-ciseaux-rav540","status":"publish","type":"product","link":"https:\/\/dev.codekraft.it\/ravaglioli.it\/fr\/product\/pont-a-doubles-ciseaux-rav540\/","title":{"rendered":"Pont \u00e0 doubles ciseaux RAV540"},"content":{"rendered":"<p>Version haute capacit\u00e9e avec plateaux rallong\u00e9es<\/p>\n<ul>\n<li>Dispositif de soutien m\u00e9canique avec enclenchement automatique et d\u00e9gagement pneumatique, pour garantir la s\u00e9curit\u00e9 totale pendant le stationnement<\/li>\n<li>Pivots d&#8217;articulation avec bagues autolubrifiantes, ne n\u00e9cessitant pas d&#8217;entretien<\/li>\n<li>Synchronisation hydraulique des plateaux ind\u00e9pendante de la distribution de la charge, avec dispositif de r\u00e9glage automatique brevet\u00e9<\/li>\n<li>Absence de connexions m\u00e9caniques entre les chemins de roulement (fonctionnalit\u00e9 maximale dans la zone de travail)<\/li>\n<li>Vitesse de mouvement ralentie dans les phases de d\u00e9marrage et de retour au sol<\/li>\n<li>Avertisseur sonore qui entre en fonctionnement dans la phase finale de la man\u0153uvre de descente<\/li>\n<li>Extr\u00e9mit\u00e9s des ciseaux forg\u00e9s a garantie de r\u00e9sistance maximale<\/li>\n<\/ul>\n<ul>\n<li>Hauteur de passage 135 mm<\/li>\n<\/ul>\n","protected":false},"excerpt":{"rendered":"<p>4,0 t, \u00e1 profil bas (135 mm), \u00e9lectrohydraulique, au-dessus du sol<\/p>\n","protected":false},"featured_media":154651,"template":"","meta":[],"product_brand":[],"product_cat":[58110],"product_tag":[63157,58326,58290],"product_approvals":[],"product_application":[],"class_list":{"0":"post-154663","1":"product","2":"type-product","3":"status-publish","4":"has-post-thumbnail","6":"product_cat-ponts-a-doubles-ciseaux-fr","7":"product_tag-quickship-fr","8":"product_tag-light-commercial-fr","9":"product_tag-passenger-cars-fr","11":"first","12":"instock","13":"shipping-taxable","14":"product-type-simple"},"approvals":[],"application":[],"brb_media_brochure":[{"id":156232,"url":"https:\/\/dev.codekraft.it\/ravaglioli.it\/wp-content\/uploads\/brb_media\/00553169_double-scissor-lifts-rav540-br-de-2025-12.pdf","title":"Double Scissor Lifts RAV540 BR DE 2025 12","mpn":"","thumbnail":"https:\/\/dev.codekraft.it\/ravaglioli.it\/wp-content\/uploads\/brb_media\/00553169_double-scissor-lifts-rav540-br-de-2025-12-pdf-106x150.png","description":""},{"id":156233,"url":"https:\/\/dev.codekraft.it\/ravaglioli.it\/wp-content\/uploads\/brb_media\/00553170_double-scissor-lifts-rav540-br-en-2025-12.pdf","title":"Double Scissor Lifts RAV540 BR EN 2025 12","mpn":"","thumbnail":"https:\/\/dev.codekraft.it\/ravaglioli.it\/wp-content\/uploads\/brb_media\/00553170_double-scissor-lifts-rav540-br-en-2025-12-pdf-106x150.png","description":""},{"id":156234,"url":"https:\/\/dev.codekraft.it\/ravaglioli.it\/wp-content\/uploads\/brb_media\/00553172_double-scissor-lifts-rav540-br-fr-2025-12.pdf","title":"Double Scissor Lifts RAV540 BR FR 2025 12","mpn":"","thumbnail":"https:\/\/dev.codekraft.it\/ravaglioli.it\/wp-content\/uploads\/brb_media\/00553172_double-scissor-lifts-rav540-br-fr-2025-12-pdf-106x150.png","description":""},{"id":156235,"url":"https:\/\/dev.codekraft.it\/ravaglioli.it\/wp-content\/uploads\/brb_media\/00553173_double-scissor-lifts-rav540-br-it-2025-12.pdf","title":"Double Scissor Lifts RAV540 BR IT 2025 12","mpn":"","thumbnail":"https:\/\/dev.codekraft.it\/ravaglioli.it\/wp-content\/uploads\/brb_media\/00553173_double-scissor-lifts-rav540-br-it-2025-12-pdf-106x150.png","description":""},{"id":156236,"url":"https:\/\/dev.codekraft.it\/ravaglioli.it\/wp-content\/uploads\/brb_media\/00553171_double-scissor-lifts-rav540-br-es-2025-12.pdf","title":"Double Scissor Lifts RAV540 BR ES 2025 12","mpn":"","thumbnail":"https:\/\/dev.codekraft.it\/ravaglioli.it\/wp-content\/uploads\/brb_media\/00553171_double-scissor-lifts-rav540-br-es-2025-12-pdf-106x150.png","description":""},{"id":156237,"url":"https:\/\/dev.codekraft.it\/ravaglioli.it\/wp-content\/uploads\/brb_media\/00553174_double-scissor-lifts-rav540-br-ru-2025-12.pdf","title":"Double Scissor Lifts RAV540 BR RU 2025 12","mpn":"","thumbnail":"https:\/\/dev.codekraft.it\/ravaglioli.it\/wp-content\/uploads\/brb_media\/00553174_double-scissor-lifts-rav540-br-ru-2025-12-pdf-106x150.png","description":""}],"brb_media_drawing":[{"id":87923,"url":"https:\/\/dev.codekraft.it\/ravaglioli.it\/wp-content\/uploads\/brb_media\/00510349_scissor-lifts-rav540_u-td-0579_0650_0_01-it-2011-13.pdf","title":"Scissor lifts RAV540 U TD 0579 0650 0 01 it 2011 13","mpn":"","thumbnail":"https:\/\/dev.codekraft.it\/ravaglioli.it\/wp-content\/uploads\/brb_media\/00510349_scissor-lifts-rav540_u-td-0579_0650_0_01-it-2011-13-pdf-106x150.png","description":""}],"brb_media_manuals":[{"id":154658,"url":"https:\/\/dev.codekraft.it\/ravaglioli.it\/wp-content\/uploads\/brb_media\/00549985_double-scissor-lifts-rav540-rav540i-rav540mb-rav540imb-im-0579-m070-0-rev5-multi-2022-10.pdf","title":"Double Scissor Lifts RAV540 RAV540I RAV540MB RAV540IMB IM 0579 M070 0 REV5 multi 2022 10","mpn":"","thumbnail":"https:\/\/dev.codekraft.it\/ravaglioli.it\/wp-content\/uploads\/brb_media\/00549985_double-scissor-lifts-rav540-rav540i-rav540mb-rav540imb-im-0579-m070-0-rev5-multi-2022-10-pdf-106x150.png","description":""}],"brb_media_safety_datasheets":"","brb_media_spare_parts":[],"_cdmm_p_id":"502800","_company":"Ravaglioli","_gtin":"5063084195234","accessories":[{"id":152191,"mpn":"S505A2","name":"Traverses pour XS30-CAT","description":"Pour v\u00e9hicules tout-terrain | 1 jeu \/ 2 pi\u00e8ces","thumbnail":"https:\/\/dev.codekraft.it\/ravaglioli.it\/wp-content\/uploads\/brb_media\/00509455_scissor-lift-s505a2-mi-150x150.png","url":"https:\/\/dev.codekraft.it\/ravaglioli.it\/fr\/product\/traverses-pour-xs30-cat\/"},{"id":152204,"mpn":"S518A20","name":"Couverture de tuyau 1 m | pour installation au sol","description":"1 m | pour installation au sol","thumbnail":"https:\/\/dev.codekraft.it\/ravaglioli.it\/wp-content\/uploads\/brb_media\/00550550_double-scissor-lifts-s518a20-mi-150x150.png","url":"https:\/\/dev.codekraft.it\/ravaglioli.it\/fr\/product\/couverture-de-tuyau-1-m-pour-installation-au-sol\/"},{"id":152679,"mpn":"S540A1","name":"Kit de rampes d&#039;acc\u00e8s","description":"Longues suppl\u00e9mentaires rampes pour v\u00e9hicules surbaiss\u00e9s","thumbnail":"https:\/\/dev.codekraft.it\/ravaglioli.it\/wp-content\/uploads\/brb_media\/00509456_scissor-lift-s540a1-mi-150x150.png","url":"https:\/\/dev.codekraft.it\/ravaglioli.it\/fr\/product\/kit-de-rampes-dacces\/"},{"id":153643,"mpn":"S540A2","name":"Kit transformation pour \u00e9ncatrement pont","description":"","thumbnail":"https:\/\/dev.codekraft.it\/ravaglioli.it\/wp-content\/uploads\/brb_media\/00550549_double-scissor-lifts-s535a1-recess-mounted-kit-mi-150x115.png","url":"https:\/\/dev.codekraft.it\/ravaglioli.it\/fr\/product\/kit-transformation-pour-encatrement-pont-4\/"}],"components":[],"delivery":[],"package":[],"related":[],"similar":[{"id":154634,"mpn":"RAV.535XX.195678","name":"Pont \u00e0 doubles ciseaux RAV535","description":"3,5 t, \u00e1 profil bas (100 mm), \u00e9lectrohydraulique, au-dessus du sol","thumbnail":"https:\/\/dev.codekraft.it\/ravaglioli.it\/wp-content\/uploads\/brb_media\/00509444_scissor-lift-rav535-mi-150x150.png","url":"https:\/\/dev.codekraft.it\/ravaglioli.it\/fr\/product\/pont-a-doubles-ciseaux-rav535\/"},{"id":154604,"mpn":"RAV.510IX.196255","name":"Pont \u00e0 doubles ciseaux RAV510I 230-400 V &#8211; 50 Hz","description":"3,5 t, \u00e9lectrohydraulique, sous le sol","thumbnail":"https:\/\/dev.codekraft.it\/ravaglioli.it\/wp-content\/uploads\/brb_media\/00509432_scissor-lift-rav510i-mi-150x150.png","url":"https:\/\/dev.codekraft.it\/ravaglioli.it\/fr\/product\/pont-a-doubles-ciseaux-rav510i-230-400-v-50-hz\/"}],"page_logo_src":"https:\/\/dev.codekraft.it\/ravaglioli.it\/wp-content\/uploads\/2026\/04\/rav-negative-logo-1.png","lang":"fr","translations":{"fr":154663,"en":154650,"de":154662,"it":154664,"es":154665,"ru":154666},"pll_sync_post":[],"_links":{"self":[{"href":"https:\/\/dev.codekraft.it\/ravaglioli.it\/wp-json\/wp\/v2\/product\/154663","targetHints":{"allow":["GET"]}}],"collection":[{"href":"https:\/\/dev.codekraft.it\/ravaglioli.it\/wp-json\/wp\/v2\/product"}],"about":[{"href":"https:\/\/dev.codekraft.it\/ravaglioli.it\/wp-json\/wp\/v2\/types\/product"}],"wp:featuredmedia":[{"embeddable":true,"href":"https:\/\/dev.codekraft.it\/ravaglioli.it\/wp-json\/wp\/v2\/media\/154651"}],"wp:attachment":[{"href":"https:\/\/dev.codekraft.it\/ravaglioli.it\/wp-json\/wp\/v2\/media?parent=154663"}],"wp:term":[{"taxonomy":"product_brand","embeddable":true,"href":"https:\/\/dev.codekraft.it\/ravaglioli.it\/wp-json\/wp\/v2\/product_brand?post=154663"},{"taxonomy":"product_cat","embeddable":true,"href":"https:\/\/dev.codekraft.it\/ravaglioli.it\/wp-json\/wp\/v2\/product_cat?post=154663"},{"taxonomy":"product_tag","embeddable":true,"href":"https:\/\/dev.codekraft.it\/ravaglioli.it\/wp-json\/wp\/v2\/product_tag?post=154663"},{"taxonomy":"product_approvals","embeddable":true,"href":"https:\/\/dev.codekraft.it\/ravaglioli.it\/wp-json\/wp\/v2\/product_approvals?post=154663"},{"taxonomy":"product_application","embeddable":true,"href":"https:\/\/dev.codekraft.it\/ravaglioli.it\/wp-json\/wp\/v2\/product_application?post=154663"}],"curies":[{"name":"wp","href":"https:\/\/api.w.org\/{rel}","templated":true}]}}