{"id":154648,"date":"2025-10-30T14:31:23","date_gmt":"2025-10-30T14:31:23","guid":{"rendered":"https:\/\/dev.codekraft.it\/ravaglioli.it\/product\/elevador-de-doble-tijera-rav535l\/"},"modified":"2026-01-14T21:43:59","modified_gmt":"2026-01-14T21:43:59","slug":"elevador-de-doble-tijera-rav535l","status":"publish","type":"product","link":"https:\/\/dev.codekraft.it\/ravaglioli.it\/es\/product\/elevador-de-doble-tijera-rav535l\/","title":{"rendered":"Elevador de doble tijera RAV535L"},"content":{"rendered":"<p>Versi\u00f3n extra-baja (102 mm) &#8211;\u00a0Por eso es ideal para el levantamiento de turismos deportivos o con espoiler\u00a0 especialmente bajos. Es tambi\u00e9n aconsejable para los vehiculos que, llevando suspensiones en mal estado, alcanzan una altura del suelo muy reducida.<\/p>\n<ul>\n<li>Dispositivo de apoyo mec\u00e1nico de funcionamiento autom\u00e1tico y desbloqueo neum\u00e1tico, como garant\u00eda de la m\u00e1xima seguridad en la fase de estacionamiento<\/li>\n<li>Pernos de articulaci\u00f3n con casquillos autolubrificantes que no requieren mantenimiento alguno<\/li>\n<li>Sincronizaci\u00f3n hidr\u00e1ulica de las plataformas independientemente del reparto de carga, con dispositivo de autorregulaci\u00f3n patentado<\/li>\n<li>Ausencia de conexiones mec\u00e1nicas entre las plataformas (m\u00e1xima operatividad en el \u00e1rea de trabajo)<\/li>\n<li>Velocidad reducida del movimiento de las plataformas en la fase de arranque y de descenso<\/li>\n<li>Dispositivo de se\u00f1alizaci\u00f3n\u00a0ac\u00fastica en el final de carrera<\/li>\n<li>Terminales de las tijeras forjados garantizan la m\u00e1xima resistencia<\/li>\n<\/ul>\n<ul>\n<li>Altura m\u00ednima del suelo de 102 mm<\/li>\n<\/ul>\n","protected":false},"excerpt":{"rendered":"<p>3 t, de perfil bajo (102 mm), electrohidr\u00e1ulico, sobre suelo<\/p>\n","protected":false},"featured_media":43747,"template":"","meta":[],"product_brand":[],"product_cat":[58134],"product_tag":[58296,58332],"product_approvals":[],"product_application":[],"class_list":{"0":"post-154648","1":"product","2":"type-product","3":"status-publish","4":"has-post-thumbnail","6":"product_cat-elevadores-de-doble-tijera-es","7":"product_tag-passenger-cars-es","8":"product_tag-light-commercial-es","10":"first","11":"instock","12":"shipping-taxable","13":"product-type-simple"},"approvals":[],"application":[],"brb_media_brochure":[{"id":150592,"url":"https:\/\/dev.codekraft.it\/ravaglioli.it\/wp-content\/uploads\/brb_media\/00535981_scissor-lifts-rav518nl_518t_535_540-br-multi-2025-01-screen.pdf","title":"scissor lifts rav518nl 518t 535 540 br multi 2025 01 screen","mpn":"","thumbnail":"https:\/\/dev.codekraft.it\/ravaglioli.it\/wp-content\/uploads\/brb_media\/00535981_scissor-lifts-rav518nl_518t_535_540-br-multi-2025-01-screen-pdf-106x150.png","description":""}],"brb_media_drawing":[{"id":147945,"url":"https:\/\/dev.codekraft.it\/ravaglioli.it\/wp-content\/uploads\/brb_media\/00523847_double-scissor-lifts-rav535l_rav535lbmw-im-057907950_02-it-2018-06.pdf","title":"Double scissor lifts RAV535L RAV535LBMW IM 057907950 02 it 2018 06","mpn":"","thumbnail":"https:\/\/dev.codekraft.it\/ravaglioli.it\/wp-content\/uploads\/brb_media\/00523847_double-scissor-lifts-rav535l_rav535lbmw-im-057907950_02-it-2018-06-pdf-107x150.png","description":""}],"brb_media_manuals":[{"id":87915,"url":"https:\/\/dev.codekraft.it\/ravaglioli.it\/wp-content\/uploads\/brb_media\/00510339_scissor-lifts-rav535l_li-im-0579-m160-0-rev0-multi-2020-01.pdf","title":"Scissor lifts RAV535L LI IM 0579 M160 0 rev0 multi 2020 01","mpn":"","thumbnail":"https:\/\/dev.codekraft.it\/ravaglioli.it\/wp-content\/uploads\/brb_media\/00510339_scissor-lifts-rav535l_li-im-0579-m160-0-rev0-multi-2020-01-pdf-106x150.png","description":""}],"brb_media_safety_datasheets":"","brb_media_spare_parts":[],"_cdmm_p_id":"502799","_company":"Ravaglioli","_gtin":"5063084195531","accessories":[{"id":152193,"mpn":"S505A2","name":"Travesa\u00f1os para XS30-CAT","description":"Para furgonetas y veh\u00edculos todo terreno | 1 juego \/ 2 piezas","thumbnail":"https:\/\/dev.codekraft.it\/ravaglioli.it\/wp-content\/uploads\/brb_media\/00509455_scissor-lift-s505a2-mi-150x150.png","url":"https:\/\/dev.codekraft.it\/ravaglioli.it\/es\/product\/travesanos-para-xs30-cat\/"},{"id":152206,"mpn":"S518A20","name":"Cubierta de la manguera 1 m | para instalaci\u00f3n sobre suelo","description":"1 m | para instalaci\u00f3n sobre suelo","thumbnail":"https:\/\/dev.codekraft.it\/ravaglioli.it\/wp-content\/uploads\/brb_media\/00550550_double-scissor-lifts-s518a20-mi-150x150.png","url":"https:\/\/dev.codekraft.it\/ravaglioli.it\/es\/product\/cubierta-de-la-manguera-1-m-para-instalacion-sobre-suelo\/"},{"id":152681,"mpn":"S540A1","name":"Kit de rampa de acceso","description":"Rampas adicionales largas para veh\u00edculos de perfil bajo","thumbnail":"https:\/\/dev.codekraft.it\/ravaglioli.it\/wp-content\/uploads\/brb_media\/00509456_scissor-lift-s540a1-mi-150x150.png","url":"https:\/\/dev.codekraft.it\/ravaglioli.it\/es\/product\/kit-de-rampa-de-acceso\/"},{"id":153633,"mpn":"S535A1","name":"Juego de transformaci\u00f3n para empotrar el elevador","description":"","thumbnail":"https:\/\/dev.codekraft.it\/ravaglioli.it\/wp-content\/uploads\/brb_media\/00550549_double-scissor-lifts-s535a1-recess-mounted-kit-mi-150x115.png","url":"https:\/\/dev.codekraft.it\/ravaglioli.it\/es\/product\/juego-de-transformacion-para-empotrar-el-elevador-2\/"}],"components":[],"delivery":[],"package":[],"related":[],"similar":[{"id":154636,"mpn":"RAV.535XX.195678","name":"Elevador de doble tijera RAV535","description":"3,5 t, de perfil bajo (100 mm), electrohidr\u00e1ulico, sobre suelo","thumbnail":"https:\/\/dev.codekraft.it\/ravaglioli.it\/wp-content\/uploads\/brb_media\/00509444_scissor-lift-rav535-mi-150x150.png","url":"https:\/\/dev.codekraft.it\/ravaglioli.it\/es\/product\/elevador-de-doble-tijera-rav535\/"}],"page_logo_src":"https:\/\/dev.codekraft.it\/ravaglioli.it\/wp-content\/uploads\/2026\/04\/rav-negative-logo-1.png","lang":"es","translations":{"es":154648,"en":154644,"de":154645,"fr":154646,"it":154647,"ru":154649},"pll_sync_post":[],"_links":{"self":[{"href":"https:\/\/dev.codekraft.it\/ravaglioli.it\/wp-json\/wp\/v2\/product\/154648","targetHints":{"allow":["GET"]}}],"collection":[{"href":"https:\/\/dev.codekraft.it\/ravaglioli.it\/wp-json\/wp\/v2\/product"}],"about":[{"href":"https:\/\/dev.codekraft.it\/ravaglioli.it\/wp-json\/wp\/v2\/types\/product"}],"wp:featuredmedia":[{"embeddable":true,"href":"https:\/\/dev.codekraft.it\/ravaglioli.it\/wp-json\/wp\/v2\/media\/43747"}],"wp:attachment":[{"href":"https:\/\/dev.codekraft.it\/ravaglioli.it\/wp-json\/wp\/v2\/media?parent=154648"}],"wp:term":[{"taxonomy":"product_brand","embeddable":true,"href":"https:\/\/dev.codekraft.it\/ravaglioli.it\/wp-json\/wp\/v2\/product_brand?post=154648"},{"taxonomy":"product_cat","embeddable":true,"href":"https:\/\/dev.codekraft.it\/ravaglioli.it\/wp-json\/wp\/v2\/product_cat?post=154648"},{"taxonomy":"product_tag","embeddable":true,"href":"https:\/\/dev.codekraft.it\/ravaglioli.it\/wp-json\/wp\/v2\/product_tag?post=154648"},{"taxonomy":"product_approvals","embeddable":true,"href":"https:\/\/dev.codekraft.it\/ravaglioli.it\/wp-json\/wp\/v2\/product_approvals?post=154648"},{"taxonomy":"product_application","embeddable":true,"href":"https:\/\/dev.codekraft.it\/ravaglioli.it\/wp-json\/wp\/v2\/product_application?post=154648"}],"curies":[{"name":"wp","href":"https:\/\/api.w.org\/{rel}","templated":true}]}}