{"id":154645,"date":"2025-10-30T14:31:23","date_gmt":"2025-10-30T14:31:23","guid":{"rendered":"https:\/\/dev.codekraft.it\/ravaglioli.it\/product\/doppelscheren-hebebuhne-rav535l\/"},"modified":"2026-01-14T21:43:58","modified_gmt":"2026-01-14T21:43:58","slug":"doppelscheren-hebebuhne-rav535l","status":"publish","type":"product","link":"https:\/\/dev.codekraft.it\/ravaglioli.it\/de\/product\/doppelscheren-hebebuhne-rav535l\/","title":{"rendered":"Doppelscheren-Hebeb\u00fchne RAV535L"},"content":{"rendered":"<p>Extra flache Ausf\u00fchrung (102 mm) &#8211;\u00a0Ist deshalb ideal zum Heben auch von Sportwagen oder Fahrzeugen, die mit niedrigem Spoiler. Empfehlenswert f\u00fcr Fahrzeuge, die wegen ausgefahrener Sto\u00dfd\u00e4mpfer sehr tief gelegt sind.<\/p>\n<ul>\n<li>Mechanische St\u00fctzvorrichtung mit automatischer Einschaltung und pneumatischer Ausschaltung, um eine maximale Sicherheit im aufgehobenen Zustand zu garantieren<\/li>\n<li>Gelenkbolzen mit selbstschmierenden B\u00fcchsen, die keiner Wartung bed\u00fcrfen<\/li>\n<li>Hydraulische Gleichlaufregelung der beiden Fahrschienen, unabh\u00e4ngig von der Lastverteilung, mit patentierter Selbstausgleicheinrichtung<\/li>\n<li>Keine mechanischen Verbindungen zwischen den Fahrschienen (rundum frei)<\/li>\n<li>Verlangsamte Fahrschienengeschwindigkeit beim Abheben und Aufsetzen auf den Fu\u00dfboden<\/li>\n<li>Akustikmelder im untersten Bereich der Absenkbewegung<\/li>\n<li>Stahlgegossene Scherengelenke f\u00fcr maximale Belastung<\/li>\n<\/ul>\n<ul>\n<li>Mindesth\u00f6he vom Fu\u00dfboden von 102 mm<\/li>\n<\/ul>\n","protected":false},"excerpt":{"rendered":"<p>3 t, Niedrigprofil (102 mm), elektrohydraulisch, \u00dcberflur<\/p>\n","protected":false},"featured_media":43747,"template":"","meta":[],"product_brand":[],"product_cat":[58098],"product_tag":[58287,58323],"product_approvals":[],"product_application":[],"class_list":{"0":"post-154645","1":"product","2":"type-product","3":"status-publish","4":"has-post-thumbnail","6":"product_cat-doppelscheren-hebebuhnen-de","7":"product_tag-passenger-cars-de","8":"product_tag-light-commercial-de","10":"first","11":"instock","12":"shipping-taxable","13":"product-type-simple"},"approvals":[],"application":[],"brb_media_brochure":[{"id":150592,"url":"https:\/\/dev.codekraft.it\/ravaglioli.it\/wp-content\/uploads\/brb_media\/00535981_scissor-lifts-rav518nl_518t_535_540-br-multi-2025-01-screen.pdf","title":"scissor lifts rav518nl 518t 535 540 br multi 2025 01 screen","mpn":"","thumbnail":"https:\/\/dev.codekraft.it\/ravaglioli.it\/wp-content\/uploads\/brb_media\/00535981_scissor-lifts-rav518nl_518t_535_540-br-multi-2025-01-screen-pdf-106x150.png","description":""}],"brb_media_drawing":[{"id":147945,"url":"https:\/\/dev.codekraft.it\/ravaglioli.it\/wp-content\/uploads\/brb_media\/00523847_double-scissor-lifts-rav535l_rav535lbmw-im-057907950_02-it-2018-06.pdf","title":"Double scissor lifts RAV535L RAV535LBMW IM 057907950 02 it 2018 06","mpn":"","thumbnail":"https:\/\/dev.codekraft.it\/ravaglioli.it\/wp-content\/uploads\/brb_media\/00523847_double-scissor-lifts-rav535l_rav535lbmw-im-057907950_02-it-2018-06-pdf-107x150.png","description":""}],"brb_media_manuals":[{"id":87915,"url":"https:\/\/dev.codekraft.it\/ravaglioli.it\/wp-content\/uploads\/brb_media\/00510339_scissor-lifts-rav535l_li-im-0579-m160-0-rev0-multi-2020-01.pdf","title":"Scissor lifts RAV535L LI IM 0579 M160 0 rev0 multi 2020 01","mpn":"","thumbnail":"https:\/\/dev.codekraft.it\/ravaglioli.it\/wp-content\/uploads\/brb_media\/00510339_scissor-lifts-rav535l_li-im-0579-m160-0-rev0-multi-2020-01-pdf-106x150.png","description":""}],"brb_media_safety_datasheets":"","brb_media_spare_parts":[],"_cdmm_p_id":"502799","_company":"Ravaglioli","_gtin":"5063084195531","accessories":[{"id":152190,"mpn":"S505A2","name":"Traversen f\u00fcr XS30-CAT","description":"F\u00fcr Gel\u00e4ndewagen | 1 Satz \/ 2 St\u00fcck","thumbnail":"https:\/\/dev.codekraft.it\/ravaglioli.it\/wp-content\/uploads\/brb_media\/00509455_scissor-lift-s505a2-mi-150x150.png","url":"https:\/\/dev.codekraft.it\/ravaglioli.it\/de\/product\/traversen-fur-xs30-cat\/"},{"id":152203,"mpn":"S518A20","name":"Schlauchabdeckung 1 m | extra flach | f\u00fcr Bodenmontage","description":"1 m | extra flach | f\u00fcr Bodenmontage","thumbnail":"https:\/\/dev.codekraft.it\/ravaglioli.it\/wp-content\/uploads\/brb_media\/00550550_double-scissor-lifts-s518a20-mi-150x150.png","url":"https:\/\/dev.codekraft.it\/ravaglioli.it\/de\/product\/schlauchabdeckung-1-m-extra-flach-fur-bodenmontage\/"},{"id":152678,"mpn":"S540A1","name":"Auffahrrampen-Kit","description":"Lange Zusatzauffahrrampen f\u00fcr Fahrzeuge mit geringer Bodenfreiheit | 1 Satz \/ 4 St\u00fcck","thumbnail":"https:\/\/dev.codekraft.it\/ravaglioli.it\/wp-content\/uploads\/brb_media\/00509456_scissor-lift-s540a1-mi-150x150.png","url":"https:\/\/dev.codekraft.it\/ravaglioli.it\/de\/product\/auffahrrampen-kit\/"},{"id":153630,"mpn":"S535A1","name":"Unterflur-Umr\u00fcstsatz","description":"","thumbnail":"https:\/\/dev.codekraft.it\/ravaglioli.it\/wp-content\/uploads\/brb_media\/00550549_double-scissor-lifts-s535a1-recess-mounted-kit-mi-150x115.png","url":"https:\/\/dev.codekraft.it\/ravaglioli.it\/de\/product\/unterflur-umrustsatz-2\/"}],"components":[],"delivery":[],"package":[],"related":[],"similar":[{"id":154633,"mpn":"RAV.535XX.195678","name":"Doppelscheren-Hebeb\u00fchne RAV535","description":"3,5 t, Niedrigprofil (100 mm), elektrohydraulisch, \u00dcberflur","thumbnail":"https:\/\/dev.codekraft.it\/ravaglioli.it\/wp-content\/uploads\/brb_media\/00509444_scissor-lift-rav535-mi-150x150.png","url":"https:\/\/dev.codekraft.it\/ravaglioli.it\/de\/product\/doppelscheren-hebebuhne-rav535\/"}],"page_logo_src":"https:\/\/dev.codekraft.it\/ravaglioli.it\/wp-content\/uploads\/2026\/04\/rav-negative-logo-1.png","lang":"de","translations":{"de":154645,"en":154644,"fr":154646,"it":154647,"es":154648,"ru":154649},"pll_sync_post":[],"_links":{"self":[{"href":"https:\/\/dev.codekraft.it\/ravaglioli.it\/wp-json\/wp\/v2\/product\/154645","targetHints":{"allow":["GET"]}}],"collection":[{"href":"https:\/\/dev.codekraft.it\/ravaglioli.it\/wp-json\/wp\/v2\/product"}],"about":[{"href":"https:\/\/dev.codekraft.it\/ravaglioli.it\/wp-json\/wp\/v2\/types\/product"}],"wp:featuredmedia":[{"embeddable":true,"href":"https:\/\/dev.codekraft.it\/ravaglioli.it\/wp-json\/wp\/v2\/media\/43747"}],"wp:attachment":[{"href":"https:\/\/dev.codekraft.it\/ravaglioli.it\/wp-json\/wp\/v2\/media?parent=154645"}],"wp:term":[{"taxonomy":"product_brand","embeddable":true,"href":"https:\/\/dev.codekraft.it\/ravaglioli.it\/wp-json\/wp\/v2\/product_brand?post=154645"},{"taxonomy":"product_cat","embeddable":true,"href":"https:\/\/dev.codekraft.it\/ravaglioli.it\/wp-json\/wp\/v2\/product_cat?post=154645"},{"taxonomy":"product_tag","embeddable":true,"href":"https:\/\/dev.codekraft.it\/ravaglioli.it\/wp-json\/wp\/v2\/product_tag?post=154645"},{"taxonomy":"product_approvals","embeddable":true,"href":"https:\/\/dev.codekraft.it\/ravaglioli.it\/wp-json\/wp\/v2\/product_approvals?post=154645"},{"taxonomy":"product_application","embeddable":true,"href":"https:\/\/dev.codekraft.it\/ravaglioli.it\/wp-json\/wp\/v2\/product_application?post=154645"}],"curies":[{"name":"wp","href":"https:\/\/api.w.org\/{rel}","templated":true}]}}