{"id":154633,"date":"2025-10-30T14:31:23","date_gmt":"2025-10-30T14:31:23","guid":{"rendered":"https:\/\/dev.codekraft.it\/ravaglioli.it\/product\/doppelscheren-hebebuhne-rav535\/"},"modified":"2026-01-14T21:42:50","modified_gmt":"2026-01-14T21:42:50","slug":"doppelscheren-hebebuhne-rav535","status":"publish","type":"product","link":"https:\/\/dev.codekraft.it\/ravaglioli.it\/de\/product\/doppelscheren-hebebuhne-rav535\/","title":{"rendered":"Doppelscheren-Hebeb\u00fchne RAV535"},"content":{"rendered":"<p>Extra flache Ausf\u00fchrung (100 mm) &#8211;\u00a0Ist deshalb ideal zum Heben auch von Sportwagen oder Fahrzeugen, die mit niedrigem Spoiler. Empfehlenswert f\u00fcr Fahrzeuge, die wegen ausgefahrener Sto\u00dfd\u00e4mpfer sehr tief gelegt sind.<\/p>\n<ul>\n<li>Mechanische St\u00fctzvorrichtung mit automatischer Einschaltung und pneumatischer Ausschaltung, um eine maximale Sicherheit im aufgehobenen Zustand zu garantieren<\/li>\n<li>Gelenkbolzen mit selbstschmierenden B\u00fcchsen, die keiner Wartung bed\u00fcrfen<\/li>\n<li>Hydraulische Gleichlaufregelung der beiden Fahrschienen, unabh\u00e4ngig von der Lastverteilung, mit patentierter Selbstausgleicheinrichtung<\/li>\n<li>Keine mechanischen Verbindungen zwischen den Fahrschienen (rundum frei)<\/li>\n<li>Verlangsamte Fahrschienengeschwindigkeit beim Abheben und Aufsetzen auf den Fu\u00dfboden<\/li>\n<li>Akustikmelder im untersten Bereich der Absenkbewegung<\/li>\n<li>Stahlgegossene Scherengelenke f\u00fcr maximale Belastung<\/li>\n<\/ul>\n","protected":false},"excerpt":{"rendered":"<p>3,5 t, Niedrigprofil (100 mm), elektrohydraulisch, \u00dcberflur<\/p>\n","protected":false},"featured_media":43747,"template":"","meta":[],"product_brand":[],"product_cat":[58098],"product_tag":[58287,58323],"product_approvals":[],"product_application":[],"class_list":{"0":"post-154633","1":"product","2":"type-product","3":"status-publish","4":"has-post-thumbnail","6":"product_cat-doppelscheren-hebebuhnen-de","7":"product_tag-passenger-cars-de","8":"product_tag-light-commercial-de","10":"first","11":"instock","12":"shipping-taxable","13":"product-type-simple"},"approvals":[],"application":[],"brb_media_brochure":[{"id":150592,"url":"https:\/\/dev.codekraft.it\/ravaglioli.it\/wp-content\/uploads\/brb_media\/00535981_scissor-lifts-rav518nl_518t_535_540-br-multi-2025-01-screen.pdf","title":"scissor lifts rav518nl 518t 535 540 br multi 2025 01 screen","mpn":"","thumbnail":"https:\/\/dev.codekraft.it\/ravaglioli.it\/wp-content\/uploads\/brb_media\/00535981_scissor-lifts-rav518nl_518t_535_540-br-multi-2025-01-screen-pdf-106x150.png","description":""}],"brb_media_drawing":[{"id":87902,"url":"https:\/\/dev.codekraft.it\/ravaglioli.it\/wp-content\/uploads\/brb_media\/00510348_scissor-lifts-rav535_u-td-0579_0732_0-it-2011-06.pdf","title":"Scissor lifts RAV535 U TD 0579 0732 0 it 2011 06","mpn":"","thumbnail":"https:\/\/dev.codekraft.it\/ravaglioli.it\/wp-content\/uploads\/brb_media\/00510348_scissor-lifts-rav535_u-td-0579_0732_0-it-2011-06-pdf-106x150.png","description":""}],"brb_media_manuals":[{"id":87901,"url":"https:\/\/dev.codekraft.it\/ravaglioli.it\/wp-content\/uploads\/brb_media\/00510338_scissor-lifts-rav535_i_lb_ilb-im-0579-m080-0-rev6-multi-2020-05.pdf","title":"Scissor lifts RAV535 I LB ILB IM 0579 M080 0 rev6 multi 2020 05","mpn":"","thumbnail":"https:\/\/dev.codekraft.it\/ravaglioli.it\/wp-content\/uploads\/brb_media\/00510338_scissor-lifts-rav535_i_lb_ilb-im-0579-m080-0-rev6-multi-2020-05-pdf-106x150.png","description":""}],"brb_media_safety_datasheets":"","brb_media_spare_parts":[],"_cdmm_p_id":"502797","_company":"Ravaglioli","_gtin":"5063084195678","accessories":[{"id":152190,"mpn":"S505A2","name":"Traversen f\u00fcr XS30-CAT","description":"F\u00fcr Gel\u00e4ndewagen | 1 Satz \/ 2 St\u00fcck","thumbnail":"https:\/\/dev.codekraft.it\/ravaglioli.it\/wp-content\/uploads\/brb_media\/00509455_scissor-lift-s505a2-mi-150x150.png","url":"https:\/\/dev.codekraft.it\/ravaglioli.it\/de\/product\/traversen-fur-xs30-cat\/"},{"id":152203,"mpn":"S518A20","name":"Schlauchabdeckung 1 m | extra flach | f\u00fcr Bodenmontage","description":"1 m | extra flach | f\u00fcr Bodenmontage","thumbnail":"https:\/\/dev.codekraft.it\/ravaglioli.it\/wp-content\/uploads\/brb_media\/00550550_double-scissor-lifts-s518a20-mi-150x150.png","url":"https:\/\/dev.codekraft.it\/ravaglioli.it\/de\/product\/schlauchabdeckung-1-m-extra-flach-fur-bodenmontage\/"},{"id":152678,"mpn":"S540A1","name":"Auffahrrampen-Kit","description":"Lange Zusatzauffahrrampen f\u00fcr Fahrzeuge mit geringer Bodenfreiheit | 1 Satz \/ 4 St\u00fcck","thumbnail":"https:\/\/dev.codekraft.it\/ravaglioli.it\/wp-content\/uploads\/brb_media\/00509456_scissor-lift-s540a1-mi-150x150.png","url":"https:\/\/dev.codekraft.it\/ravaglioli.it\/de\/product\/auffahrrampen-kit\/"},{"id":153630,"mpn":"S535A1","name":"Unterflur-Umr\u00fcstsatz","description":"","thumbnail":"https:\/\/dev.codekraft.it\/ravaglioli.it\/wp-content\/uploads\/brb_media\/00550549_double-scissor-lifts-s535a1-recess-mounted-kit-mi-150x115.png","url":"https:\/\/dev.codekraft.it\/ravaglioli.it\/de\/product\/unterflur-umrustsatz-2\/"}],"components":[],"delivery":[],"package":[],"related":[],"similar":[{"id":154585,"mpn":"RAV.509IF.196071","name":"Doppelscheren-Hebeb\u00fchne RAV509IF 230-400 V &#8211; 3 Ph &#8211; 50 Hz","description":"3,5 t, elektrohydraulisch, Unterflur | 230\/400 V \/ 50 Hz","thumbnail":"https:\/\/dev.codekraft.it\/ravaglioli.it\/wp-content\/uploads\/brb_media\/00509431_scissor-lift-rav507_508_509_510-mi-150x150.png","url":"https:\/\/dev.codekraft.it\/ravaglioli.it\/de\/product\/doppelscheren-hebebuhne-rav509if-230-400-v-3-ph-50-hz\/"},{"id":154603,"mpn":"RAV.510IX.196255","name":"Doppelscheren-Hebeb\u00fchne RAV510I 230-400 V &#8211; 50 Hz","description":"3,5 t, elektrohydraulisch, Unterflur","thumbnail":"https:\/\/dev.codekraft.it\/ravaglioli.it\/wp-content\/uploads\/brb_media\/00509432_scissor-lift-rav510i-mi-150x150.png","url":"https:\/\/dev.codekraft.it\/ravaglioli.it\/de\/product\/doppelscheren-hebebuhne-rav510i-230-400-v-50-hz\/"},{"id":154639,"mpn":"RAV.535XX.195784","name":"Doppelscheren-Hebeb\u00fchne RAV535Q","description":"3,5 t, Niedrigprofil (100 mm), elektrohydraulisch, TEq-Link, \u00dcberflur","thumbnail":"https:\/\/dev.codekraft.it\/ravaglioli.it\/wp-content\/uploads\/brb_media\/00509444_scissor-lift-rav535-mi-150x150.png","url":"https:\/\/dev.codekraft.it\/ravaglioli.it\/de\/product\/doppelscheren-hebebuhne-rav535q\/"}],"page_logo_src":"https:\/\/dev.codekraft.it\/ravaglioli.it\/wp-content\/uploads\/2026\/04\/rav-negative-logo-1.png","lang":"de","translations":{"de":154633,"en":154632,"fr":154634,"it":154635,"es":154636,"ru":154637},"pll_sync_post":[],"_links":{"self":[{"href":"https:\/\/dev.codekraft.it\/ravaglioli.it\/wp-json\/wp\/v2\/product\/154633","targetHints":{"allow":["GET"]}}],"collection":[{"href":"https:\/\/dev.codekraft.it\/ravaglioli.it\/wp-json\/wp\/v2\/product"}],"about":[{"href":"https:\/\/dev.codekraft.it\/ravaglioli.it\/wp-json\/wp\/v2\/types\/product"}],"wp:featuredmedia":[{"embeddable":true,"href":"https:\/\/dev.codekraft.it\/ravaglioli.it\/wp-json\/wp\/v2\/media\/43747"}],"wp:attachment":[{"href":"https:\/\/dev.codekraft.it\/ravaglioli.it\/wp-json\/wp\/v2\/media?parent=154633"}],"wp:term":[{"taxonomy":"product_brand","embeddable":true,"href":"https:\/\/dev.codekraft.it\/ravaglioli.it\/wp-json\/wp\/v2\/product_brand?post=154633"},{"taxonomy":"product_cat","embeddable":true,"href":"https:\/\/dev.codekraft.it\/ravaglioli.it\/wp-json\/wp\/v2\/product_cat?post=154633"},{"taxonomy":"product_tag","embeddable":true,"href":"https:\/\/dev.codekraft.it\/ravaglioli.it\/wp-json\/wp\/v2\/product_tag?post=154633"},{"taxonomy":"product_approvals","embeddable":true,"href":"https:\/\/dev.codekraft.it\/ravaglioli.it\/wp-json\/wp\/v2\/product_approvals?post=154633"},{"taxonomy":"product_application","embeddable":true,"href":"https:\/\/dev.codekraft.it\/ravaglioli.it\/wp-json\/wp\/v2\/product_application?post=154633"}],"curies":[{"name":"wp","href":"https:\/\/api.w.org\/{rel}","templated":true}]}}