{"id":154630,"date":"2025-10-30T14:31:23","date_gmt":"2025-10-30T14:31:23","guid":{"rendered":"https:\/\/dev.codekraft.it\/ravaglioli.it\/product\/elevador-de-doble-tijera-rav518nl-230-v-1-ph-50-60-hz\/"},"modified":"2025-11-05T22:13:55","modified_gmt":"2025-11-05T22:13:55","slug":"elevador-de-doble-tijera-rav518nl-230-v-1-ph-50-60-hz","status":"publish","type":"product","link":"https:\/\/dev.codekraft.it\/ravaglioli.it\/es\/product\/elevador-de-doble-tijera-rav518nl-230-v-1-ph-50-60-hz\/","title":{"rendered":"Elevador de doble tijera RAV518NL 230 V &#8211; 1 Ph &#8211; 50-60 Hz"},"content":{"rendered":"<p>La altura m\u00ednima del suelo (110 mm) facilita el acceso y permite encontrar la mejor posici\u00f3n para el levantamiento del veh\u00edculo. El limitado espacio que ocupa, tanto de largo cuanto de ancho, deja libre la zona cerca del elevador, aumentando la seguridad en la zona de trabajo. Ideal para reparaciones mec\u00e1nicas, servicio neum\u00e1ticos y amortiguadores, es una \u00f3ptima elecci\u00f3n en zona de recepci\u00f3n del veh\u00edculo.<\/p>\n<ul>\n<li>Dispositivo de apoyo mec\u00e1nico de funcionamiento autom\u00e1tico y desbloqueo neum\u00e1tico, como garant\u00eda de la m\u00e1xima seguridad en la fase de estacionamiento<\/li>\n<li>Pernos de articulaci\u00f3n con casquillos autolubrificantes que no requieren mantenimiento alguno<\/li>\n<li>Sincronizaci\u00f3n hidr\u00e1ulica de las plataformas independientemente del reparto de carga, con dispositivo de autorregulaci\u00f3n patentado<\/li>\n<li>Ausencia de conexiones mec\u00e1nicas entre las plataformas (m\u00e1xima operatividad en el \u00e1rea de trabajo)<\/li>\n<li>Velocidad reducida del movimiento de las plataformas en la fase de arranque y de descenso<\/li>\n<li>Dispositivo de se\u00f1alizaci\u00f3n\u00a0ac\u00fastica en el final de carrera<\/li>\n<li>Terminales de las tijeras forjados garantizan la m\u00e1xima resistencia<\/li>\n<\/ul>\n","protected":false},"excerpt":{"rendered":"<p>3,0 t, de perfil bajo (110 mm), electrohidr\u00e1ulico, sobre suelo | 1 x 230 V \/ 50 &#8211; 60 Hz<\/p>\n","protected":false},"featured_media":43734,"template":"","meta":[],"product_brand":[],"product_cat":[58134],"product_tag":[58296,58332],"product_approvals":[],"product_application":[],"class_list":{"0":"post-154630","1":"product","2":"type-product","3":"status-publish","4":"has-post-thumbnail","6":"product_cat-elevadores-de-doble-tijera-es","7":"product_tag-passenger-cars-es","8":"product_tag-light-commercial-es","10":"first","11":"instock","12":"shipping-taxable","13":"product-type-simple"},"approvals":[],"application":[],"brb_media_brochure":[{"id":150592,"url":"https:\/\/dev.codekraft.it\/ravaglioli.it\/wp-content\/uploads\/brb_media\/00535981_scissor-lifts-rav518nl_518t_535_540-br-multi-2025-01-screen.pdf","title":"scissor lifts rav518nl 518t 535 540 br multi 2025 01 screen","mpn":"","thumbnail":"https:\/\/dev.codekraft.it\/ravaglioli.it\/wp-content\/uploads\/brb_media\/00535981_scissor-lifts-rav518nl_518t_535_540-br-multi-2025-01-screen-pdf-106x150.png","description":""}],"brb_media_drawing":[{"id":87888,"url":"https:\/\/dev.codekraft.it\/ravaglioli.it\/wp-content\/uploads\/brb_media\/00510346_Scissor-lifts-RAV516_518NL-TD-0579_0706_0_00-en-2004-09.pdf","title":"Scissor lifts RAV516 518NL TD 0579 0706 0 00 en 2004 09","mpn":"","thumbnail":"https:\/\/dev.codekraft.it\/ravaglioli.it\/wp-content\/uploads\/brb_media\/00510346_Scissor-lifts-RAV516_518NL-TD-0579_0706_0_00-en-2004-09-pdf-106x150.png","description":""}],"brb_media_manuals":[{"id":87887,"url":"https:\/\/dev.codekraft.it\/ravaglioli.it\/wp-content\/uploads\/brb_media\/00510336_Scissor-lifts-RAV516NL_NLI_RAV518NL_NLI_RAV518Q_QI-IM-0579-M030-2-rev4-multi-2020-01.pdf","title":"Scissor lifts RAV516NL NLI RAV518NL NLI RAV518Q QI IM 0579 M030 2 rev4 multi 2020 01","mpn":"","thumbnail":"https:\/\/dev.codekraft.it\/ravaglioli.it\/wp-content\/uploads\/brb_media\/00510336_Scissor-lifts-RAV516NL_NLI_RAV518NL_NLI_RAV518Q_QI-IM-0579-M030-2-rev4-multi-2020-01-pdf-106x150.png","description":""}],"brb_media_safety_datasheets":"","brb_media_spare_parts":[],"_cdmm_p_id":"502796","_company":"Ravaglioli","_gtin":"5063084196002","accessories":[{"id":152193,"mpn":"S505A2","name":"Travesa\u00f1os para XS30-CAT","description":"Para furgonetas y veh\u00edculos todo terreno | 1 juego \/ 2 piezas","thumbnail":"https:\/\/dev.codekraft.it\/ravaglioli.it\/wp-content\/uploads\/brb_media\/00509455_scissor-lift-s505a2-mi-150x150.png","url":"https:\/\/dev.codekraft.it\/ravaglioli.it\/es\/product\/travesanos-para-xs30-cat\/"},{"id":152206,"mpn":"S518A20","name":"Cubierta de la manguera 1 m | para instalaci\u00f3n sobre suelo","description":"1 m | para instalaci\u00f3n sobre suelo","thumbnail":"https:\/\/dev.codekraft.it\/ravaglioli.it\/wp-content\/uploads\/brb_media\/00550550_double-scissor-lifts-s518a20-mi-150x150.png","url":"https:\/\/dev.codekraft.it\/ravaglioli.it\/es\/product\/cubierta-de-la-manguera-1-m-para-instalacion-sobre-suelo\/"},{"id":152681,"mpn":"S540A1","name":"Kit de rampa de acceso","description":"Rampas adicionales largas para veh\u00edculos de perfil bajo","thumbnail":"https:\/\/dev.codekraft.it\/ravaglioli.it\/wp-content\/uploads\/brb_media\/00509456_scissor-lift-s540a1-mi-150x150.png","url":"https:\/\/dev.codekraft.it\/ravaglioli.it\/es\/product\/kit-de-rampa-de-acceso\/"},{"id":153627,"mpn":"S518A21","name":"Juego de transformaci\u00f3n para empotrar el elevador","description":"","thumbnail":"https:\/\/dev.codekraft.it\/ravaglioli.it\/wp-content\/uploads\/brb_media\/00550549_double-scissor-lifts-s535a1-recess-mounted-kit-mi-150x115.png","url":"https:\/\/dev.codekraft.it\/ravaglioli.it\/es\/product\/juego-de-transformacion-para-empotrar-el-elevador\/"}],"components":[],"delivery":[],"package":[],"related":[],"similar":[{"id":154624,"mpn":"RAV.518NL.195937","name":"Elevador de doble tijera RAV518NL 230-400 V &#8211; 50 Hz","description":"3,0 t, de perfil bajo (110 mm), electrohidr\u00e1ulico, sobre suelo","thumbnail":"https:\/\/dev.codekraft.it\/ravaglioli.it\/wp-content\/uploads\/brb_media\/00509440_Scissor-lift-RAV518NL-MI-150x150.png","url":"https:\/\/dev.codekraft.it\/ravaglioli.it\/es\/product\/elevador-de-doble-tijera-rav518nl-230-400-v-50-hz\/"},{"id":154612,"mpn":"RAV.510IX.196774","name":"Elevador de doble tijera RAV510I 230 V &#8211; 1 Ph &#8211; 50-60 Hz","description":"3,5 t, electrohidr\u00e1ulico, bajo suelo | 1 x 230 V \/ 50 - 60 Hz","thumbnail":"https:\/\/dev.codekraft.it\/ravaglioli.it\/wp-content\/uploads\/brb_media\/00509432_scissor-lift-rav510i-mi-150x150.png","url":"https:\/\/dev.codekraft.it\/ravaglioli.it\/es\/product\/elevador-de-doble-tijera-rav510i-230-v-1-ph-50-60-hz\/"}],"page_logo_src":"https:\/\/dev.codekraft.it\/ravaglioli.it\/wp-content\/uploads\/2026\/04\/rav-negative-logo-1.png","lang":"es","translations":{"es":154630,"de":154627,"fr":154628,"it":154629,"ru":154631},"pll_sync_post":[],"_links":{"self":[{"href":"https:\/\/dev.codekraft.it\/ravaglioli.it\/wp-json\/wp\/v2\/product\/154630","targetHints":{"allow":["GET"]}}],"collection":[{"href":"https:\/\/dev.codekraft.it\/ravaglioli.it\/wp-json\/wp\/v2\/product"}],"about":[{"href":"https:\/\/dev.codekraft.it\/ravaglioli.it\/wp-json\/wp\/v2\/types\/product"}],"wp:featuredmedia":[{"embeddable":true,"href":"https:\/\/dev.codekraft.it\/ravaglioli.it\/wp-json\/wp\/v2\/media\/43734"}],"wp:attachment":[{"href":"https:\/\/dev.codekraft.it\/ravaglioli.it\/wp-json\/wp\/v2\/media?parent=154630"}],"wp:term":[{"taxonomy":"product_brand","embeddable":true,"href":"https:\/\/dev.codekraft.it\/ravaglioli.it\/wp-json\/wp\/v2\/product_brand?post=154630"},{"taxonomy":"product_cat","embeddable":true,"href":"https:\/\/dev.codekraft.it\/ravaglioli.it\/wp-json\/wp\/v2\/product_cat?post=154630"},{"taxonomy":"product_tag","embeddable":true,"href":"https:\/\/dev.codekraft.it\/ravaglioli.it\/wp-json\/wp\/v2\/product_tag?post=154630"},{"taxonomy":"product_approvals","embeddable":true,"href":"https:\/\/dev.codekraft.it\/ravaglioli.it\/wp-json\/wp\/v2\/product_approvals?post=154630"},{"taxonomy":"product_application","embeddable":true,"href":"https:\/\/dev.codekraft.it\/ravaglioli.it\/wp-json\/wp\/v2\/product_application?post=154630"}],"curies":[{"name":"wp","href":"https:\/\/api.w.org\/{rel}","templated":true}]}}