{"id":154621,"date":"2025-10-30T14:31:23","date_gmt":"2025-10-30T14:31:23","guid":{"rendered":"https:\/\/dev.codekraft.it\/ravaglioli.it\/product\/doppelscheren-hebebuhne-rav518nl-230-400-v-50-hz\/"},"modified":"2025-11-05T22:13:09","modified_gmt":"2025-11-05T22:13:09","slug":"doppelscheren-hebebuhne-rav518nl-230-400-v-50-hz","status":"publish","type":"product","link":"https:\/\/dev.codekraft.it\/ravaglioli.it\/de\/product\/doppelscheren-hebebuhne-rav518nl-230-400-v-50-hz\/","title":{"rendered":"Doppelscheren-Hebeb\u00fchne RAV518NL 230-400 V &#8211; 50 Hz"},"content":{"rendered":"<p>Die Mindesth\u00f6he vom Boden (110 mm) erm\u00f6glicht eine leichte Zufahrt des Fahrzeugs und eine schnelle Richtigstellung zum Heben. Die geringe L\u00e4nge und Breite lassen gro\u00dfe Bewegungsfreiheit um die B\u00fchne und gew\u00e4hrleisten mehr Sicherheit auf dem Arbeitsplatz. Ideal f\u00fcr mechanische Eingriffe, Reifen- und Sto\u00dfd\u00e4mpferservice und auch eine optimale L\u00f6sung f\u00fcr die Annahme.<\/p>\n<ul>\n<li>Mechanische St\u00fctzvorrichtung mit automatischer Einschaltung und pneumatischer Ausschaltung, um eine maximale Sicherheit im aufgehobenen Zustand zu garantieren<\/li>\n<li>Gelenkbolzen mit selbstschmierenden B\u00fcchsen, die keiner Wartung bed\u00fcrfen<\/li>\n<li>Hydraulische Gleichlaufregelung der beiden Fahrschienen, unabh\u00e4ngig von der Lastverteilung, mit patentierter Selbstausgleicheinrichtung<\/li>\n<li>Keine mechanischen Verbindungen zwischen den Fahrschienen (rundum frei)<\/li>\n<li>Verlangsamte Fahrschienengeschwindigkeit beim Abheben und Aufsetzen auf den Fu\u00dfboden<\/li>\n<li>Akustikmelder im untersten Bereich der Absenkbewegung<\/li>\n<li>Stahlgegossene Scherengelenke f\u00fcr maximale Belastung<\/li>\n<\/ul>\n","protected":false},"excerpt":{"rendered":"<p>3,0 t, Niedrigprofil (110 mm), elektrohydraulisch, \u00dcberflur<\/p>\n","protected":false},"featured_media":43734,"template":"","meta":[],"product_brand":[],"product_cat":[58098],"product_tag":[58287,58323],"product_approvals":[],"product_application":[],"class_list":{"0":"post-154621","1":"product","2":"type-product","3":"status-publish","4":"has-post-thumbnail","6":"product_cat-doppelscheren-hebebuhnen-de","7":"product_tag-passenger-cars-de","8":"product_tag-light-commercial-de","10":"first","11":"instock","12":"shipping-taxable","13":"product-type-simple"},"approvals":[],"application":[],"brb_media_brochure":[{"id":150592,"url":"https:\/\/dev.codekraft.it\/ravaglioli.it\/wp-content\/uploads\/brb_media\/00535981_scissor-lifts-rav518nl_518t_535_540-br-multi-2025-01-screen.pdf","title":"scissor lifts rav518nl 518t 535 540 br multi 2025 01 screen","mpn":"","thumbnail":"https:\/\/dev.codekraft.it\/ravaglioli.it\/wp-content\/uploads\/brb_media\/00535981_scissor-lifts-rav518nl_518t_535_540-br-multi-2025-01-screen-pdf-106x150.png","description":""}],"brb_media_drawing":[{"id":87888,"url":"https:\/\/dev.codekraft.it\/ravaglioli.it\/wp-content\/uploads\/brb_media\/00510346_Scissor-lifts-RAV516_518NL-TD-0579_0706_0_00-en-2004-09.pdf","title":"Scissor lifts RAV516 518NL TD 0579 0706 0 00 en 2004 09","mpn":"","thumbnail":"https:\/\/dev.codekraft.it\/ravaglioli.it\/wp-content\/uploads\/brb_media\/00510346_Scissor-lifts-RAV516_518NL-TD-0579_0706_0_00-en-2004-09-pdf-106x150.png","description":""}],"brb_media_manuals":[{"id":87887,"url":"https:\/\/dev.codekraft.it\/ravaglioli.it\/wp-content\/uploads\/brb_media\/00510336_Scissor-lifts-RAV516NL_NLI_RAV518NL_NLI_RAV518Q_QI-IM-0579-M030-2-rev4-multi-2020-01.pdf","title":"Scissor lifts RAV516NL NLI RAV518NL NLI RAV518Q QI IM 0579 M030 2 rev4 multi 2020 01","mpn":"","thumbnail":"https:\/\/dev.codekraft.it\/ravaglioli.it\/wp-content\/uploads\/brb_media\/00510336_Scissor-lifts-RAV516NL_NLI_RAV518NL_NLI_RAV518Q_QI-IM-0579-M030-2-rev4-multi-2020-01-pdf-106x150.png","description":""}],"brb_media_safety_datasheets":"","brb_media_spare_parts":[],"_cdmm_p_id":"502795","_company":"Ravaglioli","_gtin":"5063084195937","accessories":[{"id":152190,"mpn":"S505A2","name":"Traversen f\u00fcr XS30-CAT","description":"F\u00fcr Gel\u00e4ndewagen | 1 Satz \/ 2 St\u00fcck","thumbnail":"https:\/\/dev.codekraft.it\/ravaglioli.it\/wp-content\/uploads\/brb_media\/00509455_scissor-lift-s505a2-mi-150x150.png","url":"https:\/\/dev.codekraft.it\/ravaglioli.it\/de\/product\/traversen-fur-xs30-cat\/"},{"id":152203,"mpn":"S518A20","name":"Schlauchabdeckung 1 m | extra flach | f\u00fcr Bodenmontage","description":"1 m | extra flach | f\u00fcr Bodenmontage","thumbnail":"https:\/\/dev.codekraft.it\/ravaglioli.it\/wp-content\/uploads\/brb_media\/00550550_double-scissor-lifts-s518a20-mi-150x150.png","url":"https:\/\/dev.codekraft.it\/ravaglioli.it\/de\/product\/schlauchabdeckung-1-m-extra-flach-fur-bodenmontage\/"},{"id":152678,"mpn":"S540A1","name":"Auffahrrampen-Kit","description":"Lange Zusatzauffahrrampen f\u00fcr Fahrzeuge mit geringer Bodenfreiheit | 1 Satz \/ 4 St\u00fcck","thumbnail":"https:\/\/dev.codekraft.it\/ravaglioli.it\/wp-content\/uploads\/brb_media\/00509456_scissor-lift-s540a1-mi-150x150.png","url":"https:\/\/dev.codekraft.it\/ravaglioli.it\/de\/product\/auffahrrampen-kit\/"},{"id":153624,"mpn":"S518A21","name":"Unterflur-Umr\u00fcstsatz","description":"","thumbnail":"https:\/\/dev.codekraft.it\/ravaglioli.it\/wp-content\/uploads\/brb_media\/00550549_double-scissor-lifts-s535a1-recess-mounted-kit-mi-150x115.png","url":"https:\/\/dev.codekraft.it\/ravaglioli.it\/de\/product\/unterflur-umrustsatz\/"}],"components":[],"delivery":[],"package":[],"related":[],"similar":[{"id":154597,"mpn":"RAV.508IX.196170","name":"Doppelscheren-Hebeb\u00fchne RAV508I","description":"3,0 t, elektrohydraulisch, Unterflur","thumbnail":"https:\/\/dev.codekraft.it\/ravaglioli.it\/wp-content\/uploads\/brb_media\/00509431_scissor-lift-rav507_508_509_510-mi-150x150.png","url":"https:\/\/dev.codekraft.it\/ravaglioli.it\/de\/product\/doppelscheren-hebebuhne-rav508i\/"},{"id":154627,"mpn":"RAV.518NL.196002","name":"Doppelscheren-Hebeb\u00fchne RAV518NL 230 V &#8211; 1 Ph &#8211; 50-60 Hz","description":"3,0 t, Niedrigprofil (110 mm), elektrohydraulisch, \u00dcberflur | 1 x 230 V \/ 50 - 60 Hz","thumbnail":"https:\/\/dev.codekraft.it\/ravaglioli.it\/wp-content\/uploads\/brb_media\/00509440_Scissor-lift-RAV518NL-MI-150x150.png","url":"https:\/\/dev.codekraft.it\/ravaglioli.it\/de\/product\/doppelscheren-hebebuhne-rav518nl-230-v-1-ph-50-60-hz\/"}],"page_logo_src":"https:\/\/dev.codekraft.it\/ravaglioli.it\/wp-content\/uploads\/2026\/04\/rav-negative-logo-1.png","lang":"de","translations":{"de":154621,"fr":154622,"it":154623,"es":154624,"ru":154625},"pll_sync_post":[],"_links":{"self":[{"href":"https:\/\/dev.codekraft.it\/ravaglioli.it\/wp-json\/wp\/v2\/product\/154621","targetHints":{"allow":["GET"]}}],"collection":[{"href":"https:\/\/dev.codekraft.it\/ravaglioli.it\/wp-json\/wp\/v2\/product"}],"about":[{"href":"https:\/\/dev.codekraft.it\/ravaglioli.it\/wp-json\/wp\/v2\/types\/product"}],"wp:featuredmedia":[{"embeddable":true,"href":"https:\/\/dev.codekraft.it\/ravaglioli.it\/wp-json\/wp\/v2\/media\/43734"}],"wp:attachment":[{"href":"https:\/\/dev.codekraft.it\/ravaglioli.it\/wp-json\/wp\/v2\/media?parent=154621"}],"wp:term":[{"taxonomy":"product_brand","embeddable":true,"href":"https:\/\/dev.codekraft.it\/ravaglioli.it\/wp-json\/wp\/v2\/product_brand?post=154621"},{"taxonomy":"product_cat","embeddable":true,"href":"https:\/\/dev.codekraft.it\/ravaglioli.it\/wp-json\/wp\/v2\/product_cat?post=154621"},{"taxonomy":"product_tag","embeddable":true,"href":"https:\/\/dev.codekraft.it\/ravaglioli.it\/wp-json\/wp\/v2\/product_tag?post=154621"},{"taxonomy":"product_approvals","embeddable":true,"href":"https:\/\/dev.codekraft.it\/ravaglioli.it\/wp-json\/wp\/v2\/product_approvals?post=154621"},{"taxonomy":"product_application","embeddable":true,"href":"https:\/\/dev.codekraft.it\/ravaglioli.it\/wp-json\/wp\/v2\/product_application?post=154621"}],"curies":[{"name":"wp","href":"https:\/\/api.w.org\/{rel}","templated":true}]}}