{"id":154616,"date":"2025-10-30T14:31:23","date_gmt":"2025-10-30T14:31:23","guid":{"rendered":"https:\/\/dev.codekraft.it\/ravaglioli.it\/product\/pont-a-doubles-ciseaux-rav510iq\/"},"modified":"2026-01-14T21:42:18","modified_gmt":"2026-01-14T21:42:18","slug":"pont-a-doubles-ciseaux-rav510iq","status":"publish","type":"product","link":"https:\/\/dev.codekraft.it\/ravaglioli.it\/fr\/product\/pont-a-doubles-ciseaux-rav510iq\/","title":{"rendered":"Pont \u00e0 doubles ciseaux RAV510IQ"},"content":{"rendered":"<p>Plateaux r\u00e9glables, pour permettre d&#8217;atteindre les points de levage des v\u00e9hicules plus difficiles. La solution optimale pour le milieu de travail rationnel.<\/p>\n<ul>\n<li>Encombrement mini lorsque le pont est lev\u00e9<\/li>\n<li>Le sol est enti\u00e8rement libre<\/li>\n<\/ul>\n<ul>\n<li>Pivots d&#8217;articulation avec bagues autolubrifiantes, ne n\u00e9cessitant pas d&#8217;entretien<\/li>\n<li>\u00c0 chaque descente, le niveau des plateaux est r\u00e9gl\u00e9 parfaitement par un dispositif d\u2019alignement brevet\u00e9<\/li>\n<li>Dispositif de soutien m\u00e9canique avec enclenchement automatique et d\u00e9gagement pneumatique, pour garantir la s\u00e9curit\u00e9 totale pendant le stationnement<\/li>\n<\/ul>\n","protected":false},"excerpt":{"rendered":"<p>3,5 t, \u00e9lectrohydraulique, TEq-Link, sous le sol<\/p>\n","protected":false},"featured_media":43700,"template":"","meta":[],"product_brand":[],"product_cat":[58110],"product_tag":[58326,58290],"product_approvals":[],"product_application":[],"class_list":{"0":"post-154616","1":"product","2":"type-product","3":"status-publish","4":"has-post-thumbnail","6":"product_cat-ponts-a-doubles-ciseaux-fr","7":"product_tag-light-commercial-fr","8":"product_tag-passenger-cars-fr","10":"first","11":"instock","12":"shipping-taxable","13":"product-type-simple"},"approvals":[],"application":[],"brb_media_brochure":[{"id":150587,"url":"https:\/\/dev.codekraft.it\/ravaglioli.it\/wp-content\/uploads\/brb_media\/00528352_scissor-lifts-rav507-08-09-10-br-multi-2024-07-screen.pdf","title":"scissor lifts rav507 08 09 10 br multi 2024 07 screen","mpn":"","thumbnail":"https:\/\/dev.codekraft.it\/ravaglioli.it\/wp-content\/uploads\/brb_media\/00528352_scissor-lifts-rav507-08-09-10-br-multi-2024-07-screen-pdf-106x150.png","description":""}],"brb_media_drawing":[{"id":87854,"url":"https:\/\/dev.codekraft.it\/ravaglioli.it\/wp-content\/uploads\/brb_media\/00510335_scissor-lifts-rav508mi_rav510i-td-0580_0705_0_00-it-2004-09.pdf","title":"Scissor lifts RAV508MI RAV510I TD 0580 0705 0 00 it 2004 09","mpn":"","thumbnail":"https:\/\/dev.codekraft.it\/ravaglioli.it\/wp-content\/uploads\/brb_media\/00510335_scissor-lifts-rav508mi_rav510i-td-0580_0705_0_00-it-2004-09-pdf-106x150.png","description":""}],"brb_media_manuals":[{"id":87833,"url":"https:\/\/dev.codekraft.it\/ravaglioli.it\/wp-content\/uploads\/brb_media\/00510330_scissor-lifts-rav505if_rav506i_rav507if_rav508i_mi_rav509if_rav510i_ilb_im-0580-m020-0-rev9-multi-2020-05.pdf","title":"Scissor lifts RAV505IF RAV506I RAV507IF RAV508I MI RAV509IF RAV510I ILB IM 0580 M020 0 rev9 multi 2020 05","mpn":"","thumbnail":"https:\/\/dev.codekraft.it\/ravaglioli.it\/wp-content\/uploads\/brb_media\/00510330_scissor-lifts-rav505if_rav506i_rav507if_rav508i_mi_rav509if_rav510i_ilb_im-0580-m020-0-rev9-multi-2020-05-pdf-106x150.png","description":""}],"brb_media_safety_datasheets":"","brb_media_spare_parts":[],"_cdmm_p_id":"502792","_company":"Ravaglioli","_gtin":"5063084196538","accessories":[{"id":152191,"mpn":"S505A2","name":"Traverses pour XS30-CAT","description":"Pour v\u00e9hicules tout-terrain | 1 jeu \/ 2 pi\u00e8ces","thumbnail":"https:\/\/dev.codekraft.it\/ravaglioli.it\/wp-content\/uploads\/brb_media\/00509455_scissor-lift-s505a2-mi-150x150.png","url":"https:\/\/dev.codekraft.it\/ravaglioli.it\/fr\/product\/traverses-pour-xs30-cat\/"},{"id":153763,"mpn":"S540A4","name":"Kit de rampes d&#039;acc\u00e8s","description":"Rampes suppl\u00e9mentaires pour rampes courtes | 1 jeu","thumbnail":"","url":"https:\/\/dev.codekraft.it\/ravaglioli.it\/fr\/product\/kit-de-rampes-dacces-14\/"}],"components":[],"delivery":[],"package":[],"related":[],"similar":[{"id":154604,"mpn":"RAV.510IX.196255","name":"Pont \u00e0 doubles ciseaux RAV510I 230-400 V &#8211; 50 Hz","description":"3,5 t, \u00e9lectrohydraulique, sous le sol","thumbnail":"https:\/\/dev.codekraft.it\/ravaglioli.it\/wp-content\/uploads\/brb_media\/00509432_scissor-lift-rav510i-mi-150x150.png","url":"https:\/\/dev.codekraft.it\/ravaglioli.it\/fr\/product\/pont-a-doubles-ciseaux-rav510i-230-400-v-50-hz\/"},{"id":154640,"mpn":"RAV.535XX.195784","name":"Pont \u00e0 doubles ciseaux RAV535Q","description":"3,5 t, \u00e1 profil bas (100 mm), \u00e9lectrohydraulique, TEq-Link, au-dessus du sol","thumbnail":"https:\/\/dev.codekraft.it\/ravaglioli.it\/wp-content\/uploads\/brb_media\/00509444_scissor-lift-rav535-mi-150x150.png","url":"https:\/\/dev.codekraft.it\/ravaglioli.it\/fr\/product\/pont-a-doubles-ciseaux-rav535q\/"}],"page_logo_src":"https:\/\/dev.codekraft.it\/ravaglioli.it\/wp-content\/uploads\/2026\/04\/rav-negative-logo-1.png","lang":"fr","translations":{"fr":154616,"en":154614,"de":154615,"it":154617,"es":154618,"ru":154619},"pll_sync_post":[],"_links":{"self":[{"href":"https:\/\/dev.codekraft.it\/ravaglioli.it\/wp-json\/wp\/v2\/product\/154616","targetHints":{"allow":["GET"]}}],"collection":[{"href":"https:\/\/dev.codekraft.it\/ravaglioli.it\/wp-json\/wp\/v2\/product"}],"about":[{"href":"https:\/\/dev.codekraft.it\/ravaglioli.it\/wp-json\/wp\/v2\/types\/product"}],"wp:featuredmedia":[{"embeddable":true,"href":"https:\/\/dev.codekraft.it\/ravaglioli.it\/wp-json\/wp\/v2\/media\/43700"}],"wp:attachment":[{"href":"https:\/\/dev.codekraft.it\/ravaglioli.it\/wp-json\/wp\/v2\/media?parent=154616"}],"wp:term":[{"taxonomy":"product_brand","embeddable":true,"href":"https:\/\/dev.codekraft.it\/ravaglioli.it\/wp-json\/wp\/v2\/product_brand?post=154616"},{"taxonomy":"product_cat","embeddable":true,"href":"https:\/\/dev.codekraft.it\/ravaglioli.it\/wp-json\/wp\/v2\/product_cat?post=154616"},{"taxonomy":"product_tag","embeddable":true,"href":"https:\/\/dev.codekraft.it\/ravaglioli.it\/wp-json\/wp\/v2\/product_tag?post=154616"},{"taxonomy":"product_approvals","embeddable":true,"href":"https:\/\/dev.codekraft.it\/ravaglioli.it\/wp-json\/wp\/v2\/product_approvals?post=154616"},{"taxonomy":"product_application","embeddable":true,"href":"https:\/\/dev.codekraft.it\/ravaglioli.it\/wp-json\/wp\/v2\/product_application?post=154616"}],"curies":[{"name":"wp","href":"https:\/\/api.w.org\/{rel}","templated":true}]}}