{"id":154615,"date":"2025-10-30T14:31:23","date_gmt":"2025-10-30T14:31:23","guid":{"rendered":"https:\/\/dev.codekraft.it\/ravaglioli.it\/product\/doppelscheren-hebebuhne-rav510iq\/"},"modified":"2026-01-14T21:42:18","modified_gmt":"2026-01-14T21:42:18","slug":"doppelscheren-hebebuhne-rav510iq","status":"publish","type":"product","link":"https:\/\/dev.codekraft.it\/ravaglioli.it\/de\/product\/doppelscheren-hebebuhne-rav510iq\/","title":{"rendered":"Doppelscheren-Hebeb\u00fchne RAV510IQ"},"content":{"rendered":"<p>Fahrschienen\u00a0verstellbaren Verl\u00e4ngerungen f\u00fcr den Zugang zu den Aufnahmepunkten der\u00a0 anspruchsvollsten Fahrzeuge. Die optimale L\u00f6sung f\u00fcr den rationellen Arbeitsraum.<\/p>\n<ul>\n<li>Minimale Ausma\u00dfe bei hochgefahrener Hebeb\u00fchne<\/li>\n<li>Vollst\u00e4ndig freier Fu\u00dfboden in der tiefsten Position<\/li>\n<\/ul>\n<ul>\n<li>Gelenkbolzen mit selbstschmierenden B\u00fcchsen, die keiner Wartung bed\u00fcrfen<\/li>\n<li>Jedes Mal, wenn die B\u00fchne komplett herunterf\u00e4hrt, wird der Gleichlauf durch ein patentiertes Ventil exakt geregelt<\/li>\n<li>Mechanische St\u00fctzvorrichtung mit automatischer Einschaltung und pneumatischer Ausschaltung, um eine maximale Sicherheit im aufgehobenen Zustand zu garantieren<\/li>\n<\/ul>\n","protected":false},"excerpt":{"rendered":"<p>3,5 t, elektrohydraulisch, TEq-Link, Unterflur<\/p>\n","protected":false},"featured_media":43700,"template":"","meta":[],"product_brand":[],"product_cat":[58098],"product_tag":[58287,58323],"product_approvals":[],"product_application":[],"class_list":{"0":"post-154615","1":"product","2":"type-product","3":"status-publish","4":"has-post-thumbnail","6":"product_cat-doppelscheren-hebebuhnen-de","7":"product_tag-passenger-cars-de","8":"product_tag-light-commercial-de","10":"first","11":"instock","12":"shipping-taxable","13":"product-type-simple"},"approvals":[],"application":[],"brb_media_brochure":[{"id":150587,"url":"https:\/\/dev.codekraft.it\/ravaglioli.it\/wp-content\/uploads\/brb_media\/00528352_scissor-lifts-rav507-08-09-10-br-multi-2024-07-screen.pdf","title":"scissor lifts rav507 08 09 10 br multi 2024 07 screen","mpn":"","thumbnail":"https:\/\/dev.codekraft.it\/ravaglioli.it\/wp-content\/uploads\/brb_media\/00528352_scissor-lifts-rav507-08-09-10-br-multi-2024-07-screen-pdf-106x150.png","description":""}],"brb_media_drawing":[{"id":87854,"url":"https:\/\/dev.codekraft.it\/ravaglioli.it\/wp-content\/uploads\/brb_media\/00510335_scissor-lifts-rav508mi_rav510i-td-0580_0705_0_00-it-2004-09.pdf","title":"Scissor lifts RAV508MI RAV510I TD 0580 0705 0 00 it 2004 09","mpn":"","thumbnail":"https:\/\/dev.codekraft.it\/ravaglioli.it\/wp-content\/uploads\/brb_media\/00510335_scissor-lifts-rav508mi_rav510i-td-0580_0705_0_00-it-2004-09-pdf-106x150.png","description":""}],"brb_media_manuals":[{"id":87833,"url":"https:\/\/dev.codekraft.it\/ravaglioli.it\/wp-content\/uploads\/brb_media\/00510330_scissor-lifts-rav505if_rav506i_rav507if_rav508i_mi_rav509if_rav510i_ilb_im-0580-m020-0-rev9-multi-2020-05.pdf","title":"Scissor lifts RAV505IF RAV506I RAV507IF RAV508I MI RAV509IF RAV510I ILB IM 0580 M020 0 rev9 multi 2020 05","mpn":"","thumbnail":"https:\/\/dev.codekraft.it\/ravaglioli.it\/wp-content\/uploads\/brb_media\/00510330_scissor-lifts-rav505if_rav506i_rav507if_rav508i_mi_rav509if_rav510i_ilb_im-0580-m020-0-rev9-multi-2020-05-pdf-106x150.png","description":""}],"brb_media_safety_datasheets":"","brb_media_spare_parts":[],"_cdmm_p_id":"502792","_company":"Ravaglioli","_gtin":"5063084196538","accessories":[{"id":152190,"mpn":"S505A2","name":"Traversen f\u00fcr XS30-CAT","description":"F\u00fcr Gel\u00e4ndewagen | 1 Satz \/ 2 St\u00fcck","thumbnail":"https:\/\/dev.codekraft.it\/ravaglioli.it\/wp-content\/uploads\/brb_media\/00509455_scissor-lift-s505a2-mi-150x150.png","url":"https:\/\/dev.codekraft.it\/ravaglioli.it\/de\/product\/traversen-fur-xs30-cat\/"},{"id":153762,"mpn":"S540A4","name":"Auffahrrampen-Kit","description":"Zusatzauffahrrampen f\u00fcr kurze Rampen | 1 Satz","thumbnail":"","url":"https:\/\/dev.codekraft.it\/ravaglioli.it\/de\/product\/auffahrrampen-kit-15\/"}],"components":[],"delivery":[],"package":[],"related":[],"similar":[{"id":154603,"mpn":"RAV.510IX.196255","name":"Doppelscheren-Hebeb\u00fchne RAV510I 230-400 V &#8211; 50 Hz","description":"3,5 t, elektrohydraulisch, Unterflur","thumbnail":"https:\/\/dev.codekraft.it\/ravaglioli.it\/wp-content\/uploads\/brb_media\/00509432_scissor-lift-rav510i-mi-150x150.png","url":"https:\/\/dev.codekraft.it\/ravaglioli.it\/de\/product\/doppelscheren-hebebuhne-rav510i-230-400-v-50-hz\/"},{"id":154639,"mpn":"RAV.535XX.195784","name":"Doppelscheren-Hebeb\u00fchne RAV535Q","description":"3,5 t, Niedrigprofil (100 mm), elektrohydraulisch, TEq-Link, \u00dcberflur","thumbnail":"https:\/\/dev.codekraft.it\/ravaglioli.it\/wp-content\/uploads\/brb_media\/00509444_scissor-lift-rav535-mi-150x150.png","url":"https:\/\/dev.codekraft.it\/ravaglioli.it\/de\/product\/doppelscheren-hebebuhne-rav535q\/"}],"page_logo_src":"https:\/\/dev.codekraft.it\/ravaglioli.it\/wp-content\/uploads\/2026\/04\/rav-negative-logo-1.png","lang":"de","translations":{"de":154615,"en":154614,"fr":154616,"it":154617,"es":154618,"ru":154619},"pll_sync_post":[],"_links":{"self":[{"href":"https:\/\/dev.codekraft.it\/ravaglioli.it\/wp-json\/wp\/v2\/product\/154615","targetHints":{"allow":["GET"]}}],"collection":[{"href":"https:\/\/dev.codekraft.it\/ravaglioli.it\/wp-json\/wp\/v2\/product"}],"about":[{"href":"https:\/\/dev.codekraft.it\/ravaglioli.it\/wp-json\/wp\/v2\/types\/product"}],"wp:featuredmedia":[{"embeddable":true,"href":"https:\/\/dev.codekraft.it\/ravaglioli.it\/wp-json\/wp\/v2\/media\/43700"}],"wp:attachment":[{"href":"https:\/\/dev.codekraft.it\/ravaglioli.it\/wp-json\/wp\/v2\/media?parent=154615"}],"wp:term":[{"taxonomy":"product_brand","embeddable":true,"href":"https:\/\/dev.codekraft.it\/ravaglioli.it\/wp-json\/wp\/v2\/product_brand?post=154615"},{"taxonomy":"product_cat","embeddable":true,"href":"https:\/\/dev.codekraft.it\/ravaglioli.it\/wp-json\/wp\/v2\/product_cat?post=154615"},{"taxonomy":"product_tag","embeddable":true,"href":"https:\/\/dev.codekraft.it\/ravaglioli.it\/wp-json\/wp\/v2\/product_tag?post=154615"},{"taxonomy":"product_approvals","embeddable":true,"href":"https:\/\/dev.codekraft.it\/ravaglioli.it\/wp-json\/wp\/v2\/product_approvals?post=154615"},{"taxonomy":"product_application","embeddable":true,"href":"https:\/\/dev.codekraft.it\/ravaglioli.it\/wp-json\/wp\/v2\/product_application?post=154615"}],"curies":[{"name":"wp","href":"https:\/\/api.w.org\/{rel}","templated":true}]}}