{"id":154588,"date":"2025-10-30T14:31:23","date_gmt":"2025-10-30T14:31:23","guid":{"rendered":"https:\/\/dev.codekraft.it\/ravaglioli.it\/product\/elevador-de-doble-tijera-rav509if-230-400-v-3-ph-50-hz\/"},"modified":"2026-01-14T21:39:45","modified_gmt":"2026-01-14T21:39:45","slug":"elevador-de-doble-tijera-rav509if-230-400-v-3-ph-50-hz","status":"publish","type":"product","link":"https:\/\/dev.codekraft.it\/ravaglioli.it\/es\/product\/elevador-de-doble-tijera-rav509if-230-400-v-3-ph-50-hz\/","title":{"rendered":"Elevador de doble tijera RAV509IF 230-400 V &#8211; 3 Ph &#8211; 50 Hz"},"content":{"rendered":"<p>Plataformas fijas: pr\u00e1cticas de utilizar. La mejor soluci\u00f3n para el ambiente de trabajo racional.<\/p>\n<ul>\n<li>M\u00ednimo espacio ocupado cuando el elevador est\u00e1 levantado<\/li>\n<li>Suelo completamente libre cuando el elevador est\u00e1 en posici\u00f3n todo bajo<\/li>\n<\/ul>\n<ul>\n<li>Pernos de articulaci\u00f3n con casquillos autolubrificantes que no requieren mantenimiento alguno<\/li>\n<li>Durante cada bajada, el elevador se nivela perfectamente de manera autom\u00e1tica a trav\u00e9s de una v\u00e1lvula de nivelaci\u00f3n patentada<\/li>\n<li>Dispositivo de apoyo mec\u00e1nico de funcionamiento autom\u00e1tico y desbloqueo neum\u00e1tico, como garant\u00eda de la m\u00e1xima seguridad en la fase de estacionamiento<\/li>\n<\/ul>\n","protected":false},"excerpt":{"rendered":"<p>3,5 t, electrohidr\u00e1ulico, bajo suelo | 230\/400 V \/ 50 Hz<\/p>\n","protected":false},"featured_media":43680,"template":"","meta":[],"product_brand":[],"product_cat":[58134],"product_tag":[58296,58332],"product_approvals":[],"product_application":[],"class_list":{"0":"post-154588","1":"product","2":"type-product","3":"status-publish","4":"has-post-thumbnail","6":"product_cat-elevadores-de-doble-tijera-es","7":"product_tag-passenger-cars-es","8":"product_tag-light-commercial-es","10":"first","11":"instock","12":"shipping-taxable","13":"product-type-simple"},"approvals":[],"application":[],"brb_media_brochure":[{"id":150587,"url":"https:\/\/dev.codekraft.it\/ravaglioli.it\/wp-content\/uploads\/brb_media\/00528352_scissor-lifts-rav507-08-09-10-br-multi-2024-07-screen.pdf","title":"scissor lifts rav507 08 09 10 br multi 2024 07 screen","mpn":"","thumbnail":"https:\/\/dev.codekraft.it\/ravaglioli.it\/wp-content\/uploads\/brb_media\/00528352_scissor-lifts-rav507-08-09-10-br-multi-2024-07-screen-pdf-106x150.png","description":""}],"brb_media_drawing":[{"id":87834,"url":"https:\/\/dev.codekraft.it\/ravaglioli.it\/wp-content\/uploads\/brb_media\/00510333_scissor-lift-rav509if-td-0580_0708_0_00-it-2004-09.pdf","title":"Scissor lift RAV509IF TD 0580 0708 0 00 it 2004 09","mpn":"","thumbnail":"https:\/\/dev.codekraft.it\/ravaglioli.it\/wp-content\/uploads\/brb_media\/00510333_scissor-lift-rav509if-td-0580_0708_0_00-it-2004-09-pdf-106x150.png","description":""}],"brb_media_manuals":[{"id":154583,"url":"https:\/\/dev.codekraft.it\/ravaglioli.it\/wp-content\/uploads\/brb_media\/00550003_double-scissor-lifts-rav505-if-rav506-i-rav507-if-rav508-i-mi-rav509-if-rav510-i-ilb-0580-m020-0-rev9-multi-im-om-2020-05.pdf","title":"DOUBLE SCISSOR LIFTS RAV505 IF RAV506 I RAV507 IF RAV508 I MI RAV509 IF RAV510 I ILB 0580 M020 0 REV9 MULTI IM OM 2020 05","mpn":"","thumbnail":"https:\/\/dev.codekraft.it\/ravaglioli.it\/wp-content\/uploads\/brb_media\/00550003_double-scissor-lifts-rav505-if-rav506-i-rav507-if-rav508-i-mi-rav509-if-rav510-i-ilb-0580-m020-0-rev9-multi-im-om-2020-05-pdf-106x150.png","description":""}],"brb_media_safety_datasheets":"","brb_media_spare_parts":[],"_cdmm_p_id":"502787","_company":"Ravaglioli","_gtin":"5063084196071","accessories":[{"id":152193,"mpn":"S505A2","name":"Travesa\u00f1os para XS30-CAT","description":"Para furgonetas y veh\u00edculos todo terreno | 1 juego \/ 2 piezas","thumbnail":"https:\/\/dev.codekraft.it\/ravaglioli.it\/wp-content\/uploads\/brb_media\/00509455_scissor-lift-s505a2-mi-150x150.png","url":"https:\/\/dev.codekraft.it\/ravaglioli.it\/es\/product\/travesanos-para-xs30-cat\/"},{"id":153765,"mpn":"S540A4","name":"Kit de rampa de acceso","description":"Adicional de rampas para rampas cortas | 1 juego","thumbnail":"","url":"https:\/\/dev.codekraft.it\/ravaglioli.it\/es\/product\/kit-de-rampa-de-acceso-15\/"}],"components":[],"delivery":[],"package":[],"related":[],"similar":[{"id":154594,"mpn":"RAV.509IF.196354","name":"Elevador de doble tijera RAV509IF 230-400 V &#8211; 3 Ph &#8211; 60 Hz","description":"3,5 t, electrohidr\u00e1ulico, bajo suelo | 3 x 230\/400 V \/ 60 Hz","thumbnail":"https:\/\/dev.codekraft.it\/ravaglioli.it\/wp-content\/uploads\/brb_media\/00509431_scissor-lift-rav507_508_509_510-mi-150x150.png","url":"https:\/\/dev.codekraft.it\/ravaglioli.it\/es\/product\/elevador-de-doble-tijera-rav509if-230-400-v-3-ph-60-hz\/"},{"id":156200,"mpn":"RAV.518TX.195869","name":"Elevador de doble tijera RAV518T","description":"3,0 t, de perfil bajo (95 mm), electrohidr\u00e1ulico, sobre suelo","thumbnail":"https:\/\/dev.codekraft.it\/ravaglioli.it\/wp-content\/uploads\/brb_media\/00509443_Scissor-lift-RAV518T-MI-02-150x150.png","url":"https:\/\/dev.codekraft.it\/ravaglioli.it\/es\/product\/elevador-de-doble-tijera-rav518t-2\/"}],"page_logo_src":"https:\/\/dev.codekraft.it\/ravaglioli.it\/wp-content\/uploads\/2026\/04\/rav-negative-logo-1.png","lang":"es","translations":{"es":154588,"en":154582,"de":154585,"fr":154586,"it":154587,"ru":154589},"pll_sync_post":[],"_links":{"self":[{"href":"https:\/\/dev.codekraft.it\/ravaglioli.it\/wp-json\/wp\/v2\/product\/154588","targetHints":{"allow":["GET"]}}],"collection":[{"href":"https:\/\/dev.codekraft.it\/ravaglioli.it\/wp-json\/wp\/v2\/product"}],"about":[{"href":"https:\/\/dev.codekraft.it\/ravaglioli.it\/wp-json\/wp\/v2\/types\/product"}],"wp:featuredmedia":[{"embeddable":true,"href":"https:\/\/dev.codekraft.it\/ravaglioli.it\/wp-json\/wp\/v2\/media\/43680"}],"wp:attachment":[{"href":"https:\/\/dev.codekraft.it\/ravaglioli.it\/wp-json\/wp\/v2\/media?parent=154588"}],"wp:term":[{"taxonomy":"product_brand","embeddable":true,"href":"https:\/\/dev.codekraft.it\/ravaglioli.it\/wp-json\/wp\/v2\/product_brand?post=154588"},{"taxonomy":"product_cat","embeddable":true,"href":"https:\/\/dev.codekraft.it\/ravaglioli.it\/wp-json\/wp\/v2\/product_cat?post=154588"},{"taxonomy":"product_tag","embeddable":true,"href":"https:\/\/dev.codekraft.it\/ravaglioli.it\/wp-json\/wp\/v2\/product_tag?post=154588"},{"taxonomy":"product_approvals","embeddable":true,"href":"https:\/\/dev.codekraft.it\/ravaglioli.it\/wp-json\/wp\/v2\/product_approvals?post=154588"},{"taxonomy":"product_application","embeddable":true,"href":"https:\/\/dev.codekraft.it\/ravaglioli.it\/wp-json\/wp\/v2\/product_application?post=154588"}],"curies":[{"name":"wp","href":"https:\/\/api.w.org\/{rel}","templated":true}]}}