{"id":154585,"date":"2025-10-30T14:31:23","date_gmt":"2025-10-30T14:31:23","guid":{"rendered":"https:\/\/dev.codekraft.it\/ravaglioli.it\/product\/doppelscheren-hebebuhne-rav509if-230-400-v-3-ph-50-hz\/"},"modified":"2026-01-14T21:39:44","modified_gmt":"2026-01-14T21:39:44","slug":"doppelscheren-hebebuhne-rav509if-230-400-v-3-ph-50-hz","status":"publish","type":"product","link":"https:\/\/dev.codekraft.it\/ravaglioli.it\/de\/product\/doppelscheren-hebebuhne-rav509if-230-400-v-3-ph-50-hz\/","title":{"rendered":"Doppelscheren-Hebeb\u00fchne RAV509IF 230-400 V &#8211; 3 Ph &#8211; 50 Hz"},"content":{"rendered":"<p>Fahrschienen mit fixer L\u00e4nge f\u00fcr ausgesprochen praktisches Arbeiten. Die optimale L\u00f6sung f\u00fcr den rationellen Arbeitsraum.<\/p>\n<ul>\n<li>Minimale Ausma\u00dfe bei hochgefahrener Hebeb\u00fchne<\/li>\n<li>Vollst\u00e4ndig freier Fu\u00dfboden in der tiefsten Position<\/li>\n<\/ul>\n<ul>\n<li>Gelenkbolzen mit selbstschmierenden B\u00fcchsen, die keiner Wartung bed\u00fcrfen<\/li>\n<li>Jedes Mal, wenn die B\u00fchne komplett herunterf\u00e4hrt, wird der Gleichlauf durch ein patentiertes Ventil exakt geregelt<\/li>\n<li>Mechanische St\u00fctzvorrichtung mit automatischer Einschaltung und pneumatischer Ausschaltung, um eine maximale Sicherheit im aufgehobenen Zustand zu garantieren<\/li>\n<\/ul>\n","protected":false},"excerpt":{"rendered":"<p>3,5 t, elektrohydraulisch, Unterflur | 230\/400 V \/ 50 Hz<\/p>\n","protected":false},"featured_media":43680,"template":"","meta":[],"product_brand":[],"product_cat":[58098],"product_tag":[58287,58323],"product_approvals":[],"product_application":[],"class_list":{"0":"post-154585","1":"product","2":"type-product","3":"status-publish","4":"has-post-thumbnail","6":"product_cat-doppelscheren-hebebuhnen-de","7":"product_tag-passenger-cars-de","8":"product_tag-light-commercial-de","10":"first","11":"instock","12":"shipping-taxable","13":"product-type-simple"},"approvals":[],"application":[],"brb_media_brochure":[{"id":150587,"url":"https:\/\/dev.codekraft.it\/ravaglioli.it\/wp-content\/uploads\/brb_media\/00528352_scissor-lifts-rav507-08-09-10-br-multi-2024-07-screen.pdf","title":"scissor lifts rav507 08 09 10 br multi 2024 07 screen","mpn":"","thumbnail":"https:\/\/dev.codekraft.it\/ravaglioli.it\/wp-content\/uploads\/brb_media\/00528352_scissor-lifts-rav507-08-09-10-br-multi-2024-07-screen-pdf-106x150.png","description":""}],"brb_media_drawing":[{"id":87834,"url":"https:\/\/dev.codekraft.it\/ravaglioli.it\/wp-content\/uploads\/brb_media\/00510333_scissor-lift-rav509if-td-0580_0708_0_00-it-2004-09.pdf","title":"Scissor lift RAV509IF TD 0580 0708 0 00 it 2004 09","mpn":"","thumbnail":"https:\/\/dev.codekraft.it\/ravaglioli.it\/wp-content\/uploads\/brb_media\/00510333_scissor-lift-rav509if-td-0580_0708_0_00-it-2004-09-pdf-106x150.png","description":""}],"brb_media_manuals":[{"id":154583,"url":"https:\/\/dev.codekraft.it\/ravaglioli.it\/wp-content\/uploads\/brb_media\/00550003_double-scissor-lifts-rav505-if-rav506-i-rav507-if-rav508-i-mi-rav509-if-rav510-i-ilb-0580-m020-0-rev9-multi-im-om-2020-05.pdf","title":"DOUBLE SCISSOR LIFTS RAV505 IF RAV506 I RAV507 IF RAV508 I MI RAV509 IF RAV510 I ILB 0580 M020 0 REV9 MULTI IM OM 2020 05","mpn":"","thumbnail":"https:\/\/dev.codekraft.it\/ravaglioli.it\/wp-content\/uploads\/brb_media\/00550003_double-scissor-lifts-rav505-if-rav506-i-rav507-if-rav508-i-mi-rav509-if-rav510-i-ilb-0580-m020-0-rev9-multi-im-om-2020-05-pdf-106x150.png","description":""}],"brb_media_safety_datasheets":"","brb_media_spare_parts":[],"_cdmm_p_id":"502787","_company":"Ravaglioli","_gtin":"5063084196071","accessories":[{"id":152190,"mpn":"S505A2","name":"Traversen f\u00fcr XS30-CAT","description":"F\u00fcr Gel\u00e4ndewagen | 1 Satz \/ 2 St\u00fcck","thumbnail":"https:\/\/dev.codekraft.it\/ravaglioli.it\/wp-content\/uploads\/brb_media\/00509455_scissor-lift-s505a2-mi-150x150.png","url":"https:\/\/dev.codekraft.it\/ravaglioli.it\/de\/product\/traversen-fur-xs30-cat\/"},{"id":153762,"mpn":"S540A4","name":"Auffahrrampen-Kit","description":"Zusatzauffahrrampen f\u00fcr kurze Rampen | 1 Satz","thumbnail":"","url":"https:\/\/dev.codekraft.it\/ravaglioli.it\/de\/product\/auffahrrampen-kit-15\/"}],"components":[],"delivery":[],"package":[],"related":[],"similar":[{"id":154591,"mpn":"RAV.509IF.196354","name":"Doppelscheren-Hebeb\u00fchne RAV509IF 230-400 V &#8211; 3 Ph &#8211; 60 Hz","description":"3,5 t, elektrohydraulisch, Unterflur | 3 x 230\/400 V \/ 60 Hz","thumbnail":"https:\/\/dev.codekraft.it\/ravaglioli.it\/wp-content\/uploads\/brb_media\/00509431_scissor-lift-rav507_508_509_510-mi-150x150.png","url":"https:\/\/dev.codekraft.it\/ravaglioli.it\/de\/product\/doppelscheren-hebebuhne-rav509if-230-400-v-3-ph-60-hz\/"},{"id":156197,"mpn":"RAV.518TX.195869","name":"Doppelscheren-Hebeb\u00fchne RAV518T","description":"3,0 t, Niedrigprofil (95 mm), elektrohydraulisch, \u00dcberflur","thumbnail":"https:\/\/dev.codekraft.it\/ravaglioli.it\/wp-content\/uploads\/brb_media\/00509443_Scissor-lift-RAV518T-MI-02-150x150.png","url":"https:\/\/dev.codekraft.it\/ravaglioli.it\/de\/product\/doppelscheren-hebebuhne-rav518t-2\/"}],"page_logo_src":"https:\/\/dev.codekraft.it\/ravaglioli.it\/wp-content\/uploads\/2026\/04\/rav-negative-logo-1.png","lang":"de","translations":{"de":154585,"en":154582,"fr":154586,"it":154587,"es":154588,"ru":154589},"pll_sync_post":[],"_links":{"self":[{"href":"https:\/\/dev.codekraft.it\/ravaglioli.it\/wp-json\/wp\/v2\/product\/154585","targetHints":{"allow":["GET"]}}],"collection":[{"href":"https:\/\/dev.codekraft.it\/ravaglioli.it\/wp-json\/wp\/v2\/product"}],"about":[{"href":"https:\/\/dev.codekraft.it\/ravaglioli.it\/wp-json\/wp\/v2\/types\/product"}],"wp:featuredmedia":[{"embeddable":true,"href":"https:\/\/dev.codekraft.it\/ravaglioli.it\/wp-json\/wp\/v2\/media\/43680"}],"wp:attachment":[{"href":"https:\/\/dev.codekraft.it\/ravaglioli.it\/wp-json\/wp\/v2\/media?parent=154585"}],"wp:term":[{"taxonomy":"product_brand","embeddable":true,"href":"https:\/\/dev.codekraft.it\/ravaglioli.it\/wp-json\/wp\/v2\/product_brand?post=154585"},{"taxonomy":"product_cat","embeddable":true,"href":"https:\/\/dev.codekraft.it\/ravaglioli.it\/wp-json\/wp\/v2\/product_cat?post=154585"},{"taxonomy":"product_tag","embeddable":true,"href":"https:\/\/dev.codekraft.it\/ravaglioli.it\/wp-json\/wp\/v2\/product_tag?post=154585"},{"taxonomy":"product_approvals","embeddable":true,"href":"https:\/\/dev.codekraft.it\/ravaglioli.it\/wp-json\/wp\/v2\/product_approvals?post=154585"},{"taxonomy":"product_application","embeddable":true,"href":"https:\/\/dev.codekraft.it\/ravaglioli.it\/wp-json\/wp\/v2\/product_application?post=154585"}],"curies":[{"name":"wp","href":"https:\/\/api.w.org\/{rel}","templated":true}]}}