{"id":154578,"date":"2025-09-08T09:01:42","date_gmt":"2025-09-08T08:01:42","guid":{"rendered":"https:\/\/dev.codekraft.it\/ravaglioli.it\/product\/banc-dessai-de-freins-a-plate-forme-ravrt700plt\/"},"modified":"2026-01-14T21:39:16","modified_gmt":"2026-01-14T21:39:16","slug":"banc-dessai-de-freins-a-plate-forme-ravrt700plt","status":"publish","type":"product","link":"https:\/\/dev.codekraft.it\/ravaglioli.it\/fr\/product\/banc-dessai-de-freins-a-plate-forme-ravrt700plt\/","title":{"rendered":"Banc d\u2019essai de freins \u00e0 plate-forme RAVRT700PLT"},"content":{"rendered":"<p>Solutions pour le diagnostic du freinage<\/p>\n<p>Le banc d\u2019essai de freins \u00e0 plate-forme RAVRT700PLT\u00a0pour autos et motos \u00e0 2, 3 et 4 roues est un syst\u00e8me de contr\u00f4le et de diagnostic qui peut \u00eatre utilis\u00e9 de mani\u00e8re universelle sur tous les types de v\u00e9hicules. Le fonctionnement simultan\u00e9 de deux axes et la facilit\u00e9 d\u2019utilisation du logiciel permettent de r\u00e9aliser des op\u00e9rations de diagnostic de haute pr\u00e9cision en peu de temps.<\/p>\n<ul>\n<li>Universalit\u00e9 d\u2019application : syst\u00e8me de diagnostic et de contr\u00f4le adapt\u00e9 \u00e0 tous les v\u00e9hicules<\/li>\n<li>Essais rapides : les valeurs de poids et de force de freinage sont acquises en une unique phase simultan\u00e9e sur les deux axes<\/li>\n<li>R\u00e9duction des temps\/co\u00fbts : profil tr\u00e8s bas qui ne n\u00e9cessite pas de travauxde ma\u00e7onnerie, tout au plus des travaux minimes<\/li>\n<\/ul>\n<ul>\n<li>Syst\u00e8me de contr\u00f4le et de diagnostic pour autos et motos 2, 3, 4 roues &#8211; Utilisable universellement sur tout type de v\u00e9hicule.<\/li>\n<li>Convient aux tractions 2WD &#8211; 4WD &#8211; AWD &#8211; Le type d\u2019essai est \u00e9galement indiqu\u00e9 pour tous les v\u00e9hicules 4&#215;4, AWD (All Wheel Drive) et 4WD (4 Wheel Drive), avec contr\u00f4le automatique de la traction sans l\u2019aide d\u2019aucun accessoire suppl\u00e9mentaire.<\/li>\n<li>Profil tr\u00e8s bas: Le profil tr\u00e8s bas de la structure facilite grandement les essais, y compris sur les v\u00e9hicules \u00e0 configuration basse voire tr\u00e8s basse, tels que les voitures de sport.<\/li>\n<li>Logiciel de gestion int\u00e9gr\u00e9, compatible avec le syst\u00e8me MCTCNet2.<\/li>\n<li>T\u00e9l\u00e9commande universelle Bluetooth pour la gestion des essais et la connexion des capteurs d\u2019effort levier\/p\u00e9dale pour autos et motos.<\/li>\n<li>Efficacit\u00e9 au freinage et comportement dynamique. Le comportement dynamique du v\u00e9hicule lors d\u2019un freinage sur route est recr\u00e9\u00e9.<\/li>\n<li>Banc d\u2019essai de vitesse Speedometer: Banc d\u2019essai de vitesse double, dot\u00e9 de frein \u00e0 courants passifs pour cyclomoteurs \u00e0 2 roues, tricycles et quadricycles (par exemple APE, QUAD et MICRO CAR) &#8211; mod\u00e8le RAVRT094MVBX + RAVRT094MTRBX\n<ul>\n<li>N\u00e9cessaire pour les essais anti-pollution (MCTCNet2)<\/li>\n<li>(Disponible en version simple pour les seuls 2-roues &#8211; mod\u00e8le RAVRT094MVBX<\/li>\n<\/ul>\n<\/li>\n<li>En int\u00e9grant le banc d\u2019essai de vitesse simple (RAVRT094M) ou double (RAVRT094MVBX + RAVTR094MTRBX), il est possible d\u2019effectuer tous les essais. Requis par les services de la motorisation pour les v\u00e9hicules \u00e0 2, 3 et 4 roues (par exemple l\u2019analyse des\u00a0gaz) ainsi que les essais de vitesse maximale pour les cyclomoteurs.<\/li>\n<li>Rev\u00eatement innovant \u00e0 grille \u00e9lectrosoud\u00e9e &#8211; Favorise l\u2019adh\u00e9rence et garantit une plus longueur dur\u00e9e dans le temps.<\/li>\n<li>Essais de freinage: Gr\u00e2ce \u00e0 16 cellules (4 pour chaque plaque) dont la plate-forme se compose, les valeurs de poids et de force de freinage sont acquises en une unique phase, ce qui permet d\u2019effectuer des essais de freinage y compris \u00e0 tr\u00e8s basse vitesse.<\/li>\n<li>Homologations: RAVRT700PLT\u00a0(*valables en Italie)<\/li>\n<li>Compatible avec le syst\u00e8me TEq-Link<\/li>\n<li>Connexion internet\n<ul>\n<li>Envoi des r\u00e9sultats aux clients<\/li>\n<li>Assistance \u00e0 distance<\/li>\n<\/ul>\n<\/li>\n<\/ul>\n<ul>\n<li>L\u2019installation en version sous le sol n\u00e9cessite uniquement un logement de dimensions r\u00e9duites<\/li>\n<li>Dimensions hors tout r\u00e9duites &#8211; largeur: 0,75 \/ 2,20 m (sous le sol\u00a0(x plate-forme) \/ au-dessus du sol), longueur: 4,04 \/ 4,80 m\u00a0(sous le sol \/\u00a0au-dessus du sol)<\/li>\n<li>L\u2019installation en version au-dessus ne n\u00e9cessite pas de travaux de ma\u00e7onnerie<\/li>\n<\/ul>\n","protected":false},"excerpt":{"rendered":"<p>Essai de freins \u00e0 plate-forme universelle auto\/moto, charge maximum testable par essieu 2 t, installation sous le sol ou au-dessus du sol<\/p>\n","protected":false},"featured_media":43620,"template":"","meta":[],"product_brand":[],"product_cat":[57966],"product_tag":[58394,58428,58411,58290],"product_approvals":[],"product_application":[],"class_list":{"0":"post-154578","1":"product","2":"type-product","3":"status-publish","4":"has-post-thumbnail","6":"product_cat-bancs-dessai-de-freins-chaines-de-controle-fr","7":"product_tag-motorbikes-fr","8":"product_tag-quad-bikes-fr","9":"product_tag-scooter-fr","10":"product_tag-passenger-cars-fr","12":"first","13":"instock","14":"shipping-taxable","15":"product-type-simple"},"approvals":[],"application":[],"brb_media_brochure":[{"id":43514,"url":"https:\/\/dev.codekraft.it\/ravaglioli.it\/wp-content\/uploads\/brb_media\/00509363_brake-testers-test-lanes-rt900plt_rt700plt-br-de-2023-04-screen.pdf","title":"Brake testers Test lanes RT900PLT RT700PLT BR de 2023 04 screen","mpn":"","thumbnail":"https:\/\/dev.codekraft.it\/ravaglioli.it\/wp-content\/uploads\/brb_media\/00509363_brake-testers-test-lanes-rt900plt_rt700plt-br-de-2023-04-screen-pdf-106x150.png","description":""},{"id":43515,"url":"https:\/\/dev.codekraft.it\/ravaglioli.it\/wp-content\/uploads\/brb_media\/00509364_brake-testers-test-lanes-rt900plt_rt700plt-br-en-2023-04-screen.pdf","title":"Brake testers Test lanes RT900PLT RT700PLT BR en 2023 04 screen","mpn":"","thumbnail":"https:\/\/dev.codekraft.it\/ravaglioli.it\/wp-content\/uploads\/brb_media\/00509364_brake-testers-test-lanes-rt900plt_rt700plt-br-en-2023-04-screen-pdf-106x150.png","description":""},{"id":43516,"url":"https:\/\/dev.codekraft.it\/ravaglioli.it\/wp-content\/uploads\/brb_media\/00509365_brake-testers-test-lanes-rt900plt_rt700plt-br-fr-2023-04-screen.pdf","title":"Brake testers Test lanes RT900PLT RT700PLT BR fr 2023 04 screen","mpn":"","thumbnail":"https:\/\/dev.codekraft.it\/ravaglioli.it\/wp-content\/uploads\/brb_media\/00509365_brake-testers-test-lanes-rt900plt_rt700plt-br-fr-2023-04-screen-pdf-106x150.png","description":""},{"id":43517,"url":"https:\/\/dev.codekraft.it\/ravaglioli.it\/wp-content\/uploads\/brb_media\/00509366_brake-testers-test-lanes-rt900plt_rt700plt-br-it-2023-04-screen.pdf","title":"Brake testers Test lanes RT900PLT RT700PLT BR it 2023 04 screen","mpn":"","thumbnail":"https:\/\/dev.codekraft.it\/ravaglioli.it\/wp-content\/uploads\/brb_media\/00509366_brake-testers-test-lanes-rt900plt_rt700plt-br-it-2023-04-screen-pdf-106x150.png","description":""},{"id":43518,"url":"https:\/\/dev.codekraft.it\/ravaglioli.it\/wp-content\/uploads\/brb_media\/00509367_brake-testers-test-lanes-rt900plt_rt700plt-br-es-2023-04-screen.pdf","title":"Brake testers Test lanes RT900PLT RT700PLT BR es 2023 04 screen","mpn":"","thumbnail":"https:\/\/dev.codekraft.it\/ravaglioli.it\/wp-content\/uploads\/brb_media\/00509367_brake-testers-test-lanes-rt900plt_rt700plt-br-es-2023-04-screen-pdf-106x150.png","description":""},{"id":43519,"url":"https:\/\/dev.codekraft.it\/ravaglioli.it\/wp-content\/uploads\/brb_media\/00509368_brake-testers-test-lanes-rt900plt_rt700plt-br-ru-2023-04-screen.pdf","title":"Brake testers Test lanes RT900PLT RT700PLT BR ru 2023 04 screen","mpn":"","thumbnail":"https:\/\/dev.codekraft.it\/ravaglioli.it\/wp-content\/uploads\/brb_media\/00509368_brake-testers-test-lanes-rt900plt_rt700plt-br-ru-2023-04-screen-pdf-106x150.png","description":""}],"brb_media_drawing":"","brb_media_manuals":"","brb_media_safety_datasheets":"","brb_media_spare_parts":[],"_cdmm_p_id":"502778","_company":"Ravaglioli","_gtin":"","accessories":[{"id":154560,"mpn":"RAVRT094MVBX","name":"Banc d\u2019essai de vitesse 2 roues Speedometer | pour auto moto 2-3-4 ruote &#8211; freni + velocit\u00e0","description":"","thumbnail":"https:\/\/dev.codekraft.it\/ravaglioli.it\/wp-content\/uploads\/brb_media\/00508540_brake-testers-test-lanes-ravrt094mvbx-mi-150x150.png","url":"https:\/\/dev.codekraft.it\/ravaglioli.it\/fr\/product\/banc-dessai-de-vitesse-2-roues-speedometer-pour-auto-moto-2-3-4-ruote-freni-velocita\/"},{"id":154566,"mpn":"RAVRT094MTRBX","name":"Kit de mise \u00e0 niveau pour convertir le banc d&#039;essai de vitesse RT094MVBX en 2,3,4 roues","description":"Por auto moto 2-3-4 ruote - freni + velocit\u00e0","thumbnail":"https:\/\/dev.codekraft.it\/ravaglioli.it\/wp-content\/uploads\/brb_media\/00548719_speed-tester-ravrt094mtrbx-mi-150x150.png","url":"https:\/\/dev.codekraft.it\/ravaglioli.it\/fr\/product\/kit-de-mise-a-niveau-pour-convertir-le-banc-dessai-de-vitesse-rt094mvbx-en-234-roues\/"}],"components":[],"delivery":[{"id":154572,"mpn":"RAVRT009ME","name":"Cabine pour banc d\u2019essai de vitesse 2 roues | pour auto moto 2-3-4 roues &#8211; freins + vitesse","description":"","thumbnail":"https:\/\/dev.codekraft.it\/ravaglioli.it\/wp-content\/uploads\/brb_media\/00509381_brake-testers-test-lanes-rt900plt-rt700plt-cabinet-mi-150x150.png","url":"https:\/\/dev.codekraft.it\/ravaglioli.it\/fr\/product\/cabine-pour-banc-dessai-de-vitesse-2-roues-pour-auto-moto-2-3-4-roues-freins-vitesse\/"},{"id":154560,"mpn":"RAVRT094MVBX","name":"Banc d\u2019essai de vitesse 2 roues Speedometer | pour auto moto 2-3-4 ruote &#8211; freni + velocit\u00e0","description":"","thumbnail":"https:\/\/dev.codekraft.it\/ravaglioli.it\/wp-content\/uploads\/brb_media\/00508540_brake-testers-test-lanes-ravrt094mvbx-mi-150x150.png","url":"https:\/\/dev.codekraft.it\/ravaglioli.it\/fr\/product\/banc-dessai-de-vitesse-2-roues-speedometer-pour-auto-moto-2-3-4-ruote-freni-velocita\/"}],"package":[],"related":[],"similar":[],"page_logo_src":"https:\/\/dev.codekraft.it\/ravaglioli.it\/wp-content\/uploads\/2026\/04\/rav-negative-logo-1.png","lang":"fr","translations":{"fr":154578,"en":154576,"de":154577,"it":154579,"es":154580,"ru":154581},"pll_sync_post":[],"_links":{"self":[{"href":"https:\/\/dev.codekraft.it\/ravaglioli.it\/wp-json\/wp\/v2\/product\/154578","targetHints":{"allow":["GET"]}}],"collection":[{"href":"https:\/\/dev.codekraft.it\/ravaglioli.it\/wp-json\/wp\/v2\/product"}],"about":[{"href":"https:\/\/dev.codekraft.it\/ravaglioli.it\/wp-json\/wp\/v2\/types\/product"}],"wp:featuredmedia":[{"embeddable":true,"href":"https:\/\/dev.codekraft.it\/ravaglioli.it\/wp-json\/wp\/v2\/media\/43620"}],"wp:attachment":[{"href":"https:\/\/dev.codekraft.it\/ravaglioli.it\/wp-json\/wp\/v2\/media?parent=154578"}],"wp:term":[{"taxonomy":"product_brand","embeddable":true,"href":"https:\/\/dev.codekraft.it\/ravaglioli.it\/wp-json\/wp\/v2\/product_brand?post=154578"},{"taxonomy":"product_cat","embeddable":true,"href":"https:\/\/dev.codekraft.it\/ravaglioli.it\/wp-json\/wp\/v2\/product_cat?post=154578"},{"taxonomy":"product_tag","embeddable":true,"href":"https:\/\/dev.codekraft.it\/ravaglioli.it\/wp-json\/wp\/v2\/product_tag?post=154578"},{"taxonomy":"product_approvals","embeddable":true,"href":"https:\/\/dev.codekraft.it\/ravaglioli.it\/wp-json\/wp\/v2\/product_approvals?post=154578"},{"taxonomy":"product_application","embeddable":true,"href":"https:\/\/dev.codekraft.it\/ravaglioli.it\/wp-json\/wp\/v2\/product_application?post=154578"}],"curies":[{"name":"wp","href":"https:\/\/api.w.org\/{rel}","templated":true}]}}