{"id":154574,"date":"2025-09-08T09:01:42","date_gmt":"2025-09-08T08:01:42","guid":{"rendered":"https:\/\/dev.codekraft.it\/ravaglioli.it\/product\/consola-para-banco-de-prueba-de-velocidad-2-ruedas-para-coche-moto-2-3-4-ruedas-frenos-velocidad\/"},"modified":"2026-01-14T21:38:11","modified_gmt":"2026-01-14T21:38:11","slug":"consola-para-banco-de-prueba-de-velocidad-2-ruedas-para-coche-moto-2-3-4-ruedas-frenos-velocidad","status":"publish","type":"product","link":"https:\/\/dev.codekraft.it\/ravaglioli.it\/es\/product\/consola-para-banco-de-prueba-de-velocidad-2-ruedas-para-coche-moto-2-3-4-ruedas-frenos-velocidad\/","title":{"rendered":"Consola para banco de prueba de velocidad 2 ruedas | para coche moto 2-3-4 ruedas &#8211; frenos + velocidad"},"content":{"rendered":"<ul>\n<li>Hardware\n<ul>\n<li>PC de \u00faltima generaci\u00f3n completo de disco duro, disquetera CD Rom y teclado alfanum\u00e9rico<\/li>\n<li>Monitor a todo color TFT 19\u2033<\/li>\n<li>Impresora A4 a todo color<\/li>\n<li>Panel el\u00e9ctrico de control y accionamiento de los rodillos<\/li>\n<li>Preparado para la conexi\u00f3n de bancada veloc\u00edmetro para moto veh\u00edculos de 2, 3, 4 ruedas<\/li>\n<\/ul>\n<\/li>\n<li>Software &#8211; Gesti\u00f3n en ciclo autom\u00e1tico de:\n<ul>\n<li>Bancada de rodillos frenometro con procedimiento individual por rueda para motocicletas de 3, 4 ruedas<\/li>\n<li>Dispositivos de bloqueo<\/li>\n<li>Bascul<\/li>\n<li>Medidores de esfuerzo<\/li>\n<li>Analizador de gases<\/li>\n<\/ul>\n<\/li>\n<li>Inserci\u00f3n manual de los resultados de las pruebas de otros equipos convencionales (fon\u00f3metro, regloscopio)<\/li>\n<\/ul>\n","protected":false},"excerpt":{"rendered":"<p>Hardware PC de \u00faltima generaci\u00f3n completo de disco duro, disquetera CD Rom y teclado alfanum\u00e9rico Monitor a todo color TFT 19\u2033 Impresora A4 a todo color Panel el\u00e9ctrico de control y accionamiento de los rodillos Preparado para la conexi\u00f3n de bancada veloc\u00edmetro para moto veh\u00edculos de 2, 3, 4 ruedas Software &#8211; Gesti\u00f3n en ciclo [&hellip;]<\/p>\n","protected":false},"featured_media":43607,"template":"","meta":[],"product_brand":[],"product_cat":[58006],"product_tag":[],"product_approvals":[],"product_application":[],"class_list":{"0":"post-154574","1":"product","2":"type-product","3":"status-publish","4":"has-post-thumbnail","6":"product_cat-accesorios-frenometros-lineas-itv-es","8":"first","9":"instock","10":"shipping-taxable","11":"product-type-simple"},"approvals":[],"application":[],"brb_media_brochure":"","brb_media_drawing":"","brb_media_manuals":"","brb_media_safety_datasheets":"","brb_media_spare_parts":[],"_cdmm_p_id":"502776","_company":"Ravaglioli","_gtin":"","accessories":[],"components":[],"delivery":[],"package":[],"related":[],"similar":[],"page_logo_src":"https:\/\/dev.codekraft.it\/ravaglioli.it\/wp-content\/uploads\/2026\/04\/rav-negative-logo-1.png","lang":"es","translations":{"es":154574,"en":154570,"de":154571,"fr":154572,"it":154573,"ru":154575},"pll_sync_post":[],"_links":{"self":[{"href":"https:\/\/dev.codekraft.it\/ravaglioli.it\/wp-json\/wp\/v2\/product\/154574","targetHints":{"allow":["GET"]}}],"collection":[{"href":"https:\/\/dev.codekraft.it\/ravaglioli.it\/wp-json\/wp\/v2\/product"}],"about":[{"href":"https:\/\/dev.codekraft.it\/ravaglioli.it\/wp-json\/wp\/v2\/types\/product"}],"wp:featuredmedia":[{"embeddable":true,"href":"https:\/\/dev.codekraft.it\/ravaglioli.it\/wp-json\/wp\/v2\/media\/43607"}],"wp:attachment":[{"href":"https:\/\/dev.codekraft.it\/ravaglioli.it\/wp-json\/wp\/v2\/media?parent=154574"}],"wp:term":[{"taxonomy":"product_brand","embeddable":true,"href":"https:\/\/dev.codekraft.it\/ravaglioli.it\/wp-json\/wp\/v2\/product_brand?post=154574"},{"taxonomy":"product_cat","embeddable":true,"href":"https:\/\/dev.codekraft.it\/ravaglioli.it\/wp-json\/wp\/v2\/product_cat?post=154574"},{"taxonomy":"product_tag","embeddable":true,"href":"https:\/\/dev.codekraft.it\/ravaglioli.it\/wp-json\/wp\/v2\/product_tag?post=154574"},{"taxonomy":"product_approvals","embeddable":true,"href":"https:\/\/dev.codekraft.it\/ravaglioli.it\/wp-json\/wp\/v2\/product_approvals?post=154574"},{"taxonomy":"product_application","embeddable":true,"href":"https:\/\/dev.codekraft.it\/ravaglioli.it\/wp-json\/wp\/v2\/product_application?post=154574"}],"curies":[{"name":"wp","href":"https:\/\/api.w.org\/{rel}","templated":true}]}}