{"id":154572,"date":"2025-09-08T09:01:42","date_gmt":"2025-09-08T08:01:42","guid":{"rendered":"https:\/\/dev.codekraft.it\/ravaglioli.it\/product\/cabine-pour-banc-dessai-de-vitesse-2-roues-pour-auto-moto-2-3-4-roues-freins-vitesse\/"},"modified":"2026-01-14T21:38:11","modified_gmt":"2026-01-14T21:38:11","slug":"cabine-pour-banc-dessai-de-vitesse-2-roues-pour-auto-moto-2-3-4-roues-freins-vitesse","status":"publish","type":"product","link":"https:\/\/dev.codekraft.it\/ravaglioli.it\/fr\/product\/cabine-pour-banc-dessai-de-vitesse-2-roues-pour-auto-moto-2-3-4-roues-freins-vitesse\/","title":{"rendered":"Cabine pour banc d\u2019essai de vitesse 2 roues | pour auto moto 2-3-4 roues &#8211; freins + vitesse"},"content":{"rendered":"<ul>\n<li>Mat\u00e9riel\n<ul>\n<li>PC complet avec hard disque, clavier<\/li>\n<li>\u00c8cran couleur TFT 19\u2033<\/li>\n<li>Imprimante couleur A4<\/li>\n<li>T\u00e9l\u00e9commande<\/li>\n<li>Tableau \u00e9lectrique banc de freinage \u00e0 rouleaux motos<\/li>\n<li>Pr\u00e9dispos\u00e9 pour banc contr\u00f4le vitesse pour v\u00e9hicules 2,3 4 roues<\/li>\n<\/ul>\n<\/li>\n<li>Logicielle &#8211;\u00a0Gestion automatique pour:\n<ul>\n<li>Banc de freinage \u00e0 roue single pour moto-v\u00e9hicules \u00e0 3 ou 4 roues<\/li>\n<li>Dispositifs de blocage<\/li>\n<li>Pes\u00e9e<\/li>\n<li>Mesurer d&#8217;effort<\/li>\n<li>Analyse de gas<\/li>\n<\/ul>\n<\/li>\n<li>Insertion manuelle des r\u00e9sultats des \u00e9preuves additionnelles<\/li>\n<li>Gestion des contr\u00f4les visuels<\/li>\n<\/ul>\n","protected":false},"excerpt":{"rendered":"<p>Mat\u00e9riel PC complet avec hard disque, clavier \u00c8cran couleur TFT 19\u2033 Imprimante couleur A4 T\u00e9l\u00e9commande Tableau \u00e9lectrique banc de freinage \u00e0 rouleaux motos Pr\u00e9dispos\u00e9 pour banc contr\u00f4le vitesse pour v\u00e9hicules 2,3 4 roues Logicielle &#8211;\u00a0Gestion automatique pour: Banc de freinage \u00e0 roue single pour moto-v\u00e9hicules \u00e0 3 ou 4 roues Dispositifs de blocage Pes\u00e9e Mesurer [&hellip;]<\/p>\n","protected":false},"featured_media":43607,"template":"","meta":[],"product_brand":[],"product_cat":[57974],"product_tag":[],"product_approvals":[],"product_application":[],"class_list":{"0":"post-154572","1":"product","2":"type-product","3":"status-publish","4":"has-post-thumbnail","6":"product_cat-accessoires-bancs-de-freinage-chaines-de-controles-fr","8":"first","9":"instock","10":"shipping-taxable","11":"product-type-simple"},"approvals":[],"application":[],"brb_media_brochure":"","brb_media_drawing":"","brb_media_manuals":"","brb_media_safety_datasheets":"","brb_media_spare_parts":[],"_cdmm_p_id":"502776","_company":"Ravaglioli","_gtin":"","accessories":[],"components":[],"delivery":[],"package":[],"related":[],"similar":[],"page_logo_src":"https:\/\/dev.codekraft.it\/ravaglioli.it\/wp-content\/uploads\/2026\/04\/rav-negative-logo-1.png","lang":"fr","translations":{"fr":154572,"en":154570,"de":154571,"it":154573,"es":154574,"ru":154575},"pll_sync_post":[],"_links":{"self":[{"href":"https:\/\/dev.codekraft.it\/ravaglioli.it\/wp-json\/wp\/v2\/product\/154572","targetHints":{"allow":["GET"]}}],"collection":[{"href":"https:\/\/dev.codekraft.it\/ravaglioli.it\/wp-json\/wp\/v2\/product"}],"about":[{"href":"https:\/\/dev.codekraft.it\/ravaglioli.it\/wp-json\/wp\/v2\/types\/product"}],"wp:featuredmedia":[{"embeddable":true,"href":"https:\/\/dev.codekraft.it\/ravaglioli.it\/wp-json\/wp\/v2\/media\/43607"}],"wp:attachment":[{"href":"https:\/\/dev.codekraft.it\/ravaglioli.it\/wp-json\/wp\/v2\/media?parent=154572"}],"wp:term":[{"taxonomy":"product_brand","embeddable":true,"href":"https:\/\/dev.codekraft.it\/ravaglioli.it\/wp-json\/wp\/v2\/product_brand?post=154572"},{"taxonomy":"product_cat","embeddable":true,"href":"https:\/\/dev.codekraft.it\/ravaglioli.it\/wp-json\/wp\/v2\/product_cat?post=154572"},{"taxonomy":"product_tag","embeddable":true,"href":"https:\/\/dev.codekraft.it\/ravaglioli.it\/wp-json\/wp\/v2\/product_tag?post=154572"},{"taxonomy":"product_approvals","embeddable":true,"href":"https:\/\/dev.codekraft.it\/ravaglioli.it\/wp-json\/wp\/v2\/product_approvals?post=154572"},{"taxonomy":"product_application","embeddable":true,"href":"https:\/\/dev.codekraft.it\/ravaglioli.it\/wp-json\/wp\/v2\/product_application?post=154572"}],"curies":[{"name":"wp","href":"https:\/\/api.w.org\/{rel}","templated":true}]}}