{"id":154571,"date":"2025-09-08T09:01:42","date_gmt":"2025-09-08T08:01:42","guid":{"rendered":"https:\/\/dev.codekraft.it\/ravaglioli.it\/product\/bedienkonsole-fur-2-rad-geschwindigkeitsprufstand-fur-auto-motorrad-2-3-4-rader-bremsen-geschwindigkeit\/"},"modified":"2026-01-14T21:38:11","modified_gmt":"2026-01-14T21:38:11","slug":"bedienkonsole-fur-2-rad-geschwindigkeitsprufstand-fur-auto-motorrad-2-3-4-rader-bremsen-geschwindigkeit","status":"publish","type":"product","link":"https:\/\/dev.codekraft.it\/ravaglioli.it\/de\/product\/bedienkonsole-fur-2-rad-geschwindigkeitsprufstand-fur-auto-motorrad-2-3-4-rader-bremsen-geschwindigkeit\/","title":{"rendered":"Bedienkonsole f\u00fcr 2-Rad-Geschwindigkeitspr\u00fcfstand | f\u00fcr Auto Motorrad 2-3-4 R\u00e4der &#8211; Bremsen + Geschwindigkeit"},"content":{"rendered":"<ul>\n<li>Hardware\n<ul>\n<li>PC der neusten Generation mit HD, CD-Laufwerk und alphanumerischer Tastatur<\/li>\n<li>19\u2033-Flachfarbbildschirm<\/li>\n<li>A4 &#8211; Farbdrucker<\/li>\n<li>Elektrisches Antriebssystem f\u00fcr Rollenpr\u00fcfstand<\/li>\n<\/ul>\n<\/li>\n<li>Software &#8211;\u00a0Vollautomatischer Pr\u00fcfablauf f\u00fcr:\u00a0\n<ul>\n<li>Bremsenpr\u00fcfstand Einzelradtest f\u00fcr Motorr\u00e4der mit 3 oder 4 R\u00e4dern<\/li>\n<li>Einspannsystem<\/li>\n<li>Wiegesystem<\/li>\n<\/ul>\n<ul>\n<li>Kraftmesser Bremspedal und Bremshebel<\/li>\n<li>Abgastester<\/li>\n<\/ul>\n<\/li>\n<li>Manuelle Eingabe der Testergebnisse f\u00fcr zus\u00e4tzliche Pr\u00fcfger\u00e4te (Lautst\u00e4rkemesser, Scheinwerfertester)<\/li>\n<li>Interaktive Verwaltung der Sichtkontrollen<\/li>\n<\/ul>\n","protected":false},"excerpt":{"rendered":"<p>Hardware PC der neusten Generation mit HD, CD-Laufwerk und alphanumerischer Tastatur 19\u2033-Flachfarbbildschirm A4 &#8211; Farbdrucker Elektrisches Antriebssystem f\u00fcr Rollenpr\u00fcfstand Software &#8211;\u00a0Vollautomatischer Pr\u00fcfablauf f\u00fcr:\u00a0 Bremsenpr\u00fcfstand Einzelradtest f\u00fcr Motorr\u00e4der mit 3 oder 4 R\u00e4dern Einspannsystem Wiegesystem Kraftmesser Bremspedal und Bremshebel Abgastester Manuelle Eingabe der Testergebnisse f\u00fcr zus\u00e4tzliche Pr\u00fcfger\u00e4te (Lautst\u00e4rkemesser, Scheinwerfertester) Interaktive Verwaltung der Sichtkontrollen<\/p>\n","protected":false},"featured_media":43607,"template":"","meta":[],"product_brand":[],"product_cat":[57958],"product_tag":[],"product_approvals":[],"product_application":[],"class_list":{"0":"post-154571","1":"product","2":"type-product","3":"status-publish","4":"has-post-thumbnail","6":"product_cat-zubehor-bremsprufstande-prufstrasen-de","8":"first","9":"instock","10":"shipping-taxable","11":"product-type-simple"},"approvals":[],"application":[],"brb_media_brochure":"","brb_media_drawing":"","brb_media_manuals":"","brb_media_safety_datasheets":"","brb_media_spare_parts":[],"_cdmm_p_id":"502776","_company":"Ravaglioli","_gtin":"","accessories":[],"components":[],"delivery":[],"package":[],"related":[],"similar":[],"page_logo_src":"https:\/\/dev.codekraft.it\/ravaglioli.it\/wp-content\/uploads\/2026\/04\/rav-negative-logo-1.png","lang":"de","translations":{"de":154571,"en":154570,"fr":154572,"it":154573,"es":154574,"ru":154575},"pll_sync_post":[],"_links":{"self":[{"href":"https:\/\/dev.codekraft.it\/ravaglioli.it\/wp-json\/wp\/v2\/product\/154571","targetHints":{"allow":["GET"]}}],"collection":[{"href":"https:\/\/dev.codekraft.it\/ravaglioli.it\/wp-json\/wp\/v2\/product"}],"about":[{"href":"https:\/\/dev.codekraft.it\/ravaglioli.it\/wp-json\/wp\/v2\/types\/product"}],"wp:featuredmedia":[{"embeddable":true,"href":"https:\/\/dev.codekraft.it\/ravaglioli.it\/wp-json\/wp\/v2\/media\/43607"}],"wp:attachment":[{"href":"https:\/\/dev.codekraft.it\/ravaglioli.it\/wp-json\/wp\/v2\/media?parent=154571"}],"wp:term":[{"taxonomy":"product_brand","embeddable":true,"href":"https:\/\/dev.codekraft.it\/ravaglioli.it\/wp-json\/wp\/v2\/product_brand?post=154571"},{"taxonomy":"product_cat","embeddable":true,"href":"https:\/\/dev.codekraft.it\/ravaglioli.it\/wp-json\/wp\/v2\/product_cat?post=154571"},{"taxonomy":"product_tag","embeddable":true,"href":"https:\/\/dev.codekraft.it\/ravaglioli.it\/wp-json\/wp\/v2\/product_tag?post=154571"},{"taxonomy":"product_approvals","embeddable":true,"href":"https:\/\/dev.codekraft.it\/ravaglioli.it\/wp-json\/wp\/v2\/product_approvals?post=154571"},{"taxonomy":"product_application","embeddable":true,"href":"https:\/\/dev.codekraft.it\/ravaglioli.it\/wp-json\/wp\/v2\/product_application?post=154571"}],"curies":[{"name":"wp","href":"https:\/\/api.w.org\/{rel}","templated":true}]}}