{"id":154568,"date":"2025-09-08T09:01:42","date_gmt":"2025-09-08T08:01:42","guid":{"rendered":"https:\/\/dev.codekraft.it\/ravaglioli.it\/product\/kit-de-actualizacion-para-convertir-el-banco-de-pruebas-de-velocidad-rt094mvbx-en-234-ruedas\/"},"modified":"2026-01-14T21:38:06","modified_gmt":"2026-01-14T21:38:06","slug":"kit-de-actualizacion-para-convertir-el-banco-de-pruebas-de-velocidad-rt094mvbx-en-234-ruedas","status":"publish","type":"product","link":"https:\/\/dev.codekraft.it\/ravaglioli.it\/es\/product\/kit-de-actualizacion-para-convertir-el-banco-de-pruebas-de-velocidad-rt094mvbx-en-234-ruedas\/","title":{"rendered":"Kit de actualizaci\u00f3n para convertir el banco de pruebas de velocidad RT094MVBX en 2,3,4 ruedas"},"content":{"rendered":"<ul>\n<li>Veloc\u00edmetro suplementar<\/li>\n<li>Dispositivo de transmisi\u00f3n con enganche electro neum\u00e1tico<\/li>\n<li>Dispositivo de bloqueo rueda delantera para triciclos + correas<\/li>\n<li>Cuidado: necesario grupo circuito el\u00e9ctrico VARRT009\/VQ a instalar en la consola en f\u00e1brica o SRT111VMQ en caso de puesta al d\u00eda de l\u00ednea moto existente<\/li>\n<\/ul>\n","protected":false},"excerpt":{"rendered":"<p>Para coche moto 2-3-4 ruedas &#8211; frenos + velocidad<\/p>\n","protected":false},"featured_media":150586,"template":"","meta":[],"product_brand":[],"product_cat":[58006],"product_tag":[],"product_approvals":[],"product_application":[],"class_list":{"0":"post-154568","1":"product","2":"type-product","3":"status-publish","4":"has-post-thumbnail","6":"product_cat-accesorios-frenometros-lineas-itv-es","8":"first","9":"instock","10":"shipping-taxable","11":"product-type-simple"},"approvals":[],"application":[],"brb_media_brochure":"","brb_media_drawing":"","brb_media_manuals":"","brb_media_safety_datasheets":"","brb_media_spare_parts":[],"_cdmm_p_id":"502766","_company":"Ravaglioli","_gtin":"","accessories":[{"id":152566,"mpn":"SRT083M","name":"Kit de calibraci\u00f3n para veloc\u00edmetro","description":"Incl. pesos certificados","thumbnail":"","url":"https:\/\/dev.codekraft.it\/ravaglioli.it\/es\/product\/kit-de-calibracion-para-velocimetro\/"},{"id":153524,"mpn":"SRT081M","name":"Sistema de bloqueo rodillo para bancada veloc\u00edmetro","description":"Accesorio para bancos de pruebas de velocidad","thumbnail":"","url":"https:\/\/dev.codekraft.it\/ravaglioli.it\/es\/product\/sistema-de-bloqueo-rodillo-para-bancada-velocimetro\/"},{"id":153104,"mpn":"SRT103","name":"Tapas transitables para banco de prueba de velocidad | para veh\u00edculos de 2, 3 y 4 ruedas | 1 juego \/ 2 piezas","description":"","thumbnail":"","url":"https:\/\/dev.codekraft.it\/ravaglioli.it\/es\/product\/tapas-transitables-para-banco-de-prueba-de-velocidad-para-vehiculos-de-2-3-y-4-ruedas-1-juego-2-piezas\/"},{"id":153152,"mpn":"SRT104","name":"C\u00e1rter para banco de prueba de velocidad | para veh\u00edculos de 2, 3 y 4 ruedas | 1 juego \/ 2 piezas","description":"","thumbnail":"","url":"https:\/\/dev.codekraft.it\/ravaglioli.it\/es\/product\/carter-para-banco-de-prueba-de-velocidad-para-vehiculos-de-2-3-y-4-ruedas-1-juego-2-piezas\/"}],"components":[],"delivery":[],"package":[],"related":[],"similar":[],"page_logo_src":"https:\/\/dev.codekraft.it\/ravaglioli.it\/wp-content\/uploads\/2026\/04\/rav-negative-logo-1.png","lang":"es","translations":{"es":154568,"en":154564,"de":154565,"fr":154566,"it":154567,"ru":154569},"pll_sync_post":[],"_links":{"self":[{"href":"https:\/\/dev.codekraft.it\/ravaglioli.it\/wp-json\/wp\/v2\/product\/154568","targetHints":{"allow":["GET"]}}],"collection":[{"href":"https:\/\/dev.codekraft.it\/ravaglioli.it\/wp-json\/wp\/v2\/product"}],"about":[{"href":"https:\/\/dev.codekraft.it\/ravaglioli.it\/wp-json\/wp\/v2\/types\/product"}],"wp:featuredmedia":[{"embeddable":true,"href":"https:\/\/dev.codekraft.it\/ravaglioli.it\/wp-json\/wp\/v2\/media\/150586"}],"wp:attachment":[{"href":"https:\/\/dev.codekraft.it\/ravaglioli.it\/wp-json\/wp\/v2\/media?parent=154568"}],"wp:term":[{"taxonomy":"product_brand","embeddable":true,"href":"https:\/\/dev.codekraft.it\/ravaglioli.it\/wp-json\/wp\/v2\/product_brand?post=154568"},{"taxonomy":"product_cat","embeddable":true,"href":"https:\/\/dev.codekraft.it\/ravaglioli.it\/wp-json\/wp\/v2\/product_cat?post=154568"},{"taxonomy":"product_tag","embeddable":true,"href":"https:\/\/dev.codekraft.it\/ravaglioli.it\/wp-json\/wp\/v2\/product_tag?post=154568"},{"taxonomy":"product_approvals","embeddable":true,"href":"https:\/\/dev.codekraft.it\/ravaglioli.it\/wp-json\/wp\/v2\/product_approvals?post=154568"},{"taxonomy":"product_application","embeddable":true,"href":"https:\/\/dev.codekraft.it\/ravaglioli.it\/wp-json\/wp\/v2\/product_application?post=154568"}],"curies":[{"name":"wp","href":"https:\/\/api.w.org\/{rel}","templated":true}]}}