{"id":154566,"date":"2025-09-08T09:01:42","date_gmt":"2025-09-08T08:01:42","guid":{"rendered":"https:\/\/dev.codekraft.it\/ravaglioli.it\/product\/kit-de-mise-a-niveau-pour-convertir-le-banc-dessai-de-vitesse-rt094mvbx-en-234-roues\/"},"modified":"2026-01-14T21:38:05","modified_gmt":"2026-01-14T21:38:05","slug":"kit-de-mise-a-niveau-pour-convertir-le-banc-dessai-de-vitesse-rt094mvbx-en-234-roues","status":"publish","type":"product","link":"https:\/\/dev.codekraft.it\/ravaglioli.it\/fr\/product\/kit-de-mise-a-niveau-pour-convertir-le-banc-dessai-de-vitesse-rt094mvbx-en-234-roues\/","title":{"rendered":"Kit de mise \u00e0 niveau pour convertir le banc d&#039;essai de vitesse RT094MVBX en 2,3,4 roues"},"content":{"rendered":"<ul>\n<li>Banc de vitesse additionnel<\/li>\n<li>Dispositif de transmission avec embrayage \u00e9lectro-pneumatique<\/li>\n<li>Dispositif de blocage de la roue avant pour 3 roues avec syst\u00e8me de maintien<\/li>\n<li>Att: N\u00e9cessaire c\u00e2blage \u00e9lectrique VARRT009\/VQ Installation usine<\/li>\n<\/ul>\n","protected":false},"excerpt":{"rendered":"<p>Por auto moto 2-3-4 ruote &#8211; freni + velocit\u00e0<\/p>\n","protected":false},"featured_media":150586,"template":"","meta":[],"product_brand":[],"product_cat":[57974],"product_tag":[],"product_approvals":[],"product_application":[],"class_list":{"0":"post-154566","1":"product","2":"type-product","3":"status-publish","4":"has-post-thumbnail","6":"product_cat-accessoires-bancs-de-freinage-chaines-de-controles-fr","8":"first","9":"instock","10":"shipping-taxable","11":"product-type-simple"},"approvals":[],"application":[],"brb_media_brochure":"","brb_media_drawing":"","brb_media_manuals":"","brb_media_safety_datasheets":"","brb_media_spare_parts":[],"_cdmm_p_id":"502766","_company":"Ravaglioli","_gtin":"","accessories":[{"id":152564,"mpn":"SRT083M","name":"Outil d&#039;\u00e9talonnage pour banc vitesse","description":"Incl. poids certifi\u00e9s","thumbnail":"","url":"https:\/\/dev.codekraft.it\/ravaglioli.it\/fr\/product\/outil-detalonnage-pour-banc-vitesse\/"},{"id":153522,"mpn":"SRT081M","name":"Syst\u00e8me de blocage pour rouleau pour banc de vitesse","description":"Accessoire pour bancs d'essai de vitesse","thumbnail":"","url":"https:\/\/dev.codekraft.it\/ravaglioli.it\/fr\/product\/systeme-de-blocage-pour-rouleau-pour-banc-de-vitesse\/"},{"id":153102,"mpn":"SRT103","name":"Couvertures pour banc d\u2019essai de vitesse | pour v\u00e9hicules \u00e0 2, 3 et 4 roues | 1 jeu \/ 2 pi\u00e8ces","description":"","thumbnail":"","url":"https:\/\/dev.codekraft.it\/ravaglioli.it\/fr\/product\/couvertures-pour-banc-dessai-de-vitesse-pour-vehicules-a-2-3-et-4-roues-1-jeu-2-pieces\/"},{"id":153150,"mpn":"SRT104","name":"Carters pour banc d\u2019essai de vitesse | pour v\u00e9hicules \u00e0 2, 3 et 4 roues | 1 jeu \/ 2 pi\u00e8ces","description":"","thumbnail":"","url":"https:\/\/dev.codekraft.it\/ravaglioli.it\/fr\/product\/carters-pour-banc-dessai-de-vitesse-pour-vehicules-a-2-3-et-4-roues-1-jeu-2-pieces\/"}],"components":[],"delivery":[],"package":[],"related":[],"similar":[],"page_logo_src":"https:\/\/dev.codekraft.it\/ravaglioli.it\/wp-content\/uploads\/2026\/04\/rav-negative-logo-1.png","lang":"fr","translations":{"fr":154566,"en":154564,"de":154565,"it":154567,"es":154568,"ru":154569},"pll_sync_post":[],"_links":{"self":[{"href":"https:\/\/dev.codekraft.it\/ravaglioli.it\/wp-json\/wp\/v2\/product\/154566","targetHints":{"allow":["GET"]}}],"collection":[{"href":"https:\/\/dev.codekraft.it\/ravaglioli.it\/wp-json\/wp\/v2\/product"}],"about":[{"href":"https:\/\/dev.codekraft.it\/ravaglioli.it\/wp-json\/wp\/v2\/types\/product"}],"wp:featuredmedia":[{"embeddable":true,"href":"https:\/\/dev.codekraft.it\/ravaglioli.it\/wp-json\/wp\/v2\/media\/150586"}],"wp:attachment":[{"href":"https:\/\/dev.codekraft.it\/ravaglioli.it\/wp-json\/wp\/v2\/media?parent=154566"}],"wp:term":[{"taxonomy":"product_brand","embeddable":true,"href":"https:\/\/dev.codekraft.it\/ravaglioli.it\/wp-json\/wp\/v2\/product_brand?post=154566"},{"taxonomy":"product_cat","embeddable":true,"href":"https:\/\/dev.codekraft.it\/ravaglioli.it\/wp-json\/wp\/v2\/product_cat?post=154566"},{"taxonomy":"product_tag","embeddable":true,"href":"https:\/\/dev.codekraft.it\/ravaglioli.it\/wp-json\/wp\/v2\/product_tag?post=154566"},{"taxonomy":"product_approvals","embeddable":true,"href":"https:\/\/dev.codekraft.it\/ravaglioli.it\/wp-json\/wp\/v2\/product_approvals?post=154566"},{"taxonomy":"product_application","embeddable":true,"href":"https:\/\/dev.codekraft.it\/ravaglioli.it\/wp-json\/wp\/v2\/product_application?post=154566"}],"curies":[{"name":"wp","href":"https:\/\/api.w.org\/{rel}","templated":true}]}}