{"id":154560,"date":"2025-09-08T09:01:42","date_gmt":"2025-09-08T08:01:42","guid":{"rendered":"https:\/\/dev.codekraft.it\/ravaglioli.it\/product\/banc-dessai-de-vitesse-2-roues-speedometer-pour-auto-moto-2-3-4-ruote-freni-velocita\/"},"modified":"2026-01-14T21:38:03","modified_gmt":"2026-01-14T21:38:03","slug":"banc-dessai-de-vitesse-2-roues-speedometer-pour-auto-moto-2-3-4-ruote-freni-velocita","status":"publish","type":"product","link":"https:\/\/dev.codekraft.it\/ravaglioli.it\/fr\/product\/banc-dessai-de-vitesse-2-roues-speedometer-pour-auto-moto-2-3-4-ruote-freni-velocita\/","title":{"rendered":"Banc d\u2019essai de vitesse 2 roues Speedometer | pour auto moto 2-3-4 ruote &#8211; freni + velocit\u00e0"},"content":{"rendered":"<ul>\n<li>Pr\u00e9dispos\u00e9 pour la transformation en banc de vitesse pour motos 2-3-4 roues<\/li>\n<li>Att: N\u00e9cessaire c\u00e2blage \u00e9lectrique VARRT009\/VM (ou VARRT009\/PQ si pr\u00e9vu le banc RT094MTRBX) Installation usine<\/li>\n<\/ul>\n","protected":false},"excerpt":{"rendered":"<p>Pr\u00e9dispos\u00e9 pour la transformation en banc de vitesse pour motos 2-3-4 roues Att: N\u00e9cessaire c\u00e2blage \u00e9lectrique VARRT009\/VM (ou VARRT009\/PQ si pr\u00e9vu le banc RT094MTRBX) Installation usine<\/p>\n","protected":false},"featured_media":37775,"template":"","meta":[],"product_brand":[],"product_cat":[57974],"product_tag":[],"product_approvals":[],"product_application":[],"class_list":{"0":"post-154560","1":"product","2":"type-product","3":"status-publish","4":"has-post-thumbnail","6":"product_cat-accessoires-bancs-de-freinage-chaines-de-controles-fr","8":"first","9":"instock","10":"shipping-taxable","11":"product-type-simple"},"approvals":[],"application":[],"brb_media_brochure":"","brb_media_drawing":"","brb_media_manuals":"","brb_media_safety_datasheets":"","brb_media_spare_parts":[],"_cdmm_p_id":"502763","_company":"Ravaglioli","_gtin":"","accessories":[{"id":152564,"mpn":"SRT083M","name":"Outil d&#039;\u00e9talonnage pour banc vitesse","description":"Incl. poids certifi\u00e9s","thumbnail":"","url":"https:\/\/dev.codekraft.it\/ravaglioli.it\/fr\/product\/outil-detalonnage-pour-banc-vitesse\/"},{"id":153522,"mpn":"SRT081M","name":"Syst\u00e8me de blocage pour rouleau pour banc de vitesse","description":"Accessoire pour bancs d'essai de vitesse","thumbnail":"","url":"https:\/\/dev.codekraft.it\/ravaglioli.it\/fr\/product\/systeme-de-blocage-pour-rouleau-pour-banc-de-vitesse\/"},{"id":153102,"mpn":"SRT103","name":"Couvertures pour banc d\u2019essai de vitesse | pour v\u00e9hicules \u00e0 2, 3 et 4 roues | 1 jeu \/ 2 pi\u00e8ces","description":"","thumbnail":"","url":"https:\/\/dev.codekraft.it\/ravaglioli.it\/fr\/product\/couvertures-pour-banc-dessai-de-vitesse-pour-vehicules-a-2-3-et-4-roues-1-jeu-2-pieces\/"},{"id":153150,"mpn":"SRT104","name":"Carters pour banc d\u2019essai de vitesse | pour v\u00e9hicules \u00e0 2, 3 et 4 roues | 1 jeu \/ 2 pi\u00e8ces","description":"","thumbnail":"","url":"https:\/\/dev.codekraft.it\/ravaglioli.it\/fr\/product\/carters-pour-banc-dessai-de-vitesse-pour-vehicules-a-2-3-et-4-roues-1-jeu-2-pieces\/"}],"components":[],"delivery":[],"package":[],"related":[],"similar":[],"page_logo_src":"https:\/\/dev.codekraft.it\/ravaglioli.it\/wp-content\/uploads\/2026\/04\/rav-negative-logo-1.png","lang":"fr","translations":{"fr":154560,"en":154558,"de":154559,"it":154561,"es":154562,"ru":154563},"pll_sync_post":[],"_links":{"self":[{"href":"https:\/\/dev.codekraft.it\/ravaglioli.it\/wp-json\/wp\/v2\/product\/154560","targetHints":{"allow":["GET"]}}],"collection":[{"href":"https:\/\/dev.codekraft.it\/ravaglioli.it\/wp-json\/wp\/v2\/product"}],"about":[{"href":"https:\/\/dev.codekraft.it\/ravaglioli.it\/wp-json\/wp\/v2\/types\/product"}],"wp:featuredmedia":[{"embeddable":true,"href":"https:\/\/dev.codekraft.it\/ravaglioli.it\/wp-json\/wp\/v2\/media\/37775"}],"wp:attachment":[{"href":"https:\/\/dev.codekraft.it\/ravaglioli.it\/wp-json\/wp\/v2\/media?parent=154560"}],"wp:term":[{"taxonomy":"product_brand","embeddable":true,"href":"https:\/\/dev.codekraft.it\/ravaglioli.it\/wp-json\/wp\/v2\/product_brand?post=154560"},{"taxonomy":"product_cat","embeddable":true,"href":"https:\/\/dev.codekraft.it\/ravaglioli.it\/wp-json\/wp\/v2\/product_cat?post=154560"},{"taxonomy":"product_tag","embeddable":true,"href":"https:\/\/dev.codekraft.it\/ravaglioli.it\/wp-json\/wp\/v2\/product_tag?post=154560"},{"taxonomy":"product_approvals","embeddable":true,"href":"https:\/\/dev.codekraft.it\/ravaglioli.it\/wp-json\/wp\/v2\/product_approvals?post=154560"},{"taxonomy":"product_application","embeddable":true,"href":"https:\/\/dev.codekraft.it\/ravaglioli.it\/wp-json\/wp\/v2\/product_application?post=154560"}],"curies":[{"name":"wp","href":"https:\/\/api.w.org\/{rel}","templated":true}]}}